{"id":1003,"date":"2026-03-14T06:48:20","date_gmt":"2026-03-14T06:48:20","guid":{"rendered":"https:\/\/www.chicasafurniture.com\/?post_type=product&#038;p=1003"},"modified":"2026-03-14T07:54:45","modified_gmt":"2026-03-14T07:54:45","slug":"custom-sofa-couch","status":"publish","type":"product","link":"https:\/\/www.chicasafurniture.com\/de\/product\/custom-sofa-couch\/","title":{"rendered":"Premium-Sofa nach Ma\u00df, gebogene modulare Boucl\u00e9-Sitzgruppe"},"content":{"rendered":"<h2 class=\"wp-block-heading\">Produktspezifikationen von Custom Sofa Couch<\/h2>\n\n\n\n<figure class=\"wp-block-table\"><table class=\"has-fixed-layout\"><tbody><tr><td>Rahmen<\/td><td>Material der Abdeckung<\/td><td>F\u00fcllmaterial<\/td><td>Beine<\/td><td>Farbe<\/td><td>Gr\u00f6\u00dfe<\/td><td>Gewicht<\/td><\/tr><tr><td>Massivholz<\/td><td>Stoff<\/td><td>Hochdichter Schwamm<\/td><td>\/<\/td><td>Kundenspezifisch<\/td><td>Kundenspezifisch<\/td><td>90-240kg<\/td><\/tr><\/tbody><\/table><\/figure>\n\n\n\n<div class=\"wp-block-columns is-layout-flex wp-container-core-columns-is-layout-9d6595d7 wp-block-columns-is-layout-flex\">\n<div class=\"wp-block-column is-layout-flow wp-block-column-is-layout-flow\">\n<h2 class=\"wp-block-heading\">Premium Custom Sofa Couch Eigenschaften:<\/h2>\n\n\n\n<ul class=\"wp-block-list\">\n<li><strong>Organische \u00c4sthetik:<\/strong> Die abgerundete Form dieses ma\u00dfgeschneiderten Sofadesigns passt wunderbar zu den aktuellen Trends \u201cCream Style\u201d, Minimalismus und moderner Luxus. Mit diesem Design wird die Raffinesse Quotient auf ein h\u00f6heres Niveau angehoben werden.<\/li>\n\n\n\n<li><strong>Integriertes multifunktionales Design:<\/strong> Die modularen Designelemente dieses ma\u00dfgefertigten Sofas sind mit hochwertigen, integrierten Massivholzplattformen ausgestattet. Auf diesen Holzplattformen lassen sich B\u00fccher und Getr\u00e4nke wunderbar abstellen, wodurch Beistelltische \u00fcberfl\u00fcssig werden und der Platz optimal genutzt wird.<\/li>\n\n\n\n<li><strong>Hochwertiger Boucl\u00e9-Stoff:<\/strong> Unser ma\u00dfgeschneidertes Sofa ist mit einem sorgf\u00e4ltig ausgew\u00e4hlten, hochwertigen Boucl\u00e9-Stoff gepolstert, der sowohl langlebig als auch hautfreundlich ist. Dieses Material ist f\u00fcr seine einzigartige Textur und Pflegeleichtigkeit bekannt und wird gerne in hochwertigen Wohnprojekten und Boutique-Hotels eingesetzt.<\/li>\n\n\n\n<li><strong>Au\u00dfergew\u00f6hnliche Flexibilit\u00e4t:<\/strong> Dieses ma\u00dfgefertigte Sofa bietet eine breite Palette an modularen Kombinationen - vom kompakten Zweisitzer bis hin zum gro\u00dfz\u00fcgigen L-f\u00f6rmigen Sektionssofa - und erf\u00fcllt damit die individuellen Bed\u00fcrfnisse von gem\u00fctlichen Wohnungen bis hin zu luxuri\u00f6sen Villen.<\/li>\n\n\n\n<li><strong>Ergonomische Unterst\u00fctzung:<\/strong> Mit einem wissenschaftlich ausbalancierten, niedrigen Schwerpunkt und einer Polsterung aus Schaumstoff mit mehrfacher Dichte bietet dieses ma\u00dfgefertigte Sofa eine perfekte Mischung aus einh\u00fcllendem Komfort und struktureller Unterst\u00fctzung, die ein unvergleichliches Sitz- und Liegeerlebnis gew\u00e4hrleistet.<\/li>\n<\/ul>\n<\/div>\n\n\n\n<div class=\"wp-block-column is-layout-flow wp-block-column-is-layout-flow\">\n<figure class=\"wp-block-image size-full\"><img decoding=\"async\" width=\"1024\" height=\"1024\" src=\"https:\/\/www.chicasafurniture.com\/wp-content\/uploads\/2026\/03\/Premium-Custom-Sofa-Couch-Curved-Modular-Boucle-Sectional-3.webp\" alt=\"Premium Custom Sofa Couch, gebogene modulare Boucl\u00e9 Sektional-3\" class=\"wp-image-1006\" srcset=\"https:\/\/www.chicasafurniture.com\/wp-content\/uploads\/2026\/03\/Premium-Custom-Sofa-Couch-Curved-Modular-Boucle-Sectional-3.webp 1024w, https:\/\/www.chicasafurniture.com\/wp-content\/uploads\/2026\/03\/Premium-Custom-Sofa-Couch-Curved-Modular-Boucle-Sectional-3-300x300.webp 300w, https:\/\/www.chicasafurniture.com\/wp-content\/uploads\/2026\/03\/Premium-Custom-Sofa-Couch-Curved-Modular-Boucle-Sectional-3-150x150.webp 150w, https:\/\/www.chicasafurniture.com\/wp-content\/uploads\/2026\/03\/Premium-Custom-Sofa-Couch-Curved-Modular-Boucle-Sectional-3-768x768.webp 768w, https:\/\/www.chicasafurniture.com\/wp-content\/uploads\/2026\/03\/Premium-Custom-Sofa-Couch-Curved-Modular-Boucle-Sectional-3-12x12.webp 12w, https:\/\/www.chicasafurniture.com\/wp-content\/uploads\/2026\/03\/Premium-Custom-Sofa-Couch-Curved-Modular-Boucle-Sectional-3-600x600.webp 600w, https:\/\/www.chicasafurniture.com\/wp-content\/uploads\/2026\/03\/Premium-Custom-Sofa-Couch-Curved-Modular-Boucle-Sectional-3-100x100.webp 100w\" sizes=\"(max-width: 1024px) 100vw, 1024px\" \/><\/figure>\n<\/div>\n<\/div>\n\n\n\n<div class=\"wp-block-columns is-layout-flex wp-container-core-columns-is-layout-9d6595d7 wp-block-columns-is-layout-flex\">\n<div class=\"wp-block-column is-layout-flow wp-block-column-is-layout-flow\">\n<figure class=\"wp-block-image size-full\"><img decoding=\"async\" width=\"2000\" height=\"1154\" src=\"https:\/\/www.chicasafurniture.com\/wp-content\/uploads\/2026\/03\/Premium-Custom-Sofa-Couch-Curved-Modular-Boucle-Sectional-5.webp\" alt=\"Premium Custom Sofa Couch, gebogene modulare Boucl\u00e9 Sektional-5\" class=\"wp-image-1008\" srcset=\"https:\/\/www.chicasafurniture.com\/wp-content\/uploads\/2026\/03\/Premium-Custom-Sofa-Couch-Curved-Modular-Boucle-Sectional-5.webp 2000w, https:\/\/www.chicasafurniture.com\/wp-content\/uploads\/2026\/03\/Premium-Custom-Sofa-Couch-Curved-Modular-Boucle-Sectional-5-300x173.webp 300w, https:\/\/www.chicasafurniture.com\/wp-content\/uploads\/2026\/03\/Premium-Custom-Sofa-Couch-Curved-Modular-Boucle-Sectional-5-768x443.webp 768w, https:\/\/www.chicasafurniture.com\/wp-content\/uploads\/2026\/03\/Premium-Custom-Sofa-Couch-Curved-Modular-Boucle-Sectional-5-18x10.webp 18w, https:\/\/www.chicasafurniture.com\/wp-content\/uploads\/2026\/03\/Premium-Custom-Sofa-Couch-Curved-Modular-Boucle-Sectional-5-1200x692.webp 1200w, https:\/\/www.chicasafurniture.com\/wp-content\/uploads\/2026\/03\/Premium-Custom-Sofa-Couch-Curved-Modular-Boucle-Sectional-5-600x346.webp 600w\" sizes=\"(max-width: 2000px) 100vw, 2000px\" \/><\/figure>\n<\/div>\n<\/div>\n\n\n\n<div class=\"wp-block-columns is-layout-flex wp-container-core-columns-is-layout-9d6595d7 wp-block-columns-is-layout-flex\">\n<div class=\"wp-block-column is-layout-flow wp-block-column-is-layout-flow\">\n<figure class=\"wp-block-image size-full\"><img decoding=\"async\" width=\"1920\" height=\"1292\" src=\"https:\/\/www.chicasafurniture.com\/wp-content\/uploads\/2026\/03\/Premium-Custom-Sofa-Couch-Curved-Modular-Boucle-Sectional-4.webp\" alt=\"Premium Custom Sofa Couch, gebogene modulare Boucl\u00e9 Sektional-4\" class=\"wp-image-1007\" srcset=\"https:\/\/www.chicasafurniture.com\/wp-content\/uploads\/2026\/03\/Premium-Custom-Sofa-Couch-Curved-Modular-Boucle-Sectional-4.webp 1920w, https:\/\/www.chicasafurniture.com\/wp-content\/uploads\/2026\/03\/Premium-Custom-Sofa-Couch-Curved-Modular-Boucle-Sectional-4-300x202.webp 300w, https:\/\/www.chicasafurniture.com\/wp-content\/uploads\/2026\/03\/Premium-Custom-Sofa-Couch-Curved-Modular-Boucle-Sectional-4-768x517.webp 768w, https:\/\/www.chicasafurniture.com\/wp-content\/uploads\/2026\/03\/Premium-Custom-Sofa-Couch-Curved-Modular-Boucle-Sectional-4-18x12.webp 18w, https:\/\/www.chicasafurniture.com\/wp-content\/uploads\/2026\/03\/Premium-Custom-Sofa-Couch-Curved-Modular-Boucle-Sectional-4-1200x808.webp 1200w, https:\/\/www.chicasafurniture.com\/wp-content\/uploads\/2026\/03\/Premium-Custom-Sofa-Couch-Curved-Modular-Boucle-Sectional-4-600x404.webp 600w\" sizes=\"(max-width: 1920px) 100vw, 1920px\" \/><\/figure>\n<\/div>\n<\/div>","protected":false},"excerpt":{"rendered":"<p>Peppen Sie Ihr Interieur mit unserem ma\u00dfgeschneiderten Sofa auf. Dieses ma\u00dfgefertigte geschwungene Sofa l\u00f6st sich von den starren Winkeln traditioneller M\u00f6bel und schafft mit flie\u00dfenden, organischen Linien einen eleganten r\u00e4umlichen Rhythmus. Es ist ein unverzichtbares M\u00f6belst\u00fcck f\u00fcr alle, die auf der Suche nach einem unverwechselbaren und einzigartigen M\u00f6beldesign sind.<\/p>\n<table style=\"border-collapse: collapse; width: 222.03pt;\" border=\"0\" width=\"222\" cellspacing=\"0\" cellpadding=\"0\">\n<tbody>\n<tr style=\"height: 15.20pt;\">\n<td class=\"et2\" style=\"height: 15.20pt; width: 81.65pt;\" width=\"81\" height=\"15\">Hersteller<\/td>\n<td class=\"et2\" style=\"width: 140.80pt;\" width=\"140\">ChiCasa<\/td>\n<\/tr>\n<tr style=\"height: 15.20pt;\">\n<td class=\"et2\" style=\"height: 15.20pt;\" height=\"15\">Kategorie<\/td>\n<td class=\"et2\">Sofa<\/td>\n<\/tr>\n<tr style=\"height: 15.20pt;\">\n<td class=\"et2\" style=\"height: 15.20pt;\" height=\"15\">Anmeldung<\/td>\n<td class=\"et2\">Wohnbereich<\/td>\n<\/tr>\n<tr style=\"height: 15.20pt;\">\n<td class=\"et2\" style=\"height: 15.20pt;\" height=\"15\">Stil<\/td>\n<td class=\"et2\">Minimalistisch<\/td>\n<\/tr>\n<tr style=\"height: 15.20pt;\">\n<td class=\"et2\" style=\"height: 15.20pt;\" height=\"15\">Modell<\/td>\n<td class=\"et2\">QMY-SF005<\/td>\n<\/tr>\n<tr style=\"height: 15.20pt;\">\n<td class=\"et2\" style=\"height: 15.20pt;\" height=\"15\">Personalisierung<\/td>\n<td class=\"et2\">Farbe, Gr\u00f6\u00dfe, Material<\/td>\n<\/tr>\n<tr style=\"height: 15.20pt;\">\n<td class=\"et2\" style=\"height: 15.20pt;\" height=\"15\">MOQ<\/td>\n<td class=\"et2\">1St\u00fcck<\/td>\n<\/tr>\n<\/tbody>\n<\/table>","protected":false},"featured_media":1004,"comment_status":"closed","ping_status":"closed","template":"","meta":{"_acf_changed":false},"product_brand":[],"product_cat":[23,16],"product_tag":[],"class_list":{"0":"post-1003","1":"product","2":"type-product","3":"status-publish","4":"has-post-thumbnail","6":"product_cat-bespoke-sofas-manufacturer","7":"product_cat-bespoke-living-room-furniture","9":"first","10":"instock","11":"shipping-taxable","12":"product-type-simple"},"acf":[],"_links":{"self":[{"href":"https:\/\/www.chicasafurniture.com\/de\/wp-json\/wp\/v2\/product\/1003","targetHints":{"allow":["GET"]}}],"collection":[{"href":"https:\/\/www.chicasafurniture.com\/de\/wp-json\/wp\/v2\/product"}],"about":[{"href":"https:\/\/www.chicasafurniture.com\/de\/wp-json\/wp\/v2\/types\/product"}],"replies":[{"embeddable":true,"href":"https:\/\/www.chicasafurniture.com\/de\/wp-json\/wp\/v2\/comments?post=1003"}],"wp:featuredmedia":[{"embeddable":true,"href":"https:\/\/www.chicasafurniture.com\/de\/wp-json\/wp\/v2\/media\/1004"}],"wp:attachment":[{"href":"https:\/\/www.chicasafurniture.com\/de\/wp-json\/wp\/v2\/media?parent=1003"}],"wp:term":[{"taxonomy":"product_brand","embeddable":true,"href":"https:\/\/www.chicasafurniture.com\/de\/wp-json\/wp\/v2\/product_brand?post=1003"},{"taxonomy":"product_cat","embeddable":true,"href":"https:\/\/www.chicasafurniture.com\/de\/wp-json\/wp\/v2\/product_cat?post=1003"},{"taxonomy":"product_tag","embeddable":true,"href":"https:\/\/www.chicasafurniture.com\/de\/wp-json\/wp\/v2\/product_tag?post=1003"}],"curies":[{"name":"wp","href":"https:\/\/api.w.org\/{rel}","templated":true}]}}