{"id":1009,"date":"2026-03-14T06:59:55","date_gmt":"2026-03-14T06:59:55","guid":{"rendered":"https:\/\/www.chicasafurniture.com\/?post_type=product&#038;p=1009"},"modified":"2026-03-14T07:53:57","modified_gmt":"2026-03-14T07:53:57","slug":"custom-made-sofas","status":"publish","type":"product","link":"https:\/\/www.chicasafurniture.com\/de\/product\/custom-made-sofas\/","title":{"rendered":"Luxus-Sofas nach Ma\u00df, modulare Designer-Leder-Sitzgruppe"},"content":{"rendered":"<h2 class=\"wp-block-heading\">Produktspezifikationen f\u00fcr ma\u00dfgefertigte Sofas<\/h2>\n\n\n\n<figure class=\"wp-block-table\"><table class=\"has-fixed-layout\"><tbody><tr><td>Rahmen<\/td><td>Material der Abdeckung<\/td><td>F\u00fcllmaterial<\/td><td>Beine<\/td><td>Farbe<\/td><td>Gr\u00f6\u00dfe<\/td><td>Gewicht<\/td><\/tr><tr><td>Massivholz<\/td><td>Stoff<\/td><td>Hochdichter Schwamm<\/td><td>Metall<\/td><td>Kundenspezifisch<\/td><td>Kundenspezifisch<\/td><td>90-240kg<\/td><\/tr><\/tbody><\/table><\/figure>\n\n\n\n<div class=\"wp-block-columns is-layout-flex wp-container-core-columns-is-layout-9d6595d7 wp-block-columns-is-layout-flex\">\n<div class=\"wp-block-column is-layout-flow wp-block-column-is-layout-flow\">\n<h2 class=\"wp-block-heading\">Premium Custom Made Sofas Merkmale:<\/h2>\n\n\n\n<ul class=\"wp-block-list\">\n<li><strong>Exquisite Handwerkskunst mit Ledereinlegearbeiten:<\/strong> Die R\u00fcckenlehnen unserer ma\u00dfgefertigten Sofas zeichnen sich durch komplizierte geometrische Schnitte und gewebte Lederkunst aus, die eine makellose 360-Grad-\u00c4sthetik ohne blinde Flecken gew\u00e4hrleisten - perfekt geeignet f\u00fcr R\u00fccken-an-R\u00fccken-Anordnungen in ger\u00e4umigen Innenr\u00e4umen.<\/li>\n\n\n\n<li><strong>Integrierte multifunktionale Architektur:<\/strong> In die Seiten- und R\u00fcckseiten dieser luxuri\u00f6sen Sofas nach Ma\u00df sind Regale mit einem raffinierten, hochwertigen Finish integriert, die als elegante B\u00fccherregale oder Pr\u00e4sentationsplattformen f\u00fcr Kunstwerke dienen und so eine nahtlose Verschmelzung von M\u00f6bel und Stauraum erm\u00f6glichen.<\/li>\n\n\n\n<li><strong>Modulare Anpassung:<\/strong> Unsere ma\u00dfgefertigten Sofas bieten vielseitige modulare Konfigurationen - von Standard-Sitzeinheiten bis hin zu gro\u00dfz\u00fcgigen L-f\u00f6rmigen Grundrissen -, die genau auf die spezifischen r\u00e4umlichen Anforderungen und Layout-Anforderungen der verschiedenen architektonischen Umgebungen zugeschnitten sind.<\/li>\n\n\n\n<li><strong>Haute Couture-Grade Hardware-Akzente:<\/strong> Die Rahmen unserer luxuri\u00f6sen, ma\u00dfgeschneiderten Sofas sind mit speziell angefertigten polierten Metalleinfassungen versehen. Dieser Materialkontrast zu den Lederbez\u00fcgen hebt das Gesamtdesign hervor und unterstreicht seinen zeitgen\u00f6ssischen Reiz und seine luxuri\u00f6se visuelle Identit\u00e4t.<\/li>\n\n\n\n<li><strong>Premium Business-Class-Komfort:<\/strong> Mit einem extra tiefen Sitzdesign in Kombination mit einer mehrschichtigen, hochdichten Latexschaum-Polsterung bieten diese ma\u00dfgefertigten Sofas eine au\u00dfergew\u00f6hnliche, lang anhaltende Unterst\u00fctzung und sorgen f\u00fcr ein hervorragendes Sitzerlebnis, das ideal f\u00fcr hochwertige Gesch\u00e4ftsverhandlungen ist.<\/li>\n<\/ul>\n<\/div>\n\n\n\n<div class=\"wp-block-column is-layout-flow wp-block-column-is-layout-flow\">\n<figure class=\"wp-block-image size-full\"><img decoding=\"async\" width=\"1132\" height=\"1326\" src=\"https:\/\/www.chicasafurniture.com\/wp-content\/uploads\/2026\/03\/Luxury-Custom-Made-Sofas-Designer-Leather-Modular-Sectional-3.webp\" alt=\"Luxus Custom Made Sofas, Designer Leder Modular Sektional-3\" class=\"wp-image-1013\" srcset=\"https:\/\/www.chicasafurniture.com\/wp-content\/uploads\/2026\/03\/Luxury-Custom-Made-Sofas-Designer-Leather-Modular-Sectional-3.webp 1132w, https:\/\/www.chicasafurniture.com\/wp-content\/uploads\/2026\/03\/Luxury-Custom-Made-Sofas-Designer-Leather-Modular-Sectional-3-256x300.webp 256w, https:\/\/www.chicasafurniture.com\/wp-content\/uploads\/2026\/03\/Luxury-Custom-Made-Sofas-Designer-Leather-Modular-Sectional-3-768x900.webp 768w, https:\/\/www.chicasafurniture.com\/wp-content\/uploads\/2026\/03\/Luxury-Custom-Made-Sofas-Designer-Leather-Modular-Sectional-3-10x12.webp 10w, https:\/\/www.chicasafurniture.com\/wp-content\/uploads\/2026\/03\/Luxury-Custom-Made-Sofas-Designer-Leather-Modular-Sectional-3-600x703.webp 600w\" sizes=\"(max-width: 1132px) 100vw, 1132px\" \/><\/figure>\n<\/div>\n<\/div>\n\n\n\n<div class=\"wp-block-columns is-layout-flex wp-container-core-columns-is-layout-9d6595d7 wp-block-columns-is-layout-flex\">\n<div class=\"wp-block-column is-layout-flow wp-block-column-is-layout-flow\">\n<figure class=\"wp-block-image size-full\"><img decoding=\"async\" width=\"1132\" height=\"1326\" src=\"https:\/\/www.chicasafurniture.com\/wp-content\/uploads\/2026\/03\/Luxury-Custom-Made-Sofas-Designer-Leather-Modular-Sectional-4.webp\" alt=\"Luxus Sofas nach Ma\u00df, Designer Leder Modular Sektional-4\" class=\"wp-image-1014\" srcset=\"https:\/\/www.chicasafurniture.com\/wp-content\/uploads\/2026\/03\/Luxury-Custom-Made-Sofas-Designer-Leather-Modular-Sectional-4.webp 1132w, https:\/\/www.chicasafurniture.com\/wp-content\/uploads\/2026\/03\/Luxury-Custom-Made-Sofas-Designer-Leather-Modular-Sectional-4-256x300.webp 256w, https:\/\/www.chicasafurniture.com\/wp-content\/uploads\/2026\/03\/Luxury-Custom-Made-Sofas-Designer-Leather-Modular-Sectional-4-768x900.webp 768w, https:\/\/www.chicasafurniture.com\/wp-content\/uploads\/2026\/03\/Luxury-Custom-Made-Sofas-Designer-Leather-Modular-Sectional-4-10x12.webp 10w, https:\/\/www.chicasafurniture.com\/wp-content\/uploads\/2026\/03\/Luxury-Custom-Made-Sofas-Designer-Leather-Modular-Sectional-4-600x703.webp 600w\" sizes=\"(max-width: 1132px) 100vw, 1132px\" \/><\/figure>\n<\/div>\n\n\n\n<div class=\"wp-block-column is-layout-flow wp-block-column-is-layout-flow\">\n<figure class=\"wp-block-image size-full\"><img decoding=\"async\" width=\"1132\" height=\"1326\" src=\"https:\/\/www.chicasafurniture.com\/wp-content\/uploads\/2026\/03\/Luxury-Custom-Made-Sofas-Designer-Leather-Modular-Sectional-2.webp\" alt=\"Luxus Custom Made Sofas, Designer Leder Modular Sektional-2\" class=\"wp-image-1012\" srcset=\"https:\/\/www.chicasafurniture.com\/wp-content\/uploads\/2026\/03\/Luxury-Custom-Made-Sofas-Designer-Leather-Modular-Sectional-2.webp 1132w, https:\/\/www.chicasafurniture.com\/wp-content\/uploads\/2026\/03\/Luxury-Custom-Made-Sofas-Designer-Leather-Modular-Sectional-2-256x300.webp 256w, https:\/\/www.chicasafurniture.com\/wp-content\/uploads\/2026\/03\/Luxury-Custom-Made-Sofas-Designer-Leather-Modular-Sectional-2-768x900.webp 768w, https:\/\/www.chicasafurniture.com\/wp-content\/uploads\/2026\/03\/Luxury-Custom-Made-Sofas-Designer-Leather-Modular-Sectional-2-10x12.webp 10w, https:\/\/www.chicasafurniture.com\/wp-content\/uploads\/2026\/03\/Luxury-Custom-Made-Sofas-Designer-Leather-Modular-Sectional-2-600x703.webp 600w\" sizes=\"(max-width: 1132px) 100vw, 1132px\" \/><\/figure>\n<\/div>\n<\/div>\n\n\n\n<div class=\"wp-block-columns is-layout-flex wp-container-core-columns-is-layout-9d6595d7 wp-block-columns-is-layout-flex\">\n<div class=\"wp-block-column is-layout-flow wp-block-column-is-layout-flow\">\n<figure class=\"wp-block-image size-full\"><img decoding=\"async\" width=\"2048\" height=\"1173\" src=\"https:\/\/www.chicasafurniture.com\/wp-content\/uploads\/2026\/03\/Luxury-Custom-Made-Sofas-Designer-Leather-Modular-Sectional-5.webp\" alt=\"Luxus-Sofas nach Ma\u00df, Designer Leder Modulare Sektional-5\" class=\"wp-image-1015\" srcset=\"https:\/\/www.chicasafurniture.com\/wp-content\/uploads\/2026\/03\/Luxury-Custom-Made-Sofas-Designer-Leather-Modular-Sectional-5.webp 2048w, https:\/\/www.chicasafurniture.com\/wp-content\/uploads\/2026\/03\/Luxury-Custom-Made-Sofas-Designer-Leather-Modular-Sectional-5-300x172.webp 300w, https:\/\/www.chicasafurniture.com\/wp-content\/uploads\/2026\/03\/Luxury-Custom-Made-Sofas-Designer-Leather-Modular-Sectional-5-768x440.webp 768w, https:\/\/www.chicasafurniture.com\/wp-content\/uploads\/2026\/03\/Luxury-Custom-Made-Sofas-Designer-Leather-Modular-Sectional-5-18x10.webp 18w, https:\/\/www.chicasafurniture.com\/wp-content\/uploads\/2026\/03\/Luxury-Custom-Made-Sofas-Designer-Leather-Modular-Sectional-5-1200x687.webp 1200w, https:\/\/www.chicasafurniture.com\/wp-content\/uploads\/2026\/03\/Luxury-Custom-Made-Sofas-Designer-Leather-Modular-Sectional-5-600x344.webp 600w\" sizes=\"(max-width: 2048px) 100vw, 2048px\" \/><\/figure>\n<\/div>\n<\/div>","protected":false},"excerpt":{"rendered":"<p>Source Premium-Sofas nach Ma\u00df mit aufwendiger Lederverflechtung. Diese hocharchitektonischen, luxuri\u00f6sen Sofas nach Ma\u00df verwenden komplexe geometrische Ledereinlegearbeiten und Polsterungstechniken. Akzentuiert mit hochgl\u00e4nzenden Metalllinien entlang der Sockel und Rahmen, verk\u00f6rpern sie perfekt die Essenz der italienischen \u201cLight Luxury\u201d-\u00c4sthetik.<\/p>\n<table style=\"border-collapse: collapse; width: 222.03pt;\" border=\"0\" width=\"222\" cellspacing=\"0\" cellpadding=\"0\">\n<tbody>\n<tr style=\"height: 15.20pt;\">\n<td class=\"et2\" style=\"height: 15.20pt; width: 81.65pt;\" width=\"81\" height=\"15\">Hersteller<\/td>\n<td class=\"et2\" style=\"width: 140.80pt;\" width=\"140\">ChiCasa<\/td>\n<\/tr>\n<tr style=\"height: 15.20pt;\">\n<td class=\"et2\" style=\"height: 15.20pt;\" height=\"15\">Kategorie<\/td>\n<td class=\"et2\">Sofa<\/td>\n<\/tr>\n<tr style=\"height: 15.20pt;\">\n<td class=\"et2\" style=\"height: 15.20pt;\" height=\"15\">Anmeldung<\/td>\n<td class=\"et2\">Wohnbereich<\/td>\n<\/tr>\n<tr style=\"height: 15.20pt;\">\n<td class=\"et2\" style=\"height: 15.20pt;\" height=\"15\">Stil<\/td>\n<td class=\"et2\">Raffinierter Luxus<\/td>\n<\/tr>\n<tr style=\"height: 15.20pt;\">\n<td class=\"et2\" style=\"height: 15.20pt;\" height=\"15\">Modell<\/td>\n<td class=\"et2\">QMY-SF006<\/td>\n<\/tr>\n<tr style=\"height: 15.20pt;\">\n<td class=\"et2\" style=\"height: 15.20pt;\" height=\"15\">Personalisierung<\/td>\n<td class=\"et2\">Farbe, Gr\u00f6\u00dfe, Material<\/td>\n<\/tr>\n<tr style=\"height: 15.20pt;\">\n<td class=\"et2\" style=\"height: 15.20pt;\" height=\"15\">MOQ<\/td>\n<td class=\"et2\">1St\u00fcck<\/td>\n<\/tr>\n<\/tbody>\n<\/table>","protected":false},"featured_media":1011,"comment_status":"closed","ping_status":"closed","template":"","meta":{"_acf_changed":false},"product_brand":[],"product_cat":[23,16],"product_tag":[],"class_list":{"0":"post-1009","1":"product","2":"type-product","3":"status-publish","4":"has-post-thumbnail","6":"product_cat-bespoke-sofas-manufacturer","7":"product_cat-bespoke-living-room-furniture","9":"first","10":"instock","11":"shipping-taxable","12":"product-type-simple"},"acf":[],"_links":{"self":[{"href":"https:\/\/www.chicasafurniture.com\/de\/wp-json\/wp\/v2\/product\/1009","targetHints":{"allow":["GET"]}}],"collection":[{"href":"https:\/\/www.chicasafurniture.com\/de\/wp-json\/wp\/v2\/product"}],"about":[{"href":"https:\/\/www.chicasafurniture.com\/de\/wp-json\/wp\/v2\/types\/product"}],"replies":[{"embeddable":true,"href":"https:\/\/www.chicasafurniture.com\/de\/wp-json\/wp\/v2\/comments?post=1009"}],"wp:featuredmedia":[{"embeddable":true,"href":"https:\/\/www.chicasafurniture.com\/de\/wp-json\/wp\/v2\/media\/1011"}],"wp:attachment":[{"href":"https:\/\/www.chicasafurniture.com\/de\/wp-json\/wp\/v2\/media?parent=1009"}],"wp:term":[{"taxonomy":"product_brand","embeddable":true,"href":"https:\/\/www.chicasafurniture.com\/de\/wp-json\/wp\/v2\/product_brand?post=1009"},{"taxonomy":"product_cat","embeddable":true,"href":"https:\/\/www.chicasafurniture.com\/de\/wp-json\/wp\/v2\/product_cat?post=1009"},{"taxonomy":"product_tag","embeddable":true,"href":"https:\/\/www.chicasafurniture.com\/de\/wp-json\/wp\/v2\/product_tag?post=1009"}],"curies":[{"name":"wp","href":"https:\/\/api.w.org\/{rel}","templated":true}]}}