{"id":1010,"date":"2026-03-14T07:00:19","date_gmt":"2026-03-14T07:00:19","guid":{"rendered":"https:\/\/www.chicasafurniture.com\/?post_type=product&#038;p=1010"},"modified":"2026-03-14T07:53:09","modified_gmt":"2026-03-14T07:53:09","slug":"luxury-bespoke-sofa","status":"publish","type":"product","link":"https:\/\/www.chicasafurniture.com\/de\/product\/luxury-bespoke-sofa\/","title":{"rendered":"Aesthetics Luxury Bespoke Sofa mit elegantem Metallgestell"},"content":{"rendered":"<h2 class=\"wp-block-heading\">Produktspezifikationen von Luxury Bespoke Sofa<\/h2>\n\n\n\n<figure class=\"wp-block-table\"><table class=\"has-fixed-layout\"><tbody><tr><td>Rahmen<\/td><td>Material der Abdeckung<\/td><td>F\u00fcllmaterial<\/td><td>Beine<\/td><td>Farbe<\/td><td>Gr\u00f6\u00dfe<\/td><td>Gewicht<\/td><\/tr><tr><td>Massivholz<\/td><td>Stoff<\/td><td>Hochdichter Schwamm<\/td><td>Metall<\/td><td>Kundenspezifisch<\/td><td>Kundenspezifisch<\/td><td>90-240kg<\/td><\/tr><\/tbody><\/table><\/figure>\n\n\n\n<div class=\"wp-block-columns is-layout-flex wp-container-core-columns-is-layout-9d6595d7 wp-block-columns-is-layout-flex\">\n<div class=\"wp-block-column is-layout-flow wp-block-column-is-layout-flow\">\n<h2 class=\"wp-block-heading\">Premium Luxury Bespoke Sofa Eigenschaften:<\/h2>\n\n\n\n<ul class=\"wp-block-list\">\n<li><strong>Schwebender Metallrahmen Basis:<\/strong> Das aus hochfestem Pr\u00e4zisionsstahl gefertigte Luxus-Sofa verf\u00fcgt \u00fcber ein einzigartiges, vertieftes Strukturdesign, das eine Sci-Fi-m\u00e4\u00dfige, \u00fcber dem Boden schwebende\u201c \u00c4sthetik vermittelt und die visuelle Seele des gesamten St\u00fccks darstellt.<\/li>\n\n\n\n<li><strong>Nahtlose, minimalistische Handwerkskunst:<\/strong> Das integrierte Sitzdesign dieser ma\u00dfgefertigten Couch erfordert ein au\u00dfergew\u00f6hnlich hohes Ma\u00df an Pr\u00e4zision und Ebenheit des Metallrahmens und zeigt Fertigungsstandards von h\u00f6chstem Niveau.<\/li>\n\n\n\n<li><strong>Die Fusion von Metall und Material:<\/strong> Unser luxuri\u00f6ses Ma\u00dfsofa bietet umfangreiche Anpassungsm\u00f6glichkeiten, die es Ihnen erlauben, verschiedene Metalloberfl\u00e4chen (z. B. geb\u00fcrstet, matt oder galvanisiert) mit einer Auswahl an luxuri\u00f6sen Ledern und Stoffen zu kombinieren, die Ihren individuellen \u00e4sthetischen Vorlieben entsprechen.<\/li>\n\n\n\n<li><strong>Stabilit\u00e4t auf architektonischem Niveau:<\/strong> Mit einer verst\u00e4rkten Metallstruktur unterstreicht diese ma\u00dfgefertigte Liege nicht nur die moderne Ausstrahlung des Produkts, sondern bietet auch eine Lebensdauer, die weit \u00fcber die eines herk\u00f6mmlichen Holzrahmens hinausgeht - und ist damit ideal f\u00fcr stark frequentierte gewerbliche Umgebungen geeignet.<\/li>\n\n\n\n<li><strong>Niedriger Schwerpunkt, weite Ausblicke:<\/strong> Dank seines Metallgestells hat dieses luxuri\u00f6se, ma\u00dfgeschneiderte Sofa ein niedriges Design, das die wahrgenommene Deckenh\u00f6he eines Raumes effektiv erh\u00f6ht; kombiniert mit einer extra tiefen Sitzfl\u00e4che schafft es ein wirklich stressfreies und entspannendes Lounge-Erlebnis.<\/li>\n<\/ul>\n<\/div>\n\n\n\n<div class=\"wp-block-column is-layout-flow wp-block-column-is-layout-flow\">\n<figure class=\"wp-block-image size-full\"><img decoding=\"async\" width=\"1000\" height=\"876\" src=\"https:\/\/www.chicasafurniture.com\/wp-content\/uploads\/2026\/03\/Aesthetics-Luxury-Bespoke-Sofa-with-Sleek-Metal-Base-1.webp\" alt=\"Aesthetics Luxury Bespoke Sofa mit elegantem Metallgestell-1\" class=\"wp-image-1019\" srcset=\"https:\/\/www.chicasafurniture.com\/wp-content\/uploads\/2026\/03\/Aesthetics-Luxury-Bespoke-Sofa-with-Sleek-Metal-Base-1.webp 1000w, https:\/\/www.chicasafurniture.com\/wp-content\/uploads\/2026\/03\/Aesthetics-Luxury-Bespoke-Sofa-with-Sleek-Metal-Base-1-300x263.webp 300w, https:\/\/www.chicasafurniture.com\/wp-content\/uploads\/2026\/03\/Aesthetics-Luxury-Bespoke-Sofa-with-Sleek-Metal-Base-1-768x673.webp 768w, https:\/\/www.chicasafurniture.com\/wp-content\/uploads\/2026\/03\/Aesthetics-Luxury-Bespoke-Sofa-with-Sleek-Metal-Base-1-14x12.webp 14w, https:\/\/www.chicasafurniture.com\/wp-content\/uploads\/2026\/03\/Aesthetics-Luxury-Bespoke-Sofa-with-Sleek-Metal-Base-1-600x526.webp 600w\" sizes=\"(max-width: 1000px) 100vw, 1000px\" \/><\/figure>\n<\/div>\n<\/div>\n\n\n\n<figure class=\"wp-block-gallery has-nested-images columns-default is-cropped wp-block-gallery-1 is-layout-flex wp-block-gallery-is-layout-flex\">\n<figure class=\"wp-block-image size-large\"><img decoding=\"async\" width=\"1000\" height=\"1267\" data-id=\"1022\" src=\"https:\/\/www.chicasafurniture.com\/wp-content\/uploads\/2026\/03\/Aesthetics-Luxury-Bespoke-Sofa-with-Sleek-Metal-Base-4.webp\" alt=\"Aesthetics Luxury Bespoke Sofa mit elegantem Metallgestell-4\" class=\"wp-image-1022\" srcset=\"https:\/\/www.chicasafurniture.com\/wp-content\/uploads\/2026\/03\/Aesthetics-Luxury-Bespoke-Sofa-with-Sleek-Metal-Base-4.webp 1000w, https:\/\/www.chicasafurniture.com\/wp-content\/uploads\/2026\/03\/Aesthetics-Luxury-Bespoke-Sofa-with-Sleek-Metal-Base-4-237x300.webp 237w, https:\/\/www.chicasafurniture.com\/wp-content\/uploads\/2026\/03\/Aesthetics-Luxury-Bespoke-Sofa-with-Sleek-Metal-Base-4-768x973.webp 768w, https:\/\/www.chicasafurniture.com\/wp-content\/uploads\/2026\/03\/Aesthetics-Luxury-Bespoke-Sofa-with-Sleek-Metal-Base-4-9x12.webp 9w, https:\/\/www.chicasafurniture.com\/wp-content\/uploads\/2026\/03\/Aesthetics-Luxury-Bespoke-Sofa-with-Sleek-Metal-Base-4-600x760.webp 600w\" sizes=\"(max-width: 1000px) 100vw, 1000px\" \/><\/figure>\n\n\n\n<figure class=\"wp-block-image size-large\"><img decoding=\"async\" width=\"1000\" height=\"1419\" data-id=\"1021\" src=\"https:\/\/www.chicasafurniture.com\/wp-content\/uploads\/2026\/03\/Aesthetics-Luxury-Bespoke-Sofa-with-Sleek-Metal-Base-3.webp\" alt=\"Aesthetics Luxury Bespoke Sofa mit elegantem Metallgestell-3\" class=\"wp-image-1021\" srcset=\"https:\/\/www.chicasafurniture.com\/wp-content\/uploads\/2026\/03\/Aesthetics-Luxury-Bespoke-Sofa-with-Sleek-Metal-Base-3.webp 1000w, https:\/\/www.chicasafurniture.com\/wp-content\/uploads\/2026\/03\/Aesthetics-Luxury-Bespoke-Sofa-with-Sleek-Metal-Base-3-211x300.webp 211w, https:\/\/www.chicasafurniture.com\/wp-content\/uploads\/2026\/03\/Aesthetics-Luxury-Bespoke-Sofa-with-Sleek-Metal-Base-3-768x1090.webp 768w, https:\/\/www.chicasafurniture.com\/wp-content\/uploads\/2026\/03\/Aesthetics-Luxury-Bespoke-Sofa-with-Sleek-Metal-Base-3-8x12.webp 8w, https:\/\/www.chicasafurniture.com\/wp-content\/uploads\/2026\/03\/Aesthetics-Luxury-Bespoke-Sofa-with-Sleek-Metal-Base-3-600x851.webp 600w\" sizes=\"(max-width: 1000px) 100vw, 1000px\" \/><\/figure>\n<\/figure>","protected":false},"excerpt":{"rendered":"<p>Exquisites Luxus-Sofa nach Ma\u00df mit nahtlosem Design. Das herausragende Merkmal dieses Sofas ist sein hochgespannter, pr\u00e4zisionsgefertigter \u201cschwebender\u201d Stahlsockel; dieses Element bricht mit der visuellen Schwere traditioneller M\u00f6bel und schafft einen eindrucksvollen Eindruck visueller Leichtigkeit.<\/p>\n<table style=\"border-collapse: collapse; width: 222.03pt;\" border=\"0\" width=\"222\" cellspacing=\"0\" cellpadding=\"0\">\n<tbody>\n<tr style=\"height: 15.20pt;\">\n<td class=\"et2\" style=\"height: 15.20pt; width: 81.65pt;\" width=\"81\" height=\"15\">Hersteller<\/td>\n<td class=\"et2\" style=\"width: 140.80pt;\" width=\"140\">ChiCasa<\/td>\n<\/tr>\n<tr style=\"height: 15.20pt;\">\n<td class=\"et2\" style=\"height: 15.20pt;\" height=\"15\">Kategorie<\/td>\n<td class=\"et2\">Sofa<\/td>\n<\/tr>\n<tr style=\"height: 15.20pt;\">\n<td class=\"et2\" style=\"height: 15.20pt;\" height=\"15\">Anmeldung<\/td>\n<td class=\"et2\">Wohnbereich<\/td>\n<\/tr>\n<tr style=\"height: 15.20pt;\">\n<td class=\"et2\" style=\"height: 15.20pt;\" height=\"15\">Stil<\/td>\n<td class=\"et2\">Raffinierter Luxus<\/td>\n<\/tr>\n<tr style=\"height: 15.20pt;\">\n<td class=\"et2\" style=\"height: 15.20pt;\" height=\"15\">Modell<\/td>\n<td class=\"et2\">QMY-SF013<\/td>\n<\/tr>\n<tr style=\"height: 15.20pt;\">\n<td class=\"et2\" style=\"height: 15.20pt;\" height=\"15\">Personalisierung<\/td>\n<td class=\"et2\">Farbe, Gr\u00f6\u00dfe, Material<\/td>\n<\/tr>\n<tr style=\"height: 15.20pt;\">\n<td class=\"et2\" style=\"height: 15.20pt;\" height=\"15\">MOQ<\/td>\n<td class=\"et2\">1St\u00fcck<\/td>\n<\/tr>\n<\/tbody>\n<\/table>","protected":false},"featured_media":1020,"comment_status":"closed","ping_status":"closed","template":"","meta":{"_acf_changed":false},"product_brand":[],"product_cat":[23,16],"product_tag":[],"class_list":{"0":"post-1010","1":"product","2":"type-product","3":"status-publish","4":"has-post-thumbnail","6":"product_cat-bespoke-sofas-manufacturer","7":"product_cat-bespoke-living-room-furniture","9":"first","10":"instock","11":"shipping-taxable","12":"product-type-simple"},"acf":[],"_links":{"self":[{"href":"https:\/\/www.chicasafurniture.com\/de\/wp-json\/wp\/v2\/product\/1010","targetHints":{"allow":["GET"]}}],"collection":[{"href":"https:\/\/www.chicasafurniture.com\/de\/wp-json\/wp\/v2\/product"}],"about":[{"href":"https:\/\/www.chicasafurniture.com\/de\/wp-json\/wp\/v2\/types\/product"}],"replies":[{"embeddable":true,"href":"https:\/\/www.chicasafurniture.com\/de\/wp-json\/wp\/v2\/comments?post=1010"}],"wp:featuredmedia":[{"embeddable":true,"href":"https:\/\/www.chicasafurniture.com\/de\/wp-json\/wp\/v2\/media\/1020"}],"wp:attachment":[{"href":"https:\/\/www.chicasafurniture.com\/de\/wp-json\/wp\/v2\/media?parent=1010"}],"wp:term":[{"taxonomy":"product_brand","embeddable":true,"href":"https:\/\/www.chicasafurniture.com\/de\/wp-json\/wp\/v2\/product_brand?post=1010"},{"taxonomy":"product_cat","embeddable":true,"href":"https:\/\/www.chicasafurniture.com\/de\/wp-json\/wp\/v2\/product_cat?post=1010"},{"taxonomy":"product_tag","embeddable":true,"href":"https:\/\/www.chicasafurniture.com\/de\/wp-json\/wp\/v2\/product_tag?post=1010"}],"curies":[{"name":"wp","href":"https:\/\/api.w.org\/{rel}","templated":true}]}}