{"id":1023,"date":"2026-03-14T07:55:38","date_gmt":"2026-03-14T07:55:38","guid":{"rendered":"https:\/\/www.chicasafurniture.com\/?post_type=product&#038;p=1023"},"modified":"2026-03-14T08:17:51","modified_gmt":"2026-03-14T08:17:51","slug":"custom-upholstered-sofa","status":"publish","type":"product","link":"https:\/\/www.chicasafurniture.com\/de\/product\/custom-upholstered-sofa\/","title":{"rendered":"Raffinierte benutzerdefinierte gepolstertes Sofa, abgestufte Kissen Moderne Couch"},"content":{"rendered":"<h2 class=\"wp-block-heading\">Produktspezifikationen von Custom Upholstered Sofa<\/h2>\n\n\n\n<figure class=\"wp-block-table\"><table class=\"has-fixed-layout\"><tbody><tr><td>Rahmen<\/td><td>Material der Abdeckung<\/td><td>F\u00fcllmaterial<\/td><td>Beine<\/td><td>Farbe<\/td><td>Gr\u00f6\u00dfe<\/td><td>Gewicht<\/td><\/tr><tr><td>Massivholz<\/td><td>Stoff<\/td><td>Hochdichter Schwamm<\/td><td>Metall<\/td><td>Kundenspezifisch<\/td><td>Kundenspezifisch<\/td><td>90-240kg<\/td><\/tr><\/tbody><\/table><\/figure>\n\n\n\n<div class=\"wp-block-columns is-layout-flex wp-container-core-columns-is-layout-9d6595d7 wp-block-columns-is-layout-flex\">\n<div class=\"wp-block-column is-layout-flow wp-block-column-is-layout-flow\">\n<h2 class=\"wp-block-heading\">Premium Custom gepolstertes Sofa Merkmale:<\/h2>\n\n\n\n<ul class=\"wp-block-list\">\n<li><strong>Originelles visuelles Design mit mehreren Ebenen:<\/strong> Dieses ma\u00dfgefertigte Polstersofa zeichnet sich durch eine kaskadenf\u00f6rmige Kissenstruktur aus, die dem M\u00f6belst\u00fcck eine reiche geometrische Tiefe und architektonische Spannung verleiht und als visuelle Seele des gesamten Designs dient.<\/li>\n\n\n\n<li><strong>Nahtlose Unibody-Handwerkskunst:<\/strong> Das integrierte Sitzdesign unserer luxuri\u00f6sen Sofas nach Ma\u00df erfordert eine au\u00dfergew\u00f6hnliche Steifigkeit des Rahmens und eine tadellose Gl\u00e4tte der Stoffbez\u00fcge, die den h\u00f6chsten Fertigungsstandards entsprechen.<\/li>\n\n\n\n<li><strong>Layered Comfort Support System:<\/strong> Unser ma\u00dfgefertigtes Polstersofa verwendet eine geschichtete Kombination von Schaumstoffen mit unterschiedlicher Dichte, um eine segmentierte Unterst\u00fctzung und ein wiegendes Gef\u00fchl zu bieten und ein au\u00dfergew\u00f6hnliches Sitzerlebnis zu gew\u00e4hrleisten, selbst unter den harten Bedingungen einer langfristigen kommerziellen Nutzung.<\/li>\n\n\n\n<li><strong>Erh\u00f6hter, schwebender Metallsockel:<\/strong> Unsere luxuri\u00f6sen, ma\u00dfgeschneiderten Sofas werden von schlanken, hoch belastbaren Metallbeinen getragen, die den massiven Sofak\u00f6rper elegant anheben und der imposanten Form ein Gef\u00fchl von luftiger Leichtigkeit verleihen, w\u00e4hrend sie die t\u00e4gliche Reinigung m\u00fchelos erm\u00f6glichen.<\/li>\n\n\n\n<li><strong>Ma\u00dfgeschneiderte Anpassungen:<\/strong> Wir bieten eine gro\u00dfe Auswahl an Metalloberfl\u00e4chen (z. B. geb\u00fcrstetes Nickel und Rotgussgrau) und hochwertigen Stoffen f\u00fcr unsere ma\u00dfgefertigten Polstersofas, damit sich das Endprodukt nahtlos in Ihr spezifisches Einrichtungskonzept einf\u00fcgt.<\/li>\n<\/ul>\n<\/div>\n\n\n\n<div class=\"wp-block-column is-layout-flow wp-block-column-is-layout-flow\">\n<figure class=\"wp-block-image size-full\"><img decoding=\"async\" width=\"1200\" height=\"900\" src=\"https:\/\/www.chicasafurniture.com\/wp-content\/uploads\/2026\/03\/Refined-Custom-Upholstered-Sofa-Tiered-Cushion-Modern-Couch-2.webp\" alt=\"Raffinierte benutzerdefinierte gepolstertes Sofa, abgestufte Kissen Moderne Couch-2\" class=\"wp-image-1025\" srcset=\"https:\/\/www.chicasafurniture.com\/wp-content\/uploads\/2026\/03\/Refined-Custom-Upholstered-Sofa-Tiered-Cushion-Modern-Couch-2.webp 1200w, https:\/\/www.chicasafurniture.com\/wp-content\/uploads\/2026\/03\/Refined-Custom-Upholstered-Sofa-Tiered-Cushion-Modern-Couch-2-300x225.webp 300w, https:\/\/www.chicasafurniture.com\/wp-content\/uploads\/2026\/03\/Refined-Custom-Upholstered-Sofa-Tiered-Cushion-Modern-Couch-2-768x576.webp 768w, https:\/\/www.chicasafurniture.com\/wp-content\/uploads\/2026\/03\/Refined-Custom-Upholstered-Sofa-Tiered-Cushion-Modern-Couch-2-16x12.webp 16w, https:\/\/www.chicasafurniture.com\/wp-content\/uploads\/2026\/03\/Refined-Custom-Upholstered-Sofa-Tiered-Cushion-Modern-Couch-2-600x450.webp 600w\" sizes=\"(max-width: 1200px) 100vw, 1200px\" \/><\/figure>\n<\/div>\n<\/div>\n\n\n\n<figure class=\"wp-block-gallery has-nested-images columns-default is-cropped wp-block-gallery-1 is-layout-flex wp-block-gallery-is-layout-flex\">\n<figure class=\"wp-block-image size-full\"><img decoding=\"async\" width=\"800\" height=\"1066\" data-id=\"1027\" src=\"https:\/\/www.chicasafurniture.com\/wp-content\/uploads\/2026\/03\/Refined-Custom-Upholstered-Sofa-Tiered-Cushion-Modern-Couch-4.webp\" alt=\"Raffinierte benutzerdefinierte gepolstertes Sofa, abgestufte Kissen moderne Couch-4\" class=\"wp-image-1027\" srcset=\"https:\/\/www.chicasafurniture.com\/wp-content\/uploads\/2026\/03\/Refined-Custom-Upholstered-Sofa-Tiered-Cushion-Modern-Couch-4.webp 800w, https:\/\/www.chicasafurniture.com\/wp-content\/uploads\/2026\/03\/Refined-Custom-Upholstered-Sofa-Tiered-Cushion-Modern-Couch-4-225x300.webp 225w, https:\/\/www.chicasafurniture.com\/wp-content\/uploads\/2026\/03\/Refined-Custom-Upholstered-Sofa-Tiered-Cushion-Modern-Couch-4-768x1023.webp 768w, https:\/\/www.chicasafurniture.com\/wp-content\/uploads\/2026\/03\/Refined-Custom-Upholstered-Sofa-Tiered-Cushion-Modern-Couch-4-9x12.webp 9w, https:\/\/www.chicasafurniture.com\/wp-content\/uploads\/2026\/03\/Refined-Custom-Upholstered-Sofa-Tiered-Cushion-Modern-Couch-4-600x800.webp 600w\" sizes=\"(max-width: 800px) 100vw, 800px\" \/><\/figure>\n\n\n\n<figure class=\"wp-block-image size-full\"><img decoding=\"async\" width=\"900\" height=\"1200\" data-id=\"1028\" src=\"https:\/\/www.chicasafurniture.com\/wp-content\/uploads\/2026\/03\/Refined-Custom-Upholstered-Sofa-Tiered-Cushion-Modern-Couch-5.webp\" alt=\"Raffinierte benutzerdefinierte gepolstertes Sofa, abgestufte Kissen Moderne Couch-5\" class=\"wp-image-1028\" srcset=\"https:\/\/www.chicasafurniture.com\/wp-content\/uploads\/2026\/03\/Refined-Custom-Upholstered-Sofa-Tiered-Cushion-Modern-Couch-5.webp 900w, https:\/\/www.chicasafurniture.com\/wp-content\/uploads\/2026\/03\/Refined-Custom-Upholstered-Sofa-Tiered-Cushion-Modern-Couch-5-225x300.webp 225w, https:\/\/www.chicasafurniture.com\/wp-content\/uploads\/2026\/03\/Refined-Custom-Upholstered-Sofa-Tiered-Cushion-Modern-Couch-5-768x1024.webp 768w, https:\/\/www.chicasafurniture.com\/wp-content\/uploads\/2026\/03\/Refined-Custom-Upholstered-Sofa-Tiered-Cushion-Modern-Couch-5-9x12.webp 9w, https:\/\/www.chicasafurniture.com\/wp-content\/uploads\/2026\/03\/Refined-Custom-Upholstered-Sofa-Tiered-Cushion-Modern-Couch-5-600x800.webp 600w\" sizes=\"(max-width: 900px) 100vw, 900px\" \/><\/figure>\n<\/figure>\n\n\n\n<figure class=\"wp-block-image size-full\"><img decoding=\"async\" width=\"1200\" height=\"800\" src=\"https:\/\/www.chicasafurniture.com\/wp-content\/uploads\/2026\/03\/Refined-Custom-Upholstered-Sofa-Tiered-Cushion-Modern-Couch-6.webp\" alt=\"Raffinierte benutzerdefinierte gepolstertes Sofa, abgestufte Kissen Moderne Couch-6\" class=\"wp-image-1029\" srcset=\"https:\/\/www.chicasafurniture.com\/wp-content\/uploads\/2026\/03\/Refined-Custom-Upholstered-Sofa-Tiered-Cushion-Modern-Couch-6.webp 1200w, https:\/\/www.chicasafurniture.com\/wp-content\/uploads\/2026\/03\/Refined-Custom-Upholstered-Sofa-Tiered-Cushion-Modern-Couch-6-300x200.webp 300w, https:\/\/www.chicasafurniture.com\/wp-content\/uploads\/2026\/03\/Refined-Custom-Upholstered-Sofa-Tiered-Cushion-Modern-Couch-6-768x512.webp 768w, https:\/\/www.chicasafurniture.com\/wp-content\/uploads\/2026\/03\/Refined-Custom-Upholstered-Sofa-Tiered-Cushion-Modern-Couch-6-18x12.webp 18w, https:\/\/www.chicasafurniture.com\/wp-content\/uploads\/2026\/03\/Refined-Custom-Upholstered-Sofa-Tiered-Cushion-Modern-Couch-6-600x400.webp 600w\" sizes=\"(max-width: 1200px) 100vw, 1200px\" \/><\/figure>","protected":false},"excerpt":{"rendered":"<p>Source ist ein hochwertiges, individuell gepolstertes Sofa mit einem architektonisch inspirierten, gestuften Polsterdesign und schlanken Metallbeinen. Dieses M\u00f6belst\u00fcck bricht mit der Monotonie traditioneller M\u00f6bel und schafft eine skulpturale Pr\u00e4senz, die reich an geometrischer Tiefe und Schichtung ist.<\/p>\n<table style=\"border-collapse: collapse; width: 222.03pt;\" border=\"0\" width=\"222\" cellspacing=\"0\" cellpadding=\"0\">\n<tbody>\n<tr style=\"height: 15.20pt;\">\n<td class=\"et2\" style=\"height: 15.20pt; width: 81.65pt;\" width=\"81\" height=\"15\">Hersteller<\/td>\n<td class=\"et2\" style=\"width: 140.80pt;\" width=\"140\">ChiCasa<\/td>\n<\/tr>\n<tr style=\"height: 15.20pt;\">\n<td class=\"et2\" style=\"height: 15.20pt;\" height=\"15\">Kategorie<\/td>\n<td class=\"et2\">Sofa<\/td>\n<\/tr>\n<tr style=\"height: 15.20pt;\">\n<td class=\"et2\" style=\"height: 15.20pt;\" height=\"15\">Anmeldung<\/td>\n<td class=\"et2\">Wohnbereich<\/td>\n<\/tr>\n<tr style=\"height: 15.20pt;\">\n<td class=\"et2\" style=\"height: 15.20pt;\" height=\"15\">Stil<\/td>\n<td class=\"et2\">Raffinierter Luxus<\/td>\n<\/tr>\n<tr style=\"height: 15.20pt;\">\n<td class=\"et2\" style=\"height: 15.20pt;\" height=\"15\">Modell<\/td>\n<td class=\"et2\">QMY-SF018<\/td>\n<\/tr>\n<tr style=\"height: 15.20pt;\">\n<td class=\"et2\" style=\"height: 15.20pt;\" height=\"15\">Personalisierung<\/td>\n<td class=\"et2\">Farbe, Gr\u00f6\u00dfe, Material<\/td>\n<\/tr>\n<tr style=\"height: 15.20pt;\">\n<td class=\"et2\" style=\"height: 15.20pt;\" height=\"15\">MOQ<\/td>\n<td class=\"et2\">1St\u00fcck<\/td>\n<\/tr>\n<\/tbody>\n<\/table>","protected":false},"featured_media":1024,"comment_status":"closed","ping_status":"closed","template":"","meta":{"_acf_changed":false},"product_brand":[],"product_cat":[23,16],"product_tag":[],"class_list":{"0":"post-1023","1":"product","2":"type-product","3":"status-publish","4":"has-post-thumbnail","6":"product_cat-bespoke-sofas-manufacturer","7":"product_cat-bespoke-living-room-furniture","9":"first","10":"instock","11":"shipping-taxable","12":"product-type-simple"},"acf":[],"_links":{"self":[{"href":"https:\/\/www.chicasafurniture.com\/de\/wp-json\/wp\/v2\/product\/1023","targetHints":{"allow":["GET"]}}],"collection":[{"href":"https:\/\/www.chicasafurniture.com\/de\/wp-json\/wp\/v2\/product"}],"about":[{"href":"https:\/\/www.chicasafurniture.com\/de\/wp-json\/wp\/v2\/types\/product"}],"replies":[{"embeddable":true,"href":"https:\/\/www.chicasafurniture.com\/de\/wp-json\/wp\/v2\/comments?post=1023"}],"wp:featuredmedia":[{"embeddable":true,"href":"https:\/\/www.chicasafurniture.com\/de\/wp-json\/wp\/v2\/media\/1024"}],"wp:attachment":[{"href":"https:\/\/www.chicasafurniture.com\/de\/wp-json\/wp\/v2\/media?parent=1023"}],"wp:term":[{"taxonomy":"product_brand","embeddable":true,"href":"https:\/\/www.chicasafurniture.com\/de\/wp-json\/wp\/v2\/product_brand?post=1023"},{"taxonomy":"product_cat","embeddable":true,"href":"https:\/\/www.chicasafurniture.com\/de\/wp-json\/wp\/v2\/product_cat?post=1023"},{"taxonomy":"product_tag","embeddable":true,"href":"https:\/\/www.chicasafurniture.com\/de\/wp-json\/wp\/v2\/product_tag?post=1023"}],"curies":[{"name":"wp","href":"https:\/\/api.w.org\/{rel}","templated":true}]}}