{"id":1030,"date":"2026-03-14T08:35:30","date_gmt":"2026-03-14T08:35:30","guid":{"rendered":"https:\/\/www.chicasafurniture.com\/?post_type=product&#038;p=1030"},"modified":"2026-03-14T08:55:29","modified_gmt":"2026-03-14T08:55:29","slug":"custom-made-upholstered-beds","status":"publish","type":"product","link":"https:\/\/www.chicasafurniture.com\/de\/product\/custom-made-upholstered-beds\/","title":{"rendered":"Ma\u00dfgefertigte Polsterbetten, Minimalistisches Luxus-Stoffbett"},"content":{"rendered":"<h2 class=\"wp-block-heading\">Produktspezifikationen f\u00fcr ma\u00dfgefertigte Polsterbetten<\/h2>\n\n\n\n<figure class=\"wp-block-table\"><table class=\"has-fixed-layout\"><tbody><tr><td>Rahmen<\/td><td>Material der Abdeckung<\/td><td>F\u00fcllmaterial<\/td><td>Beine<\/td><td>Farbe<\/td><td>Gr\u00f6\u00dfe<\/td><td>Gewicht<\/td><\/tr><tr><td>Massivholz<\/td><td>Stoff<\/td><td>Schwamm mit hoher Dichte<\/td><td>Metall<\/td><td>Kundenspezifisch<\/td><td>KING SIZE<\/td><td>90-120kg<\/td><\/tr><\/tbody><\/table><\/figure>\n\n\n\n<div class=\"wp-block-columns is-layout-flex wp-container-core-columns-is-layout-9d6595d7 wp-block-columns-is-layout-flex\">\n<div class=\"wp-block-column is-layout-flow wp-block-column-is-layout-flow\">\n<h2 class=\"wp-block-heading\">Premium Custom Made Polsterbetten Merkmale:<\/h2>\n\n\n\n<ul class=\"wp-block-list\">\n<li><strong>Immersive, wolken\u00e4hnliche R\u00fcckenlehne:<\/strong> Unsere ma\u00dfgefertigten Polsterbetten verf\u00fcgen \u00fcber Kopfteile, die mit hochdichtem, elastischem Schaumstoff gef\u00fcllt sind. Das einzigartige, sanft geschwungene und solide Design bietet ein umfassendes, umh\u00fcllendes Gef\u00fchl der Unterst\u00fctzung f\u00fcr Ihren R\u00fccken und verwandelt das Kopfteil in den perfekten Zufluchtsort zum Lesen und Entspannen.<\/li>\n\n\n\n<li><strong>Flaches Profil, schwebende \u00c4sthetik:<\/strong> Dieses ma\u00dfgefertigte Bett verf\u00fcgt \u00fcber eine robuste, verdeckte Beinkonstruktion, die einen stilvollen, flachen optischen Effekt erzeugt. Dies verst\u00e4rkt nicht nur das Gef\u00fchl von Ger\u00e4umigkeit im Schlafzimmer, sondern sorgt auch f\u00fcr h\u00f6chste Sicherheit und Stabilit\u00e4t.<\/li>\n\n\n\n<li><strong>Haute-Couture-Stoffe Handwerkskunst:<\/strong> Unsere ma\u00dfgefertigten Polsterbetten bieten eine gro\u00dfe Auswahl an Stoffen, die individuell angepasst werden k\u00f6nnen - von hautfreundlichen Baumwoll-Leinen-Mischungen \u00fcber schmutzabweisende technische Stoffe bis hin zu luxuri\u00f6sem Chenille. Die N\u00e4hte sind akribisch fein und gleichm\u00e4\u00dfig und zeugen von einem hohen Standard an Fertigungspr\u00e4zision.<\/li>\n\n\n\n<li><strong>Verst\u00e4rktes Lattenrostsystem:<\/strong> Im Inneren ist dieses ma\u00dfgefertigte Bett mit einem ger\u00e4uschlosen, verdickten Lattenrost ausgestattet. Es zeichnet sich durch eine au\u00dfergew\u00f6hnliche Tragf\u00e4higkeit aus und verteilt den Druck gleichm\u00e4\u00dfig, wodurch die Lebensdauer Ihrer Matratze verl\u00e4ngert und ein v\u00f6llig ger\u00e4uschloses Schlaferlebnis gew\u00e4hrleistet wird.<\/li>\n\n\n\n<li><strong>Flexible Anpassung:<\/strong> Unsere ma\u00dfgefertigten Polsterbetten bieten eine 1:1-Anpassung von Ma\u00dfen, Stoffen und R\u00fcckenlehnenh\u00f6hen, was eine pr\u00e4zise und nahtlose Integration in jedes globale Einrichtungskonzept erm\u00f6glicht.<\/li>\n<\/ul>\n<\/div>\n\n\n\n<div class=\"wp-block-column is-layout-flow wp-block-column-is-layout-flow\">\n<figure class=\"wp-block-image size-full\"><img decoding=\"async\" width=\"900\" height=\"1200\" src=\"https:\/\/www.chicasafurniture.com\/wp-content\/uploads\/2026\/03\/Custom-Made-Upholstered-Beds-Minimalist-Luxury-Fabric-Bed-4.webp\" alt=\"Ma\u00dfgefertigte Polsterbetten, Minimalistisches Luxus-Stoffbett-4\" class=\"wp-image-1034\" srcset=\"https:\/\/www.chicasafurniture.com\/wp-content\/uploads\/2026\/03\/Custom-Made-Upholstered-Beds-Minimalist-Luxury-Fabric-Bed-4.webp 900w, https:\/\/www.chicasafurniture.com\/wp-content\/uploads\/2026\/03\/Custom-Made-Upholstered-Beds-Minimalist-Luxury-Fabric-Bed-4-225x300.webp 225w, https:\/\/www.chicasafurniture.com\/wp-content\/uploads\/2026\/03\/Custom-Made-Upholstered-Beds-Minimalist-Luxury-Fabric-Bed-4-768x1024.webp 768w, https:\/\/www.chicasafurniture.com\/wp-content\/uploads\/2026\/03\/Custom-Made-Upholstered-Beds-Minimalist-Luxury-Fabric-Bed-4-9x12.webp 9w, https:\/\/www.chicasafurniture.com\/wp-content\/uploads\/2026\/03\/Custom-Made-Upholstered-Beds-Minimalist-Luxury-Fabric-Bed-4-600x800.webp 600w\" sizes=\"(max-width: 900px) 100vw, 900px\" \/><\/figure>\n<\/div>\n<\/div>\n\n\n\n<figure class=\"wp-block-image size-full\"><img decoding=\"async\" width=\"1200\" height=\"842\" src=\"https:\/\/www.chicasafurniture.com\/wp-content\/uploads\/2026\/03\/Custom-Made-Upholstered-Beds-Minimalist-Luxury-Fabric-Bed-3.webp\" alt=\"Ma\u00dfgefertigte Polsterbetten, Minimalistisches Luxus-Stoffbett-3\" class=\"wp-image-1033\" srcset=\"https:\/\/www.chicasafurniture.com\/wp-content\/uploads\/2026\/03\/Custom-Made-Upholstered-Beds-Minimalist-Luxury-Fabric-Bed-3.webp 1200w, https:\/\/www.chicasafurniture.com\/wp-content\/uploads\/2026\/03\/Custom-Made-Upholstered-Beds-Minimalist-Luxury-Fabric-Bed-3-300x211.webp 300w, https:\/\/www.chicasafurniture.com\/wp-content\/uploads\/2026\/03\/Custom-Made-Upholstered-Beds-Minimalist-Luxury-Fabric-Bed-3-768x539.webp 768w, https:\/\/www.chicasafurniture.com\/wp-content\/uploads\/2026\/03\/Custom-Made-Upholstered-Beds-Minimalist-Luxury-Fabric-Bed-3-18x12.webp 18w, https:\/\/www.chicasafurniture.com\/wp-content\/uploads\/2026\/03\/Custom-Made-Upholstered-Beds-Minimalist-Luxury-Fabric-Bed-3-600x421.webp 600w\" sizes=\"(max-width: 1200px) 100vw, 1200px\" \/><\/figure>\n\n\n\n<figure class=\"wp-block-image size-full\"><img decoding=\"async\" width=\"1920\" height=\"1080\" src=\"https:\/\/www.chicasafurniture.com\/wp-content\/uploads\/2026\/02\/Modern-Custom-Fabric-Bed-Slim-Frame-Upholstered-Platform-3.webp\" alt=\"Modernes ma\u00dfgeschneidertes Stoffbett, schlanker Rahmen, gepolstertes Podest-3\" class=\"wp-image-597\" srcset=\"https:\/\/www.chicasafurniture.com\/wp-content\/uploads\/2026\/02\/Modern-Custom-Fabric-Bed-Slim-Frame-Upholstered-Platform-3.webp 1920w, https:\/\/www.chicasafurniture.com\/wp-content\/uploads\/2026\/02\/Modern-Custom-Fabric-Bed-Slim-Frame-Upholstered-Platform-3-300x169.webp 300w, https:\/\/www.chicasafurniture.com\/wp-content\/uploads\/2026\/02\/Modern-Custom-Fabric-Bed-Slim-Frame-Upholstered-Platform-3-768x432.webp 768w, https:\/\/www.chicasafurniture.com\/wp-content\/uploads\/2026\/02\/Modern-Custom-Fabric-Bed-Slim-Frame-Upholstered-Platform-3-1200x675.webp 1200w, https:\/\/www.chicasafurniture.com\/wp-content\/uploads\/2026\/02\/Modern-Custom-Fabric-Bed-Slim-Frame-Upholstered-Platform-3-600x338.webp 600w\" sizes=\"(max-width: 1920px) 100vw, 1920px\" \/><\/figure>","protected":false},"excerpt":{"rendered":"<p>Werten Sie Ihr Schlafzimmer mit unseren ma\u00dfgefertigten Polsterbetten auf. Dieses moderne, minimalistische ma\u00dfgefertigte Bett verf\u00fcgt \u00fcber ein ultrabreites, extra dick gepolstertes Kopfteil, das nach ergonomischen Grunds\u00e4tzen entworfen wurde und ein sofa\u00e4hnliches Lounge-Erlebnis bietet - die perfekte Wahl f\u00fcr moderne Luxusresidenzen und Boutique-Designhotels.<\/p>\n<table style=\"border-collapse: collapse; width: 222.03pt;\" border=\"0\" width=\"222\" cellspacing=\"0\" cellpadding=\"0\">\n<tbody>\n<tr style=\"height: 15.20pt;\">\n<td class=\"et2\" style=\"height: 15.20pt; width: 81.65pt;\" width=\"81\" height=\"15\">Hersteller<\/td>\n<td class=\"et2\" style=\"width: 140.80pt;\" width=\"140\">ChiCasa<\/td>\n<\/tr>\n<tr style=\"height: 15.20pt;\">\n<td class=\"et2\" style=\"height: 15.20pt;\" height=\"15\">Kategorie<\/td>\n<td>Bett<\/td>\n<\/tr>\n<tr style=\"height: 15.20pt;\">\n<td class=\"et2\" style=\"height: 15.20pt;\" height=\"15\">Anmeldung<\/td>\n<td class=\"et2\">Schlafzimmer<\/td>\n<\/tr>\n<tr style=\"height: 15.20pt;\">\n<td class=\"et2\" style=\"height: 15.20pt;\" height=\"15\">Stil<\/td>\n<td class=\"et2\">Minimalistisch<\/td>\n<\/tr>\n<tr style=\"height: 15.20pt;\">\n<td class=\"et2\" style=\"height: 15.20pt;\" height=\"15\">Modell<\/td>\n<td class=\"et2\">QMY-BE005<\/td>\n<\/tr>\n<tr style=\"height: 15.20pt;\">\n<td class=\"et2\" style=\"height: 15.20pt;\" height=\"15\">Personalisierung<\/td>\n<td class=\"et2\">Farbe, Gr\u00f6\u00dfe, Material<\/td>\n<\/tr>\n<tr style=\"height: 15.20pt;\">\n<td class=\"et2\" style=\"height: 15.20pt;\" height=\"15\">MOQ<\/td>\n<td class=\"et2\">1St\u00fcck<\/td>\n<\/tr>\n<\/tbody>\n<\/table>","protected":false},"featured_media":1031,"comment_status":"closed","ping_status":"closed","template":"","meta":{"_acf_changed":false},"product_brand":[],"product_cat":[33,18],"product_tag":[],"class_list":{"0":"post-1030","1":"product","2":"type-product","3":"status-publish","4":"has-post-thumbnail","6":"product_cat-custom-beds-manufacturer","7":"product_cat-bespoke-bedroom-furniture","9":"first","10":"instock","11":"shipping-taxable","12":"product-type-simple"},"acf":[],"_links":{"self":[{"href":"https:\/\/www.chicasafurniture.com\/de\/wp-json\/wp\/v2\/product\/1030","targetHints":{"allow":["GET"]}}],"collection":[{"href":"https:\/\/www.chicasafurniture.com\/de\/wp-json\/wp\/v2\/product"}],"about":[{"href":"https:\/\/www.chicasafurniture.com\/de\/wp-json\/wp\/v2\/types\/product"}],"replies":[{"embeddable":true,"href":"https:\/\/www.chicasafurniture.com\/de\/wp-json\/wp\/v2\/comments?post=1030"}],"wp:featuredmedia":[{"embeddable":true,"href":"https:\/\/www.chicasafurniture.com\/de\/wp-json\/wp\/v2\/media\/1031"}],"wp:attachment":[{"href":"https:\/\/www.chicasafurniture.com\/de\/wp-json\/wp\/v2\/media?parent=1030"}],"wp:term":[{"taxonomy":"product_brand","embeddable":true,"href":"https:\/\/www.chicasafurniture.com\/de\/wp-json\/wp\/v2\/product_brand?post=1030"},{"taxonomy":"product_cat","embeddable":true,"href":"https:\/\/www.chicasafurniture.com\/de\/wp-json\/wp\/v2\/product_cat?post=1030"},{"taxonomy":"product_tag","embeddable":true,"href":"https:\/\/www.chicasafurniture.com\/de\/wp-json\/wp\/v2\/product_tag?post=1030"}],"curies":[{"name":"wp","href":"https:\/\/api.w.org\/{rel}","templated":true}]}}