{"id":1035,"date":"2026-03-14T08:57:55","date_gmt":"2026-03-14T08:57:55","guid":{"rendered":"https:\/\/www.chicasafurniture.com\/?post_type=product&#038;p=1035"},"modified":"2026-03-14T09:16:26","modified_gmt":"2026-03-14T09:16:26","slug":"custom-furniture-bed","status":"publish","type":"product","link":"https:\/\/www.chicasafurniture.com\/de\/product\/custom-furniture-bed\/","title":{"rendered":"Custom Furniture Bett, Modernes geriffeltes Polsterbett Luxus"},"content":{"rendered":"<h2 class=\"wp-block-heading\">Produktspezifikationen von Custom Furniture Bed<\/h2>\n\n\n\n<figure class=\"wp-block-table\"><table class=\"has-fixed-layout\"><tbody><tr><td>Rahmen<\/td><td>Material der Abdeckung<\/td><td>F\u00fcllmaterial<\/td><td>Beine<\/td><td>Farbe<\/td><td>Gr\u00f6\u00dfe<\/td><td>Gewicht<\/td><\/tr><tr><td>Massivholz<\/td><td>Stoff<\/td><td>Schwamm mit hoher Dichte<\/td><td>\/<\/td><td>Kundenspezifisch<\/td><td>KING SIZE<\/td><td>90-120kg<\/td><\/tr><\/tbody><\/table><\/figure>\n\n\n\n<div class=\"wp-block-columns is-layout-flex wp-container-core-columns-is-layout-9d6595d7 wp-block-columns-is-layout-flex\">\n<div class=\"wp-block-column is-layout-flow wp-block-column-is-layout-flow\">\n<h2 class=\"wp-block-heading\">Premium Custom Furniture Bett Merkmale:<\/h2>\n\n\n\n<ul class=\"wp-block-list\">\n<li><strong>Vertikale geometrische R\u00fcckenlehne:<\/strong> Dieses ma\u00dfgefertigte M\u00f6belbett zeichnet sich durch eine unverwechselbare lineare \u00c4sthetik aus, die durch eine einzigartige dreidimensionale Formgebungstechnik erzeugt wird. Dieses Design hat nicht nur einen hohen Wiedererkennungswert und ein modernes Flair, sondern hebt auch die gef\u00fchlte Deckenh\u00f6he des Schlafzimmers optisch an.<\/li>\n\n\n\n<li><strong>Zonierte Druckentlastung: <\/strong>Das Kopfteil dieses ma\u00dfgefertigten Bettes besteht aus mehreren Schichten hochelastischen Schaums mit unterschiedlicher Dichte. Diese Konstruktion bietet eine differenzierte Unterst\u00fctzung, die speziell auf Nacken, Schultern und R\u00fccken zugeschnitten ist und ein Liegegef\u00fchl wie in einem F\u00fcnf-Sterne-Luxushotel vermittelt.<\/li>\n\n\n\n<li><strong>Nahtlos integrierte Struktur: <\/strong>Der Rahmen und das Kopfteil dieses ma\u00dfgefertigten M\u00f6belbetts sind mit einem hochstabilen, integrierten Verbindungssystem verbunden. Dies sorgt f\u00fcr ein optisch einheitliches Erscheinungsbild und eine robuste strukturelle Integrit\u00e4t, die Knarren oder Ger\u00e4usche, die oft nach l\u00e4ngerem Gebrauch entstehen k\u00f6nnen, wirksam verhindert.<\/li>\n\n\n\n<li><strong>Ultimative Flexibilit\u00e4t bei der Anpassung: <\/strong>Unsere ma\u00dfgefertigten M\u00f6belbetten bieten umfangreiche Anpassungsm\u00f6glichkeiten in Bezug auf die Bezugsmaterialien, einschlie\u00dflich hochwertiger Samtstoffe, Hightech-Stoffe und Mikrofaserleder. Dar\u00fcber hinaus k\u00f6nnen die Abmessungen der Bettrahmen vollst\u00e4ndig an die spezifischen Marktanforderungen verschiedener Regionen und L\u00e4nder angepasst werden.<\/li>\n<\/ul>\n<\/div>\n\n\n\n<div class=\"wp-block-column is-layout-flow wp-block-column-is-layout-flow\">\n<figure class=\"wp-block-image size-full\"><img decoding=\"async\" width=\"720\" height=\"960\" src=\"https:\/\/www.chicasafurniture.com\/wp-content\/uploads\/2026\/03\/Custom-Furniture-Bed-Modern-Fluted-Upholstered-Luxury-Bed-4.webp\" alt=\"Custom Furniture Bett, Modernes geriffeltes gepolstertes Luxusbett-4\" class=\"wp-image-1039\" srcset=\"https:\/\/www.chicasafurniture.com\/wp-content\/uploads\/2026\/03\/Custom-Furniture-Bed-Modern-Fluted-Upholstered-Luxury-Bed-4.webp 720w, https:\/\/www.chicasafurniture.com\/wp-content\/uploads\/2026\/03\/Custom-Furniture-Bed-Modern-Fluted-Upholstered-Luxury-Bed-4-225x300.webp 225w, https:\/\/www.chicasafurniture.com\/wp-content\/uploads\/2026\/03\/Custom-Furniture-Bed-Modern-Fluted-Upholstered-Luxury-Bed-4-9x12.webp 9w, https:\/\/www.chicasafurniture.com\/wp-content\/uploads\/2026\/03\/Custom-Furniture-Bed-Modern-Fluted-Upholstered-Luxury-Bed-4-600x800.webp 600w\" sizes=\"(max-width: 720px) 100vw, 720px\" \/><\/figure>\n<\/div>\n<\/div>\n\n\n\n<div class=\"wp-block-columns is-layout-flex wp-container-core-columns-is-layout-9d6595d7 wp-block-columns-is-layout-flex\">\n<div class=\"wp-block-column is-layout-flow wp-block-column-is-layout-flow\">\n<figure class=\"wp-block-image size-full\"><img decoding=\"async\" width=\"1200\" height=\"800\" src=\"https:\/\/www.chicasafurniture.com\/wp-content\/uploads\/2026\/03\/Custom-Furniture-Bed-Modern-Fluted-Upholstered-Luxury-Bed-3.webp\" alt=\"Custom Furniture Bett, Modernes geriffeltes gepolstertes Luxusbett-3\" class=\"wp-image-1038\" srcset=\"https:\/\/www.chicasafurniture.com\/wp-content\/uploads\/2026\/03\/Custom-Furniture-Bed-Modern-Fluted-Upholstered-Luxury-Bed-3.webp 1200w, https:\/\/www.chicasafurniture.com\/wp-content\/uploads\/2026\/03\/Custom-Furniture-Bed-Modern-Fluted-Upholstered-Luxury-Bed-3-300x200.webp 300w, https:\/\/www.chicasafurniture.com\/wp-content\/uploads\/2026\/03\/Custom-Furniture-Bed-Modern-Fluted-Upholstered-Luxury-Bed-3-768x512.webp 768w, https:\/\/www.chicasafurniture.com\/wp-content\/uploads\/2026\/03\/Custom-Furniture-Bed-Modern-Fluted-Upholstered-Luxury-Bed-3-18x12.webp 18w, https:\/\/www.chicasafurniture.com\/wp-content\/uploads\/2026\/03\/Custom-Furniture-Bed-Modern-Fluted-Upholstered-Luxury-Bed-3-600x400.webp 600w\" sizes=\"(max-width: 1200px) 100vw, 1200px\" \/><\/figure>\n<\/div>\n\n\n\n<div class=\"wp-block-column is-layout-flow wp-block-column-is-layout-flow\">\n<figure class=\"wp-block-image size-full\"><img decoding=\"async\" width=\"1200\" height=\"800\" src=\"https:\/\/www.chicasafurniture.com\/wp-content\/uploads\/2026\/03\/Custom-Furniture-Bed-Modern-Fluted-Upholstered-Luxury-Bed-2.webp\" alt=\"Custom Furniture Bett, Modernes geriffeltes gepolstertes Luxusbett-2\" class=\"wp-image-1037\" srcset=\"https:\/\/www.chicasafurniture.com\/wp-content\/uploads\/2026\/03\/Custom-Furniture-Bed-Modern-Fluted-Upholstered-Luxury-Bed-2.webp 1200w, https:\/\/www.chicasafurniture.com\/wp-content\/uploads\/2026\/03\/Custom-Furniture-Bed-Modern-Fluted-Upholstered-Luxury-Bed-2-300x200.webp 300w, https:\/\/www.chicasafurniture.com\/wp-content\/uploads\/2026\/03\/Custom-Furniture-Bed-Modern-Fluted-Upholstered-Luxury-Bed-2-768x512.webp 768w, https:\/\/www.chicasafurniture.com\/wp-content\/uploads\/2026\/03\/Custom-Furniture-Bed-Modern-Fluted-Upholstered-Luxury-Bed-2-18x12.webp 18w, https:\/\/www.chicasafurniture.com\/wp-content\/uploads\/2026\/03\/Custom-Furniture-Bed-Modern-Fluted-Upholstered-Luxury-Bed-2-600x400.webp 600w\" sizes=\"(max-width: 1200px) 100vw, 1200px\" \/><\/figure>\n<\/div>\n<\/div>","protected":false},"excerpt":{"rendered":"<p>Verbessern Sie das Ambiente Ihres Schlafzimmers mit unserem ma\u00dfgefertigten M\u00f6belbett. Dieses Beapoke-Bett verf\u00fcgt \u00fcber ein geriffeltes Kopfteil mit hohem Profil. Integrierter minimalistischer Rahmen mit ma\u00dfgeschneiderten Stoffoptionen f\u00fcr luxuri\u00f6se Schlafzimmer.<\/p>\n<table style=\"border-collapse: collapse; width: 222.03pt;\" border=\"0\" width=\"222\" cellspacing=\"0\" cellpadding=\"0\">\n<tbody>\n<tr style=\"height: 15.20pt;\">\n<td class=\"et2\" style=\"height: 15.20pt; width: 81.65pt;\" width=\"81\" height=\"15\">Hersteller<\/td>\n<td class=\"et2\" style=\"width: 140.80pt;\" width=\"140\">Chicasa<\/td>\n<\/tr>\n<tr style=\"height: 15.20pt;\">\n<td class=\"et2\" style=\"height: 15.20pt;\" height=\"15\">Kategorie<\/td>\n<td class=\"et2\">Bett<\/td>\n<\/tr>\n<tr style=\"height: 15.20pt;\">\n<td class=\"et2\" style=\"height: 15.20pt;\" height=\"15\">Anmeldung<\/td>\n<td class=\"et2\">Schlafzimmer<\/td>\n<\/tr>\n<tr style=\"height: 15.20pt;\">\n<td class=\"et2\" style=\"height: 15.20pt;\" height=\"15\">Stil<\/td>\n<td class=\"et2\">Raffinierter Luxus<\/td>\n<\/tr>\n<tr style=\"height: 15.20pt;\">\n<td class=\"et2\" style=\"height: 15.20pt;\" height=\"15\">Modell<\/td>\n<td class=\"et2\">QMY-BE010<\/td>\n<\/tr>\n<tr style=\"height: 15.20pt;\">\n<td class=\"et2\" style=\"height: 15.20pt;\" height=\"15\">Personalisierung<\/td>\n<td class=\"et2\">Farbe, Gr\u00f6\u00dfe, Material<\/td>\n<\/tr>\n<tr style=\"height: 15.20pt;\">\n<td class=\"et2\" style=\"height: 15.20pt;\" height=\"15\">MOQ<\/td>\n<td class=\"et2\">1St\u00fcck<\/td>\n<\/tr>\n<\/tbody>\n<\/table>","protected":false},"featured_media":1036,"comment_status":"closed","ping_status":"closed","template":"","meta":{"_acf_changed":false},"product_brand":[],"product_cat":[33,18],"product_tag":[],"class_list":{"0":"post-1035","1":"product","2":"type-product","3":"status-publish","4":"has-post-thumbnail","6":"product_cat-custom-beds-manufacturer","7":"product_cat-bespoke-bedroom-furniture","9":"first","10":"instock","11":"shipping-taxable","12":"product-type-simple"},"acf":[],"_links":{"self":[{"href":"https:\/\/www.chicasafurniture.com\/de\/wp-json\/wp\/v2\/product\/1035","targetHints":{"allow":["GET"]}}],"collection":[{"href":"https:\/\/www.chicasafurniture.com\/de\/wp-json\/wp\/v2\/product"}],"about":[{"href":"https:\/\/www.chicasafurniture.com\/de\/wp-json\/wp\/v2\/types\/product"}],"replies":[{"embeddable":true,"href":"https:\/\/www.chicasafurniture.com\/de\/wp-json\/wp\/v2\/comments?post=1035"}],"wp:featuredmedia":[{"embeddable":true,"href":"https:\/\/www.chicasafurniture.com\/de\/wp-json\/wp\/v2\/media\/1036"}],"wp:attachment":[{"href":"https:\/\/www.chicasafurniture.com\/de\/wp-json\/wp\/v2\/media?parent=1035"}],"wp:term":[{"taxonomy":"product_brand","embeddable":true,"href":"https:\/\/www.chicasafurniture.com\/de\/wp-json\/wp\/v2\/product_brand?post=1035"},{"taxonomy":"product_cat","embeddable":true,"href":"https:\/\/www.chicasafurniture.com\/de\/wp-json\/wp\/v2\/product_cat?post=1035"},{"taxonomy":"product_tag","embeddable":true,"href":"https:\/\/www.chicasafurniture.com\/de\/wp-json\/wp\/v2\/product_tag?post=1035"}],"curies":[{"name":"wp","href":"https:\/\/api.w.org\/{rel}","templated":true}]}}