{"id":1040,"date":"2026-03-14T09:18:54","date_gmt":"2026-03-14T09:18:54","guid":{"rendered":"https:\/\/www.chicasafurniture.com\/?post_type=product&#038;p=1040"},"modified":"2026-03-14T09:25:11","modified_gmt":"2026-03-14T09:25:11","slug":"custom-modern-beds","status":"publish","type":"product","link":"https:\/\/www.chicasafurniture.com\/de\/product\/custom-modern-beds\/","title":{"rendered":"Luxuri\u00f6se moderne Betten mit gepolstertem Fl\u00fcgelr\u00fcckenrahmen"},"content":{"rendered":"<h2 class=\"wp-block-heading\">Produktspezifikationen von Custom Modern Beds<\/h2>\n\n\n\n<figure class=\"wp-block-table\"><table class=\"has-fixed-layout\"><tbody><tr><td>Rahmen<\/td><td>Material der Abdeckung<\/td><td>F\u00fcllmaterial<\/td><td>Beine<\/td><td>Farbe<\/td><td>Gr\u00f6\u00dfe<\/td><td>Gewicht<\/td><\/tr><tr><td>Massivholz<\/td><td>Stoff<\/td><td>Schwamm mit hoher Dichte<\/td><td>Metall<\/td><td>Kundenspezifisch<\/td><td>KING SIZE<\/td><td>90-120kg<\/td><\/tr><\/tbody><\/table><\/figure>\n\n\n\n<div class=\"wp-block-columns is-layout-flex wp-container-core-columns-is-layout-9d6595d7 wp-block-columns-is-layout-flex\">\n<div class=\"wp-block-column is-layout-flow wp-block-column-is-layout-flow\">\n<h2 class=\"wp-block-heading\">Premium Custom Modern Beds Merkmale:<\/h2>\n\n\n\n<ul class=\"wp-block-list\">\n<li><strong>Wraparound Wingback Kopfteil:<\/strong> Diese modernen Betten nach Ma\u00df zeichnen sich durch ein einzigartiges, umh\u00fcllendes Wingback-Design aus, das nicht nur die visuelle Stabilit\u00e4t verbessert, sondern auch dazu dient, Ger\u00e4usche zu d\u00e4mpfen und ein Gef\u00fchl der Abgeschlossenheit zu schaffen, wodurch der psychologische Komfort Ihres Schlaferlebnisses erh\u00f6ht wird.<\/li>\n\n\n\n<li><strong>Dimensionales vertikales Tufting:<\/strong> Bei diesem ma\u00dfgefertigten Polsterbett wird eine pr\u00e4zise vertikale Nahttechnik verwendet, um klare, scharfe Konturen zu schaffen. Die Polsterung beh\u00e4lt ihre urspr\u00fcngliche Form und Struktur bei und sieht auch nach l\u00e4ngerem Anlehnen oder Zur\u00fccklehnen noch wie neu aus.<\/li>\n\n\n\n<li><strong>Haute Couture-Grad Stoff Touch:<\/strong> Unsere modernen Betten nach Ma\u00df bieten eine gro\u00dfe Auswahl an Stoffen - darunter mattes Leder, hautfreundliche Baumwoll-Leinen-Gemische und schmutzabweisende technische Stoffe - und sorgen so f\u00fcr ein luxuri\u00f6ses Erlebnis, das sowohl den Tastsinn als auch das Auge erfreut.<\/li>\n\n\n\n<li><strong>Integrierter, stabiler Sockel:<\/strong> Unsere ma\u00dfgefertigten Polsterbetten sind auf einer verdeckten, verst\u00e4rkten Tragstruktur aufgebaut. Diese Konstruktion verhindert jegliches Knarren oder Ger\u00e4usch und sorgt gleichzeitig f\u00fcr eine optisch saubere \u00c4sthetik, die einen minimalistischen \u201cbodennahen\u201d visuellen Effekt erzeugt.<\/li>\n\n\n\n<li><strong>Universelle Gr\u00f6\u00dfenanpassung:<\/strong> Wir bieten flexible Gr\u00f6\u00dfenanpassungen f\u00fcr unsere modernen Betten - vom Standard-Doppelbett bis hin zu \u00fcbergro\u00dfen Kingsize-Betten - an, um den spezifischen r\u00e4umlichen Anforderungen und architektonischen Grundrissen in den verschiedenen Regionen und Wohnungstypen weltweit gerecht zu werden.<\/li>\n<\/ul>\n<\/div>\n\n\n\n<div class=\"wp-block-column is-layout-flow wp-block-column-is-layout-flow\">\n<figure class=\"wp-block-image size-full\"><img decoding=\"async\" width=\"848\" height=\"989\" src=\"https:\/\/www.chicasafurniture.com\/wp-content\/uploads\/2026\/03\/Luxury-Custom-Modern-Beds-with-Wingback-Upholstered-Frame-3.webp\" alt=\"Luxuri\u00f6se moderne Betten mit gepolstertem Fl\u00fcgelr\u00fcckenrahmen-3\" class=\"wp-image-1043\" srcset=\"https:\/\/www.chicasafurniture.com\/wp-content\/uploads\/2026\/03\/Luxury-Custom-Modern-Beds-with-Wingback-Upholstered-Frame-3.webp 848w, https:\/\/www.chicasafurniture.com\/wp-content\/uploads\/2026\/03\/Luxury-Custom-Modern-Beds-with-Wingback-Upholstered-Frame-3-257x300.webp 257w, https:\/\/www.chicasafurniture.com\/wp-content\/uploads\/2026\/03\/Luxury-Custom-Modern-Beds-with-Wingback-Upholstered-Frame-3-768x896.webp 768w, https:\/\/www.chicasafurniture.com\/wp-content\/uploads\/2026\/03\/Luxury-Custom-Modern-Beds-with-Wingback-Upholstered-Frame-3-10x12.webp 10w, https:\/\/www.chicasafurniture.com\/wp-content\/uploads\/2026\/03\/Luxury-Custom-Modern-Beds-with-Wingback-Upholstered-Frame-3-600x700.webp 600w\" sizes=\"(max-width: 848px) 100vw, 848px\" \/><\/figure>\n<\/div>\n<\/div>\n\n\n\n<figure class=\"wp-block-image size-full\"><img decoding=\"async\" width=\"1200\" height=\"765\" src=\"https:\/\/www.chicasafurniture.com\/wp-content\/uploads\/2026\/03\/Luxury-Custom-Modern-Beds-with-Wingback-Upholstered-Frame-1.webp\" alt=\"Luxuri\u00f6se moderne Betten mit gepolstertem Fl\u00fcgelr\u00fcckenrahmen-1\" class=\"wp-image-1041\" srcset=\"https:\/\/www.chicasafurniture.com\/wp-content\/uploads\/2026\/03\/Luxury-Custom-Modern-Beds-with-Wingback-Upholstered-Frame-1.webp 1200w, https:\/\/www.chicasafurniture.com\/wp-content\/uploads\/2026\/03\/Luxury-Custom-Modern-Beds-with-Wingback-Upholstered-Frame-1-300x191.webp 300w, https:\/\/www.chicasafurniture.com\/wp-content\/uploads\/2026\/03\/Luxury-Custom-Modern-Beds-with-Wingback-Upholstered-Frame-1-768x490.webp 768w, https:\/\/www.chicasafurniture.com\/wp-content\/uploads\/2026\/03\/Luxury-Custom-Modern-Beds-with-Wingback-Upholstered-Frame-1-18x12.webp 18w, https:\/\/www.chicasafurniture.com\/wp-content\/uploads\/2026\/03\/Luxury-Custom-Modern-Beds-with-Wingback-Upholstered-Frame-1-600x383.webp 600w\" sizes=\"(max-width: 1200px) 100vw, 1200px\" \/><\/figure>","protected":false},"excerpt":{"rendered":"<p>Werten Sie Ihr Schlafzimmer mit unseren modernen Betten nach Ma\u00df auf. Dieses ma\u00dfgefertigte Polsterbett definiert die sinnliche \u00c4sthetik des Schlafzimmers durch sein charakteristisches, fl\u00fcgelumspanntes Kopfteil neu und ist damit eine erstklassige Wahl f\u00fcr die Inneneinrichtung von hochwertigen Hotelsuiten und modernen Luxusresidenzen.<\/p>\n<table style=\"border-collapse: collapse; width: 222.03pt;\" border=\"0\" width=\"222\" cellspacing=\"0\" cellpadding=\"0\">\n<tbody>\n<tr style=\"height: 15.20pt;\">\n<td class=\"et2\" style=\"height: 15.20pt; width: 81.65pt;\" width=\"81\" height=\"15\">Hersteller<\/td>\n<td class=\"et2\" style=\"width: 140.80pt;\" width=\"140\">Chicasa<\/td>\n<\/tr>\n<tr style=\"height: 15.20pt;\">\n<td class=\"et2\" style=\"height: 15.20pt;\" height=\"15\">Kategorie<\/td>\n<td class=\"et2\">Bett<\/td>\n<\/tr>\n<tr style=\"height: 15.20pt;\">\n<td class=\"et2\" style=\"height: 15.20pt;\" height=\"15\">Anmeldung<\/td>\n<td class=\"et2\">Schlafzimmer<\/td>\n<\/tr>\n<tr style=\"height: 15.20pt;\">\n<td class=\"et2\" style=\"height: 15.20pt;\" height=\"15\">Stil<\/td>\n<td class=\"et2\">Minimalistisch<\/td>\n<\/tr>\n<tr style=\"height: 15.20pt;\">\n<td class=\"et2\" style=\"height: 15.20pt;\" height=\"15\">Modell<\/td>\n<td class=\"et2\">QMY-BE007<\/td>\n<\/tr>\n<tr style=\"height: 15.20pt;\">\n<td class=\"et2\" style=\"height: 15.20pt;\" height=\"15\">Personalisierung<\/td>\n<td class=\"et2\">Farbe, Gr\u00f6\u00dfe, Material<\/td>\n<\/tr>\n<tr style=\"height: 15.20pt;\">\n<td class=\"et2\" style=\"height: 15.20pt;\" height=\"15\">MOQ<\/td>\n<td class=\"et2\">1St\u00fcck<\/td>\n<\/tr>\n<\/tbody>\n<\/table>","protected":false},"featured_media":1042,"comment_status":"closed","ping_status":"closed","template":"","meta":{"_acf_changed":false},"product_brand":[],"product_cat":[33,18],"product_tag":[],"class_list":{"0":"post-1040","1":"product","2":"type-product","3":"status-publish","4":"has-post-thumbnail","6":"product_cat-custom-beds-manufacturer","7":"product_cat-bespoke-bedroom-furniture","9":"first","10":"instock","11":"shipping-taxable","12":"product-type-simple"},"acf":[],"_links":{"self":[{"href":"https:\/\/www.chicasafurniture.com\/de\/wp-json\/wp\/v2\/product\/1040","targetHints":{"allow":["GET"]}}],"collection":[{"href":"https:\/\/www.chicasafurniture.com\/de\/wp-json\/wp\/v2\/product"}],"about":[{"href":"https:\/\/www.chicasafurniture.com\/de\/wp-json\/wp\/v2\/types\/product"}],"replies":[{"embeddable":true,"href":"https:\/\/www.chicasafurniture.com\/de\/wp-json\/wp\/v2\/comments?post=1040"}],"wp:featuredmedia":[{"embeddable":true,"href":"https:\/\/www.chicasafurniture.com\/de\/wp-json\/wp\/v2\/media\/1042"}],"wp:attachment":[{"href":"https:\/\/www.chicasafurniture.com\/de\/wp-json\/wp\/v2\/media?parent=1040"}],"wp:term":[{"taxonomy":"product_brand","embeddable":true,"href":"https:\/\/www.chicasafurniture.com\/de\/wp-json\/wp\/v2\/product_brand?post=1040"},{"taxonomy":"product_cat","embeddable":true,"href":"https:\/\/www.chicasafurniture.com\/de\/wp-json\/wp\/v2\/product_cat?post=1040"},{"taxonomy":"product_tag","embeddable":true,"href":"https:\/\/www.chicasafurniture.com\/de\/wp-json\/wp\/v2\/product_tag?post=1040"}],"curies":[{"name":"wp","href":"https:\/\/api.w.org\/{rel}","templated":true}]}}