{"id":1045,"date":"2026-03-14T09:25:44","date_gmt":"2026-03-14T09:25:44","guid":{"rendered":"https:\/\/www.chicasafurniture.com\/?post_type=product&#038;p=1045"},"modified":"2026-03-14T09:35:41","modified_gmt":"2026-03-14T09:35:41","slug":"factory-direct-beds","status":"publish","type":"product","link":"https:\/\/www.chicasafurniture.com\/de\/product\/factory-direct-beds\/","title":{"rendered":"Luxus-Polsterbetten Factory Direct mit gerafftem Kopfteil"},"content":{"rendered":"<h2 class=\"wp-block-heading\">Produktspezifikationen von Factory Direct Beds<\/h2>\n\n\n\n<figure class=\"wp-block-table\"><table class=\"has-fixed-layout\"><tbody><tr><td>Rahmen<\/td><td>Material der Abdeckung<\/td><td>F\u00fcllmaterial<\/td><td>Beine<\/td><td>Farbe<\/td><td>Gr\u00f6\u00dfe<\/td><td>Gewicht<\/td><\/tr><tr><td>Massivholz<\/td><td>Stoff<\/td><td>Schwamm mit hoher Dichte<\/td><td>Massivholz<\/td><td>Kundenspezifisch<\/td><td>KING SIZE<\/td><td>90-120kg<\/td><\/tr><\/tbody><\/table><\/figure>\n\n\n\n<div class=\"wp-block-columns is-layout-flex wp-container-core-columns-is-layout-9d6595d7 wp-block-columns-is-layout-flex\">\n<div class=\"wp-block-column is-layout-flow wp-block-column-is-layout-flow\">\n<h2 class=\"wp-block-heading\">Premium Factory Direct Beds Merkmale:<\/h2>\n\n\n\n<ul class=\"wp-block-list\">\n<li><strong>Handgefertigte nat\u00fcrliche Plissierung:<\/strong> Jede Falte am Kopfteil dieser Betten wird von erfahrenen Handwerkern sorgf\u00e4ltig angepasst, wodurch eine einzigartige, nat\u00fcrliche Textur entsteht, die die meisterhafte Kunstfertigkeit unserer Fabrik in Bezug auf hochwertiges Leder und Stoff unterstreicht.<\/li>\n\n\n\n<li><strong>Komfort-Kissen im Split-Design:<\/strong> Das Kopfteil dieses ma\u00dfgefertigten Bettes ist mit zwei gro\u00dfz\u00fcgigen Pl\u00fcschkissen ausgestattet. Gef\u00fcllt mit einer hochverdichteten Mischung aus Daunenfedern und hochelastischem Schaumstoff, bieten sie ein tiefes, einsinkendes Liegegef\u00fchl wie auf einem luxuri\u00f6sen Sofa.<\/li>\n\n\n\n<li><strong>Nahtloses, fl\u00e4chendeckendes Design:<\/strong> Unsere direkt ab Werk gefertigten Betten sind am gesamten Rahmen, einschlie\u00dflich Kopf-, Seiten- und Fu\u00dfteil, mit verdickten Weichpolstern ausgestattet. Dieses Design sorgt nicht nur f\u00fcr eine reichhaltigere und hochwertigere \u00c4sthetik, sondern verhindert auch wirksam versehentliche St\u00f6\u00dfe und Verletzungen.<\/li>\n\n\n\n<li><strong>Werksdirekte Lieferung: Au\u00dfergew\u00f6hnlicher Wert:<\/strong> Als Produkt, das direkt ab Werk hergestellt wird, k\u00f6nnen wir alle Zwischenh\u00e4ndler ausschalten, so dass Sie ein ma\u00dfgefertigtes Bett der Luxusklasse zu einem \u00e4u\u00dferst wettbewerbsf\u00e4higen Preis erwerben k\u00f6nnen.<\/li>\n\n\n\n<li><strong>Ma\u00dfgeschneiderte Anpassungen:<\/strong> Wir bieten umfangreiche Anpassungsm\u00f6glichkeiten f\u00fcr unsere direkt ab Werk hergestellten Betten, einschlie\u00dflich einer gro\u00dfen Auswahl an luxuri\u00f6sen Materialien (z. B. mattes Echtleder, italienischer Samt usw.) und einer vielf\u00e4ltigen Farbpalette. Dar\u00fcber hinaus k\u00f6nnen wir die Abmessungen und H\u00f6hen an die jeweiligen Projektanforderungen anpassen.<\/li>\n<\/ul>\n<\/div>\n\n\n\n<div class=\"wp-block-column is-layout-flow wp-block-column-is-layout-flow\">\n<figure class=\"wp-block-image size-full\"><img decoding=\"async\" width=\"2000\" height=\"2001\" src=\"https:\/\/www.chicasafurniture.com\/wp-content\/uploads\/2026\/03\/Luxury-Upholstered-Factory-Direct-Beds-with-Ruched-Headboard-4.webp\" alt=\"Luxus-Polsterbetten Factory Direct mit gerafftem Kopfteil-4\" class=\"wp-image-1049\" srcset=\"https:\/\/www.chicasafurniture.com\/wp-content\/uploads\/2026\/03\/Luxury-Upholstered-Factory-Direct-Beds-with-Ruched-Headboard-4.webp 2000w, https:\/\/www.chicasafurniture.com\/wp-content\/uploads\/2026\/03\/Luxury-Upholstered-Factory-Direct-Beds-with-Ruched-Headboard-4-300x300.webp 300w, https:\/\/www.chicasafurniture.com\/wp-content\/uploads\/2026\/03\/Luxury-Upholstered-Factory-Direct-Beds-with-Ruched-Headboard-4-150x150.webp 150w, https:\/\/www.chicasafurniture.com\/wp-content\/uploads\/2026\/03\/Luxury-Upholstered-Factory-Direct-Beds-with-Ruched-Headboard-4-768x768.webp 768w, https:\/\/www.chicasafurniture.com\/wp-content\/uploads\/2026\/03\/Luxury-Upholstered-Factory-Direct-Beds-with-Ruched-Headboard-4-12x12.webp 12w, https:\/\/www.chicasafurniture.com\/wp-content\/uploads\/2026\/03\/Luxury-Upholstered-Factory-Direct-Beds-with-Ruched-Headboard-4-1200x1200.webp 1200w, https:\/\/www.chicasafurniture.com\/wp-content\/uploads\/2026\/03\/Luxury-Upholstered-Factory-Direct-Beds-with-Ruched-Headboard-4-600x600.webp 600w, https:\/\/www.chicasafurniture.com\/wp-content\/uploads\/2026\/03\/Luxury-Upholstered-Factory-Direct-Beds-with-Ruched-Headboard-4-100x100.webp 100w\" sizes=\"(max-width: 2000px) 100vw, 2000px\" \/><\/figure>\n<\/div>\n<\/div>\n\n\n\n<figure class=\"wp-block-image size-full\"><img decoding=\"async\" width=\"2000\" height=\"1271\" src=\"https:\/\/www.chicasafurniture.com\/wp-content\/uploads\/2026\/03\/Luxury-Upholstered-Factory-Direct-Beds-with-Ruched-Headboard-6.webp\" alt=\"Luxus-Polsterbetten Factory Direct mit gerafftem Kopfteil-6\" class=\"wp-image-1051\" srcset=\"https:\/\/www.chicasafurniture.com\/wp-content\/uploads\/2026\/03\/Luxury-Upholstered-Factory-Direct-Beds-with-Ruched-Headboard-6.webp 2000w, https:\/\/www.chicasafurniture.com\/wp-content\/uploads\/2026\/03\/Luxury-Upholstered-Factory-Direct-Beds-with-Ruched-Headboard-6-300x191.webp 300w, https:\/\/www.chicasafurniture.com\/wp-content\/uploads\/2026\/03\/Luxury-Upholstered-Factory-Direct-Beds-with-Ruched-Headboard-6-768x488.webp 768w, https:\/\/www.chicasafurniture.com\/wp-content\/uploads\/2026\/03\/Luxury-Upholstered-Factory-Direct-Beds-with-Ruched-Headboard-6-18x12.webp 18w, https:\/\/www.chicasafurniture.com\/wp-content\/uploads\/2026\/03\/Luxury-Upholstered-Factory-Direct-Beds-with-Ruched-Headboard-6-1200x763.webp 1200w, https:\/\/www.chicasafurniture.com\/wp-content\/uploads\/2026\/03\/Luxury-Upholstered-Factory-Direct-Beds-with-Ruched-Headboard-6-600x381.webp 600w\" sizes=\"(max-width: 2000px) 100vw, 2000px\" \/><\/figure>","protected":false},"excerpt":{"rendered":"<p>Beziehen Sie Premium-Betten direkt aus der Fabrik. Dieses ma\u00dfgefertigte Bett zeichnet sich durch weiche, abgerundete Konturen aus und nutzt eine vollst\u00e4ndig gepolsterte Soft-Finishing-Technik, um ein Schlafzimmerambiente zu schaffen, das zutiefst entspannend, sicher und von k\u00fcnstlerischem Flair durchdrungen ist.<\/p>\n<table style=\"border-collapse: collapse; width: 222.03pt;\" border=\"0\" width=\"222\" cellspacing=\"0\" cellpadding=\"0\">\n<tbody>\n<tr style=\"height: 15.20pt;\">\n<td class=\"et2\" style=\"height: 15.20pt; width: 81.65pt;\" width=\"81\" height=\"15\">Hersteller<\/td>\n<td class=\"et2\" style=\"width: 140.80pt;\" width=\"140\">Chicasa<\/td>\n<\/tr>\n<tr style=\"height: 15.20pt;\">\n<td class=\"et2\" style=\"height: 15.20pt;\" height=\"15\">Kategorie<\/td>\n<td class=\"et2\">Bett<\/td>\n<\/tr>\n<tr style=\"height: 15.20pt;\">\n<td class=\"et2\" style=\"height: 15.20pt;\" height=\"15\">Anmeldung<\/td>\n<td class=\"et2\">Schlafzimmer<\/td>\n<\/tr>\n<tr style=\"height: 15.20pt;\">\n<td class=\"et2\" style=\"height: 15.20pt;\" height=\"15\">Stil<\/td>\n<td class=\"et2\">Minimalistisch<\/td>\n<\/tr>\n<tr style=\"height: 15.20pt;\">\n<td class=\"et2\" style=\"height: 15.20pt;\" height=\"15\">Modell<\/td>\n<td class=\"et2\">QMY-BE008<\/td>\n<\/tr>\n<tr style=\"height: 15.20pt;\">\n<td class=\"et2\" style=\"height: 15.20pt;\" height=\"15\">Personalisierung<\/td>\n<td class=\"et2\">Farbe, Gr\u00f6\u00dfe, Material<\/td>\n<\/tr>\n<tr style=\"height: 15.20pt;\">\n<td class=\"et2\" style=\"height: 15.20pt;\" height=\"15\">MOQ<\/td>\n<td class=\"et2\">1St\u00fcck<\/td>\n<\/tr>\n<\/tbody>\n<\/table>","protected":false},"featured_media":1046,"comment_status":"closed","ping_status":"closed","template":"","meta":{"_acf_changed":false},"product_brand":[],"product_cat":[33,18],"product_tag":[],"class_list":{"0":"post-1045","1":"product","2":"type-product","3":"status-publish","4":"has-post-thumbnail","6":"product_cat-custom-beds-manufacturer","7":"product_cat-bespoke-bedroom-furniture","9":"first","10":"instock","11":"shipping-taxable","12":"product-type-simple"},"acf":[],"_links":{"self":[{"href":"https:\/\/www.chicasafurniture.com\/de\/wp-json\/wp\/v2\/product\/1045","targetHints":{"allow":["GET"]}}],"collection":[{"href":"https:\/\/www.chicasafurniture.com\/de\/wp-json\/wp\/v2\/product"}],"about":[{"href":"https:\/\/www.chicasafurniture.com\/de\/wp-json\/wp\/v2\/types\/product"}],"replies":[{"embeddable":true,"href":"https:\/\/www.chicasafurniture.com\/de\/wp-json\/wp\/v2\/comments?post=1045"}],"wp:featuredmedia":[{"embeddable":true,"href":"https:\/\/www.chicasafurniture.com\/de\/wp-json\/wp\/v2\/media\/1046"}],"wp:attachment":[{"href":"https:\/\/www.chicasafurniture.com\/de\/wp-json\/wp\/v2\/media?parent=1045"}],"wp:term":[{"taxonomy":"product_brand","embeddable":true,"href":"https:\/\/www.chicasafurniture.com\/de\/wp-json\/wp\/v2\/product_brand?post=1045"},{"taxonomy":"product_cat","embeddable":true,"href":"https:\/\/www.chicasafurniture.com\/de\/wp-json\/wp\/v2\/product_cat?post=1045"},{"taxonomy":"product_tag","embeddable":true,"href":"https:\/\/www.chicasafurniture.com\/de\/wp-json\/wp\/v2\/product_tag?post=1045"}],"curies":[{"name":"wp","href":"https:\/\/api.w.org\/{rel}","templated":true}]}}