{"id":1052,"date":"2026-03-14T09:38:00","date_gmt":"2026-03-14T09:38:00","guid":{"rendered":"https:\/\/www.chicasafurniture.com\/?post_type=product&#038;p=1052"},"modified":"2026-03-14T09:45:58","modified_gmt":"2026-03-14T09:45:58","slug":"custom-design-bed","status":"publish","type":"product","link":"https:\/\/www.chicasafurniture.com\/de\/product\/custom-design-bed\/","title":{"rendered":"Modernes Custom Design Bett, Geometrisches Gitter Polsterbett"},"content":{"rendered":"<h2 class=\"wp-block-heading\">Produktspezifikationen von Custom Design Bett<\/h2>\n\n\n\n<figure class=\"wp-block-table\"><table class=\"has-fixed-layout\"><tbody><tr><td>Rahmen<\/td><td>Material der Abdeckung<\/td><td>F\u00fcllmaterial<\/td><td>Beine<\/td><td>Farbe<\/td><td>Gr\u00f6\u00dfe<\/td><td>Gewicht<\/td><\/tr><tr><td>Massivholz<\/td><td>Stoff<\/td><td>Schwamm mit hoher Dichte<\/td><td>\/<\/td><td>Kundenspezifisch<\/td><td>KING SIZE<\/td><td>90-120kg<\/td><\/tr><\/tbody><\/table><\/figure>\n\n\n\n<div class=\"wp-block-columns is-layout-flex wp-container-core-columns-is-layout-9d6595d7 wp-block-columns-is-layout-flex\">\n<div class=\"wp-block-column is-layout-flow wp-block-column-is-layout-flow\">\n<h2 class=\"wp-block-heading\">Premium Custom Design Bett Merkmale:<\/h2>\n\n\n\n<ul class=\"wp-block-list\">\n<li><strong>Geometrisches gestepptes Design:<\/strong> Dieses ma\u00dfgefertigte Bett zeichnet sich durch ein einzigartiges Kopfteil mit Gittermuster aus, das dem Schlafzimmer einen starken Sinn f\u00fcr strukturelle Definition und modernes dekoratives Flair verleiht - ein wahres Meisterwerk zeitgen\u00f6ssischer ma\u00dfgefertigter M\u00f6bel.<\/li>\n\n\n\n<li><strong>Tiefe, wolkengleiche Umarmung:<\/strong> Jedes geometrische Modul des Kopfteils dieses ma\u00dfgefertigten Luxusbetts ist unabh\u00e4ngig voneinander mit hochelastischem Schaumstoff gef\u00fcllt, der eine weiche und dennoch elastische Unterst\u00fctzung bietet, die an eine Sofalehne erinnert, und so das Kopfteil in die perfekte Zone f\u00fcr entspanntes Lounging verwandelt.<\/li>\n\n\n\n<li><strong>Ger\u00e4uschlose, integrierte Architektur:<\/strong> Der Innenrahmen dieses ma\u00dfgefertigten Bettes kombiniert Massivholz mit Metallverst\u00e4rkungen, um reibungsbedingte Ger\u00e4usche vollst\u00e4ndig zu eliminieren und ein stabiles und leises Schlaferlebnis unter allen Nutzungsbedingungen zu gew\u00e4hrleisten.<\/li>\n\n\n\n<li><strong>Umfassende Anpassung des Gewebes:<\/strong> Unser ma\u00dfgefertigtes Luxusbett bietet umfangreiche Anpassungsm\u00f6glichkeiten f\u00fcr eine Reihe luxuri\u00f6ser Materialien - von importiertem italienischem Leder und hochwertigem Mikrofaserleder bis hin zu Chenille-Stoffen mit hoher Dichte - sowie eine Farbauswahl, die genau auf die Farbpalette Ihrer Einrichtung abgestimmt werden kann.<\/li>\n\n\n\n<li><strong>Langlebigkeit auf Ingenieursniveau:<\/strong> Die in diesem ma\u00dfgefertigten Bett verwendeten Stoffe sind knitterfrei und \u00e4u\u00dferst abriebfest, w\u00e4hrend die St\u00fctzstruktur des Unterbaus strengen Belastungstests (Zehntausende von Zyklen) unterzogen wurde, um eine au\u00dfergew\u00f6hnliche Langlebigkeit und Verformungsbest\u00e4ndigkeit \u00fcber Jahre hinweg zu gew\u00e4hrleisten.<\/li>\n<\/ul>\n<\/div>\n\n\n\n<div class=\"wp-block-column is-layout-flow wp-block-column-is-layout-flow\">\n<figure class=\"wp-block-image size-full\"><img decoding=\"async\" width=\"1280\" height=\"1280\" src=\"https:\/\/www.chicasafurniture.com\/wp-content\/uploads\/2026\/03\/Modern-Custom-Design-Bed-Geometric-Grid-Upholstered-Bed-3-edited.webp\" alt=\"Modernes Design-Bett, Geometrisches Gitter-Polsterbett-3\" class=\"wp-image-1058\" srcset=\"https:\/\/www.chicasafurniture.com\/wp-content\/uploads\/2026\/03\/Modern-Custom-Design-Bed-Geometric-Grid-Upholstered-Bed-3-edited.webp 1280w, https:\/\/www.chicasafurniture.com\/wp-content\/uploads\/2026\/03\/Modern-Custom-Design-Bed-Geometric-Grid-Upholstered-Bed-3-edited-300x300.webp 300w, https:\/\/www.chicasafurniture.com\/wp-content\/uploads\/2026\/03\/Modern-Custom-Design-Bed-Geometric-Grid-Upholstered-Bed-3-edited-150x150.webp 150w, https:\/\/www.chicasafurniture.com\/wp-content\/uploads\/2026\/03\/Modern-Custom-Design-Bed-Geometric-Grid-Upholstered-Bed-3-edited-768x768.webp 768w, https:\/\/www.chicasafurniture.com\/wp-content\/uploads\/2026\/03\/Modern-Custom-Design-Bed-Geometric-Grid-Upholstered-Bed-3-edited-12x12.webp 12w, https:\/\/www.chicasafurniture.com\/wp-content\/uploads\/2026\/03\/Modern-Custom-Design-Bed-Geometric-Grid-Upholstered-Bed-3-edited-1200x1200.webp 1200w, https:\/\/www.chicasafurniture.com\/wp-content\/uploads\/2026\/03\/Modern-Custom-Design-Bed-Geometric-Grid-Upholstered-Bed-3-edited-600x600.webp 600w, https:\/\/www.chicasafurniture.com\/wp-content\/uploads\/2026\/03\/Modern-Custom-Design-Bed-Geometric-Grid-Upholstered-Bed-3-edited-100x100.webp 100w\" sizes=\"(max-width: 1280px) 100vw, 1280px\" \/><\/figure>\n<\/div>\n<\/div>\n\n\n\n<figure class=\"wp-block-image size-full\"><img decoding=\"async\" width=\"1920\" height=\"1280\" src=\"https:\/\/www.chicasafurniture.com\/wp-content\/uploads\/2026\/03\/Modern-Custom-Design-Bed-Geometric-Grid-Upholstered-Bed-2.webp\" alt=\"Modernes Design-Bett, Geometrisches Gitter-Polsterbett-2\" class=\"wp-image-1054\" srcset=\"https:\/\/www.chicasafurniture.com\/wp-content\/uploads\/2026\/03\/Modern-Custom-Design-Bed-Geometric-Grid-Upholstered-Bed-2.webp 1920w, https:\/\/www.chicasafurniture.com\/wp-content\/uploads\/2026\/03\/Modern-Custom-Design-Bed-Geometric-Grid-Upholstered-Bed-2-300x200.webp 300w, https:\/\/www.chicasafurniture.com\/wp-content\/uploads\/2026\/03\/Modern-Custom-Design-Bed-Geometric-Grid-Upholstered-Bed-2-768x512.webp 768w, https:\/\/www.chicasafurniture.com\/wp-content\/uploads\/2026\/03\/Modern-Custom-Design-Bed-Geometric-Grid-Upholstered-Bed-2-18x12.webp 18w, https:\/\/www.chicasafurniture.com\/wp-content\/uploads\/2026\/03\/Modern-Custom-Design-Bed-Geometric-Grid-Upholstered-Bed-2-1200x800.webp 1200w, https:\/\/www.chicasafurniture.com\/wp-content\/uploads\/2026\/03\/Modern-Custom-Design-Bed-Geometric-Grid-Upholstered-Bed-2-600x400.webp 600w\" sizes=\"(max-width: 1920px) 100vw, 1920px\" \/><\/figure>","protected":false},"excerpt":{"rendered":"<p>Versch\u00f6nern Sie Ihr Schlafzimmer mit einem ma\u00dfgeschneiderten Designbett. Bei diesem modernen, luxuri\u00f6sen Polsterbett steht die \u201cgeometrische Kunstfertigkeit\u201d im Mittelpunkt der Designphilosophie. Das Kopfteil ist mit einem gro\u00dffl\u00e4chigen, quadratischen Tufting-Muster versehen, das einen visuellen Effekt erzeugt, der sowohl substanziell als auch rhythmisch dynamisch ist.<\/p>\n<table style=\"border-collapse: collapse; width: 222.03pt;\" border=\"0\" width=\"222\" cellspacing=\"0\" cellpadding=\"0\">\n<tbody>\n<tr style=\"height: 15.20pt;\">\n<td class=\"et2\" style=\"height: 15.20pt; width: 81.65pt;\" width=\"81\" height=\"15\">Hersteller<\/td>\n<td class=\"et2\" style=\"width: 140.80pt;\" width=\"140\">Chicasa<\/td>\n<\/tr>\n<tr style=\"height: 15.20pt;\">\n<td class=\"et2\" style=\"height: 15.20pt;\" height=\"15\">Kategorie<\/td>\n<td class=\"et2\">Bett<\/td>\n<\/tr>\n<tr style=\"height: 15.20pt;\">\n<td class=\"et2\" style=\"height: 15.20pt;\" height=\"15\">Anmeldung<\/td>\n<td class=\"et2\">Schlafzimmer<\/td>\n<\/tr>\n<tr style=\"height: 15.20pt;\">\n<td class=\"et2\" style=\"height: 15.20pt;\" height=\"15\">Stil<\/td>\n<td class=\"et2\">Raffinierter Luxus<\/td>\n<\/tr>\n<tr style=\"height: 15.20pt;\">\n<td class=\"et2\" style=\"height: 15.20pt;\" height=\"15\">Modell<\/td>\n<td class=\"et2\">QMY-BE009<\/td>\n<\/tr>\n<tr style=\"height: 15.20pt;\">\n<td class=\"et2\" style=\"height: 15.20pt;\" height=\"15\">Personalisierung<\/td>\n<td class=\"et2\">Farbe, Gr\u00f6\u00dfe, Material<\/td>\n<\/tr>\n<tr style=\"height: 15.20pt;\">\n<td class=\"et2\" style=\"height: 15.20pt;\" height=\"15\">MOQ<\/td>\n<td class=\"et2\">1St\u00fcck<\/td>\n<\/tr>\n<\/tbody>\n<\/table>","protected":false},"featured_media":1053,"comment_status":"closed","ping_status":"closed","template":"","meta":{"_acf_changed":false},"product_brand":[],"product_cat":[33,18],"product_tag":[],"class_list":{"0":"post-1052","1":"product","2":"type-product","3":"status-publish","4":"has-post-thumbnail","6":"product_cat-custom-beds-manufacturer","7":"product_cat-bespoke-bedroom-furniture","9":"first","10":"instock","11":"shipping-taxable","12":"product-type-simple"},"acf":[],"_links":{"self":[{"href":"https:\/\/www.chicasafurniture.com\/de\/wp-json\/wp\/v2\/product\/1052","targetHints":{"allow":["GET"]}}],"collection":[{"href":"https:\/\/www.chicasafurniture.com\/de\/wp-json\/wp\/v2\/product"}],"about":[{"href":"https:\/\/www.chicasafurniture.com\/de\/wp-json\/wp\/v2\/types\/product"}],"replies":[{"embeddable":true,"href":"https:\/\/www.chicasafurniture.com\/de\/wp-json\/wp\/v2\/comments?post=1052"}],"wp:featuredmedia":[{"embeddable":true,"href":"https:\/\/www.chicasafurniture.com\/de\/wp-json\/wp\/v2\/media\/1053"}],"wp:attachment":[{"href":"https:\/\/www.chicasafurniture.com\/de\/wp-json\/wp\/v2\/media?parent=1052"}],"wp:term":[{"taxonomy":"product_brand","embeddable":true,"href":"https:\/\/www.chicasafurniture.com\/de\/wp-json\/wp\/v2\/product_brand?post=1052"},{"taxonomy":"product_cat","embeddable":true,"href":"https:\/\/www.chicasafurniture.com\/de\/wp-json\/wp\/v2\/product_cat?post=1052"},{"taxonomy":"product_tag","embeddable":true,"href":"https:\/\/www.chicasafurniture.com\/de\/wp-json\/wp\/v2\/product_tag?post=1052"}],"curies":[{"name":"wp","href":"https:\/\/api.w.org\/{rel}","templated":true}]}}