{"id":1072,"date":"2026-03-16T06:44:27","date_gmt":"2026-03-16T06:44:27","guid":{"rendered":"https:\/\/www.chicasafurniture.com\/?post_type=product&#038;p=1072"},"modified":"2026-03-16T06:59:43","modified_gmt":"2026-03-16T06:59:43","slug":"bespoke-luxury-beds","status":"publish","type":"product","link":"https:\/\/www.chicasafurniture.com\/de\/product\/bespoke-luxury-beds\/","title":{"rendered":"Ma\u00dfgeschneiderte Luxusbetten mit modernem Fl\u00fcgelr\u00fccken-Tuftingkopf"},"content":{"rendered":"<h2 class=\"wp-block-heading\">Produktspezifikationen von Bespoke Luxury Beds<\/h2>\n\n\n\n<figure class=\"wp-block-table\"><table class=\"has-fixed-layout\"><tbody><tr><td>Rahmen<\/td><td>Material der Abdeckung<\/td><td>F\u00fcllmaterial<\/td><td>Beine<\/td><td>Farbe<\/td><td>Gr\u00f6\u00dfe<\/td><td>Gewicht<\/td><\/tr><tr><td>Massivholz<\/td><td>Stoff<\/td><td>Schwamm mit hoher Dichte<\/td><td>Metall<\/td><td>Kundenspezifisch<\/td><td>KING SIZE<\/td><td>90-120kg<\/td><\/tr><\/tbody><\/table><\/figure>\n\n\n\n<div class=\"wp-block-columns is-layout-flex wp-container-core-columns-is-layout-9d6595d7 wp-block-columns-is-layout-flex\">\n<div class=\"wp-block-column is-layout-flow wp-block-column-is-layout-flow\">\n<h2 class=\"wp-block-heading\">Premium Bespoke Luxury Beds Merkmale:<\/h2>\n\n\n\n<ul class=\"wp-block-list\">\n<li><strong>Fl\u00fcgelumrahmendes Kopfteil Design:<\/strong> Unsere ma\u00dfgefertigten Luxusbetten verf\u00fcgen \u00fcber ein einzigartiges, fl\u00fcgelartig umlaufendes Kopfteil, das nicht nur Ihr psychologisches Sicherheitsgef\u00fchl w\u00e4hrend des Schlafs verbessert, sondern auch die Privatsph\u00e4re Ihres pers\u00f6nlichen Raums effektiv st\u00e4rkt.<\/li>\n\n\n\n<li><strong>Dimensional Grid Quilting:<\/strong> Die komplizierte Gittersteppung dieses ma\u00dfgefertigten Bettes erf\u00fcllt einen doppelten Zweck: Sie verhindert das Verrutschen der inneren F\u00fcllung und schafft gleichzeitig eine visuell rhythmische, dreidimensionale \u00c4sthetik, die modernes Designempfinden verk\u00f6rpert.<\/li>\n\n\n\n<li><strong>Minimalistische Visuals und schwebende \u00c4sthetik:<\/strong> Unsere ma\u00dfgefertigten Luxusbetten werden von schlanken, hochfesten Metallbeinen getragen. Diese Designwahl l\u00e4sst den massiven Bettrahmen leicht und luftig erscheinen und erm\u00f6glicht es dem Staubsaugerroboter, jeden Winkel ungehindert zu reinigen.<\/li>\n\n\n\n<li><strong>Umfassender Schutz durch Soft-Polsterung:<\/strong> Vom Kopfteil bis zu den Seitengittern ist dieses ma\u00dfgefertigte Bett durchgehend mit einer dicken, weich gepolsterten Polsterung versehen. Die Oberfl\u00e4che bietet eine warme, angenehme Haptik und verhindert effektiv St\u00f6\u00dfe und Verletzungen, die durch die t\u00e4gliche Bewegung im Bett entstehen.<\/li>\n\n\n\n<li><strong>Materialauswahl nach Ma\u00df:<\/strong> Unsere ma\u00dfgefertigten Luxusbetten bieten eine Auswahl an Premium-Materialien - darunter hochwertiges Leinen, strukturierter Stoff oder hautfreundliches echtes Leder -, die mit Metallf\u00fc\u00dfen in verschiedenen Farbkombinationen kombiniert werden k\u00f6nnen, um ein individuelles Meisterwerk des Schlafens zu schaffen, das nur Ihnen geh\u00f6rt.<\/li>\n<\/ul>\n<\/div>\n\n\n\n<div class=\"wp-block-column is-layout-flow wp-block-column-is-layout-flow\">\n<figure class=\"wp-block-image size-full\"><img decoding=\"async\" width=\"784\" height=\"1000\" src=\"https:\/\/www.chicasafurniture.com\/wp-content\/uploads\/2026\/03\/Bespoke-Luxury-Beds-with-Modern-Wingback-Tufted-Head-3.jpg\" alt=\"Ma\u00dfgeschneiderte Luxusbetten mit modernem Wingback Tufted Head-3\" class=\"wp-image-1075\" srcset=\"https:\/\/www.chicasafurniture.com\/wp-content\/uploads\/2026\/03\/Bespoke-Luxury-Beds-with-Modern-Wingback-Tufted-Head-3.jpg 784w, https:\/\/www.chicasafurniture.com\/wp-content\/uploads\/2026\/03\/Bespoke-Luxury-Beds-with-Modern-Wingback-Tufted-Head-3-235x300.jpg 235w, https:\/\/www.chicasafurniture.com\/wp-content\/uploads\/2026\/03\/Bespoke-Luxury-Beds-with-Modern-Wingback-Tufted-Head-3-768x980.jpg 768w, https:\/\/www.chicasafurniture.com\/wp-content\/uploads\/2026\/03\/Bespoke-Luxury-Beds-with-Modern-Wingback-Tufted-Head-3-9x12.jpg 9w, https:\/\/www.chicasafurniture.com\/wp-content\/uploads\/2026\/03\/Bespoke-Luxury-Beds-with-Modern-Wingback-Tufted-Head-3-600x765.jpg 600w\" sizes=\"(max-width: 784px) 100vw, 784px\" \/><\/figure>\n<\/div>\n<\/div>\n\n\n\n<figure class=\"wp-block-image size-full\"><img decoding=\"async\" width=\"954\" height=\"700\" src=\"https:\/\/www.chicasafurniture.com\/wp-content\/uploads\/2026\/03\/Bespoke-Luxury-Beds-with-Modern-Wingback-Tufted-Head-4.png\" alt=\"Ma\u00dfgeschneiderte Luxusbetten mit modernem Wingback Tufted Head-3\" class=\"wp-image-1076\" srcset=\"https:\/\/www.chicasafurniture.com\/wp-content\/uploads\/2026\/03\/Bespoke-Luxury-Beds-with-Modern-Wingback-Tufted-Head-4.png 954w, https:\/\/www.chicasafurniture.com\/wp-content\/uploads\/2026\/03\/Bespoke-Luxury-Beds-with-Modern-Wingback-Tufted-Head-4-300x220.png 300w, https:\/\/www.chicasafurniture.com\/wp-content\/uploads\/2026\/03\/Bespoke-Luxury-Beds-with-Modern-Wingback-Tufted-Head-4-768x564.png 768w, https:\/\/www.chicasafurniture.com\/wp-content\/uploads\/2026\/03\/Bespoke-Luxury-Beds-with-Modern-Wingback-Tufted-Head-4-16x12.png 16w, https:\/\/www.chicasafurniture.com\/wp-content\/uploads\/2026\/03\/Bespoke-Luxury-Beds-with-Modern-Wingback-Tufted-Head-4-600x440.png 600w\" sizes=\"(max-width: 954px) 100vw, 954px\" \/><\/figure>","protected":false},"excerpt":{"rendered":"<p>Erleben Sie ultimativen Komfort mit unseren ma\u00dfgefertigten Luxusbetten. Dieses ma\u00dfgefertigte Bett verf\u00fcgt \u00fcber das ikonische Wingback-Kopfteil mit exquisiter quadratischer Steppung, das ein optisch leichtes und luftiges Gef\u00fchl vermittelt und gleichzeitig eine solide R\u00fcckenst\u00fctze bietet.<\/p>\n<table style=\"border-collapse: collapse; width: 222.03pt;\" border=\"0\" width=\"222\" cellspacing=\"0\" cellpadding=\"0\">\n<tbody>\n<tr style=\"height: 15.20pt;\">\n<td class=\"et2\" style=\"height: 15.20pt; width: 81.65pt;\" width=\"81\" height=\"15\">Hersteller<\/td>\n<td class=\"et2\" style=\"width: 140.80pt;\" width=\"140\">Chicasa<\/td>\n<\/tr>\n<tr style=\"height: 15.20pt;\">\n<td class=\"et2\" style=\"height: 15.20pt;\" height=\"15\">Kategorie<\/td>\n<td class=\"et2\">Bett<\/td>\n<\/tr>\n<tr style=\"height: 15.20pt;\">\n<td class=\"et2\" style=\"height: 15.20pt;\" height=\"15\">Anmeldung<\/td>\n<td class=\"et2\">Schlafzimmer<\/td>\n<\/tr>\n<tr style=\"height: 15.20pt;\">\n<td class=\"et2\" style=\"height: 15.20pt;\" height=\"15\">Stil<\/td>\n<td class=\"et2\">Raffinierter Luxus<\/td>\n<\/tr>\n<tr style=\"height: 15.20pt;\">\n<td class=\"et2\" style=\"height: 15.20pt;\" height=\"15\">Modell<\/td>\n<td class=\"et2\">QMY-BE012<\/td>\n<\/tr>\n<tr style=\"height: 15.20pt;\">\n<td class=\"et2\" style=\"height: 15.20pt;\" height=\"15\">Personalisierung<\/td>\n<td class=\"et2\">Farbe, Gr\u00f6\u00dfe, Material<\/td>\n<\/tr>\n<tr style=\"height: 15.20pt;\">\n<td class=\"et2\" style=\"height: 15.20pt;\" height=\"15\">MOQ<\/td>\n<td class=\"et2\">1St\u00fcck<\/td>\n<\/tr>\n<\/tbody>\n<\/table>","protected":false},"featured_media":1073,"comment_status":"closed","ping_status":"closed","template":"","meta":{"_acf_changed":false},"product_brand":[],"product_cat":[33,18],"product_tag":[],"class_list":{"0":"post-1072","1":"product","2":"type-product","3":"status-publish","4":"has-post-thumbnail","6":"product_cat-custom-beds-manufacturer","7":"product_cat-bespoke-bedroom-furniture","9":"first","10":"instock","11":"shipping-taxable","12":"product-type-simple"},"acf":[],"_links":{"self":[{"href":"https:\/\/www.chicasafurniture.com\/de\/wp-json\/wp\/v2\/product\/1072","targetHints":{"allow":["GET"]}}],"collection":[{"href":"https:\/\/www.chicasafurniture.com\/de\/wp-json\/wp\/v2\/product"}],"about":[{"href":"https:\/\/www.chicasafurniture.com\/de\/wp-json\/wp\/v2\/types\/product"}],"replies":[{"embeddable":true,"href":"https:\/\/www.chicasafurniture.com\/de\/wp-json\/wp\/v2\/comments?post=1072"}],"wp:featuredmedia":[{"embeddable":true,"href":"https:\/\/www.chicasafurniture.com\/de\/wp-json\/wp\/v2\/media\/1073"}],"wp:attachment":[{"href":"https:\/\/www.chicasafurniture.com\/de\/wp-json\/wp\/v2\/media?parent=1072"}],"wp:term":[{"taxonomy":"product_brand","embeddable":true,"href":"https:\/\/www.chicasafurniture.com\/de\/wp-json\/wp\/v2\/product_brand?post=1072"},{"taxonomy":"product_cat","embeddable":true,"href":"https:\/\/www.chicasafurniture.com\/de\/wp-json\/wp\/v2\/product_cat?post=1072"},{"taxonomy":"product_tag","embeddable":true,"href":"https:\/\/www.chicasafurniture.com\/de\/wp-json\/wp\/v2\/product_tag?post=1072"}],"curies":[{"name":"wp","href":"https:\/\/api.w.org\/{rel}","templated":true}]}}