{"id":1078,"date":"2026-03-16T07:08:26","date_gmt":"2026-03-16T07:08:26","guid":{"rendered":"https:\/\/www.chicasafurniture.com\/?post_type=product&#038;p=1078"},"modified":"2026-03-20T02:22:45","modified_gmt":"2026-03-20T02:22:45","slug":"modern-custom-beds","status":"publish","type":"product","link":"https:\/\/www.chicasafurniture.com\/de\/product\/modern-custom-beds\/","title":{"rendered":"Moderne Betten nach Ma\u00df, Minimalistisches gepolstertes Bett mit R\u00fcckenlehne"},"content":{"rendered":"<h2 class=\"wp-block-heading\">Produktspezifikationen von Modern Custom Beds<\/h2>\n\n\n\n<figure class=\"wp-block-table\"><table class=\"has-fixed-layout\"><tbody><tr><td>Rahmen<\/td><td>Material der Abdeckung<\/td><td>F\u00fcllmaterial<\/td><td>Beine<\/td><td>Farbe<\/td><td>Gr\u00f6\u00dfe<\/td><td>Gewicht<\/td><\/tr><tr><td>Massivholz<\/td><td>Stoff<\/td><td>Schwamm mit hoher Dichte<\/td><td>Metall<\/td><td>Kundenspezifisch<\/td><td>KING SIZE<\/td><td>90-120kg<\/td><\/tr><\/tbody><\/table><\/figure>\n\n\n\n<div class=\"wp-block-columns is-layout-flex wp-container-core-columns-is-layout-9d6595d7 wp-block-columns-is-layout-flex\">\n<div class=\"wp-block-column is-layout-flow wp-block-column-is-layout-flow\">\n<h2 class=\"wp-block-heading\">Premium Modern Custom Beds Merkmale:<\/h2>\n\n\n\n<ul class=\"wp-block-list\">\n<li><strong>Stromlinienf\u00f6rmiges Wingback-Design:<\/strong> Die sich sanft verj\u00fcngenden Seitenfl\u00fcgel unserer modernen Ma\u00dfbetten verleihen dem Kopfteil ein dynamisches, architektonisches Flair. Dieses Design verst\u00e4rkt nicht nur das Gef\u00fchl von Geborgenheit und Komfort beim Zur\u00fccklehnen, sondern erh\u00f6ht auch die allgemeine Atmosph\u00e4re der Privatsph\u00e4re im Schlafzimmer.<\/li>\n\n\n\n<li><strong>Integrierte minimalistische \u00c4sthetik:<\/strong> Bei diesem ma\u00dfgefertigten Bett sind Kopfteil und Bettrahmen mit einer einheitlichen Weichpolstertechnik und Materialpalette ausgestattet. Diese nahtlose Integration beseitigt jedes visuelle Gef\u00fchl der strukturellen Segmentierung und zeigt eine reine und anspruchsvolle industrielle Design\u00e4sthetik.<\/li>\n\n\n\n<li><strong>Exquisite Anpassung von Stoffen und Texturen:<\/strong> Unsere modernen Ma\u00dfbetten bieten vielf\u00e4ltige Anpassungsm\u00f6glichkeiten - von tief get\u00f6nten Wollstoffen bis hin zu hellem, hautfreundlichem Echtleder - um ein breites Spektrum an taktilen Vorlieben und r\u00e4umlichen Farbschemata zu erf\u00fcllen.<\/li>\n\n\n\n<li><strong>Hochwertige St\u00fctzstruktur:<\/strong> Das Innere dieses ma\u00dfgefertigten Bettes besteht aus einem Massivholzrahmen, der mit einer hochdichten Kaltschaumpolsterung kombiniert ist. Diese robuste Konstruktion ist auch nach l\u00e4ngerem Gebrauch verformungsbest\u00e4ndig und gew\u00e4hrleistet bei jedem Zur\u00fccklehnen oder Anlehnen eine gleichm\u00e4\u00dfige und einheitliche Unterst\u00fctzung.<\/li>\n\n\n\n<li><strong>Nahtlose Integration in moderne R\u00e4ume:<\/strong> Das bodenstehende Design dieser modernen Ma\u00dfbetten vermeidet optische Unordnung unter dem Bettrahmen. In Kombination mit den minimalistischen Linien schafft dieses Merkmal ein Schlafzimmer, das optisch ger\u00e4umiger und aufger\u00e4umter wirkt.<\/li>\n<\/ul>\n<\/div>\n\n\n\n<div class=\"wp-block-column is-layout-flow wp-block-column-is-layout-flow\">\n<figure class=\"wp-block-image size-full\"><img decoding=\"async\" width=\"762\" height=\"1000\" src=\"https:\/\/www.chicasafurniture.com\/wp-content\/uploads\/2026\/03\/Modern-Custom-Beds-Minimalist-Wingback-Upholstered-Bed-4.webp\" alt=\"Moderne Betten nach Ma\u00df, Minimalistisches Wingback-Polsterbett-4\" class=\"wp-image-1082\" srcset=\"https:\/\/www.chicasafurniture.com\/wp-content\/uploads\/2026\/03\/Modern-Custom-Beds-Minimalist-Wingback-Upholstered-Bed-4.webp 762w, https:\/\/www.chicasafurniture.com\/wp-content\/uploads\/2026\/03\/Modern-Custom-Beds-Minimalist-Wingback-Upholstered-Bed-4-229x300.webp 229w, https:\/\/www.chicasafurniture.com\/wp-content\/uploads\/2026\/03\/Modern-Custom-Beds-Minimalist-Wingback-Upholstered-Bed-4-9x12.webp 9w, https:\/\/www.chicasafurniture.com\/wp-content\/uploads\/2026\/03\/Modern-Custom-Beds-Minimalist-Wingback-Upholstered-Bed-4-600x787.webp 600w\" sizes=\"(max-width: 762px) 100vw, 762px\" \/><\/figure>\n<\/div>\n<\/div>\n\n\n\n<figure class=\"wp-block-image size-full\"><img decoding=\"async\" width=\"1294\" height=\"970\" src=\"https:\/\/www.chicasafurniture.com\/wp-content\/uploads\/2026\/03\/Modern-Custom-Beds-Minimalist-Wingback-Upholstered-Bed-3.webp\" alt=\"Moderne Betten nach Ma\u00df, Minimalistisches gepolstertes Bett mit R\u00fcckenlehne-3\" class=\"wp-image-1081\" srcset=\"https:\/\/www.chicasafurniture.com\/wp-content\/uploads\/2026\/03\/Modern-Custom-Beds-Minimalist-Wingback-Upholstered-Bed-3.webp 1294w, https:\/\/www.chicasafurniture.com\/wp-content\/uploads\/2026\/03\/Modern-Custom-Beds-Minimalist-Wingback-Upholstered-Bed-3-300x225.webp 300w, https:\/\/www.chicasafurniture.com\/wp-content\/uploads\/2026\/03\/Modern-Custom-Beds-Minimalist-Wingback-Upholstered-Bed-3-768x576.webp 768w, https:\/\/www.chicasafurniture.com\/wp-content\/uploads\/2026\/03\/Modern-Custom-Beds-Minimalist-Wingback-Upholstered-Bed-3-16x12.webp 16w, https:\/\/www.chicasafurniture.com\/wp-content\/uploads\/2026\/03\/Modern-Custom-Beds-Minimalist-Wingback-Upholstered-Bed-3-1200x900.webp 1200w, https:\/\/www.chicasafurniture.com\/wp-content\/uploads\/2026\/03\/Modern-Custom-Beds-Minimalist-Wingback-Upholstered-Bed-3-600x450.webp 600w\" sizes=\"(max-width: 1294px) 100vw, 1294px\" \/><\/figure>","protected":false},"excerpt":{"rendered":"<p>Entdecken Sie moderne Ma\u00dfbetten mit einer raffinierten Fl\u00fcgelsilhouette, hochwertigen Polstern und einem minimalistischen Design, das sowohl auf Komfort als auch auf zeitgen\u00f6ssischen Stil zugeschnitten ist. Diese ma\u00dfgefertigten Betten f\u00fcgen sich nahtlos in ein breites Spektrum an modernen, minimalistischen oder italienischen Luxus-Wohnumgebungen ein.<\/p>\n<table style=\"border-collapse: collapse; width: 222.03pt;\" border=\"0\" width=\"222\" cellspacing=\"0\" cellpadding=\"0\">\n<tbody>\n<tr style=\"height: 15.20pt;\">\n<td class=\"et2\" style=\"height: 15.20pt; width: 81.65pt;\" width=\"81\" height=\"15\">Hersteller<\/td>\n<td class=\"et2\" style=\"width: 140.80pt;\" width=\"140\">Chicasa<\/td>\n<\/tr>\n<tr style=\"height: 15.20pt;\">\n<td class=\"et2\" style=\"height: 15.20pt;\" height=\"15\">Kategorie<\/td>\n<td class=\"et2\">Bett<\/td>\n<\/tr>\n<tr style=\"height: 15.20pt;\">\n<td class=\"et2\" style=\"height: 15.20pt;\" height=\"15\">Anmeldung<\/td>\n<td class=\"et2\">Schlafzimmer<\/td>\n<\/tr>\n<tr style=\"height: 15.20pt;\">\n<td class=\"et2\" style=\"height: 15.20pt;\" height=\"15\">Stil<\/td>\n<td class=\"et2\">Minimalistisch<\/td>\n<\/tr>\n<tr style=\"height: 15.20pt;\">\n<td class=\"et2\" style=\"height: 15.20pt;\" height=\"15\">Modell<\/td>\n<td class=\"et2\">QMY-BE013<\/td>\n<\/tr>\n<tr style=\"height: 15.20pt;\">\n<td class=\"et2\" style=\"height: 15.20pt;\" height=\"15\">Personalisierung<\/td>\n<td class=\"et2\">Farbe, Gr\u00f6\u00dfe, Material<\/td>\n<\/tr>\n<tr style=\"height: 15.20pt;\">\n<td class=\"et2\" style=\"height: 15.20pt;\" height=\"15\">MOQ<\/td>\n<td class=\"et2\">1St\u00fcck<\/td>\n<\/tr>\n<\/tbody>\n<\/table>","protected":false},"featured_media":1079,"comment_status":"closed","ping_status":"closed","template":"","meta":{"_acf_changed":false},"product_brand":[],"product_cat":[33,18],"product_tag":[],"class_list":{"0":"post-1078","1":"product","2":"type-product","3":"status-publish","4":"has-post-thumbnail","6":"product_cat-custom-beds-manufacturer","7":"product_cat-bespoke-bedroom-furniture","9":"first","10":"instock","11":"shipping-taxable","12":"product-type-simple"},"acf":[],"_links":{"self":[{"href":"https:\/\/www.chicasafurniture.com\/de\/wp-json\/wp\/v2\/product\/1078","targetHints":{"allow":["GET"]}}],"collection":[{"href":"https:\/\/www.chicasafurniture.com\/de\/wp-json\/wp\/v2\/product"}],"about":[{"href":"https:\/\/www.chicasafurniture.com\/de\/wp-json\/wp\/v2\/types\/product"}],"replies":[{"embeddable":true,"href":"https:\/\/www.chicasafurniture.com\/de\/wp-json\/wp\/v2\/comments?post=1078"}],"wp:featuredmedia":[{"embeddable":true,"href":"https:\/\/www.chicasafurniture.com\/de\/wp-json\/wp\/v2\/media\/1079"}],"wp:attachment":[{"href":"https:\/\/www.chicasafurniture.com\/de\/wp-json\/wp\/v2\/media?parent=1078"}],"wp:term":[{"taxonomy":"product_brand","embeddable":true,"href":"https:\/\/www.chicasafurniture.com\/de\/wp-json\/wp\/v2\/product_brand?post=1078"},{"taxonomy":"product_cat","embeddable":true,"href":"https:\/\/www.chicasafurniture.com\/de\/wp-json\/wp\/v2\/product_cat?post=1078"},{"taxonomy":"product_tag","embeddable":true,"href":"https:\/\/www.chicasafurniture.com\/de\/wp-json\/wp\/v2\/product_tag?post=1078"}],"curies":[{"name":"wp","href":"https:\/\/api.w.org\/{rel}","templated":true}]}}