{"id":1083,"date":"2026-03-16T07:27:01","date_gmt":"2026-03-16T07:27:01","guid":{"rendered":"https:\/\/www.chicasafurniture.com\/?post_type=product&#038;p=1083"},"modified":"2026-03-16T07:37:59","modified_gmt":"2026-03-16T07:37:59","slug":"custom-made-bedside-tables","status":"publish","type":"product","link":"https:\/\/www.chicasafurniture.com\/de\/product\/custom-made-bedside-tables\/","title":{"rendered":"Ma\u00dfgefertigte Nachttische, Luxus Ledernachttische"},"content":{"rendered":"<h2 class=\"wp-block-heading\">Produktspezifikationen f\u00fcr ma\u00dfgefertigte Nachttische<\/h2>\n\n\n\n<figure class=\"wp-block-table\"><table class=\"has-fixed-layout\"><tbody><tr><td>Rahmen<\/td><td>Material der Abdeckung<\/td><td>F\u00fcllmaterial<\/td><td>Beine<\/td><td>Farbe<\/td><td>Gr\u00f6\u00dfe<\/td><td>Gewicht<\/td><\/tr><tr><td>Sperrholz<\/td><td>\/<\/td><td>\/<\/td><td>\/<\/td><td>Kundenspezifisch<\/td><td>51cmx46cmx46cm<\/td><td>20-35kg<\/td><\/tr><\/tbody><\/table><\/figure>\n\n\n\n<div class=\"wp-block-columns is-layout-flex wp-container-core-columns-is-layout-9d6595d7 wp-block-columns-is-layout-flex\">\n<div class=\"wp-block-column is-layout-flow wp-block-column-is-layout-flow\">\n<h2 class=\"wp-block-heading\">Premium Custom Made Nachttische Eigenschaften:<\/h2>\n\n\n\n<ul class=\"wp-block-list\">\n<li><strong>Luxuri\u00f6se Voll-Leder-Verpackung:<\/strong> Der Korpus unserer ma\u00dfgefertigten Nachttische ist sorgf\u00e4ltig in hochwertiges technisches Leder eingepackt. Mit seinen exquisiten, handgen\u00e4hten Details verleiht diese Handwerkskunst eine anspruchsvolle, hochmoderne \u00c4sthetik, die an ma\u00dfgeschneidertes Luxusgep\u00e4ck erinnert.<\/li>\n\n\n\n<li><strong>Versenkte Massivholz-Tablettplatte:<\/strong> Die Oberseite dieses ma\u00dfgefertigten Nachttischs weist ein vertieftes Design auf, das mit einer reichen, dunklen Walnussmaserung versehen ist. Diese elegante Konfiguration ist nicht nur optisch ansprechend, sondern bietet auch eine sichere, stabile Plattform, um kleine Gegenst\u00e4nde wie Aromadiffusoren und Mobiltelefone zu verstauen.<\/li>\n\n\n\n<li><strong>Geschichtet, Stille Lagerung:<\/strong> Unsere ma\u00dfgefertigten Nachttische sind mit zwei Schubladen ausgestattet und erf\u00fcllen so die unterschiedlichsten Organisationsanforderungen. Ausgestattet mit Soft-Close-D\u00e4mpfungsschienen gleiten die Schubladen sanft und leise auf und zu und sorgen so daf\u00fcr, dass die Ruhe Ihrer sp\u00e4ten Nachtstunden ungest\u00f6rt bleibt.<\/li>\n\n\n\n<li><strong>Einzigartiges asymmetrisches geometrisches Profil:<\/strong> Das Seitenprofil dieses ma\u00dfgefertigten Nachttischs zeichnet sich durch eine tangentiale Struktur in Verbindung mit anmutig geschwungenen Ecken aus. Dieses einzigartige Design gew\u00e4hrleistet die Sicherheit des Benutzers und bietet gleichzeitig eine \u00e4sthetische Identit\u00e4t mit hohem Wiedererkennungswert und Originalit\u00e4t.<\/li>\n\n\n\n<li><strong>Flexible Anpassung: <\/strong>Unsere ma\u00dfgefertigten Nachttische bieten flexible Anpassungsm\u00f6glichkeiten in einer breiten Palette von Lederfarben und Holzdekoren. Dies erm\u00f6glicht eine perfekte optische Abstimmung mit ma\u00dfgefertigten Bettrahmen in verschiedenen Farbpaletten, so dass Sie ein harmonisches und einheitliches Schlafambiente schaffen k\u00f6nnen.<\/li>\n<\/ul>\n<\/div>\n\n\n\n<div class=\"wp-block-column is-layout-flow wp-block-column-is-layout-flow\">\n<figure class=\"wp-block-image size-full\"><img decoding=\"async\" width=\"1000\" height=\"1000\" src=\"https:\/\/www.chicasafurniture.com\/wp-content\/uploads\/2026\/03\/Custom-Made-Bedside-Tables-Luxury-Leather-Nightstands-2.webp\" alt=\"Ma\u00dfgeschneiderte Nachttische, Luxus Leder Nachttische-2\" class=\"wp-image-1085\" srcset=\"https:\/\/www.chicasafurniture.com\/wp-content\/uploads\/2026\/03\/Custom-Made-Bedside-Tables-Luxury-Leather-Nightstands-2.webp 1000w, https:\/\/www.chicasafurniture.com\/wp-content\/uploads\/2026\/03\/Custom-Made-Bedside-Tables-Luxury-Leather-Nightstands-2-300x300.webp 300w, https:\/\/www.chicasafurniture.com\/wp-content\/uploads\/2026\/03\/Custom-Made-Bedside-Tables-Luxury-Leather-Nightstands-2-150x150.webp 150w, https:\/\/www.chicasafurniture.com\/wp-content\/uploads\/2026\/03\/Custom-Made-Bedside-Tables-Luxury-Leather-Nightstands-2-768x768.webp 768w, https:\/\/www.chicasafurniture.com\/wp-content\/uploads\/2026\/03\/Custom-Made-Bedside-Tables-Luxury-Leather-Nightstands-2-12x12.webp 12w, https:\/\/www.chicasafurniture.com\/wp-content\/uploads\/2026\/03\/Custom-Made-Bedside-Tables-Luxury-Leather-Nightstands-2-600x600.webp 600w, https:\/\/www.chicasafurniture.com\/wp-content\/uploads\/2026\/03\/Custom-Made-Bedside-Tables-Luxury-Leather-Nightstands-2-100x100.webp 100w\" sizes=\"(max-width: 1000px) 100vw, 1000px\" \/><\/figure>\n<\/div>\n<\/div>\n\n\n\n<div class=\"wp-block-columns is-layout-flex wp-container-core-columns-is-layout-9d6595d7 wp-block-columns-is-layout-flex\">\n<div class=\"wp-block-column is-layout-flow wp-block-column-is-layout-flow\">\n<figure class=\"wp-block-image size-full\"><img decoding=\"async\" width=\"1000\" height=\"1000\" src=\"https:\/\/www.chicasafurniture.com\/wp-content\/uploads\/2026\/03\/Custom-Made-Bedside-Tables-Luxury-Leather-Nightstands-3.webp\" alt=\"Ma\u00dfgeschneiderte Nachttische, Luxus Leder Nachttische-3\" class=\"wp-image-1086\" srcset=\"https:\/\/www.chicasafurniture.com\/wp-content\/uploads\/2026\/03\/Custom-Made-Bedside-Tables-Luxury-Leather-Nightstands-3.webp 1000w, https:\/\/www.chicasafurniture.com\/wp-content\/uploads\/2026\/03\/Custom-Made-Bedside-Tables-Luxury-Leather-Nightstands-3-300x300.webp 300w, https:\/\/www.chicasafurniture.com\/wp-content\/uploads\/2026\/03\/Custom-Made-Bedside-Tables-Luxury-Leather-Nightstands-3-150x150.webp 150w, https:\/\/www.chicasafurniture.com\/wp-content\/uploads\/2026\/03\/Custom-Made-Bedside-Tables-Luxury-Leather-Nightstands-3-768x768.webp 768w, https:\/\/www.chicasafurniture.com\/wp-content\/uploads\/2026\/03\/Custom-Made-Bedside-Tables-Luxury-Leather-Nightstands-3-12x12.webp 12w, https:\/\/www.chicasafurniture.com\/wp-content\/uploads\/2026\/03\/Custom-Made-Bedside-Tables-Luxury-Leather-Nightstands-3-600x600.webp 600w, https:\/\/www.chicasafurniture.com\/wp-content\/uploads\/2026\/03\/Custom-Made-Bedside-Tables-Luxury-Leather-Nightstands-3-100x100.webp 100w\" sizes=\"(max-width: 1000px) 100vw, 1000px\" \/><\/figure>\n<\/div>\n\n\n\n<div class=\"wp-block-column is-layout-flow wp-block-column-is-layout-flow\">\n<figure class=\"wp-block-image size-full\"><img decoding=\"async\" width=\"1000\" height=\"1000\" src=\"https:\/\/www.chicasafurniture.com\/wp-content\/uploads\/2026\/03\/Custom-Made-Bedside-Tables-Luxury-Leather-Nightstands-4.webp\" alt=\"Ma\u00dfgeschneiderte Nachttische, Luxus Leder Nachttische-4\" class=\"wp-image-1087\" srcset=\"https:\/\/www.chicasafurniture.com\/wp-content\/uploads\/2026\/03\/Custom-Made-Bedside-Tables-Luxury-Leather-Nightstands-4.webp 1000w, https:\/\/www.chicasafurniture.com\/wp-content\/uploads\/2026\/03\/Custom-Made-Bedside-Tables-Luxury-Leather-Nightstands-4-300x300.webp 300w, https:\/\/www.chicasafurniture.com\/wp-content\/uploads\/2026\/03\/Custom-Made-Bedside-Tables-Luxury-Leather-Nightstands-4-150x150.webp 150w, https:\/\/www.chicasafurniture.com\/wp-content\/uploads\/2026\/03\/Custom-Made-Bedside-Tables-Luxury-Leather-Nightstands-4-768x768.webp 768w, https:\/\/www.chicasafurniture.com\/wp-content\/uploads\/2026\/03\/Custom-Made-Bedside-Tables-Luxury-Leather-Nightstands-4-12x12.webp 12w, https:\/\/www.chicasafurniture.com\/wp-content\/uploads\/2026\/03\/Custom-Made-Bedside-Tables-Luxury-Leather-Nightstands-4-600x600.webp 600w, https:\/\/www.chicasafurniture.com\/wp-content\/uploads\/2026\/03\/Custom-Made-Bedside-Tables-Luxury-Leather-Nightstands-4-100x100.webp 100w\" sizes=\"(max-width: 1000px) 100vw, 1000px\" \/><\/figure>\n<\/div>\n<\/div>","protected":false},"excerpt":{"rendered":"<p>Werten Sie Ihr Schlafzimmer mit unseren ma\u00dfgefertigten Nachttischen auf. Mit ihrem hochwertigen Lederbezug, den Akzenten aus Walnussholz und der schlanken, minimalistischen Ablagefl\u00e4che bieten sie eine ausgesprochen moderne \u00c4sthetik. Die leicht erh\u00f6hten Kanten verhindern effektiv, dass Gegenst\u00e4nde herunterrutschen.<\/p>\n<table style=\"border-collapse: collapse; width: 222.03pt;\" border=\"0\" width=\"222\" cellspacing=\"0\" cellpadding=\"0\">\n<tbody>\n<tr style=\"height: 15.20pt;\">\n<td class=\"et2\" style=\"height: 15.20pt; width: 81.65pt;\" width=\"81\" height=\"15\">Hersteller<\/td>\n<td class=\"et2\" style=\"width: 140.80pt;\" width=\"140\">ChiCasa<\/td>\n<\/tr>\n<tr style=\"height: 15.20pt;\">\n<td class=\"et2\" style=\"height: 15.20pt;\" height=\"15\">Kategorie<\/td>\n<td class=\"et2\">Nachttisch<\/td>\n<\/tr>\n<tr style=\"height: 15.20pt;\">\n<td class=\"et2\" style=\"height: 15.20pt;\" height=\"15\">Anmeldung<\/td>\n<td class=\"et2\">Schlafzimmer<\/td>\n<\/tr>\n<tr style=\"height: 15.20pt;\">\n<td class=\"et2\" style=\"height: 15.20pt;\" height=\"15\">Stil<\/td>\n<td class=\"et2\">Minimalistisch<\/td>\n<\/tr>\n<tr style=\"height: 15.20pt;\">\n<td class=\"et2\" style=\"height: 15.20pt;\" height=\"15\">Modell<\/td>\n<td class=\"et2\">QMY-NS005<\/td>\n<\/tr>\n<tr style=\"height: 15.20pt;\">\n<td class=\"et2\" style=\"height: 15.20pt;\" height=\"15\">Personalisierung<\/td>\n<td class=\"et2\">Farbe, Gr\u00f6\u00dfe, Material<\/td>\n<\/tr>\n<tr style=\"height: 15.20pt;\">\n<td class=\"et2\" style=\"height: 15.20pt;\" height=\"15\">MOQ<\/td>\n<td class=\"et2\">1St\u00fcck<\/td>\n<\/tr>\n<\/tbody>\n<\/table>","protected":false},"featured_media":1084,"comment_status":"closed","ping_status":"closed","template":"","meta":{"_acf_changed":false},"product_brand":[],"product_cat":[34,18],"product_tag":[],"class_list":{"0":"post-1083","1":"product","2":"type-product","3":"status-publish","4":"has-post-thumbnail","6":"product_cat-custom-nightstand","7":"product_cat-bespoke-bedroom-furniture","9":"first","10":"instock","11":"shipping-taxable","12":"product-type-simple"},"acf":[],"_links":{"self":[{"href":"https:\/\/www.chicasafurniture.com\/de\/wp-json\/wp\/v2\/product\/1083","targetHints":{"allow":["GET"]}}],"collection":[{"href":"https:\/\/www.chicasafurniture.com\/de\/wp-json\/wp\/v2\/product"}],"about":[{"href":"https:\/\/www.chicasafurniture.com\/de\/wp-json\/wp\/v2\/types\/product"}],"replies":[{"embeddable":true,"href":"https:\/\/www.chicasafurniture.com\/de\/wp-json\/wp\/v2\/comments?post=1083"}],"wp:featuredmedia":[{"embeddable":true,"href":"https:\/\/www.chicasafurniture.com\/de\/wp-json\/wp\/v2\/media\/1084"}],"wp:attachment":[{"href":"https:\/\/www.chicasafurniture.com\/de\/wp-json\/wp\/v2\/media?parent=1083"}],"wp:term":[{"taxonomy":"product_brand","embeddable":true,"href":"https:\/\/www.chicasafurniture.com\/de\/wp-json\/wp\/v2\/product_brand?post=1083"},{"taxonomy":"product_cat","embeddable":true,"href":"https:\/\/www.chicasafurniture.com\/de\/wp-json\/wp\/v2\/product_cat?post=1083"},{"taxonomy":"product_tag","embeddable":true,"href":"https:\/\/www.chicasafurniture.com\/de\/wp-json\/wp\/v2\/product_tag?post=1083"}],"curies":[{"name":"wp","href":"https:\/\/api.w.org\/{rel}","templated":true}]}}