{"id":1088,"date":"2026-03-16T07:38:57","date_gmt":"2026-03-16T07:38:57","guid":{"rendered":"https:\/\/www.chicasafurniture.com\/?post_type=product&#038;p=1088"},"modified":"2026-03-16T07:50:04","modified_gmt":"2026-03-16T07:50:04","slug":"custom-built-nightstands","status":"publish","type":"product","link":"https:\/\/www.chicasafurniture.com\/de\/product\/custom-built-nightstands\/","title":{"rendered":"Individuell gefertigte Nachttische, luxuri\u00f6se Nachttische mit Lederplatte"},"content":{"rendered":"<h2 class=\"wp-block-heading\">Produktspezifikationen von Custom Built Nightstands<\/h2>\n\n\n\n<figure class=\"wp-block-table\"><table class=\"has-fixed-layout\"><tbody><tr><td>Rahmen<\/td><td>Material der Abdeckung<\/td><td>F\u00fcllmaterial<\/td><td>Beine<\/td><td>Farbe<\/td><td>Gr\u00f6\u00dfe<\/td><td>Gewicht<\/td><\/tr><tr><td>Sperrholz<\/td><td>\/<\/td><td>\/<\/td><td>Metall<\/td><td>Kundenspezifisch<\/td><td>51cmx46cmx46cm<\/td><td>20-35kg<\/td><\/tr><\/tbody><\/table><\/figure>\n\n\n\n<div class=\"wp-block-columns is-layout-flex wp-container-core-columns-is-layout-9d6595d7 wp-block-columns-is-layout-flex\">\n<div class=\"wp-block-column is-layout-flow wp-block-column-is-layout-flow\">\n<h2 class=\"wp-block-heading\">Premium Custom Built Nachttische Merkmale:<\/h2>\n\n\n\n<ul class=\"wp-block-list\">\n<li><strong>Die \u00e4sthetische Fusion von Leder und Massivholz:<\/strong> Unsere ma\u00dfgefertigten Nachttische verf\u00fcgen \u00fcber einen Schrankkorpus, der nahtlos in hochwertiges, umweltfreundliches Leder geh\u00fcllt ist und perfekt mit der Maserung des Walnussholzes der Tischplatte verschmilzt, um ein reichhaltiges, vielschichtiges sensorisches Erlebnis zu schaffen.<\/li>\n\n\n\n<li><strong>Integriertes, rutschfestes Tablettdesign:<\/strong> Die Oberfl\u00e4che dieses ma\u00dfgefertigten Nachttischs weist an allen vier Seiten ein einzigartiges Hochkantdesign auf, das eine nat\u00fcrliche Ablagefl\u00e4che bildet und daf\u00fcr sorgt, dass Gegenst\u00e4nde wie Wassergl\u00e4ser, Handys und andere wichtige Dinge sicher und stabil an ihrem Platz bleiben.<\/li>\n\n\n\n<li><strong>Verdeckte abgewinkelte Schubladengriffe:<\/strong> Diese ma\u00dfgefertigten Nachttische verzichten auf herk\u00f6mmliche Beschl\u00e4ge und verwenden ein ergonomisches, verdecktes Schr\u00e4gschnittdesign, das die minimalistische \u00c4sthetik des Schranks bewahrt und gleichzeitig die Sicherheit erh\u00f6ht.<\/li>\n\n\n\n<li><strong>Architektonische, geometrische Silhouette:<\/strong> Unsere ma\u00dfgefertigten Nachttische weisen eine klare, kubische Struktur auf, die durch raffinierte geometrische Linien akzentuiert wird. Sie sind mehr als nur ein Stauraum, sondern ein weiches Einrichtungsst\u00fcck, das dem Schlafzimmer einen ausgepr\u00e4gten Sinn f\u00fcr moderne Kunst verleiht.<\/li>\n<\/ul>\n<\/div>\n\n\n\n<div class=\"wp-block-column is-layout-flow wp-block-column-is-layout-flow\">\n<figure class=\"wp-block-image size-full\"><img decoding=\"async\" width=\"1000\" height=\"1000\" src=\"https:\/\/www.chicasafurniture.com\/wp-content\/uploads\/2026\/03\/Custom-Built-Nightstands-Luxury-Leather-Top-Bedside-Tables-2.webp\" alt=\"Custom Built Nachttische, Luxus Leder Top Nachttische-2\" class=\"wp-image-1090\" srcset=\"https:\/\/www.chicasafurniture.com\/wp-content\/uploads\/2026\/03\/Custom-Built-Nightstands-Luxury-Leather-Top-Bedside-Tables-2.webp 1000w, https:\/\/www.chicasafurniture.com\/wp-content\/uploads\/2026\/03\/Custom-Built-Nightstands-Luxury-Leather-Top-Bedside-Tables-2-300x300.webp 300w, https:\/\/www.chicasafurniture.com\/wp-content\/uploads\/2026\/03\/Custom-Built-Nightstands-Luxury-Leather-Top-Bedside-Tables-2-150x150.webp 150w, https:\/\/www.chicasafurniture.com\/wp-content\/uploads\/2026\/03\/Custom-Built-Nightstands-Luxury-Leather-Top-Bedside-Tables-2-768x768.webp 768w, https:\/\/www.chicasafurniture.com\/wp-content\/uploads\/2026\/03\/Custom-Built-Nightstands-Luxury-Leather-Top-Bedside-Tables-2-12x12.webp 12w, https:\/\/www.chicasafurniture.com\/wp-content\/uploads\/2026\/03\/Custom-Built-Nightstands-Luxury-Leather-Top-Bedside-Tables-2-600x600.webp 600w, https:\/\/www.chicasafurniture.com\/wp-content\/uploads\/2026\/03\/Custom-Built-Nightstands-Luxury-Leather-Top-Bedside-Tables-2-100x100.webp 100w\" sizes=\"(max-width: 1000px) 100vw, 1000px\" \/><\/figure>\n<\/div>\n<\/div>\n\n\n\n<div class=\"wp-block-columns is-layout-flex wp-container-core-columns-is-layout-9d6595d7 wp-block-columns-is-layout-flex\">\n<div class=\"wp-block-column is-layout-flow wp-block-column-is-layout-flow\">\n<figure class=\"wp-block-image size-full\"><img decoding=\"async\" width=\"1000\" height=\"1000\" src=\"https:\/\/www.chicasafurniture.com\/wp-content\/uploads\/2026\/03\/Custom-Built-Nightstands-Luxury-Leather-Top-Bedside-Tables-3.webp\" alt=\"Custom Built Nachttische, Luxus Leder Top Nachttische-3\" class=\"wp-image-1091\" srcset=\"https:\/\/www.chicasafurniture.com\/wp-content\/uploads\/2026\/03\/Custom-Built-Nightstands-Luxury-Leather-Top-Bedside-Tables-3.webp 1000w, https:\/\/www.chicasafurniture.com\/wp-content\/uploads\/2026\/03\/Custom-Built-Nightstands-Luxury-Leather-Top-Bedside-Tables-3-300x300.webp 300w, https:\/\/www.chicasafurniture.com\/wp-content\/uploads\/2026\/03\/Custom-Built-Nightstands-Luxury-Leather-Top-Bedside-Tables-3-150x150.webp 150w, https:\/\/www.chicasafurniture.com\/wp-content\/uploads\/2026\/03\/Custom-Built-Nightstands-Luxury-Leather-Top-Bedside-Tables-3-768x768.webp 768w, https:\/\/www.chicasafurniture.com\/wp-content\/uploads\/2026\/03\/Custom-Built-Nightstands-Luxury-Leather-Top-Bedside-Tables-3-12x12.webp 12w, https:\/\/www.chicasafurniture.com\/wp-content\/uploads\/2026\/03\/Custom-Built-Nightstands-Luxury-Leather-Top-Bedside-Tables-3-600x600.webp 600w, https:\/\/www.chicasafurniture.com\/wp-content\/uploads\/2026\/03\/Custom-Built-Nightstands-Luxury-Leather-Top-Bedside-Tables-3-100x100.webp 100w\" sizes=\"(max-width: 1000px) 100vw, 1000px\" \/><\/figure>\n<\/div>\n\n\n\n<div class=\"wp-block-column is-layout-flow wp-block-column-is-layout-flow\">\n<figure class=\"wp-block-image size-full\"><img decoding=\"async\" width=\"1500\" height=\"1500\" src=\"https:\/\/www.chicasafurniture.com\/wp-content\/uploads\/2026\/03\/Custom-Built-Nightstands-Luxury-Leather-Top-Bedside-Tables-4.webp\" alt=\"Custom Built Nachttische, Luxus Leder Top Nachttische-4\" class=\"wp-image-1092\" srcset=\"https:\/\/www.chicasafurniture.com\/wp-content\/uploads\/2026\/03\/Custom-Built-Nightstands-Luxury-Leather-Top-Bedside-Tables-4.webp 1500w, https:\/\/www.chicasafurniture.com\/wp-content\/uploads\/2026\/03\/Custom-Built-Nightstands-Luxury-Leather-Top-Bedside-Tables-4-300x300.webp 300w, https:\/\/www.chicasafurniture.com\/wp-content\/uploads\/2026\/03\/Custom-Built-Nightstands-Luxury-Leather-Top-Bedside-Tables-4-150x150.webp 150w, https:\/\/www.chicasafurniture.com\/wp-content\/uploads\/2026\/03\/Custom-Built-Nightstands-Luxury-Leather-Top-Bedside-Tables-4-768x768.webp 768w, https:\/\/www.chicasafurniture.com\/wp-content\/uploads\/2026\/03\/Custom-Built-Nightstands-Luxury-Leather-Top-Bedside-Tables-4-12x12.webp 12w, https:\/\/www.chicasafurniture.com\/wp-content\/uploads\/2026\/03\/Custom-Built-Nightstands-Luxury-Leather-Top-Bedside-Tables-4-1200x1200.webp 1200w, https:\/\/www.chicasafurniture.com\/wp-content\/uploads\/2026\/03\/Custom-Built-Nightstands-Luxury-Leather-Top-Bedside-Tables-4-600x600.webp 600w, https:\/\/www.chicasafurniture.com\/wp-content\/uploads\/2026\/03\/Custom-Built-Nightstands-Luxury-Leather-Top-Bedside-Tables-4-100x100.webp 100w\" sizes=\"(max-width: 1500px) 100vw, 1500px\" \/><\/figure>\n<\/div>\n<\/div>","protected":false},"excerpt":{"rendered":"<p>Bestellen Sie ma\u00dfgefertigte Nachttische mit hochwertigen Lederbez\u00fcgen und eleganten Walnussholzoberfl\u00e4chen - minimalistische Designernachttische, die f\u00fcr anspruchsvolle Schlafzimmer ma\u00dfgeschneidert sind und den Gipfel der Handwerkskunst auf kompaktem Raum pr\u00e4sentieren.<\/p>\n<table style=\"border-collapse: collapse; width: 222.03pt;\" border=\"0\" width=\"222\" cellspacing=\"0\" cellpadding=\"0\">\n<tbody>\n<tr style=\"height: 15.20pt;\">\n<td class=\"et2\" style=\"height: 15.20pt; width: 81.65pt;\" width=\"81\" height=\"15\">Hersteller<\/td>\n<td class=\"et2\" style=\"width: 140.80pt;\" width=\"140\">ChiCasa<\/td>\n<\/tr>\n<tr style=\"height: 15.20pt;\">\n<td class=\"et2\" style=\"height: 15.20pt;\" height=\"15\">Kategorie<\/td>\n<td class=\"et2\">Nachttisch<\/td>\n<\/tr>\n<tr style=\"height: 15.20pt;\">\n<td class=\"et2\" style=\"height: 15.20pt;\" height=\"15\">Anmeldung<\/td>\n<td class=\"et2\">Schlafzimmer<\/td>\n<\/tr>\n<tr style=\"height: 15.20pt;\">\n<td class=\"et2\" style=\"height: 15.20pt;\" height=\"15\">Stil<\/td>\n<td class=\"et2\">Minimalistisch<\/td>\n<\/tr>\n<tr style=\"height: 15.20pt;\">\n<td class=\"et2\" style=\"height: 15.20pt;\" height=\"15\">Modell<\/td>\n<td class=\"et2\">QMY-NS006<\/td>\n<\/tr>\n<tr style=\"height: 15.20pt;\">\n<td class=\"et2\" style=\"height: 15.20pt;\" height=\"15\">Personalisierung<\/td>\n<td class=\"et2\">Farbe, Gr\u00f6\u00dfe, Material<\/td>\n<\/tr>\n<tr style=\"height: 15.20pt;\">\n<td class=\"et2\" style=\"height: 15.20pt;\" height=\"15\">MOQ<\/td>\n<td class=\"et2\">1St\u00fcck<\/td>\n<\/tr>\n<\/tbody>\n<\/table>","protected":false},"featured_media":1089,"comment_status":"closed","ping_status":"closed","template":"","meta":{"_acf_changed":false},"product_brand":[],"product_cat":[34,18],"product_tag":[],"class_list":{"0":"post-1088","1":"product","2":"type-product","3":"status-publish","4":"has-post-thumbnail","6":"product_cat-custom-nightstand","7":"product_cat-bespoke-bedroom-furniture","9":"first","10":"instock","11":"shipping-taxable","12":"product-type-simple"},"acf":[],"_links":{"self":[{"href":"https:\/\/www.chicasafurniture.com\/de\/wp-json\/wp\/v2\/product\/1088","targetHints":{"allow":["GET"]}}],"collection":[{"href":"https:\/\/www.chicasafurniture.com\/de\/wp-json\/wp\/v2\/product"}],"about":[{"href":"https:\/\/www.chicasafurniture.com\/de\/wp-json\/wp\/v2\/types\/product"}],"replies":[{"embeddable":true,"href":"https:\/\/www.chicasafurniture.com\/de\/wp-json\/wp\/v2\/comments?post=1088"}],"wp:featuredmedia":[{"embeddable":true,"href":"https:\/\/www.chicasafurniture.com\/de\/wp-json\/wp\/v2\/media\/1089"}],"wp:attachment":[{"href":"https:\/\/www.chicasafurniture.com\/de\/wp-json\/wp\/v2\/media?parent=1088"}],"wp:term":[{"taxonomy":"product_brand","embeddable":true,"href":"https:\/\/www.chicasafurniture.com\/de\/wp-json\/wp\/v2\/product_brand?post=1088"},{"taxonomy":"product_cat","embeddable":true,"href":"https:\/\/www.chicasafurniture.com\/de\/wp-json\/wp\/v2\/product_cat?post=1088"},{"taxonomy":"product_tag","embeddable":true,"href":"https:\/\/www.chicasafurniture.com\/de\/wp-json\/wp\/v2\/product_tag?post=1088"}],"curies":[{"name":"wp","href":"https:\/\/api.w.org\/{rel}","templated":true}]}}