{"id":1093,"date":"2026-03-16T07:50:48","date_gmt":"2026-03-16T07:50:48","guid":{"rendered":"https:\/\/www.chicasafurniture.com\/?post_type=product&#038;p=1093"},"modified":"2026-03-16T08:11:14","modified_gmt":"2026-03-16T08:11:14","slug":"custom-wood-nightstands","status":"publish","type":"product","link":"https:\/\/www.chicasafurniture.com\/de\/product\/custom-wood-nightstands\/","title":{"rendered":"Nachttische aus Holz, moderne Nachttische aus Nussbaum"},"content":{"rendered":"<h2 class=\"wp-block-heading\">Produktspezifikationen von Custom Wood Nightstands<\/h2>\n\n\n\n<figure class=\"wp-block-table\"><table class=\"has-fixed-layout\"><tbody><tr><td>Rahmen<\/td><td>Material der Abdeckung<\/td><td>F\u00fcllmaterial<\/td><td>Beine<\/td><td>Farbe<\/td><td>Gr\u00f6\u00dfe<\/td><td>Gewicht<\/td><\/tr><tr><td>Sperrholz<\/td><td>\/<\/td><td>\/<\/td><td>Metall<\/td><td>Kundenspezifisch<\/td><td>51cmx46cmx46cm<\/td><td>20-35kg<\/td><\/tr><\/tbody><\/table><\/figure>\n\n\n\n<div class=\"wp-block-columns is-layout-flex wp-container-core-columns-is-layout-9d6595d7 wp-block-columns-is-layout-flex\">\n<div class=\"wp-block-column is-layout-flow wp-block-column-is-layout-flow\">\n<h2 class=\"wp-block-heading\">Premium Custom Wood Nachttische Merkmale:<\/h2>\n\n\n\n<ul class=\"wp-block-list\">\n<li><strong>Schwebende offene Lagerung:<\/strong> Der obere Teil dieser ma\u00dfgefertigten Holznachttische hat ein offenes, schwebendes Design - ideal, um h\u00e4ufig gelesene B\u00fccher und Aromatherapieartikel zu pr\u00e4sentieren. Ein optionales, durch Ber\u00fchrung aktivierbares, lineares Umgebungslicht kann in die R\u00fcckwand integriert werden und wirft ein warmes Licht, das die sp\u00e4ten Abendstunden erhellt.<\/li>\n\n\n\n<li><strong>Ma\u00dfgeschneidertes gestepptes Leder Handwerkskunst:<\/strong> Die Schubladenfronten dieser ma\u00dfgefertigten Nachttische sind optional mit einer exquisit gesteppten Lederoberfl\u00e4che versehen. Diese strukturierte Oberfl\u00e4che erh\u00f6ht nicht nur den taktilen Reiz, sondern verhindert auch das Risiko von versehentlichen St\u00f6\u00dfen und Kratzern, wie sie bei traditionellen Griffen aus Massivholz h\u00e4ufig auftreten.<\/li>\n\n\n\n<li><strong>Integrierte Massivholz-Tablettplatte:<\/strong> Die Oberseite dieser ma\u00dfgefertigten Holznachttische ist mit einem eingelassenen Tablett ausgestattet. Der Umfang ist durch leicht erh\u00f6hte Walnussholzkanten definiert, die effektiv verhindern, dass darauf abgestellte Gegenst\u00e4nde abrutschen.<\/li>\n\n\n\n<li><strong>Moderne schwebende \u00c4sthetik:<\/strong> Diese ma\u00dfgeschneiderten Nachttische werden von schlanken, hochfesten Metallbeinen getragen. Dieses Design erleichtert nicht nur die Reinigung durch Staubsaugerroboter, sondern erzeugt auch die optische Illusion, dass der Schrank im Raum \u201cschwebt\u201d, was dem Raum einen Hauch von Offenheit und Gro\u00dfz\u00fcgigkeit verleiht.<\/li>\n<\/ul>\n<\/div>\n\n\n\n<div class=\"wp-block-column is-layout-flow wp-block-column-is-layout-flow\">\n<figure class=\"wp-block-image size-full\"><img decoding=\"async\" width=\"1000\" height=\"1000\" src=\"https:\/\/www.chicasafurniture.com\/wp-content\/uploads\/2026\/03\/Custom-Wood-Nightstands-Modern-Walnut-Bedside-Tables-3.webp\" alt=\"Custom Holz Nachttische, Moderne Nussbaum Nachttische-3\" class=\"wp-image-1096\" srcset=\"https:\/\/www.chicasafurniture.com\/wp-content\/uploads\/2026\/03\/Custom-Wood-Nightstands-Modern-Walnut-Bedside-Tables-3.webp 1000w, https:\/\/www.chicasafurniture.com\/wp-content\/uploads\/2026\/03\/Custom-Wood-Nightstands-Modern-Walnut-Bedside-Tables-3-300x300.webp 300w, https:\/\/www.chicasafurniture.com\/wp-content\/uploads\/2026\/03\/Custom-Wood-Nightstands-Modern-Walnut-Bedside-Tables-3-150x150.webp 150w, https:\/\/www.chicasafurniture.com\/wp-content\/uploads\/2026\/03\/Custom-Wood-Nightstands-Modern-Walnut-Bedside-Tables-3-768x768.webp 768w, https:\/\/www.chicasafurniture.com\/wp-content\/uploads\/2026\/03\/Custom-Wood-Nightstands-Modern-Walnut-Bedside-Tables-3-12x12.webp 12w, https:\/\/www.chicasafurniture.com\/wp-content\/uploads\/2026\/03\/Custom-Wood-Nightstands-Modern-Walnut-Bedside-Tables-3-600x600.webp 600w, https:\/\/www.chicasafurniture.com\/wp-content\/uploads\/2026\/03\/Custom-Wood-Nightstands-Modern-Walnut-Bedside-Tables-3-100x100.webp 100w\" sizes=\"(max-width: 1000px) 100vw, 1000px\" \/><\/figure>\n<\/div>\n<\/div>\n\n\n\n<figure class=\"wp-block-image size-full\"><img decoding=\"async\" width=\"1200\" height=\"800\" src=\"https:\/\/www.chicasafurniture.com\/wp-content\/uploads\/2026\/03\/Custom-Wood-Nightstands-Modern-Walnut-Bedside-Tables-4.webp\" alt=\"Custom Holz Nachttische, Moderne Nussbaum Nachttische-4\" class=\"wp-image-1097\" srcset=\"https:\/\/www.chicasafurniture.com\/wp-content\/uploads\/2026\/03\/Custom-Wood-Nightstands-Modern-Walnut-Bedside-Tables-4.webp 1200w, https:\/\/www.chicasafurniture.com\/wp-content\/uploads\/2026\/03\/Custom-Wood-Nightstands-Modern-Walnut-Bedside-Tables-4-300x200.webp 300w, https:\/\/www.chicasafurniture.com\/wp-content\/uploads\/2026\/03\/Custom-Wood-Nightstands-Modern-Walnut-Bedside-Tables-4-768x512.webp 768w, https:\/\/www.chicasafurniture.com\/wp-content\/uploads\/2026\/03\/Custom-Wood-Nightstands-Modern-Walnut-Bedside-Tables-4-18x12.webp 18w, https:\/\/www.chicasafurniture.com\/wp-content\/uploads\/2026\/03\/Custom-Wood-Nightstands-Modern-Walnut-Bedside-Tables-4-600x400.webp 600w\" sizes=\"(max-width: 1200px) 100vw, 1200px\" \/><\/figure>","protected":false},"excerpt":{"rendered":"<p>Kaufen Sie ma\u00dfgefertigte Nachttische aus Holz, die auf Ihren einzigartigen Stil zugeschnitten sind. Mit ihren eleganten Walnussoberfl\u00e4chen, modernen offenen Regalen und integrierter Beleuchtung schaffen sie ein wahrhaft ma\u00dfgeschneidertes, luxuri\u00f6ses Schlafzimmerambiente. Jedes Detail strahlt den raffinierten Luxus der italienischen Handwerkskunst aus.<\/p>\n<table style=\"border-collapse: collapse; width: 222.03pt;\" border=\"0\" width=\"222\" cellspacing=\"0\" cellpadding=\"0\">\n<tbody>\n<tr style=\"height: 15.20pt;\">\n<td class=\"et2\" style=\"height: 15.20pt; width: 81.65pt;\" width=\"81\" height=\"15\">Hersteller<\/td>\n<td class=\"et2\" style=\"width: 140.80pt;\" width=\"140\">ChiCasa<\/td>\n<\/tr>\n<tr style=\"height: 15.20pt;\">\n<td class=\"et2\" style=\"height: 15.20pt;\" height=\"15\">Kategorie<\/td>\n<td class=\"et2\">Nachttisch<\/td>\n<\/tr>\n<tr style=\"height: 15.20pt;\">\n<td class=\"et2\" style=\"height: 15.20pt;\" height=\"15\">Anmeldung<\/td>\n<td class=\"et2\">Schlafzimmer<\/td>\n<\/tr>\n<tr style=\"height: 15.20pt;\">\n<td class=\"et2\" style=\"height: 15.20pt;\" height=\"15\">Stil<\/td>\n<td class=\"et2\">Minimalistisch<\/td>\n<\/tr>\n<tr style=\"height: 15.20pt;\">\n<td class=\"et2\" style=\"height: 15.20pt;\" height=\"15\">Modell<\/td>\n<td class=\"et2\">QMY-NS007<\/td>\n<\/tr>\n<tr style=\"height: 15.20pt;\">\n<td class=\"et2\" style=\"height: 15.20pt;\" height=\"15\">Personalisierung<\/td>\n<td class=\"et2\">Farbe, Gr\u00f6\u00dfe, Material<\/td>\n<\/tr>\n<tr style=\"height: 15.20pt;\">\n<td class=\"et2\" style=\"height: 15.20pt;\" height=\"15\">MOQ<\/td>\n<td class=\"et2\">1St\u00fcck<\/td>\n<\/tr>\n<\/tbody>\n<\/table>","protected":false},"featured_media":1094,"comment_status":"closed","ping_status":"closed","template":"","meta":{"_acf_changed":false},"product_brand":[],"product_cat":[34,18],"product_tag":[],"class_list":{"0":"post-1093","1":"product","2":"type-product","3":"status-publish","4":"has-post-thumbnail","6":"product_cat-custom-nightstand","7":"product_cat-bespoke-bedroom-furniture","9":"first","10":"instock","11":"shipping-taxable","12":"product-type-simple"},"acf":[],"_links":{"self":[{"href":"https:\/\/www.chicasafurniture.com\/de\/wp-json\/wp\/v2\/product\/1093","targetHints":{"allow":["GET"]}}],"collection":[{"href":"https:\/\/www.chicasafurniture.com\/de\/wp-json\/wp\/v2\/product"}],"about":[{"href":"https:\/\/www.chicasafurniture.com\/de\/wp-json\/wp\/v2\/types\/product"}],"replies":[{"embeddable":true,"href":"https:\/\/www.chicasafurniture.com\/de\/wp-json\/wp\/v2\/comments?post=1093"}],"wp:featuredmedia":[{"embeddable":true,"href":"https:\/\/www.chicasafurniture.com\/de\/wp-json\/wp\/v2\/media\/1094"}],"wp:attachment":[{"href":"https:\/\/www.chicasafurniture.com\/de\/wp-json\/wp\/v2\/media?parent=1093"}],"wp:term":[{"taxonomy":"product_brand","embeddable":true,"href":"https:\/\/www.chicasafurniture.com\/de\/wp-json\/wp\/v2\/product_brand?post=1093"},{"taxonomy":"product_cat","embeddable":true,"href":"https:\/\/www.chicasafurniture.com\/de\/wp-json\/wp\/v2\/product_cat?post=1093"},{"taxonomy":"product_tag","embeddable":true,"href":"https:\/\/www.chicasafurniture.com\/de\/wp-json\/wp\/v2\/product_tag?post=1093"}],"curies":[{"name":"wp","href":"https:\/\/api.w.org\/{rel}","templated":true}]}}