{"id":360,"date":"2026-02-11T02:15:27","date_gmt":"2026-02-11T02:15:27","guid":{"rendered":"https:\/\/www.chicasafurniture.com\/?post_type=product&#038;p=360"},"modified":"2026-02-11T02:15:27","modified_gmt":"2026-02-11T02:15:27","slug":"custom-made-sofa","status":"publish","type":"product","link":"https:\/\/www.chicasafurniture.com\/de\/product\/custom-made-sofa\/","title":{"rendered":"Modulares gebogenes Sofa nach Ma\u00df, L-Form Modernes Stoffsofa"},"content":{"rendered":"<h2 class=\"wp-block-heading\">Produktspezifikationen f\u00fcr ma\u00dfgefertigte Sofas<\/h2>\n\n\n\n<figure class=\"wp-block-table\"><table class=\"has-fixed-layout\"><tbody><tr><td>Rahmen<\/td><td>Material der Abdeckung<\/td><td>F\u00fcllmaterial<\/td><td>Beine<\/td><td>Farbe<\/td><td>Gr\u00f6\u00dfe<\/td><td>Gewicht<\/td><\/tr><tr><td>Massivholz<\/td><td>Stoff<\/td><td>Hochdichter Schwamm<\/td><td>Holz<\/td><td>Kundenspezifisch<\/td><td>Kundenspezifisch<\/td><td>90-240kg<\/td><\/tr><\/tbody><\/table><\/figure>\n\n\n\n<div class=\"wp-block-columns is-layout-flex wp-container-core-columns-is-layout-9d6595d7 wp-block-columns-is-layout-flex\">\n<div class=\"wp-block-column is-layout-flow wp-block-column-is-layout-flow\">\n<h2 class=\"wp-block-heading\">Premium Custom Made Sofas Merkmale:<\/h2>\n\n\n\n<ul class=\"wp-block-list\">\n<li><strong>Stabiler Massivholzrahmen: <\/strong>Unser ma\u00dfgefertigtes Sofa ist aus hochwertigem Massivholz gefertigt, so dass es ein gutes Gewicht und eine gute Festigkeit sowie eine robuste Tragstruktur aufweist.<\/li>\n\n\n\n<li><strong>Hautfreundlicher Stoff: <\/strong>Die weiche, atmungsaktive Stoffoberfl\u00e4che dieses luxuri\u00f6sen, ma\u00dfgeschneiderten Sofas f\u00fchlt sich angenehm an und l\u00e4sst sich problemlos mit verschiedenen Einrichtungsstilen kombinieren.<\/li>\n\n\n\n<li><strong>Hochelastische Schaumstoff-F\u00fcllung: <\/strong>Die Sitzfl\u00e4che und die R\u00fcckenlehne unserer ma\u00dfgefertigten Sofas bestehen aus hochdichtem Schaumstoff, der sehr widerstandsf\u00e4hig ist und auch nach l\u00e4ngerem Gebrauch nicht nachgibt oder an St\u00fctzkraft verliert.<\/li>\n\n\n\n<li><strong>Umfassender Anpassungsservice: <\/strong>Unser luxuri\u00f6ses Ma\u00dfsofa kann in Farbe, Gr\u00f6\u00dfe und Material an Ihre individuellen Anforderungen angepasst werden.<\/li>\n\n\n\n<li><strong>Flexibler modularer Aufbau:<\/strong> Die gebogenen Module unserer ma\u00dfgefertigten Sofas lassen sich leicht zu L-Form, Wrap-Around und anderen Raumaufteilungen zusammenf\u00fcgen. Es gibt keine Mindestbestellmengen f\u00fcr ma\u00dfgefertigte Sofas.<\/li>\n<\/ul>\n<\/div>\n\n\n\n<div class=\"wp-block-column is-layout-flow wp-block-column-is-layout-flow\">\n<figure class=\"wp-block-image size-full\"><img decoding=\"async\" width=\"1280\" height=\"1704\" src=\"https:\/\/www.chicasafurniture.com\/wp-content\/uploads\/2026\/02\/Modular-Curved-Custom-Made-Sofa-L-Shape-Modern-Fabric-Sofa-5.webp\" alt=\"Modulares gebogenes ma\u00dfgefertigtes Sofa, L-Form Modernes Stoffsofa-5\" class=\"wp-image-365\" srcset=\"https:\/\/www.chicasafurniture.com\/wp-content\/uploads\/2026\/02\/Modular-Curved-Custom-Made-Sofa-L-Shape-Modern-Fabric-Sofa-5.webp 1280w, https:\/\/www.chicasafurniture.com\/wp-content\/uploads\/2026\/02\/Modular-Curved-Custom-Made-Sofa-L-Shape-Modern-Fabric-Sofa-5-225x300.webp 225w, https:\/\/www.chicasafurniture.com\/wp-content\/uploads\/2026\/02\/Modular-Curved-Custom-Made-Sofa-L-Shape-Modern-Fabric-Sofa-5-768x1022.webp 768w, https:\/\/www.chicasafurniture.com\/wp-content\/uploads\/2026\/02\/Modular-Curved-Custom-Made-Sofa-L-Shape-Modern-Fabric-Sofa-5-1200x1598.webp 1200w, https:\/\/www.chicasafurniture.com\/wp-content\/uploads\/2026\/02\/Modular-Curved-Custom-Made-Sofa-L-Shape-Modern-Fabric-Sofa-5-600x799.webp 600w\" sizes=\"(max-width: 1280px) 100vw, 1280px\" \/><\/figure>\n<\/div>\n<\/div>\n\n\n\n<div class=\"wp-block-columns is-layout-flex wp-container-core-columns-is-layout-9d6595d7 wp-block-columns-is-layout-flex\">\n<div class=\"wp-block-column is-layout-flow wp-block-column-is-layout-flow\">\n<figure class=\"wp-block-image size-full\"><img decoding=\"async\" width=\"1280\" height=\"711\" src=\"https:\/\/www.chicasafurniture.com\/wp-content\/uploads\/2026\/02\/Modular-Curved-Custom-Made-Sofa-L-Shape-Modern-Fabric-Sofa-1.webp\" alt=\"Modulares gebogenes ma\u00dfgeschneidertes Sofa, L-Form Modernes Stoffsofa-1\" class=\"wp-image-361\" srcset=\"https:\/\/www.chicasafurniture.com\/wp-content\/uploads\/2026\/02\/Modular-Curved-Custom-Made-Sofa-L-Shape-Modern-Fabric-Sofa-1.webp 1280w, https:\/\/www.chicasafurniture.com\/wp-content\/uploads\/2026\/02\/Modular-Curved-Custom-Made-Sofa-L-Shape-Modern-Fabric-Sofa-1-300x167.webp 300w, https:\/\/www.chicasafurniture.com\/wp-content\/uploads\/2026\/02\/Modular-Curved-Custom-Made-Sofa-L-Shape-Modern-Fabric-Sofa-1-768x427.webp 768w, https:\/\/www.chicasafurniture.com\/wp-content\/uploads\/2026\/02\/Modular-Curved-Custom-Made-Sofa-L-Shape-Modern-Fabric-Sofa-1-1200x667.webp 1200w, https:\/\/www.chicasafurniture.com\/wp-content\/uploads\/2026\/02\/Modular-Curved-Custom-Made-Sofa-L-Shape-Modern-Fabric-Sofa-1-600x333.webp 600w\" sizes=\"(max-width: 1280px) 100vw, 1280px\" \/><\/figure>\n<\/div>\n\n\n\n<div class=\"wp-block-column is-layout-flow wp-block-column-is-layout-flow\">\n<figure class=\"wp-block-image size-full\"><img decoding=\"async\" width=\"1280\" height=\"711\" src=\"https:\/\/www.chicasafurniture.com\/wp-content\/uploads\/2026\/02\/Modular-Curved-Custom-Made-Sofa-L-Shape-Modern-Fabric-Sofa-8.webp\" alt=\"Modulares gebogenes ma\u00dfgeschneidertes Sofa, L-Form Modernes Stoffsofa-8\" class=\"wp-image-368\" srcset=\"https:\/\/www.chicasafurniture.com\/wp-content\/uploads\/2026\/02\/Modular-Curved-Custom-Made-Sofa-L-Shape-Modern-Fabric-Sofa-8.webp 1280w, https:\/\/www.chicasafurniture.com\/wp-content\/uploads\/2026\/02\/Modular-Curved-Custom-Made-Sofa-L-Shape-Modern-Fabric-Sofa-8-300x167.webp 300w, https:\/\/www.chicasafurniture.com\/wp-content\/uploads\/2026\/02\/Modular-Curved-Custom-Made-Sofa-L-Shape-Modern-Fabric-Sofa-8-768x427.webp 768w, https:\/\/www.chicasafurniture.com\/wp-content\/uploads\/2026\/02\/Modular-Curved-Custom-Made-Sofa-L-Shape-Modern-Fabric-Sofa-8-1200x667.webp 1200w, https:\/\/www.chicasafurniture.com\/wp-content\/uploads\/2026\/02\/Modular-Curved-Custom-Made-Sofa-L-Shape-Modern-Fabric-Sofa-8-600x333.webp 600w\" sizes=\"(max-width: 1280px) 100vw, 1280px\" \/><\/figure>\n<\/div>\n<\/div>\n\n\n\n<div class=\"wp-block-columns is-layout-flex wp-container-core-columns-is-layout-9d6595d7 wp-block-columns-is-layout-flex\">\n<div class=\"wp-block-column is-layout-flow wp-block-column-is-layout-flow\">\n<figure class=\"wp-block-image size-full\"><img decoding=\"async\" width=\"1280\" height=\"711\" src=\"https:\/\/www.chicasafurniture.com\/wp-content\/uploads\/2026\/02\/Modular-Curved-Custom-Made-Sofa-L-Shape-Modern-Fabric-Sofa-7.webp\" alt=\"Modulares gebogenes ma\u00dfgeschneidertes Sofa, L-Form Modernes Stoffsofa-7\" class=\"wp-image-367\" srcset=\"https:\/\/www.chicasafurniture.com\/wp-content\/uploads\/2026\/02\/Modular-Curved-Custom-Made-Sofa-L-Shape-Modern-Fabric-Sofa-7.webp 1280w, https:\/\/www.chicasafurniture.com\/wp-content\/uploads\/2026\/02\/Modular-Curved-Custom-Made-Sofa-L-Shape-Modern-Fabric-Sofa-7-300x167.webp 300w, https:\/\/www.chicasafurniture.com\/wp-content\/uploads\/2026\/02\/Modular-Curved-Custom-Made-Sofa-L-Shape-Modern-Fabric-Sofa-7-768x427.webp 768w, https:\/\/www.chicasafurniture.com\/wp-content\/uploads\/2026\/02\/Modular-Curved-Custom-Made-Sofa-L-Shape-Modern-Fabric-Sofa-7-1200x667.webp 1200w, https:\/\/www.chicasafurniture.com\/wp-content\/uploads\/2026\/02\/Modular-Curved-Custom-Made-Sofa-L-Shape-Modern-Fabric-Sofa-7-600x333.webp 600w\" sizes=\"(max-width: 1280px) 100vw, 1280px\" \/><\/figure>\n<\/div>\n\n\n\n<div class=\"wp-block-column is-layout-flow wp-block-column-is-layout-flow\">\n<figure class=\"wp-block-image size-full\"><img decoding=\"async\" width=\"1920\" height=\"1067\" src=\"https:\/\/www.chicasafurniture.com\/wp-content\/uploads\/2026\/02\/Modular-Curved-Custom-Made-Sofa-L-Shape-Modern-Fabric-Sofa-9.webp\" alt=\"Modulares gebogenes ma\u00dfgeschneidertes Sofa, L-Form Modernes Stoffsofa-9\" class=\"wp-image-369\" srcset=\"https:\/\/www.chicasafurniture.com\/wp-content\/uploads\/2026\/02\/Modular-Curved-Custom-Made-Sofa-L-Shape-Modern-Fabric-Sofa-9.webp 1920w, https:\/\/www.chicasafurniture.com\/wp-content\/uploads\/2026\/02\/Modular-Curved-Custom-Made-Sofa-L-Shape-Modern-Fabric-Sofa-9-300x167.webp 300w, https:\/\/www.chicasafurniture.com\/wp-content\/uploads\/2026\/02\/Modular-Curved-Custom-Made-Sofa-L-Shape-Modern-Fabric-Sofa-9-768x427.webp 768w, https:\/\/www.chicasafurniture.com\/wp-content\/uploads\/2026\/02\/Modular-Curved-Custom-Made-Sofa-L-Shape-Modern-Fabric-Sofa-9-1200x667.webp 1200w, https:\/\/www.chicasafurniture.com\/wp-content\/uploads\/2026\/02\/Modular-Curved-Custom-Made-Sofa-L-Shape-Modern-Fabric-Sofa-9-600x333.webp 600w\" sizes=\"(max-width: 1920px) 100vw, 1920px\" \/><\/figure>\n<\/div>\n<\/div>","protected":false},"excerpt":{"rendered":"<p>Willkommen bei der Bestellung von ma\u00dfgefertigten Wohnzimmerm\u00f6beln. Dieses ma\u00dfgefertigte Sofa hat einen weichen, hellbeigen Stoffbezug und ein schlankes, geschwungenes, modulares Design, das flexible Konfigurationen wie L-f\u00f6rmige oder umlaufende Grundrisse erm\u00f6glicht. Farbe, Gr\u00f6\u00dfe und Material k\u00f6nnen individuell angepasst werden.<\/p>\n<table style=\"border-collapse: collapse; width: 222.03pt;\" border=\"0\" width=\"222\" cellspacing=\"0\" cellpadding=\"0\">\n<tbody>\n<tr style=\"height: 15.20pt;\">\n<td class=\"et2\" style=\"height: 15.20pt; width: 81.65pt;\" width=\"81\" height=\"15\">Hersteller<\/td>\n<td class=\"et2\" style=\"width: 140.80pt;\" width=\"140\">ChiCasa<\/td>\n<\/tr>\n<tr style=\"height: 15.20pt;\">\n<td class=\"et2\" style=\"height: 15.20pt;\" height=\"15\">Kategorie<\/td>\n<td class=\"et2\">Sofa<\/td>\n<\/tr>\n<tr style=\"height: 15.20pt;\">\n<td class=\"et2\" style=\"height: 15.20pt;\" height=\"15\">Anmeldung<\/td>\n<td class=\"et2\">Wohnbereich<\/td>\n<\/tr>\n<tr style=\"height: 15.20pt;\">\n<td class=\"et2\" style=\"height: 15.20pt;\" height=\"15\">Stil<\/td>\n<td class=\"et2\">Minimalistisch<\/td>\n<\/tr>\n<tr style=\"height: 15.20pt;\">\n<td class=\"et2\" style=\"height: 15.20pt;\" height=\"15\">Modell<\/td>\n<td class=\"et2\">QMY-SF001<\/td>\n<\/tr>\n<tr style=\"height: 15.20pt;\">\n<td class=\"et2\" style=\"height: 15.20pt;\" height=\"15\">Personalisierung<\/td>\n<td class=\"et2\">Farbe, Gr\u00f6\u00dfe, Material<\/td>\n<\/tr>\n<tr style=\"height: 15.20pt;\">\n<td class=\"et2\" style=\"height: 15.20pt;\" height=\"15\">MOQ<\/td>\n<td class=\"et2\">1St\u00fcck<\/td>\n<\/tr>\n<\/tbody>\n<\/table>","protected":false},"featured_media":371,"comment_status":"closed","ping_status":"closed","template":"","meta":{"_acf_changed":false},"product_brand":[],"product_cat":[16,23],"product_tag":[],"class_list":{"0":"post-360","1":"product","2":"type-product","3":"status-publish","4":"has-post-thumbnail","6":"product_cat-bespoke-living-room-furniture","7":"product_cat-bespoke-sofas-manufacturer","9":"first","10":"instock","11":"shipping-taxable","12":"product-type-simple"},"acf":[],"_links":{"self":[{"href":"https:\/\/www.chicasafurniture.com\/de\/wp-json\/wp\/v2\/product\/360","targetHints":{"allow":["GET"]}}],"collection":[{"href":"https:\/\/www.chicasafurniture.com\/de\/wp-json\/wp\/v2\/product"}],"about":[{"href":"https:\/\/www.chicasafurniture.com\/de\/wp-json\/wp\/v2\/types\/product"}],"replies":[{"embeddable":true,"href":"https:\/\/www.chicasafurniture.com\/de\/wp-json\/wp\/v2\/comments?post=360"}],"wp:featuredmedia":[{"embeddable":true,"href":"https:\/\/www.chicasafurniture.com\/de\/wp-json\/wp\/v2\/media\/371"}],"wp:attachment":[{"href":"https:\/\/www.chicasafurniture.com\/de\/wp-json\/wp\/v2\/media?parent=360"}],"wp:term":[{"taxonomy":"product_brand","embeddable":true,"href":"https:\/\/www.chicasafurniture.com\/de\/wp-json\/wp\/v2\/product_brand?post=360"},{"taxonomy":"product_cat","embeddable":true,"href":"https:\/\/www.chicasafurniture.com\/de\/wp-json\/wp\/v2\/product_cat?post=360"},{"taxonomy":"product_tag","embeddable":true,"href":"https:\/\/www.chicasafurniture.com\/de\/wp-json\/wp\/v2\/product_tag?post=360"}],"curies":[{"name":"wp","href":"https:\/\/api.w.org\/{rel}","templated":true}]}}