{"id":376,"date":"2026-02-11T02:17:46","date_gmt":"2026-02-11T02:17:46","guid":{"rendered":"https:\/\/www.chicasafurniture.com\/?post_type=product&#038;p=376"},"modified":"2026-02-11T02:46:23","modified_gmt":"2026-02-11T02:46:23","slug":"custom-tufted-sofa","status":"publish","type":"product","link":"https:\/\/www.chicasafurniture.com\/de\/product\/custom-tufted-sofa\/","title":{"rendered":"Tuftsofa nach Ma\u00df mit klassischer Eleganz und modernem Komfort"},"content":{"rendered":"<h2 class=\"wp-block-heading\">Produktspezifikationen von Custom Tufted Sofa<\/h2>\n\n\n\n<figure class=\"wp-block-table\"><table class=\"has-fixed-layout\"><tbody><tr><td>Rahmen<\/td><td>Material der Abdeckung<\/td><td>F\u00fcllmaterial<\/td><td>Beine<\/td><td>Farbe<\/td><td>Gr\u00f6\u00dfe<\/td><td>Gewicht<\/td><\/tr><tr><td>Massivholz<\/td><td>Stoff<\/td><td>Hochdichter Schwamm<\/td><td>Holz<\/td><td>Kundenspezifisch<\/td><td>Kundenspezifisch<\/td><td>90-240kg<\/td><\/tr><\/tbody><\/table><\/figure>\n\n\n\n<div class=\"wp-block-columns is-layout-flex wp-container-core-columns-is-layout-9d6595d7 wp-block-columns-is-layout-flex\">\n<div class=\"wp-block-column is-layout-flow wp-block-column-is-layout-flow\">\n<h2 class=\"wp-block-heading\">Premium Custom Tufted Sofa Eigenschaften:<\/h2>\n\n\n\n<ul class=\"wp-block-list\">\n<li><strong>Klassisches Diamant-Tufting:<\/strong> Dieses ma\u00dfgefertigte Tuftsofa zeichnet sich durch den traditionellen Touch der Symmetrie mit gleichm\u00e4\u00dfig angeordneten Kn\u00f6pfen und einer durchgehenden Rautensteppung aus, die eine zeitlose Eleganz mit 3-dimensionaler Textur bietet.<\/li>\n\n\n\n<li><strong>Einteiliges Design: <\/strong>Unsere ma\u00dfgefertigten Sofas sind so konzipiert, dass sie der Gesamtform des Sofas Stabilit\u00e4t verleihen, indem sie eine vollst\u00e4ndig geschlossene, feste Basis haben, und auch optisch ein einheitliches, solides Erscheinungsbild beibehalten.<\/li>\n\n\n\n<li><strong>Hochdichte Schaumstoff-F\u00fcllung: <\/strong>Die Sitzkissen, R\u00fcckenlehnen und Armlehnen dieses Sofas sind aus hochdichtem Schaumstoff gefertigt und bieten gleichm\u00e4\u00dfige Unterst\u00fctzung und lang anhaltenden Komfort, ohne sich zu verformen oder durchzuh\u00e4ngen.<\/li>\n\n\n\n<li><strong>Volle Freiheit bei der Anpassung:<\/strong> Unsere vollst\u00e4ndig ma\u00dfgefertigten Sofas erm\u00f6glichen eine umfassende Personalisierung der Farben (viele Optionen werden in Samt\/Stoff angeboten), um unterschiedlichen Bed\u00fcrfnissen und R\u00e4umen gerecht zu werden.<\/li>\n\n\n\n<li><strong>Rahmen und Beine aus ausgesuchtem Massivholz:<\/strong> Unsere nach Ma\u00df gefertigten Sofas verf\u00fcgen \u00fcber einen stabilen Massivholzrahmen und schlanke oder klassische Holzbeine. Sie bieten eine hohe Tragf\u00e4higkeit und einen Stil, der zu einer Vielzahl von Wohnumgebungen passt.<\/li>\n<\/ul>\n<\/div>\n\n\n\n<div class=\"wp-block-column is-layout-flow wp-block-column-is-layout-flow\">\n<figure class=\"wp-block-image size-full\"><img decoding=\"async\" width=\"960\" height=\"1080\" src=\"https:\/\/www.chicasafurniture.com\/wp-content\/uploads\/2026\/02\/Custom-Tufted-Sofa-with-Classic-Elegance-Modern-Comfort-4.webp\" alt=\"Individuell getuftetes Sofa mit klassischer Eleganz und modernem Komfort-4\" class=\"wp-image-380\" srcset=\"https:\/\/www.chicasafurniture.com\/wp-content\/uploads\/2026\/02\/Custom-Tufted-Sofa-with-Classic-Elegance-Modern-Comfort-4.webp 960w, https:\/\/www.chicasafurniture.com\/wp-content\/uploads\/2026\/02\/Custom-Tufted-Sofa-with-Classic-Elegance-Modern-Comfort-4-267x300.webp 267w, https:\/\/www.chicasafurniture.com\/wp-content\/uploads\/2026\/02\/Custom-Tufted-Sofa-with-Classic-Elegance-Modern-Comfort-4-768x864.webp 768w, https:\/\/www.chicasafurniture.com\/wp-content\/uploads\/2026\/02\/Custom-Tufted-Sofa-with-Classic-Elegance-Modern-Comfort-4-600x675.webp 600w\" sizes=\"(max-width: 960px) 100vw, 960px\" \/><\/figure>\n<\/div>\n<\/div>\n\n\n\n<div class=\"wp-block-columns is-layout-flex wp-container-core-columns-is-layout-9d6595d7 wp-block-columns-is-layout-flex\">\n<div class=\"wp-block-column is-layout-flow wp-block-column-is-layout-flow\">\n<figure class=\"wp-block-image size-full\"><img decoding=\"async\" width=\"1920\" height=\"1080\" src=\"https:\/\/www.chicasafurniture.com\/wp-content\/uploads\/2026\/02\/Custom-Tufted-Sofa-with-Classic-Elegance-Modern-Comfort-5.webp\" alt=\"Individuell getuftetes Sofa mit klassischer Eleganz und modernem Komfort-5\" class=\"wp-image-381\" srcset=\"https:\/\/www.chicasafurniture.com\/wp-content\/uploads\/2026\/02\/Custom-Tufted-Sofa-with-Classic-Elegance-Modern-Comfort-5.webp 1920w, https:\/\/www.chicasafurniture.com\/wp-content\/uploads\/2026\/02\/Custom-Tufted-Sofa-with-Classic-Elegance-Modern-Comfort-5-300x169.webp 300w, https:\/\/www.chicasafurniture.com\/wp-content\/uploads\/2026\/02\/Custom-Tufted-Sofa-with-Classic-Elegance-Modern-Comfort-5-768x432.webp 768w, https:\/\/www.chicasafurniture.com\/wp-content\/uploads\/2026\/02\/Custom-Tufted-Sofa-with-Classic-Elegance-Modern-Comfort-5-1200x675.webp 1200w, https:\/\/www.chicasafurniture.com\/wp-content\/uploads\/2026\/02\/Custom-Tufted-Sofa-with-Classic-Elegance-Modern-Comfort-5-600x338.webp 600w\" sizes=\"(max-width: 1920px) 100vw, 1920px\" \/><\/figure>\n<\/div>\n\n\n\n<div class=\"wp-block-column is-layout-flow wp-block-column-is-layout-flow\">\n<figure class=\"wp-block-image size-full\"><img decoding=\"async\" width=\"1920\" height=\"1080\" src=\"https:\/\/www.chicasafurniture.com\/wp-content\/uploads\/2026\/02\/Custom-Tufted-Sofa-with-Classic-Elegance-Modern-Comfort-1.webp\" alt=\"Individuell getuftetes Sofa mit klassischer Eleganz und modernem Komfort-1\" class=\"wp-image-377\" srcset=\"https:\/\/www.chicasafurniture.com\/wp-content\/uploads\/2026\/02\/Custom-Tufted-Sofa-with-Classic-Elegance-Modern-Comfort-1.webp 1920w, https:\/\/www.chicasafurniture.com\/wp-content\/uploads\/2026\/02\/Custom-Tufted-Sofa-with-Classic-Elegance-Modern-Comfort-1-300x169.webp 300w, https:\/\/www.chicasafurniture.com\/wp-content\/uploads\/2026\/02\/Custom-Tufted-Sofa-with-Classic-Elegance-Modern-Comfort-1-768x432.webp 768w, https:\/\/www.chicasafurniture.com\/wp-content\/uploads\/2026\/02\/Custom-Tufted-Sofa-with-Classic-Elegance-Modern-Comfort-1-1200x675.webp 1200w, https:\/\/www.chicasafurniture.com\/wp-content\/uploads\/2026\/02\/Custom-Tufted-Sofa-with-Classic-Elegance-Modern-Comfort-1-600x338.webp 600w\" sizes=\"(max-width: 1920px) 100vw, 1920px\" \/><\/figure>\n<\/div>\n<\/div>","protected":false},"excerpt":{"rendered":"<p>Willkommen bei der Bestellung unserer ma\u00dfgeschneiderten Sofas. Dieses ma\u00dfgefertigte Tuftsofa zeichnet sich durch klassische Rautentuftings aus. Die vollst\u00e4ndig geschlossene Konstruktion und die hochdichte Schaumstofff\u00fcllung sorgen f\u00fcr hervorragenden Komfort und optische Einheitlichkeit.<\/p>\n<table style=\"border-collapse: collapse; width: 222.03pt;\" border=\"0\" width=\"222\" cellspacing=\"0\" cellpadding=\"0\">\n<tbody>\n<tr style=\"height: 15.20pt;\">\n<td class=\"et2\" style=\"height: 15.20pt; width: 81.65pt;\" width=\"81\" height=\"15\">Hersteller<\/td>\n<td class=\"et2\" style=\"width: 140.80pt;\" width=\"140\">ChiCasa<\/td>\n<\/tr>\n<tr style=\"height: 15.20pt;\">\n<td class=\"et2\" style=\"height: 15.20pt;\" height=\"15\">Kategorie<\/td>\n<td class=\"et2\">Sofa<\/td>\n<\/tr>\n<tr style=\"height: 15.20pt;\">\n<td class=\"et2\" style=\"height: 15.20pt;\" height=\"15\">Anmeldung<\/td>\n<td class=\"et2\">Wohnbereich<\/td>\n<\/tr>\n<tr style=\"height: 15.20pt;\">\n<td class=\"et2\" style=\"height: 15.20pt;\" height=\"15\">Stil<\/td>\n<td class=\"et2\">Minimalistisch<\/td>\n<\/tr>\n<tr style=\"height: 15.20pt;\">\n<td class=\"et2\" style=\"height: 15.20pt;\" height=\"15\">Modell<\/td>\n<td class=\"et2\">QMY-SF002<\/td>\n<\/tr>\n<tr style=\"height: 15.20pt;\">\n<td class=\"et2\" style=\"height: 15.20pt;\" height=\"15\">Personalisierung<\/td>\n<td class=\"et2\">Farbe, Gr\u00f6\u00dfe, Material<\/td>\n<\/tr>\n<tr style=\"height: 15.20pt;\">\n<td class=\"et2\" style=\"height: 15.20pt;\" height=\"15\">MOQ<\/td>\n<td class=\"et2\">1St\u00fcck<\/td>\n<\/tr>\n<\/tbody>\n<\/table>","protected":false},"featured_media":379,"comment_status":"closed","ping_status":"closed","template":"","meta":{"_acf_changed":false},"product_brand":[],"product_cat":[16,23],"product_tag":[],"class_list":{"0":"post-376","1":"product","2":"type-product","3":"status-publish","4":"has-post-thumbnail","6":"product_cat-bespoke-living-room-furniture","7":"product_cat-bespoke-sofas-manufacturer","9":"first","10":"instock","11":"shipping-taxable","12":"product-type-simple"},"acf":[],"_links":{"self":[{"href":"https:\/\/www.chicasafurniture.com\/de\/wp-json\/wp\/v2\/product\/376","targetHints":{"allow":["GET"]}}],"collection":[{"href":"https:\/\/www.chicasafurniture.com\/de\/wp-json\/wp\/v2\/product"}],"about":[{"href":"https:\/\/www.chicasafurniture.com\/de\/wp-json\/wp\/v2\/types\/product"}],"replies":[{"embeddable":true,"href":"https:\/\/www.chicasafurniture.com\/de\/wp-json\/wp\/v2\/comments?post=376"}],"wp:featuredmedia":[{"embeddable":true,"href":"https:\/\/www.chicasafurniture.com\/de\/wp-json\/wp\/v2\/media\/379"}],"wp:attachment":[{"href":"https:\/\/www.chicasafurniture.com\/de\/wp-json\/wp\/v2\/media?parent=376"}],"wp:term":[{"taxonomy":"product_brand","embeddable":true,"href":"https:\/\/www.chicasafurniture.com\/de\/wp-json\/wp\/v2\/product_brand?post=376"},{"taxonomy":"product_cat","embeddable":true,"href":"https:\/\/www.chicasafurniture.com\/de\/wp-json\/wp\/v2\/product_cat?post=376"},{"taxonomy":"product_tag","embeddable":true,"href":"https:\/\/www.chicasafurniture.com\/de\/wp-json\/wp\/v2\/product_tag?post=376"}],"curies":[{"name":"wp","href":"https:\/\/api.w.org\/{rel}","templated":true}]}}