{"id":382,"date":"2026-02-11T02:50:03","date_gmt":"2026-02-11T02:50:03","guid":{"rendered":"https:\/\/www.chicasafurniture.com\/?post_type=product&#038;p=382"},"modified":"2026-02-11T03:07:57","modified_gmt":"2026-02-11T03:07:57","slug":"custom-dining-table","status":"publish","type":"product","link":"https:\/\/www.chicasafurniture.com\/de\/product\/custom-dining-table\/","title":{"rendered":"Moderner ma\u00dfgefertigter Esstisch, Metallgestell und Marmorplatte"},"content":{"rendered":"<h2 class=\"wp-block-heading\">Produktspezifikationen von Custom Dining Table<\/h2>\n\n\n\n<figure class=\"wp-block-table\"><table class=\"has-fixed-layout\"><tbody><tr><td>Rahmen<\/td><td>Material der Abdeckung<\/td><td>F\u00fcllmaterial<\/td><td>Beine<\/td><td>Farbe<\/td><td>Gr\u00f6\u00dfe<\/td><td>Gewicht<\/td><\/tr><tr><td>Metall<\/td><td>\/<\/td><td>\/<\/td><td>Metall<\/td><td>Kundenspezifisch<\/td><td>Kundenspezifisch<\/td><td>100-200kg<\/td><\/tr><\/tbody><\/table><\/figure>\n\n\n\n<div class=\"wp-block-columns is-layout-flex wp-container-core-columns-is-layout-9d6595d7 wp-block-columns-is-layout-flex\">\n<div class=\"wp-block-column is-layout-flow wp-block-column-is-layout-flow\">\n<h2 class=\"wp-block-heading\">Premium Custom Esstisch Merkmale:<\/h2>\n\n\n\n<ul class=\"wp-block-list\">\n<li><strong>Tischplatte aus nat\u00fcrlichem Marmor:<\/strong> Dieser ma\u00dfgefertigte Esstisch ist aus hochwertigem Marmor mit einzigartiger, nat\u00fcrlicher Textur gefertigt, wobei jedes St\u00fcck eine unwiederholbare k\u00fcnstlerische Sch\u00f6nheit besitzt.<\/li>\n\n\n\n<li><strong>Geometrische Metallstruktur:<\/strong> Der Metallrahmen und die Beine dieses ma\u00dfgefertigten Esstisches weisen ein geometrisches, sich kreuzendes oder U-f\u00f6rmiges Design auf, das einen stabilen Halt bietet und gleichzeitig eine moderne skulpturale Anmutung vermittelt.<\/li>\n\n\n\n<li><strong>Vereinheitlichtes Materialdesign:<\/strong> Bei diesem ma\u00dfgefertigten Esstisch sind in den Metallrahmen passende Marmorakzente eingearbeitet, die die Harmonie der Materialien und den Gesamtzusammenhalt des Designs unterstreichen.<\/li>\n\n\n\n<li><strong>Umfassender Anpassungsservice: <\/strong>Bei unseren ma\u00dfgeschneiderten Esstischen k\u00f6nnen Sie die Gr\u00f6\u00dfe der Tischplatte, das Marmormuster, die Metallfarben (wie Gold, Silber und Grau) und den Stil individuell anpassen.<\/li>\n\n\n\n<li><strong>Robuste und langlebige Struktur:<\/strong> Unser ma\u00dfgefertigter Esstisch verf\u00fcgt \u00fcber einen Vollmetallrahmen, der 100-200 kg tragen kann und sich f\u00fcr verschiedene Verwendungszwecke eignet, wie z. B. f\u00fcr allt\u00e4gliche Mahlzeiten und Zusammenk\u00fcnfte.<\/li>\n<\/ul>\n<\/div>\n\n\n\n<div class=\"wp-block-column is-layout-flow wp-block-column-is-layout-flow\">\n<figure class=\"wp-block-image size-full\"><img decoding=\"async\" width=\"712\" height=\"1000\" src=\"https:\/\/www.chicasafurniture.com\/wp-content\/uploads\/2026\/02\/Modern-Custom-Dining-Table-Metal-Frame-Marble-Top-Design-2.webp\" alt=\"Moderner ma\u00dfgefertigter Esstisch, Metallgestell &amp; Marmorplatte Design-2\" class=\"wp-image-384\" srcset=\"https:\/\/www.chicasafurniture.com\/wp-content\/uploads\/2026\/02\/Modern-Custom-Dining-Table-Metal-Frame-Marble-Top-Design-2.webp 712w, https:\/\/www.chicasafurniture.com\/wp-content\/uploads\/2026\/02\/Modern-Custom-Dining-Table-Metal-Frame-Marble-Top-Design-2-214x300.webp 214w, https:\/\/www.chicasafurniture.com\/wp-content\/uploads\/2026\/02\/Modern-Custom-Dining-Table-Metal-Frame-Marble-Top-Design-2-600x843.webp 600w\" sizes=\"(max-width: 712px) 100vw, 712px\" \/><\/figure>\n<\/div>\n<\/div>\n\n\n\n<div class=\"wp-block-columns is-layout-flex wp-container-core-columns-is-layout-9d6595d7 wp-block-columns-is-layout-flex\">\n<div class=\"wp-block-column is-layout-flow wp-block-column-is-layout-flow\">\n<figure class=\"wp-block-image size-full\"><img decoding=\"async\" width=\"1333\" height=\"954\" src=\"https:\/\/www.chicasafurniture.com\/wp-content\/uploads\/2026\/02\/Modern-Custom-Dining-Table-Metal-Frame-Marble-Top-Design-3-1.webp\" alt=\"Moderner ma\u00dfgefertigter Esstisch, Metallgestell &amp; Marmorplatte Design-3\" class=\"wp-image-388\" srcset=\"https:\/\/www.chicasafurniture.com\/wp-content\/uploads\/2026\/02\/Modern-Custom-Dining-Table-Metal-Frame-Marble-Top-Design-3-1.webp 1333w, https:\/\/www.chicasafurniture.com\/wp-content\/uploads\/2026\/02\/Modern-Custom-Dining-Table-Metal-Frame-Marble-Top-Design-3-1-300x215.webp 300w, https:\/\/www.chicasafurniture.com\/wp-content\/uploads\/2026\/02\/Modern-Custom-Dining-Table-Metal-Frame-Marble-Top-Design-3-1-768x550.webp 768w, https:\/\/www.chicasafurniture.com\/wp-content\/uploads\/2026\/02\/Modern-Custom-Dining-Table-Metal-Frame-Marble-Top-Design-3-1-1200x859.webp 1200w, https:\/\/www.chicasafurniture.com\/wp-content\/uploads\/2026\/02\/Modern-Custom-Dining-Table-Metal-Frame-Marble-Top-Design-3-1-600x429.webp 600w\" sizes=\"(max-width: 1333px) 100vw, 1333px\" \/><\/figure>\n<\/div>\n<\/div>","protected":false},"excerpt":{"rendered":"<p>Willkommen bei der Bestellung von Luxus-Essm\u00f6beln. Dieser ma\u00dfgefertigte Esstisch besteht aus einer hochwertigen Tischplatte aus Naturmarmor, die mit einem geometrischen Metallrahmen und -beinen kombiniert ist und moderne \u00c4sthetik mit struktureller Sch\u00f6nheit verbindet.<\/p>\n<table style=\"border-collapse: collapse; width: 222.03pt;\" border=\"0\" width=\"222\" cellspacing=\"0\" cellpadding=\"0\">\n<tbody>\n<tr style=\"height: 15.20pt;\">\n<td class=\"et2\" style=\"height: 15.20pt; width: 81.65pt;\" width=\"81\" height=\"15\">Hersteller<\/td>\n<td class=\"et2\" style=\"width: 140.80pt;\" width=\"140\">ChiCasa<\/td>\n<\/tr>\n<tr style=\"height: 15.20pt;\">\n<td class=\"et2\" style=\"height: 15.20pt;\" height=\"15\">Kategorie<\/td>\n<td class=\"et2\">Esstisch<\/td>\n<\/tr>\n<tr style=\"height: 15.20pt;\">\n<td class=\"et2\" style=\"height: 15.20pt;\" height=\"15\">Anmeldung<\/td>\n<td class=\"et2\">Speisesaal<\/td>\n<\/tr>\n<tr style=\"height: 15.20pt;\">\n<td class=\"et2\" style=\"height: 15.20pt;\" height=\"15\">Stil<\/td>\n<td class=\"et2\">Raffinierter Luxus<\/td>\n<\/tr>\n<tr style=\"height: 15.20pt;\">\n<td class=\"et2\" style=\"height: 15.20pt;\" height=\"15\">Modell<\/td>\n<td class=\"et2\">QMY-DT001<\/td>\n<\/tr>\n<tr style=\"height: 15.20pt;\">\n<td class=\"et2\" style=\"height: 15.20pt;\" height=\"15\">Personalisierung<\/td>\n<td class=\"et2\">Farbe, Gr\u00f6\u00dfe, Material<\/td>\n<\/tr>\n<tr style=\"height: 15.20pt;\">\n<td class=\"et2\" style=\"height: 15.20pt;\" height=\"15\">MOQ<\/td>\n<td class=\"et2\">1St\u00fcck<\/td>\n<\/tr>\n<\/tbody>\n<\/table>\n<p>&nbsp;<\/p>","protected":false},"featured_media":383,"comment_status":"closed","ping_status":"closed","template":"","meta":{"_acf_changed":false},"product_brand":[],"product_cat":[17,29],"product_tag":[],"class_list":{"0":"post-382","1":"product","2":"type-product","3":"status-publish","4":"has-post-thumbnail","6":"product_cat-custom-dining-room-furniture","7":"product_cat-custom-dining-tables","9":"first","10":"instock","11":"shipping-taxable","12":"product-type-simple"},"acf":[],"_links":{"self":[{"href":"https:\/\/www.chicasafurniture.com\/de\/wp-json\/wp\/v2\/product\/382","targetHints":{"allow":["GET"]}}],"collection":[{"href":"https:\/\/www.chicasafurniture.com\/de\/wp-json\/wp\/v2\/product"}],"about":[{"href":"https:\/\/www.chicasafurniture.com\/de\/wp-json\/wp\/v2\/types\/product"}],"replies":[{"embeddable":true,"href":"https:\/\/www.chicasafurniture.com\/de\/wp-json\/wp\/v2\/comments?post=382"}],"wp:featuredmedia":[{"embeddable":true,"href":"https:\/\/www.chicasafurniture.com\/de\/wp-json\/wp\/v2\/media\/383"}],"wp:attachment":[{"href":"https:\/\/www.chicasafurniture.com\/de\/wp-json\/wp\/v2\/media?parent=382"}],"wp:term":[{"taxonomy":"product_brand","embeddable":true,"href":"https:\/\/www.chicasafurniture.com\/de\/wp-json\/wp\/v2\/product_brand?post=382"},{"taxonomy":"product_cat","embeddable":true,"href":"https:\/\/www.chicasafurniture.com\/de\/wp-json\/wp\/v2\/product_cat?post=382"},{"taxonomy":"product_tag","embeddable":true,"href":"https:\/\/www.chicasafurniture.com\/de\/wp-json\/wp\/v2\/product_tag?post=382"}],"curies":[{"name":"wp","href":"https:\/\/api.w.org\/{rel}","templated":true}]}}