{"id":387,"date":"2026-02-11T03:02:52","date_gmt":"2026-02-11T03:02:52","guid":{"rendered":"https:\/\/www.chicasafurniture.com\/?post_type=product&#038;p=387"},"modified":"2026-02-11T03:28:00","modified_gmt":"2026-02-11T03:28:00","slug":"custom-dining-room-table","status":"publish","type":"product","link":"https:\/\/www.chicasafurniture.com\/de\/product\/custom-dining-room-table\/","title":{"rendered":"Refine Custom Esszimmertisch, modernes Design aus Metall und Stein"},"content":{"rendered":"<h2 class=\"wp-block-heading\">Produktspezifikationen von Custom Dining Room Table<\/h2>\n\n\n\n<figure class=\"wp-block-table\"><table class=\"has-fixed-layout\"><tbody><tr><td>Rahmen<\/td><td>Material der Abdeckung<\/td><td>F\u00fcllmaterial<\/td><td>Beine<\/td><td>Farbe<\/td><td>Gr\u00f6\u00dfe<\/td><td>Gewicht<\/td><\/tr><tr><td>Metall<\/td><td>\/<\/td><td>\/<\/td><td>Metall<\/td><td>Kundenspezifisch<\/td><td>Kundenspezifisch<\/td><td>100-200kg<\/td><\/tr><\/tbody><\/table><\/figure>\n\n\n\n<div class=\"wp-block-columns is-layout-flex wp-container-core-columns-is-layout-9d6595d7 wp-block-columns-is-layout-flex\">\n<div class=\"wp-block-column is-layout-flow wp-block-column-is-layout-flow\">\n<h2 class=\"wp-block-heading\">Premium Custom Esszimmertisch Merkmale:<\/h2>\n\n\n\n<ul class=\"wp-block-list\">\n<li><strong>Nat\u00fcrliche Marmorplatten:<\/strong> Dieser ma\u00dfgeschneiderte Esszimmertisch wurde aus feinem Marmor gefertigt. Die Textur des Marmors ist glatt mit einer nat\u00fcrlich gef\u00e4rbten Oberfl\u00e4che. Jedes einzelne St\u00fcck Ihres ma\u00dfgefertigten Esszimmertisches hat eine einzigartige dekorative, k\u00fcnstlerische Qualit\u00e4t.<\/li>\n\n\n\n<li><strong>Metall- und Marmors\u00e4ulen-Kombination Struktur: <\/strong>Das Untergestell dieses ma\u00dfgefertigten Esstisches besteht aus einer ma\u00dfgeschneiderten Kombination aus Metall und dekorativen Marmorbl\u00f6cken f\u00fcr die S\u00e4ulenbeine und die Tischplatte, die durch ihre hohe Tragf\u00e4higkeit f\u00fcr Stabilit\u00e4t sorgen und gleichzeitig ein Designelement darstellen.<\/li>\n\n\n\n<li><strong>Flexible Anpassung von Form und Gr\u00f6\u00dfe: <\/strong>Dieser ma\u00dfgefertigte Esszimmertisch kann eine rechteckige und\/oder runde Platte haben und je nach den Ma\u00dfen des Raumes, in dem er verwendet werden soll, und Ihren Essbed\u00fcrfnissen angepasst werden.<\/li>\n\n\n\n<li><strong>Mehrere Stil-Farbschemata: <\/strong>Unser ma\u00dfgefertigter Esstisch ist in klassischen Marmormustern wie Rotbraun und Schwarz-Wei\u00df erh\u00e4ltlich, gepaart mit Metallicfarben wie Gold und Silber, die zu verschiedenen Wohnstilen passen.<\/li>\n\n\n\n<li><strong>High-End-Handwerkskunst mit einteiligem Formteil: <\/strong>Unsere ma\u00dfgefertigten Esszimmertische werden sorgf\u00e4ltig poliert und nahtlos zusammengef\u00fcgt, mit abgerundeten und glatten Kanten, die Sicherheit und k\u00fcnstlerische Integrit\u00e4t verbinden.<\/li>\n<\/ul>\n<\/div>\n\n\n\n<div class=\"wp-block-column is-layout-flow wp-block-column-is-layout-flow\">\n<figure class=\"wp-block-image size-full\"><img decoding=\"async\" width=\"1334\" height=\"1000\" src=\"https:\/\/www.chicasafurniture.com\/wp-content\/uploads\/2026\/02\/Refine-Custom-Dining-Room-Table-Modern-Metal-Stone-Design-1.webp\" alt=\"Refine Custom Esszimmertisch, modernes Metall- und Steindesign-1\" class=\"wp-image-391\" srcset=\"https:\/\/www.chicasafurniture.com\/wp-content\/uploads\/2026\/02\/Refine-Custom-Dining-Room-Table-Modern-Metal-Stone-Design-1.webp 1334w, https:\/\/www.chicasafurniture.com\/wp-content\/uploads\/2026\/02\/Refine-Custom-Dining-Room-Table-Modern-Metal-Stone-Design-1-300x225.webp 300w, https:\/\/www.chicasafurniture.com\/wp-content\/uploads\/2026\/02\/Refine-Custom-Dining-Room-Table-Modern-Metal-Stone-Design-1-768x576.webp 768w, https:\/\/www.chicasafurniture.com\/wp-content\/uploads\/2026\/02\/Refine-Custom-Dining-Room-Table-Modern-Metal-Stone-Design-1-1200x900.webp 1200w, https:\/\/www.chicasafurniture.com\/wp-content\/uploads\/2026\/02\/Refine-Custom-Dining-Room-Table-Modern-Metal-Stone-Design-1-600x450.webp 600w\" sizes=\"(max-width: 1334px) 100vw, 1334px\" \/><\/figure>\n<\/div>\n<\/div>\n\n\n\n<figure class=\"wp-block-image size-full\"><img decoding=\"async\" width=\"1333\" height=\"715\" src=\"https:\/\/www.chicasafurniture.com\/wp-content\/uploads\/2026\/02\/Refine-Custom-Dining-Room-Table-Modern-Metal-Stone-Design-2.webp\" alt=\"Refine Custom Esszimmertisch, modernes Metall- und Steindesign-2\" class=\"wp-image-392\" srcset=\"https:\/\/www.chicasafurniture.com\/wp-content\/uploads\/2026\/02\/Refine-Custom-Dining-Room-Table-Modern-Metal-Stone-Design-2.webp 1333w, https:\/\/www.chicasafurniture.com\/wp-content\/uploads\/2026\/02\/Refine-Custom-Dining-Room-Table-Modern-Metal-Stone-Design-2-300x161.webp 300w, https:\/\/www.chicasafurniture.com\/wp-content\/uploads\/2026\/02\/Refine-Custom-Dining-Room-Table-Modern-Metal-Stone-Design-2-768x412.webp 768w, https:\/\/www.chicasafurniture.com\/wp-content\/uploads\/2026\/02\/Refine-Custom-Dining-Room-Table-Modern-Metal-Stone-Design-2-1200x644.webp 1200w, https:\/\/www.chicasafurniture.com\/wp-content\/uploads\/2026\/02\/Refine-Custom-Dining-Room-Table-Modern-Metal-Stone-Design-2-600x322.webp 600w\" sizes=\"(max-width: 1333px) 100vw, 1333px\" \/><\/figure>","protected":false},"excerpt":{"rendered":"<p>Willkommen bei der Bestellung von Luxus-Esszimmerm\u00f6beln. Dieser ma\u00dfgefertigte Esszimmertisch verf\u00fcgt \u00fcber eine r\u00f6tlich-braune Marmorplatte, die aus ausgesuchtem Naturmarmor gefertigt ist. Er verbindet dezenten Luxus mit minimalistischen Linien und passt zu verschiedenen Einrichtungsstilen, einschlie\u00dflich modern und italienisch.<\/p>\n<table style=\"border-collapse: collapse; width: 222.03pt;\" border=\"0\" width=\"222\" cellspacing=\"0\" cellpadding=\"0\">\n<tbody>\n<tr style=\"height: 15.20pt;\">\n<td class=\"et2\" style=\"height: 15.20pt; width: 81.65pt;\" width=\"81\" height=\"15\">Hersteller<\/td>\n<td class=\"et2\" style=\"width: 140.80pt;\" width=\"140\">ChiCasa<\/td>\n<\/tr>\n<tr style=\"height: 15.20pt;\">\n<td class=\"et2\" style=\"height: 15.20pt;\" height=\"15\">Kategorie<\/td>\n<td class=\"et2\">Esstisch<\/td>\n<\/tr>\n<tr style=\"height: 15.20pt;\">\n<td class=\"et2\" style=\"height: 15.20pt;\" height=\"15\">Anmeldung<\/td>\n<td class=\"et2\">Speisesaal<\/td>\n<\/tr>\n<tr style=\"height: 15.20pt;\">\n<td class=\"et2\" style=\"height: 15.20pt;\" height=\"15\">Stil<\/td>\n<td class=\"et2\">Raffinierter Luxus<\/td>\n<\/tr>\n<tr style=\"height: 15.20pt;\">\n<td class=\"et2\" style=\"height: 15.20pt;\" height=\"15\">Modell<\/td>\n<td class=\"et2\">QMY-DT001<\/td>\n<\/tr>\n<tr style=\"height: 15.20pt;\">\n<td class=\"et2\" style=\"height: 15.20pt;\" height=\"15\">Personalisierung<\/td>\n<td class=\"et2\">Farbe, Gr\u00f6\u00dfe, Material<\/td>\n<\/tr>\n<tr style=\"height: 15.20pt;\">\n<td class=\"et2\" style=\"height: 15.20pt;\" height=\"15\">MOQ<\/td>\n<td class=\"et2\">1St\u00fcck<\/td>\n<\/tr>\n<\/tbody>\n<\/table>\n<p>&nbsp;<\/p>","protected":false},"featured_media":391,"comment_status":"closed","ping_status":"closed","template":"","meta":{"_acf_changed":false},"product_brand":[],"product_cat":[17,29],"product_tag":[],"class_list":{"0":"post-387","1":"product","2":"type-product","3":"status-publish","4":"has-post-thumbnail","6":"product_cat-custom-dining-room-furniture","7":"product_cat-custom-dining-tables","9":"first","10":"instock","11":"shipping-taxable","12":"product-type-simple"},"acf":[],"_links":{"self":[{"href":"https:\/\/www.chicasafurniture.com\/de\/wp-json\/wp\/v2\/product\/387","targetHints":{"allow":["GET"]}}],"collection":[{"href":"https:\/\/www.chicasafurniture.com\/de\/wp-json\/wp\/v2\/product"}],"about":[{"href":"https:\/\/www.chicasafurniture.com\/de\/wp-json\/wp\/v2\/types\/product"}],"replies":[{"embeddable":true,"href":"https:\/\/www.chicasafurniture.com\/de\/wp-json\/wp\/v2\/comments?post=387"}],"wp:featuredmedia":[{"embeddable":true,"href":"https:\/\/www.chicasafurniture.com\/de\/wp-json\/wp\/v2\/media\/391"}],"wp:attachment":[{"href":"https:\/\/www.chicasafurniture.com\/de\/wp-json\/wp\/v2\/media?parent=387"}],"wp:term":[{"taxonomy":"product_brand","embeddable":true,"href":"https:\/\/www.chicasafurniture.com\/de\/wp-json\/wp\/v2\/product_brand?post=387"},{"taxonomy":"product_cat","embeddable":true,"href":"https:\/\/www.chicasafurniture.com\/de\/wp-json\/wp\/v2\/product_cat?post=387"},{"taxonomy":"product_tag","embeddable":true,"href":"https:\/\/www.chicasafurniture.com\/de\/wp-json\/wp\/v2\/product_tag?post=387"}],"curies":[{"name":"wp","href":"https:\/\/api.w.org\/{rel}","templated":true}]}}