{"id":393,"date":"2026-02-11T03:42:04","date_gmt":"2026-02-11T03:42:04","guid":{"rendered":"https:\/\/www.chicasafurniture.com\/?post_type=product&#038;p=393"},"modified":"2026-02-11T04:07:05","modified_gmt":"2026-02-11T04:07:05","slug":"custom-dining-chair","status":"publish","type":"product","link":"https:\/\/www.chicasafurniture.com\/de\/product\/custom-dining-chair\/","title":{"rendered":"Mit Samt strukturierter Esszimmerstuhl mit goldenen Metallbeinen"},"content":{"rendered":"<h2 class=\"wp-block-heading\">Produktspezifikationen von Custom Dining Chair<\/h2>\n\n\n\n<figure class=\"wp-block-table\"><table class=\"has-fixed-layout\"><tbody><tr><td>Rahmen<\/td><td>Material der Abdeckung<\/td><td>F\u00fcllmaterial<\/td><td>Beine<\/td><td>Farbe<\/td><td>Gr\u00f6\u00dfe<\/td><td>Gewicht<\/td><\/tr><tr><td>Massivholz<\/td><td>Stoff\/Leder<\/td><td>Schwamm mit hoher Dichte<\/td><td>Massivholz<\/td><td>Kundenspezifisch<\/td><td>Normale Gr\u00f6\u00dfe<\/td><td>Hochdichter Schwamm<\/td><\/tr><\/tbody><\/table><\/figure>\n\n\n\n<div class=\"wp-block-columns is-layout-flex wp-container-core-columns-is-layout-9d6595d7 wp-block-columns-is-layout-flex\">\n<div class=\"wp-block-column is-layout-flow wp-block-column-is-layout-flow\">\n<h2 class=\"wp-block-heading\">Premium Custom Dining Chair Merkmale:<\/h2>\n\n\n\n<ul class=\"wp-block-list\">\n<li><strong>Gebogene R\u00fcckenlehne im Vintage-Stil: <\/strong>Dieser ma\u00dfgefertigte Esszimmerstuhl wurde ergonomisch so gestaltet, dass er an der R\u00fcckseite geschwungen ist, um ein Maximum an visueller Wirkung zu erzielen und gleichzeitig durch die Verwendung von Qualit\u00e4tspolstern eine angemessene R\u00fcckenunterst\u00fctzung zu bieten.<\/li>\n\n\n\n<li><strong>Details der Metallverkleidung: <\/strong>Die Metallverzierungen an den Armlehnen und Beinen dieses ma\u00dfgeschneiderten Esszimmerstuhls unterstreichen die Raffinesse und den modernen Luxus.<\/li>\n\n\n\n<li><strong>Duale Materialkonstruktion: <\/strong>Unser ma\u00dfgefertigter Esszimmerstuhl besteht aus einem Massivholzrahmen und Metalltr\u00e4gern, die einen mehrschichtigen Look mit kontrastierenden Materialien bieten und gleichzeitig f\u00fcr Stabilit\u00e4t und Tragf\u00e4higkeit sorgen.<\/li>\n\n\n\n<li><strong>Hautfreundliche High-Density-F\u00fcllung: <\/strong>Der ma\u00dfgefertigte Esszimmerstuhl hat eine Sitzfl\u00e4che und eine R\u00fcckenlehne aus hochwertigem Schaumstoff, die mit einer glatten Oberfl\u00e4che aus Samt oder atmungsaktivem Leder \u00fcberzogen sind und so auch bei l\u00e4ngerem Gebrauch f\u00fcr Komfort sorgen.<\/li>\n\n\n\n<li><strong>Multiszenen-Farboptionen:<\/strong> Dieser ma\u00dfgefertigte Esszimmerstuhl ist in verschiedenen Farben erh\u00e4ltlich, darunter Dunkelgr\u00fcn, Hellgrau und reines Schwarz, passend zu Esstischen aus Marmor oder modernen minimalistischen R\u00e4umen.<\/li>\n<\/ul>\n<\/div>\n\n\n\n<div class=\"wp-block-column is-layout-flow wp-block-column-is-layout-flow\">\n<figure class=\"wp-block-image size-full\"><img decoding=\"async\" width=\"1000\" height=\"1000\" src=\"https:\/\/www.chicasafurniture.com\/wp-content\/uploads\/2026\/02\/Velvet-Textured-Custom-Dining-Chair-With-Gold-Metal-Legs-6.webp\" alt=\"Samt strukturierte benutzerdefinierte Esszimmerstuhl mit Gold Metall Beine-6\" class=\"wp-image-399\" srcset=\"https:\/\/www.chicasafurniture.com\/wp-content\/uploads\/2026\/02\/Velvet-Textured-Custom-Dining-Chair-With-Gold-Metal-Legs-6.webp 1000w, https:\/\/www.chicasafurniture.com\/wp-content\/uploads\/2026\/02\/Velvet-Textured-Custom-Dining-Chair-With-Gold-Metal-Legs-6-300x300.webp 300w, https:\/\/www.chicasafurniture.com\/wp-content\/uploads\/2026\/02\/Velvet-Textured-Custom-Dining-Chair-With-Gold-Metal-Legs-6-150x150.webp 150w, https:\/\/www.chicasafurniture.com\/wp-content\/uploads\/2026\/02\/Velvet-Textured-Custom-Dining-Chair-With-Gold-Metal-Legs-6-768x768.webp 768w, https:\/\/www.chicasafurniture.com\/wp-content\/uploads\/2026\/02\/Velvet-Textured-Custom-Dining-Chair-With-Gold-Metal-Legs-6-600x600.webp 600w, https:\/\/www.chicasafurniture.com\/wp-content\/uploads\/2026\/02\/Velvet-Textured-Custom-Dining-Chair-With-Gold-Metal-Legs-6-100x100.webp 100w\" sizes=\"(max-width: 1000px) 100vw, 1000px\" \/><\/figure>\n<\/div>\n<\/div>\n\n\n\n<div class=\"wp-block-columns is-layout-flex wp-container-core-columns-is-layout-9d6595d7 wp-block-columns-is-layout-flex\">\n<div class=\"wp-block-column is-layout-flow wp-block-column-is-layout-flow\">\n<figure class=\"wp-block-image size-full\"><img decoding=\"async\" width=\"1000\" height=\"750\" src=\"https:\/\/www.chicasafurniture.com\/wp-content\/uploads\/2026\/02\/Velvet-Textured-Custom-Dining-Chair-With-Gold-Metal-Legs-4.webp\" alt=\"Samt strukturierte benutzerdefinierte Esszimmerstuhl mit Gold Metall Beine-4\" class=\"wp-image-397\" srcset=\"https:\/\/www.chicasafurniture.com\/wp-content\/uploads\/2026\/02\/Velvet-Textured-Custom-Dining-Chair-With-Gold-Metal-Legs-4.webp 1000w, https:\/\/www.chicasafurniture.com\/wp-content\/uploads\/2026\/02\/Velvet-Textured-Custom-Dining-Chair-With-Gold-Metal-Legs-4-300x225.webp 300w, https:\/\/www.chicasafurniture.com\/wp-content\/uploads\/2026\/02\/Velvet-Textured-Custom-Dining-Chair-With-Gold-Metal-Legs-4-768x576.webp 768w, https:\/\/www.chicasafurniture.com\/wp-content\/uploads\/2026\/02\/Velvet-Textured-Custom-Dining-Chair-With-Gold-Metal-Legs-4-600x450.webp 600w\" sizes=\"(max-width: 1000px) 100vw, 1000px\" \/><\/figure>\n<\/div>\n\n\n\n<div class=\"wp-block-column is-layout-flow wp-block-column-is-layout-flow\">\n<figure class=\"wp-block-image size-full\"><img decoding=\"async\" width=\"1335\" height=\"1000\" src=\"https:\/\/www.chicasafurniture.com\/wp-content\/uploads\/2026\/02\/Velvet-Textured-Custom-Dining-Chair-With-Gold-Metal-Legs-3.webp\" alt=\"Samt strukturierte benutzerdefinierte Esszimmerstuhl mit Gold Metall Beine-3\" class=\"wp-image-396\" srcset=\"https:\/\/www.chicasafurniture.com\/wp-content\/uploads\/2026\/02\/Velvet-Textured-Custom-Dining-Chair-With-Gold-Metal-Legs-3.webp 1335w, https:\/\/www.chicasafurniture.com\/wp-content\/uploads\/2026\/02\/Velvet-Textured-Custom-Dining-Chair-With-Gold-Metal-Legs-3-300x225.webp 300w, https:\/\/www.chicasafurniture.com\/wp-content\/uploads\/2026\/02\/Velvet-Textured-Custom-Dining-Chair-With-Gold-Metal-Legs-3-768x575.webp 768w, https:\/\/www.chicasafurniture.com\/wp-content\/uploads\/2026\/02\/Velvet-Textured-Custom-Dining-Chair-With-Gold-Metal-Legs-3-1200x899.webp 1200w, https:\/\/www.chicasafurniture.com\/wp-content\/uploads\/2026\/02\/Velvet-Textured-Custom-Dining-Chair-With-Gold-Metal-Legs-3-600x449.webp 600w\" sizes=\"(max-width: 1335px) 100vw, 1335px\" \/><\/figure>\n<\/div>\n<\/div>","protected":false},"excerpt":{"rendered":"<p>Willkommen bei der Bestellung von Luxus-Esszimmerm\u00f6beln. Dieser ma\u00dfgefertigte Esszimmerstuhl hat eine stilvoll geschwungene R\u00fcckenlehne, die mit Samt gepolstert wurde, und verf\u00fcgt \u00fcber ein Massivholzgestell mit Metallverzierungen, die dieses Design zu einer perfekten Mischung aus Vintage und Moderne machen.<\/p>\n<table style=\"border-collapse: collapse; width: 222.03pt;\" border=\"0\" width=\"222\" cellspacing=\"0\" cellpadding=\"0\">\n<tbody>\n<tr style=\"height: 15.20pt;\">\n<td class=\"et2\" style=\"height: 15.20pt; width: 81.65pt;\" width=\"81\" height=\"15\">Hersteller<\/td>\n<td class=\"et2\" style=\"width: 140.80pt;\" width=\"140\">ChiCasa<\/td>\n<\/tr>\n<tr style=\"height: 15.20pt;\">\n<td class=\"et2\" style=\"height: 15.20pt;\" height=\"15\">Kategorie<\/td>\n<td class=\"et2\">Esszimmerstuhl<\/td>\n<\/tr>\n<tr style=\"height: 15.20pt;\">\n<td class=\"et2\" style=\"height: 15.20pt;\" height=\"15\">Anmeldung<\/td>\n<td class=\"et2\">Speisesaal<\/td>\n<\/tr>\n<tr style=\"height: 15.20pt;\">\n<td class=\"et2\" style=\"height: 15.20pt;\" height=\"15\">Stil<\/td>\n<td class=\"et2\">Raffinierter Luxus<\/td>\n<\/tr>\n<tr style=\"height: 15.20pt;\">\n<td class=\"et2\" style=\"height: 15.20pt;\" height=\"15\">Modell<\/td>\n<td class=\"et2\">QMY-DC001<\/td>\n<\/tr>\n<tr style=\"height: 15.20pt;\">\n<td class=\"et2\" style=\"height: 15.20pt;\" height=\"15\">Personalisierung<\/td>\n<td class=\"et2\">Farbe, Gr\u00f6\u00dfe, Material<\/td>\n<\/tr>\n<tr style=\"height: 15.20pt;\">\n<td class=\"et2\" style=\"height: 15.20pt;\" height=\"15\">MOQ<\/td>\n<td class=\"et2\">1St\u00fcck<\/td>\n<\/tr>\n<\/tbody>\n<\/table>","protected":false},"featured_media":395,"comment_status":"closed","ping_status":"closed","template":"","meta":{"_acf_changed":false},"product_brand":[],"product_cat":[17,30],"product_tag":[],"class_list":{"0":"post-393","1":"product","2":"type-product","3":"status-publish","4":"has-post-thumbnail","6":"product_cat-custom-dining-room-furniture","7":"product_cat-bespoke-dining-chair","9":"first","10":"instock","11":"shipping-taxable","12":"product-type-simple"},"acf":[],"_links":{"self":[{"href":"https:\/\/www.chicasafurniture.com\/de\/wp-json\/wp\/v2\/product\/393","targetHints":{"allow":["GET"]}}],"collection":[{"href":"https:\/\/www.chicasafurniture.com\/de\/wp-json\/wp\/v2\/product"}],"about":[{"href":"https:\/\/www.chicasafurniture.com\/de\/wp-json\/wp\/v2\/types\/product"}],"replies":[{"embeddable":true,"href":"https:\/\/www.chicasafurniture.com\/de\/wp-json\/wp\/v2\/comments?post=393"}],"wp:featuredmedia":[{"embeddable":true,"href":"https:\/\/www.chicasafurniture.com\/de\/wp-json\/wp\/v2\/media\/395"}],"wp:attachment":[{"href":"https:\/\/www.chicasafurniture.com\/de\/wp-json\/wp\/v2\/media?parent=393"}],"wp:term":[{"taxonomy":"product_brand","embeddable":true,"href":"https:\/\/www.chicasafurniture.com\/de\/wp-json\/wp\/v2\/product_brand?post=393"},{"taxonomy":"product_cat","embeddable":true,"href":"https:\/\/www.chicasafurniture.com\/de\/wp-json\/wp\/v2\/product_cat?post=393"},{"taxonomy":"product_tag","embeddable":true,"href":"https:\/\/www.chicasafurniture.com\/de\/wp-json\/wp\/v2\/product_tag?post=393"}],"curies":[{"name":"wp","href":"https:\/\/api.w.org\/{rel}","templated":true}]}}