{"id":400,"date":"2026-02-11T06:13:18","date_gmt":"2026-02-11T06:13:18","guid":{"rendered":"https:\/\/www.chicasafurniture.com\/?post_type=product&#038;p=400"},"modified":"2026-02-11T06:43:06","modified_gmt":"2026-02-11T06:43:06","slug":"custom-upholstered-dining-chair","status":"publish","type":"product","link":"https:\/\/www.chicasafurniture.com\/de\/product\/custom-upholstered-dining-chair\/","title":{"rendered":"Individuell gepolsterter Esszimmerstuhl, Samtstoff Modernes Design"},"content":{"rendered":"<h2 class=\"wp-block-heading\">Produktspezifikationen von Custom Upholstered Dining Chair<\/h2>\n\n\n\n<figure class=\"wp-block-table\"><table class=\"has-fixed-layout\"><tbody><tr><td>Rahmen<\/td><td>Material der Abdeckung<\/td><td>F\u00fcllmaterial<\/td><td>Beine<\/td><td>Farbe<\/td><td>Gr\u00f6\u00dfe<\/td><td>Gewicht<\/td><\/tr><tr><td>Massivholz<\/td><td>Stoff\/Leder<\/td><td>Schwamm mit hoher Dichte<\/td><td>Massivholz<\/td><td>Kundenspezifisch<\/td><td>Normale Gr\u00f6\u00dfe<\/td><td>Hochdichter Schwamm<\/td><\/tr><\/tbody><\/table><\/figure>\n\n\n\n<div class=\"wp-block-columns is-layout-flex wp-container-core-columns-is-layout-9d6595d7 wp-block-columns-is-layout-flex\">\n<div class=\"wp-block-column is-layout-flow wp-block-column-is-layout-flow\">\n<h2 class=\"wp-block-heading\">Premium Custom gepolstert Esszimmerstuhl Merkmale:<\/h2>\n\n\n\n<ul class=\"wp-block-list\">\n<li><strong>Wildleder\/Weichleder:<\/strong> Dieser ma\u00dfgefertigte gepolsterte Esszimmerstuhl ist wahlweise mit feinem Leder oder Wildleder ausgestattet, das einen pflegeleichten, weichen Griff bietet.<\/li>\n\n\n\n<li><strong>Gebogene ergonomische R\u00fcckenlehne:<\/strong> Das Design unseres ma\u00dfgefertigten Esszimmerstuhls passt sich der Kr\u00fcmmung Ihres R\u00fcckens an und wird durch einen hochverdichteten Schaumstoff erg\u00e4nzt, der auch bei l\u00e4ngerem Sitzen bequemen Halt bietet.<\/li>\n\n\n\n<li><strong>Metallbein Design \u00c4sthetik: <\/strong>Dieser ma\u00dfgefertigte gepolsterte Esszimmerstuhl hat einen gold-silbernen Rahmen mit einer klaren, einfachen Linie f\u00fcr ein modernes, dezentes Aussehen und bietet dennoch eine starke Unterst\u00fctzung.<\/li>\n\n\n\n<li><strong>Tiefe Anpassung von Farben und Materialien:<\/strong> Unser ma\u00dfgeschneiderter Esszimmerstuhl erm\u00f6glicht individuelle Kombinationen von Stoffen (Wildleder\/Leder), Farben (Off-White\/Tiefviolett\/Hellgrau usw.) und metallischen Akzenten.<\/li>\n\n\n\n<li><strong>Flexibel und vielseitig f\u00fcr unterschiedliche Umgebungen:<\/strong> Ob in Kombination mit einem Marmortisch oder einem modernen, minimalistischen Raum, dieser individuell gepolsterte Esszimmerstuhl kann den Stil und die Harmonie der gesamten Essumgebung verbessern.<\/li>\n<\/ul>\n<\/div>\n\n\n\n<div class=\"wp-block-column is-layout-flow wp-block-column-is-layout-flow\">\n<figure class=\"wp-block-image size-full\"><img decoding=\"async\" width=\"900\" height=\"1200\" src=\"https:\/\/www.chicasafurniture.com\/wp-content\/uploads\/2026\/02\/Custom-Upholstered-Dining-Chair-Velvet-Fabric-Modern-Design-3.webp\" alt=\"Individuell gepolsterter Esszimmerstuhl, Samtstoff Modern Design-3\" class=\"wp-image-403\" srcset=\"https:\/\/www.chicasafurniture.com\/wp-content\/uploads\/2026\/02\/Custom-Upholstered-Dining-Chair-Velvet-Fabric-Modern-Design-3.webp 900w, https:\/\/www.chicasafurniture.com\/wp-content\/uploads\/2026\/02\/Custom-Upholstered-Dining-Chair-Velvet-Fabric-Modern-Design-3-225x300.webp 225w, https:\/\/www.chicasafurniture.com\/wp-content\/uploads\/2026\/02\/Custom-Upholstered-Dining-Chair-Velvet-Fabric-Modern-Design-3-768x1024.webp 768w, https:\/\/www.chicasafurniture.com\/wp-content\/uploads\/2026\/02\/Custom-Upholstered-Dining-Chair-Velvet-Fabric-Modern-Design-3-600x800.webp 600w\" sizes=\"(max-width: 900px) 100vw, 900px\" \/><\/figure>\n<\/div>\n<\/div>\n\n\n\n<div class=\"wp-block-columns is-layout-flex wp-container-core-columns-is-layout-9d6595d7 wp-block-columns-is-layout-flex\">\n<div class=\"wp-block-column is-layout-flow wp-block-column-is-layout-flow\">\n<div class=\"wp-block-columns is-layout-flex wp-container-core-columns-is-layout-9d6595d7 wp-block-columns-is-layout-flex\">\n<div class=\"wp-block-column is-layout-flow wp-block-column-is-layout-flow\">\n<figure class=\"wp-block-image size-full\"><img decoding=\"async\" width=\"1774\" height=\"1200\" src=\"https:\/\/www.chicasafurniture.com\/wp-content\/uploads\/2026\/02\/Custom-Upholstered-Dining-Chair-Velvet-Fabric-Modern-Design-2.webp\" alt=\"Individuell gepolsterter Esszimmerstuhl, Samtstoff Modern Design-2\" class=\"wp-image-402\" srcset=\"https:\/\/www.chicasafurniture.com\/wp-content\/uploads\/2026\/02\/Custom-Upholstered-Dining-Chair-Velvet-Fabric-Modern-Design-2.webp 1774w, https:\/\/www.chicasafurniture.com\/wp-content\/uploads\/2026\/02\/Custom-Upholstered-Dining-Chair-Velvet-Fabric-Modern-Design-2-300x203.webp 300w, https:\/\/www.chicasafurniture.com\/wp-content\/uploads\/2026\/02\/Custom-Upholstered-Dining-Chair-Velvet-Fabric-Modern-Design-2-768x520.webp 768w, https:\/\/www.chicasafurniture.com\/wp-content\/uploads\/2026\/02\/Custom-Upholstered-Dining-Chair-Velvet-Fabric-Modern-Design-2-1200x812.webp 1200w, https:\/\/www.chicasafurniture.com\/wp-content\/uploads\/2026\/02\/Custom-Upholstered-Dining-Chair-Velvet-Fabric-Modern-Design-2-600x406.webp 600w\" sizes=\"(max-width: 1774px) 100vw, 1774px\" \/><\/figure>\n<\/div>\n\n\n\n<div class=\"wp-block-column is-layout-flow wp-block-column-is-layout-flow\">\n<figure class=\"wp-block-image size-full\"><img decoding=\"async\" width=\"1400\" height=\"900\" src=\"https:\/\/www.chicasafurniture.com\/wp-content\/uploads\/2026\/02\/Custom-Upholstered-Dining-Chair-Velvet-Fabric-Modern-Design-5.webp\" alt=\"Individuell gepolsterter Esszimmerstuhl, Samtstoff Modern Design-5\" class=\"wp-image-405\" srcset=\"https:\/\/www.chicasafurniture.com\/wp-content\/uploads\/2026\/02\/Custom-Upholstered-Dining-Chair-Velvet-Fabric-Modern-Design-5.webp 1400w, https:\/\/www.chicasafurniture.com\/wp-content\/uploads\/2026\/02\/Custom-Upholstered-Dining-Chair-Velvet-Fabric-Modern-Design-5-300x193.webp 300w, https:\/\/www.chicasafurniture.com\/wp-content\/uploads\/2026\/02\/Custom-Upholstered-Dining-Chair-Velvet-Fabric-Modern-Design-5-768x494.webp 768w, https:\/\/www.chicasafurniture.com\/wp-content\/uploads\/2026\/02\/Custom-Upholstered-Dining-Chair-Velvet-Fabric-Modern-Design-5-1200x771.webp 1200w, https:\/\/www.chicasafurniture.com\/wp-content\/uploads\/2026\/02\/Custom-Upholstered-Dining-Chair-Velvet-Fabric-Modern-Design-5-600x386.webp 600w\" sizes=\"(max-width: 1400px) 100vw, 1400px\" \/><\/figure>\n<\/div>\n<\/div>\n<\/div>\n<\/div>","protected":false},"excerpt":{"rendered":"<p>Willkommen bei der Bestellung von Esszimmerm\u00f6beln. Dieser individuell gepolsterte Esszimmerstuhl ist aus weichem Veloursleder gefertigt und verf\u00fcgt \u00fcber eine geschwungene R\u00fcckenlehne und eine hochdichte Schaumstoffpolsterung, die durch schlanke Metallbeine akzentuiert wird.<\/p>\n<table style=\"border-collapse: collapse; width: 222.03pt;\" border=\"0\" width=\"222\" cellspacing=\"0\" cellpadding=\"0\">\n<tbody>\n<tr style=\"height: 15.20pt;\">\n<td class=\"et2\" style=\"height: 15.20pt; width: 81.65pt;\" width=\"81\" height=\"15\">Hersteller<\/td>\n<td class=\"et2\" style=\"width: 140.80pt;\" width=\"140\">ChiCasa<\/td>\n<\/tr>\n<tr style=\"height: 15.20pt;\">\n<td class=\"et2\" style=\"height: 15.20pt;\" height=\"15\">Kategorie<\/td>\n<td class=\"et2\">Esszimmerstuhl<\/td>\n<\/tr>\n<tr style=\"height: 15.20pt;\">\n<td class=\"et2\" style=\"height: 15.20pt;\" height=\"15\">Anmeldung<\/td>\n<td class=\"et2\">Speisesaal<\/td>\n<\/tr>\n<tr style=\"height: 15.20pt;\">\n<td class=\"et2\" style=\"height: 15.20pt;\" height=\"15\">Stil<\/td>\n<td class=\"et2\">Raffinierter Luxus<\/td>\n<\/tr>\n<tr style=\"height: 15.20pt;\">\n<td class=\"et2\" style=\"height: 15.20pt;\" height=\"15\">Modell<\/td>\n<td class=\"et2\">QMY-DC001<\/td>\n<\/tr>\n<tr style=\"height: 15.20pt;\">\n<td class=\"et2\" style=\"height: 15.20pt;\" height=\"15\">Personalisierung<\/td>\n<td class=\"et2\">Farbe, Gr\u00f6\u00dfe, Material<\/td>\n<\/tr>\n<tr style=\"height: 15.20pt;\">\n<td class=\"et2\" style=\"height: 15.20pt;\" height=\"15\">MOQ<\/td>\n<td class=\"et2\">1St\u00fcck<\/td>\n<\/tr>\n<\/tbody>\n<\/table>","protected":false},"featured_media":404,"comment_status":"closed","ping_status":"closed","template":"","meta":{"_acf_changed":false},"product_brand":[],"product_cat":[17,30],"product_tag":[],"class_list":{"0":"post-400","1":"product","2":"type-product","3":"status-publish","4":"has-post-thumbnail","6":"product_cat-custom-dining-room-furniture","7":"product_cat-bespoke-dining-chair","9":"first","10":"instock","11":"shipping-taxable","12":"product-type-simple"},"acf":[],"_links":{"self":[{"href":"https:\/\/www.chicasafurniture.com\/de\/wp-json\/wp\/v2\/product\/400","targetHints":{"allow":["GET"]}}],"collection":[{"href":"https:\/\/www.chicasafurniture.com\/de\/wp-json\/wp\/v2\/product"}],"about":[{"href":"https:\/\/www.chicasafurniture.com\/de\/wp-json\/wp\/v2\/types\/product"}],"replies":[{"embeddable":true,"href":"https:\/\/www.chicasafurniture.com\/de\/wp-json\/wp\/v2\/comments?post=400"}],"wp:featuredmedia":[{"embeddable":true,"href":"https:\/\/www.chicasafurniture.com\/de\/wp-json\/wp\/v2\/media\/404"}],"wp:attachment":[{"href":"https:\/\/www.chicasafurniture.com\/de\/wp-json\/wp\/v2\/media?parent=400"}],"wp:term":[{"taxonomy":"product_brand","embeddable":true,"href":"https:\/\/www.chicasafurniture.com\/de\/wp-json\/wp\/v2\/product_brand?post=400"},{"taxonomy":"product_cat","embeddable":true,"href":"https:\/\/www.chicasafurniture.com\/de\/wp-json\/wp\/v2\/product_cat?post=400"},{"taxonomy":"product_tag","embeddable":true,"href":"https:\/\/www.chicasafurniture.com\/de\/wp-json\/wp\/v2\/product_tag?post=400"}],"curies":[{"name":"wp","href":"https:\/\/api.w.org\/{rel}","templated":true}]}}