{"id":407,"date":"2026-02-11T06:43:56","date_gmt":"2026-02-11T06:43:56","guid":{"rendered":"https:\/\/www.chicasafurniture.com\/?post_type=product&#038;p=407"},"modified":"2026-02-11T07:03:12","modified_gmt":"2026-02-11T07:03:12","slug":"custom-sideboard","status":"publish","type":"product","link":"https:\/\/www.chicasafurniture.com\/de\/product\/custom-sideboard\/","title":{"rendered":"Individuelles Sideboard mit goldenen Metallleisten und Holzdesign"},"content":{"rendered":"<h2 class=\"wp-block-heading\">Produktspezifikationen von Custom Sideboard<\/h2>\n\n\n\n<figure class=\"wp-block-table\"><table class=\"has-fixed-layout\"><tbody><tr><td>Rahmen<\/td><td>Material der Abdeckung<\/td><td>F\u00fcllmaterial<\/td><td>Beine<\/td><td>Farbe<\/td><td>Gr\u00f6\u00dfe<\/td><td>Gewicht<\/td><\/tr><tr><td>Holz<\/td><td>\/<\/td><td>\/<\/td><td>Holz<\/td><td>Kundenspezifisch<\/td><td>Kundenspezifisch<\/td><td>60-100kg<\/td><\/tr><\/tbody><\/table><\/figure>\n\n\n\n<div class=\"wp-block-columns is-layout-flex wp-container-core-columns-is-layout-9d6595d7 wp-block-columns-is-layout-flex\">\n<div class=\"wp-block-column is-layout-flow wp-block-column-is-layout-flow\">\n<h2 class=\"wp-block-heading\">Premium Custom Sideboard Merkmale:<\/h2>\n\n\n\n<ul class=\"wp-block-list\">\n<li><strong>Identische Metalls\u00e4ulenkonstruktion:<\/strong> Die goldenen Metalls\u00e4ulen dieses ma\u00dfgefertigten Sideboards bilden den Hauptteil der Schrankt\u00fcren und sorgen f\u00fcr einen starken visuellen Eindruck und ein modernes Ambiente.<\/li>\n\n\n\n<li><strong>Massivholz und Metall Splei\u00dfen Handwerkskunst:<\/strong> Die dunklen Massivholzpaneele und das goldene Metall dieses ma\u00dfgefertigten Esszimmerschranks werden durch sorgf\u00e4ltige Handwerkskunst nahtlos miteinander kombiniert und bieten durch den Kontrast der Materialien eine hochwertige Struktur.<\/li>\n\n\n\n<li><strong>Dreiteilige flexible Lagerung: <\/strong>Das dreit\u00fcrige Design dieses ma\u00dfgefertigten Sideboards (Anzahl der T\u00fcren anpassbar) in Kombination mit dunkelbraunem Stauraum erf\u00fcllt sowohl die t\u00e4glichen Anforderungen an die Aufbewahrung als auch an die Pr\u00e4sentation.<\/li>\n\n\n\n<li><strong>Stabile und minimalistische Grundstruktur: <\/strong>Der schwarze Sockel dieses ma\u00dfgefertigten Esszimmerschranks bietet einen stabilen Halt, w\u00e4hrend die Leichtigkeit und Schlichtheit des visuellen Designs erhalten bleibt.<\/li>\n\n\n\n<li><strong>Umfassende Anpassung: <\/strong>Unsere ma\u00dfgefertigten Sideboards k\u00f6nnen in Bezug auf Gr\u00f6\u00dfe, Metallfarbe, Holzmaserung und Aufbewahrungsstruktur individuell angepasst werden, so dass sie in verschiedene Wohnbereiche passen.<\/li>\n<\/ul>\n<\/div>\n\n\n\n<div class=\"wp-block-column is-layout-flow wp-block-column-is-layout-flow\">\n<figure class=\"wp-block-image size-full\"><img decoding=\"async\" width=\"384\" height=\"450\" src=\"https:\/\/www.chicasafurniture.com\/wp-content\/uploads\/2026\/02\/Custom-Sideboard-with-Gold-Metal-Slats-Wooden-Design-4.webp\" alt=\"Individuelles Sideboard mit goldenen Metallleisten und Holzdesign-4\" class=\"wp-image-411\" srcset=\"https:\/\/www.chicasafurniture.com\/wp-content\/uploads\/2026\/02\/Custom-Sideboard-with-Gold-Metal-Slats-Wooden-Design-4.webp 384w, https:\/\/www.chicasafurniture.com\/wp-content\/uploads\/2026\/02\/Custom-Sideboard-with-Gold-Metal-Slats-Wooden-Design-4-256x300.webp 256w\" sizes=\"(max-width: 384px) 100vw, 384px\" \/><\/figure>\n<\/div>\n<\/div>\n\n\n\n<div class=\"wp-block-columns is-layout-flex wp-container-core-columns-is-layout-9d6595d7 wp-block-columns-is-layout-flex\">\n<div class=\"wp-block-column is-layout-flow wp-block-column-is-layout-flow\">\n<div class=\"wp-block-columns is-layout-flex wp-container-core-columns-is-layout-9d6595d7 wp-block-columns-is-layout-flex\">\n<div class=\"wp-block-column is-layout-flow wp-block-column-is-layout-flow\">\n<figure class=\"wp-block-image size-full\"><img decoding=\"async\" width=\"746\" height=\"450\" src=\"https:\/\/www.chicasafurniture.com\/wp-content\/uploads\/2026\/02\/Custom-Sideboard-with-Gold-Metal-Slats-Wooden-Design-2.webp\" alt=\"Individuelles Sideboard mit goldenen Metallleisten und Holzdesign-2\" class=\"wp-image-409\" srcset=\"https:\/\/www.chicasafurniture.com\/wp-content\/uploads\/2026\/02\/Custom-Sideboard-with-Gold-Metal-Slats-Wooden-Design-2.webp 746w, https:\/\/www.chicasafurniture.com\/wp-content\/uploads\/2026\/02\/Custom-Sideboard-with-Gold-Metal-Slats-Wooden-Design-2-300x181.webp 300w, https:\/\/www.chicasafurniture.com\/wp-content\/uploads\/2026\/02\/Custom-Sideboard-with-Gold-Metal-Slats-Wooden-Design-2-600x362.webp 600w\" sizes=\"(max-width: 746px) 100vw, 746px\" \/><\/figure>\n<\/div>\n\n\n\n<div class=\"wp-block-column is-layout-flow wp-block-column-is-layout-flow\">\n<figure class=\"wp-block-image size-full\"><img decoding=\"async\" width=\"746\" height=\"450\" src=\"https:\/\/www.chicasafurniture.com\/wp-content\/uploads\/2026\/02\/Custom-Sideboard-with-Gold-Metal-Slats-Wooden-Design-3.webp\" alt=\"Individuelles Sideboard mit goldenen Metallleisten und Holzdesign-3\" class=\"wp-image-410\" srcset=\"https:\/\/www.chicasafurniture.com\/wp-content\/uploads\/2026\/02\/Custom-Sideboard-with-Gold-Metal-Slats-Wooden-Design-3.webp 746w, https:\/\/www.chicasafurniture.com\/wp-content\/uploads\/2026\/02\/Custom-Sideboard-with-Gold-Metal-Slats-Wooden-Design-3-300x181.webp 300w, https:\/\/www.chicasafurniture.com\/wp-content\/uploads\/2026\/02\/Custom-Sideboard-with-Gold-Metal-Slats-Wooden-Design-3-600x362.webp 600w\" sizes=\"(max-width: 746px) 100vw, 746px\" \/><\/figure>\n<\/div>\n<\/div>\n<\/div>\n<\/div>","protected":false},"excerpt":{"rendered":"<p>Willkommen beim Kauf von Esszimmerschr\u00e4nken. Dieses ma\u00dfgefertigte Sideboard verf\u00fcgt \u00fcber nahtlos zusammengef\u00fcgte dunkle Massivholzpaneele, die einen einzigartigen modernen und unaufdringlichen luxuri\u00f6sen Stil pr\u00e4sentieren und mit drei T\u00fcren reichlich Stauraum bieten.<\/p>\n<table style=\"border-collapse: collapse; width: 222.03pt;\" border=\"0\" width=\"222\" cellspacing=\"0\" cellpadding=\"0\">\n<tbody>\n<tr style=\"height: 15.20pt;\">\n<td class=\"et2\" style=\"height: 15.20pt; width: 81.65pt;\" width=\"81\" height=\"15\">Hersteller<\/td>\n<td class=\"et2\" style=\"width: 140.80pt;\" width=\"140\">ChiCasa<\/td>\n<\/tr>\n<tr style=\"height: 15.20pt;\">\n<td class=\"et2\" style=\"height: 15.20pt;\" height=\"15\">Kategorie<\/td>\n<td class=\"et2\">Anrichte<\/td>\n<\/tr>\n<tr style=\"height: 15.20pt;\">\n<td class=\"et2\" style=\"height: 15.20pt;\" height=\"15\">Anmeldung<\/td>\n<td class=\"et2\">Speisesaal<\/td>\n<\/tr>\n<tr style=\"height: 15.20pt;\">\n<td class=\"et2\" style=\"height: 15.20pt;\" height=\"15\">Stil<\/td>\n<td class=\"et2\">Raffinierter Luxus<\/td>\n<\/tr>\n<tr style=\"height: 15.20pt;\">\n<td class=\"et2\" style=\"height: 15.20pt;\" height=\"15\">Modell<\/td>\n<td class=\"et2\">QMY-SB001<\/td>\n<\/tr>\n<tr style=\"height: 15.20pt;\">\n<td class=\"et2\" style=\"height: 15.20pt;\" height=\"15\">Personalisierung<\/td>\n<td class=\"et2\">Farbe, Gr\u00f6\u00dfe, Material<\/td>\n<\/tr>\n<tr style=\"height: 15.20pt;\">\n<td class=\"et2\" style=\"height: 15.20pt;\" height=\"15\">MOQ<\/td>\n<td class=\"et2\">1St\u00fcck<\/td>\n<\/tr>\n<\/tbody>\n<\/table>","protected":false},"featured_media":408,"comment_status":"closed","ping_status":"closed","template":"","meta":{"_acf_changed":false},"product_brand":[],"product_cat":[17,31],"product_tag":[],"class_list":{"0":"post-407","1":"product","2":"type-product","3":"status-publish","4":"has-post-thumbnail","6":"product_cat-custom-dining-room-furniture","7":"product_cat-custom-sideboard-cabinet","9":"first","10":"instock","11":"shipping-taxable","12":"product-type-simple"},"acf":[],"_links":{"self":[{"href":"https:\/\/www.chicasafurniture.com\/de\/wp-json\/wp\/v2\/product\/407","targetHints":{"allow":["GET"]}}],"collection":[{"href":"https:\/\/www.chicasafurniture.com\/de\/wp-json\/wp\/v2\/product"}],"about":[{"href":"https:\/\/www.chicasafurniture.com\/de\/wp-json\/wp\/v2\/types\/product"}],"replies":[{"embeddable":true,"href":"https:\/\/www.chicasafurniture.com\/de\/wp-json\/wp\/v2\/comments?post=407"}],"wp:featuredmedia":[{"embeddable":true,"href":"https:\/\/www.chicasafurniture.com\/de\/wp-json\/wp\/v2\/media\/408"}],"wp:attachment":[{"href":"https:\/\/www.chicasafurniture.com\/de\/wp-json\/wp\/v2\/media?parent=407"}],"wp:term":[{"taxonomy":"product_brand","embeddable":true,"href":"https:\/\/www.chicasafurniture.com\/de\/wp-json\/wp\/v2\/product_brand?post=407"},{"taxonomy":"product_cat","embeddable":true,"href":"https:\/\/www.chicasafurniture.com\/de\/wp-json\/wp\/v2\/product_cat?post=407"},{"taxonomy":"product_tag","embeddable":true,"href":"https:\/\/www.chicasafurniture.com\/de\/wp-json\/wp\/v2\/product_tag?post=407"}],"curies":[{"name":"wp","href":"https:\/\/api.w.org\/{rel}","templated":true}]}}