{"id":412,"date":"2026-02-11T07:05:07","date_gmt":"2026-02-11T07:05:07","guid":{"rendered":"https:\/\/www.chicasafurniture.com\/?post_type=product&#038;p=412"},"modified":"2026-02-11T07:15:26","modified_gmt":"2026-02-11T07:15:26","slug":"bespoke-sideboard","status":"publish","type":"product","link":"https:\/\/www.chicasafurniture.com\/de\/product\/bespoke-sideboard\/","title":{"rendered":"Spiegelnde Anrichte nach Ma\u00df mit handwerklichen Goldverzierungen"},"content":{"rendered":"<h2 class=\"wp-block-heading\">Produktspezifikationen von Bespoke Sideboard<\/h2>\n\n\n\n<figure class=\"wp-block-table\"><table class=\"has-fixed-layout\"><tbody><tr><td>Rahmen<\/td><td>Material der Abdeckung<\/td><td>F\u00fcllmaterial<\/td><td>Beine<\/td><td>Farbe<\/td><td>Gr\u00f6\u00dfe<\/td><td>Gewicht<\/td><\/tr><tr><td>Holz<\/td><td>\/<\/td><td>\/<\/td><td>Holz<\/td><td>Kundenspezifisch<\/td><td>Kundenspezifisch<\/td><td>60-100kg<\/td><\/tr><\/tbody><\/table><\/figure>\n\n\n\n<div class=\"wp-block-columns is-layout-flex wp-container-core-columns-is-layout-9d6595d7 wp-block-columns-is-layout-flex\">\n<div class=\"wp-block-column is-layout-flow wp-block-column-is-layout-flow\">\n<h2 class=\"wp-block-heading\">Premium Bespoke Sideboard Merkmale:<\/h2>\n\n\n\n<ul class=\"wp-block-list\">\n<li><strong>Integration von Hochglanzspiegeln und Metallkunst:<\/strong> Das ma\u00dfgefertigte Sideboard ist hochgl\u00e4nzend verspiegelt, so dass die Funktion und die Verbindung der Fl\u00fcssigmetall-Strukturverzierungen, die es schm\u00fccken, sehr k\u00fcnstlerisch wirken.<\/li>\n\n\n\n<li><strong>Wellenf\u00f6rmiges Metallbein-Design:<\/strong> Der Sockel dieses ma\u00dfgefertigten Sideboards ist mit einzigartig geformten, vergoldeten Beinen ausgestattet, die wie Skulpturen aus geschmolzenem Metall aussehen und sowohl strukturelle Integrit\u00e4t als auch einen atemberaubenden k\u00fcnstlerischen Blickpunkt bieten.<\/li>\n\n\n\n<li><strong>Exquisiter Kontrast zwischen Innen- und Au\u00dfenmaterialien:<\/strong> Das \u00c4u\u00dfere dieses ma\u00dfgefertigten Sideboards besteht aus modernen Spiegeln und Metall, w\u00e4hrend die Schubladen im Inneren aus hellbraunem Naturholz gefertigt sind, was beim \u00d6ffnen einen dramatischen Kontrast zwischen Luxus und nat\u00fcrlichen Materialien erzeugt.<\/li>\n\n\n\n<li><strong>Multifunktionales Kunstsammelst\u00fcck: <\/strong>Unsere ma\u00dfgefertigten Sideboard-Schr\u00e4nke k\u00f6nnen problemlos als Anrichte und\/oder Vitrine verwendet werden. Sie sind optisch auffallend und k\u00f6nnen verwendet werden, um die Gesamtdekoration eines Raumes zu verbessern, indem sie Statement-St\u00fccke wie Goldrahmen-Sonnenbrillen oder abstrakte Skulpturen ausstellen.<\/li>\n\n\n\n<li><strong>Vollst\u00e4ndig personalisierte Anpassung: <\/strong>Unsere ma\u00dfgefertigten Sideboards bieten umfassende M\u00f6glichkeiten zur individuellen Gestaltung, von der Gr\u00f6\u00dfe \u00fcber die Metallfarbe (Gold\/Silber\/Bronze) und die Spiegeloberfl\u00e4che bis hin zum Design der Beine. Jedes St\u00fcck ist ein einzigartiges, sammelw\u00fcrdiges M\u00f6belst\u00fcck.<\/li>\n<\/ul>\n<\/div>\n\n\n\n<div class=\"wp-block-column is-layout-flow wp-block-column-is-layout-flow\">\n<figure class=\"wp-block-image size-full\"><img decoding=\"async\" width=\"1167\" height=\"1750\" src=\"https:\/\/www.chicasafurniture.com\/wp-content\/uploads\/2026\/02\/Mirror-Finish-Bespoke-Sideboard-with-Artisan-Gold-Detailing-5-edited.webp\" alt=\"Spiegelnde, ma\u00dfgeschneiderte Anrichte mit handwerklichen Goldverzierungen-5\" class=\"wp-image-419\" srcset=\"https:\/\/www.chicasafurniture.com\/wp-content\/uploads\/2026\/02\/Mirror-Finish-Bespoke-Sideboard-with-Artisan-Gold-Detailing-5-edited.webp 1167w, https:\/\/www.chicasafurniture.com\/wp-content\/uploads\/2026\/02\/Mirror-Finish-Bespoke-Sideboard-with-Artisan-Gold-Detailing-5-edited-200x300.webp 200w, https:\/\/www.chicasafurniture.com\/wp-content\/uploads\/2026\/02\/Mirror-Finish-Bespoke-Sideboard-with-Artisan-Gold-Detailing-5-edited-768x1152.webp 768w, https:\/\/www.chicasafurniture.com\/wp-content\/uploads\/2026\/02\/Mirror-Finish-Bespoke-Sideboard-with-Artisan-Gold-Detailing-5-edited-600x900.webp 600w\" sizes=\"(max-width: 1167px) 100vw, 1167px\" \/><\/figure>\n<\/div>\n<\/div>\n\n\n\n<div class=\"wp-block-columns is-layout-flex wp-container-core-columns-is-layout-9d6595d7 wp-block-columns-is-layout-flex\">\n<div class=\"wp-block-column is-layout-flow wp-block-column-is-layout-flow\">\n<div class=\"wp-block-columns is-layout-flex wp-container-core-columns-is-layout-9d6595d7 wp-block-columns-is-layout-flex\">\n<div class=\"wp-block-column is-layout-flow wp-block-column-is-layout-flow\">\n<figure class=\"wp-block-image size-full\"><img decoding=\"async\" width=\"2000\" height=\"1750\" src=\"https:\/\/www.chicasafurniture.com\/wp-content\/uploads\/2026\/02\/Mirror-Finish-Bespoke-Sideboard-with-Artisan-Gold-Detailing-3.webp\" alt=\"Spiegelnde Anrichte nach Ma\u00df mit handwerklichen Goldverzierungen-3\" class=\"wp-image-415\" srcset=\"https:\/\/www.chicasafurniture.com\/wp-content\/uploads\/2026\/02\/Mirror-Finish-Bespoke-Sideboard-with-Artisan-Gold-Detailing-3.webp 2000w, https:\/\/www.chicasafurniture.com\/wp-content\/uploads\/2026\/02\/Mirror-Finish-Bespoke-Sideboard-with-Artisan-Gold-Detailing-3-300x263.webp 300w, https:\/\/www.chicasafurniture.com\/wp-content\/uploads\/2026\/02\/Mirror-Finish-Bespoke-Sideboard-with-Artisan-Gold-Detailing-3-768x672.webp 768w, https:\/\/www.chicasafurniture.com\/wp-content\/uploads\/2026\/02\/Mirror-Finish-Bespoke-Sideboard-with-Artisan-Gold-Detailing-3-1200x1050.webp 1200w, https:\/\/www.chicasafurniture.com\/wp-content\/uploads\/2026\/02\/Mirror-Finish-Bespoke-Sideboard-with-Artisan-Gold-Detailing-3-600x525.webp 600w\" sizes=\"(max-width: 2000px) 100vw, 2000px\" \/><\/figure>\n<\/div>\n\n\n\n<div class=\"wp-block-column is-layout-flow wp-block-column-is-layout-flow\">\n<figure class=\"wp-block-image size-full\"><img decoding=\"async\" width=\"2000\" height=\"1750\" src=\"https:\/\/www.chicasafurniture.com\/wp-content\/uploads\/2026\/02\/Mirror-Finish-Bespoke-Sideboard-with-Artisan-Gold-Detailing-4.webp\" alt=\"Bespiegeltes Sideboard nach Ma\u00df mit handwerklichen Goldverzierungen-4\" class=\"wp-image-416\" srcset=\"https:\/\/www.chicasafurniture.com\/wp-content\/uploads\/2026\/02\/Mirror-Finish-Bespoke-Sideboard-with-Artisan-Gold-Detailing-4.webp 2000w, https:\/\/www.chicasafurniture.com\/wp-content\/uploads\/2026\/02\/Mirror-Finish-Bespoke-Sideboard-with-Artisan-Gold-Detailing-4-300x263.webp 300w, https:\/\/www.chicasafurniture.com\/wp-content\/uploads\/2026\/02\/Mirror-Finish-Bespoke-Sideboard-with-Artisan-Gold-Detailing-4-768x672.webp 768w, https:\/\/www.chicasafurniture.com\/wp-content\/uploads\/2026\/02\/Mirror-Finish-Bespoke-Sideboard-with-Artisan-Gold-Detailing-4-1200x1050.webp 1200w, https:\/\/www.chicasafurniture.com\/wp-content\/uploads\/2026\/02\/Mirror-Finish-Bespoke-Sideboard-with-Artisan-Gold-Detailing-4-600x525.webp 600w\" sizes=\"(max-width: 2000px) 100vw, 2000px\" \/><\/figure>\n<\/div>\n<\/div>\n<\/div>\n<\/div>","protected":false},"excerpt":{"rendered":"<p>Willkommen beim Kauf von Esszimmerschr\u00e4nken. Diese ma\u00dfgefertigte Anrichte verbindet auf perfekte Weise moderne industrielle \u00c4sthetik mit luxuri\u00f6ser Kunstfertigkeit. Sie besteht aus einem hochgl\u00e4nzenden, verspiegelten Schrankkorpus, gepaart mit handgeschmiedeten, vergoldeten Metallakzenten und wellenf\u00f6rmigen Beinen.<\/p>\n<table style=\"border-collapse: collapse; width: 222.03pt;\" border=\"0\" width=\"222\" cellspacing=\"0\" cellpadding=\"0\">\n<tbody>\n<tr style=\"height: 15.20pt;\">\n<td class=\"et2\" style=\"height: 15.20pt; width: 81.65pt;\" width=\"81\" height=\"15\">Hersteller<\/td>\n<td class=\"et2\" style=\"width: 140.80pt;\" width=\"140\">ChiCasa<\/td>\n<\/tr>\n<tr style=\"height: 15.20pt;\">\n<td class=\"et2\" style=\"height: 15.20pt;\" height=\"15\">Kategorie<\/td>\n<td class=\"et2\">Anrichte<\/td>\n<\/tr>\n<tr style=\"height: 15.20pt;\">\n<td class=\"et2\" style=\"height: 15.20pt;\" height=\"15\">Anmeldung<\/td>\n<td class=\"et2\">Speisesaal<\/td>\n<\/tr>\n<tr style=\"height: 15.20pt;\">\n<td class=\"et2\" style=\"height: 15.20pt;\" height=\"15\">Stil<\/td>\n<td class=\"et2\">Raffinierter Luxus<\/td>\n<\/tr>\n<tr style=\"height: 15.20pt;\">\n<td class=\"et2\" style=\"height: 15.20pt;\" height=\"15\">Modell<\/td>\n<td class=\"et2\">QMY-SB001<\/td>\n<\/tr>\n<tr style=\"height: 15.20pt;\">\n<td class=\"et2\" style=\"height: 15.20pt;\" height=\"15\">Personalisierung<\/td>\n<td class=\"et2\">Farbe, Gr\u00f6\u00dfe, Material<\/td>\n<\/tr>\n<tr style=\"height: 15.20pt;\">\n<td class=\"et2\" style=\"height: 15.20pt;\" height=\"15\">MOQ<\/td>\n<td class=\"et2\">1St\u00fcck<\/td>\n<\/tr>\n<\/tbody>\n<\/table>","protected":false},"featured_media":414,"comment_status":"closed","ping_status":"closed","template":"","meta":{"_acf_changed":false},"product_brand":[],"product_cat":[17,31],"product_tag":[],"class_list":{"0":"post-412","1":"product","2":"type-product","3":"status-publish","4":"has-post-thumbnail","6":"product_cat-custom-dining-room-furniture","7":"product_cat-custom-sideboard-cabinet","9":"first","10":"instock","11":"shipping-taxable","12":"product-type-simple"},"acf":[],"_links":{"self":[{"href":"https:\/\/www.chicasafurniture.com\/de\/wp-json\/wp\/v2\/product\/412","targetHints":{"allow":["GET"]}}],"collection":[{"href":"https:\/\/www.chicasafurniture.com\/de\/wp-json\/wp\/v2\/product"}],"about":[{"href":"https:\/\/www.chicasafurniture.com\/de\/wp-json\/wp\/v2\/types\/product"}],"replies":[{"embeddable":true,"href":"https:\/\/www.chicasafurniture.com\/de\/wp-json\/wp\/v2\/comments?post=412"}],"wp:featuredmedia":[{"embeddable":true,"href":"https:\/\/www.chicasafurniture.com\/de\/wp-json\/wp\/v2\/media\/414"}],"wp:attachment":[{"href":"https:\/\/www.chicasafurniture.com\/de\/wp-json\/wp\/v2\/media?parent=412"}],"wp:term":[{"taxonomy":"product_brand","embeddable":true,"href":"https:\/\/www.chicasafurniture.com\/de\/wp-json\/wp\/v2\/product_brand?post=412"},{"taxonomy":"product_cat","embeddable":true,"href":"https:\/\/www.chicasafurniture.com\/de\/wp-json\/wp\/v2\/product_cat?post=412"},{"taxonomy":"product_tag","embeddable":true,"href":"https:\/\/www.chicasafurniture.com\/de\/wp-json\/wp\/v2\/product_tag?post=412"}],"curies":[{"name":"wp","href":"https:\/\/api.w.org\/{rel}","templated":true}]}}