{"id":425,"date":"2026-02-11T07:57:03","date_gmt":"2026-02-11T07:57:03","guid":{"rendered":"https:\/\/www.chicasafurniture.com\/?post_type=product&#038;p=425"},"modified":"2026-02-26T08:56:51","modified_gmt":"2026-02-26T08:56:51","slug":"custom-luxury-bench-furniture","status":"publish","type":"product","link":"https:\/\/www.chicasafurniture.com\/de\/product\/custom-luxury-bench-furniture\/","title":{"rendered":"Ma\u00dfgeschneiderte Luxus-Bankm\u00f6bel, Polsterung &amp; geschwungene Beine"},"content":{"rendered":"<h2 class=\"wp-block-heading\">Produktspezifikationen von Custom Luxury Bench Furniture<\/h2>\n\n\n\n<figure class=\"wp-block-table\"><table class=\"has-fixed-layout\"><tbody><tr><td>Rahmen<\/td><td>Material der Abdeckung<\/td><td>F\u00fcllmaterial<\/td><td>Beine<\/td><td>Farbe<\/td><td>Gr\u00f6\u00dfe<\/td><td>Gewicht<\/td><\/tr><tr><td>Holz<\/td><td>Stoff<\/td><td>Schwamm mit hoher Dichte<\/td><td>Holz<\/td><td>Kundenspezifisch<\/td><td>Kundenspezifisch<\/td><td>45-55kg<\/td><\/tr><\/tbody><\/table><\/figure>\n\n\n\n<div class=\"wp-block-columns is-layout-flex wp-container-core-columns-is-layout-9d6595d7 wp-block-columns-is-layout-flex\">\n<div class=\"wp-block-column is-layout-flow wp-block-column-is-layout-flow\">\n<h2 class=\"wp-block-heading\">Premium Custom Luxury Bench M\u00f6bel Eigenschaften:<\/h2>\n\n\n\n<ul class=\"wp-block-list\">\n<li><strong>Hochwertiger Stoff: <\/strong>Diese ma\u00dfgefertigten Luxus-Bankm\u00f6bel werden aus sorgf\u00e4ltig ausgew\u00e4hlten Premium-Stoffen hergestellt, die sich durch eine feine Textur, eine weiche und hautfreundliche Haptik, hervorragende Atmungsaktivit\u00e4t, Langlebigkeit und eine einfache t\u00e4gliche Pflege auszeichnen.<\/li>\n\n\n\n<li><strong>Elegantes geschwungenes Beindesign: <\/strong>Die dunklen Massivholzbeine dieser ma\u00dfgefertigten Schlafzimmerbank weisen ein einzigartiges geschwungenes Design auf, das nicht nur f\u00fcr einen stabilen Halt sorgt, sondern dem M\u00f6belst\u00fcck auch ein Gef\u00fchl von Fluidit\u00e4t und k\u00fcnstlerischem Flair verleiht.<\/li>\n\n\n\n<li><strong>Ergonomisches und bequemes Sitzen:<\/strong> Unsere ma\u00dfgefertigten, luxuri\u00f6sen Sitzm\u00f6bel verf\u00fcgen \u00fcber ein dickes, mit hochdichtem Schaumstoff gef\u00fclltes Vollpolster, das hervorragenden Halt und Komfort bietet und sich f\u00fcr langes Sitzen oder Liegen eignet.<\/li>\n\n\n\n<li><strong>Anpassungen in voller Gr\u00f6\u00dfe:<\/strong> Wir bieten einen individuellen Anpassungsservice f\u00fcr die L\u00e4nge, Breite, H\u00f6he und Stofffarbe unserer ma\u00dfgefertigten Schlafzimmerb\u00e4nke, die perfekt zu den verschiedenen Raumabmessungen und Einrichtungsstilen passen.<\/li>\n\n\n\n<li><strong>Vielseitiger Luxus-Stil: <\/strong>Diese ma\u00dfgefertigten Luxus-Bankm\u00f6bel zeichnen sich durch eine schlichte, aber raffinierte Designsprache aus, die sich leicht in verschiedene Einrichtungsstile wie Modernit\u00e4t, leichten Luxus und italienischen Minimalismus integrieren l\u00e4sst und den Gesamtstil des Raumes aufwertet.<\/li>\n<\/ul>\n<\/div>\n\n\n\n<div class=\"wp-block-column is-layout-flow wp-block-column-is-layout-flow\">\n<figure class=\"wp-block-image size-full\"><img decoding=\"async\" width=\"848\" height=\"989\" src=\"https:\/\/www.chicasafurniture.com\/wp-content\/uploads\/2026\/02\/Custom-Luxury-Bench-Furniture-Upholstery-Curved-Legs-2.webp\" alt=\"Benutzerdefinierte Luxus-Bank-M\u00f6bel, Polsterung &amp; gebogene Beine-2\" class=\"wp-image-435\" srcset=\"https:\/\/www.chicasafurniture.com\/wp-content\/uploads\/2026\/02\/Custom-Luxury-Bench-Furniture-Upholstery-Curved-Legs-2.webp 848w, https:\/\/www.chicasafurniture.com\/wp-content\/uploads\/2026\/02\/Custom-Luxury-Bench-Furniture-Upholstery-Curved-Legs-2-257x300.webp 257w, https:\/\/www.chicasafurniture.com\/wp-content\/uploads\/2026\/02\/Custom-Luxury-Bench-Furniture-Upholstery-Curved-Legs-2-768x896.webp 768w, https:\/\/www.chicasafurniture.com\/wp-content\/uploads\/2026\/02\/Custom-Luxury-Bench-Furniture-Upholstery-Curved-Legs-2-600x700.webp 600w\" sizes=\"(max-width: 848px) 100vw, 848px\" \/><\/figure>\n<\/div>\n<\/div>\n\n\n\n<figure class=\"wp-block-image size-full\"><img decoding=\"async\" width=\"1920\" height=\"1080\" src=\"https:\/\/www.chicasafurniture.com\/wp-content\/uploads\/2026\/02\/Custom-Luxury-Bench-Furniture-Upholstery-Curved-Legs-3.webp\" alt=\"Benutzerdefinierte Luxus-Bank-M\u00f6bel, Polsterung &amp; gebogene Beine-3\" class=\"wp-image-436\" srcset=\"https:\/\/www.chicasafurniture.com\/wp-content\/uploads\/2026\/02\/Custom-Luxury-Bench-Furniture-Upholstery-Curved-Legs-3.webp 1920w, https:\/\/www.chicasafurniture.com\/wp-content\/uploads\/2026\/02\/Custom-Luxury-Bench-Furniture-Upholstery-Curved-Legs-3-300x169.webp 300w, https:\/\/www.chicasafurniture.com\/wp-content\/uploads\/2026\/02\/Custom-Luxury-Bench-Furniture-Upholstery-Curved-Legs-3-768x432.webp 768w, https:\/\/www.chicasafurniture.com\/wp-content\/uploads\/2026\/02\/Custom-Luxury-Bench-Furniture-Upholstery-Curved-Legs-3-1200x675.webp 1200w, https:\/\/www.chicasafurniture.com\/wp-content\/uploads\/2026\/02\/Custom-Luxury-Bench-Furniture-Upholstery-Curved-Legs-3-600x338.webp 600w\" sizes=\"(max-width: 1920px) 100vw, 1920px\" \/><\/figure>","protected":false},"excerpt":{"rendered":"<p>Willkommen zum Kauf ma\u00dfgeschneiderter Schlafzimmerm\u00f6bel. Diese benutzerdefinierte Luxus-Bank-M\u00f6bel verf\u00fcgt \u00fcber eine hochwertige hellgraue Stoff, der zart zu ber\u00fchren und atmungsaktiv ist, gepaart mit dunklen Massivholz geschwungenen Beinen f\u00fcr ein schlankes und elegantes Design.<\/p>\n<table style=\"border-collapse: collapse; width: 222.03pt;\" border=\"0\" width=\"222\" cellspacing=\"0\" cellpadding=\"0\">\n<tbody>\n<tr style=\"height: 15.20pt;\">\n<td class=\"et2\" style=\"height: 15.20pt; width: 81.65pt;\" width=\"81\" height=\"15\">Hersteller<\/td>\n<td class=\"et2\" style=\"width: 140.80pt;\" width=\"140\">ChiCasa<\/td>\n<\/tr>\n<tr style=\"height: 15.20pt;\">\n<td class=\"et2\" style=\"height: 15.20pt;\" height=\"15\">Kategorie<\/td>\n<td class=\"et2\">Bank<\/td>\n<\/tr>\n<tr style=\"height: 15.20pt;\">\n<td class=\"et2\" style=\"height: 15.20pt;\" height=\"15\">Anmeldung<\/td>\n<td class=\"et2\">Schlafzimmer<\/td>\n<\/tr>\n<tr style=\"height: 15.20pt;\">\n<td class=\"et2\" style=\"height: 15.20pt;\" height=\"15\">Stil<\/td>\n<td class=\"et2\">Minimalistisch<\/td>\n<\/tr>\n<tr style=\"height: 15.20pt;\">\n<td class=\"et2\" style=\"height: 15.20pt;\" height=\"15\">Modell<\/td>\n<td class=\"et2\">QMY-BH002<\/td>\n<\/tr>\n<tr style=\"height: 15.20pt;\">\n<td class=\"et2\" style=\"height: 15.20pt;\" height=\"15\">Personalisierung<\/td>\n<td class=\"et2\">Farbe, Gr\u00f6\u00dfe, Material<\/td>\n<\/tr>\n<tr style=\"height: 15.20pt;\">\n<td class=\"et2\" style=\"height: 15.20pt;\" height=\"15\">MOQ<\/td>\n<td class=\"et2\">1St\u00fcck<\/td>\n<\/tr>\n<\/tbody>\n<\/table>","protected":false},"featured_media":437,"comment_status":"closed","ping_status":"closed","template":"","meta":{"_acf_changed":false},"product_brand":[],"product_cat":[18,37],"product_tag":[],"class_list":{"0":"post-425","1":"product","2":"type-product","3":"status-publish","4":"has-post-thumbnail","6":"product_cat-bespoke-bedroom-furniture","7":"product_cat-custom-bedroom-benches","9":"first","10":"instock","11":"shipping-taxable","12":"product-type-simple"},"acf":[],"_links":{"self":[{"href":"https:\/\/www.chicasafurniture.com\/de\/wp-json\/wp\/v2\/product\/425","targetHints":{"allow":["GET"]}}],"collection":[{"href":"https:\/\/www.chicasafurniture.com\/de\/wp-json\/wp\/v2\/product"}],"about":[{"href":"https:\/\/www.chicasafurniture.com\/de\/wp-json\/wp\/v2\/types\/product"}],"replies":[{"embeddable":true,"href":"https:\/\/www.chicasafurniture.com\/de\/wp-json\/wp\/v2\/comments?post=425"}],"wp:featuredmedia":[{"embeddable":true,"href":"https:\/\/www.chicasafurniture.com\/de\/wp-json\/wp\/v2\/media\/437"}],"wp:attachment":[{"href":"https:\/\/www.chicasafurniture.com\/de\/wp-json\/wp\/v2\/media?parent=425"}],"wp:term":[{"taxonomy":"product_brand","embeddable":true,"href":"https:\/\/www.chicasafurniture.com\/de\/wp-json\/wp\/v2\/product_brand?post=425"},{"taxonomy":"product_cat","embeddable":true,"href":"https:\/\/www.chicasafurniture.com\/de\/wp-json\/wp\/v2\/product_cat?post=425"},{"taxonomy":"product_tag","embeddable":true,"href":"https:\/\/www.chicasafurniture.com\/de\/wp-json\/wp\/v2\/product_tag?post=425"}],"curies":[{"name":"wp","href":"https:\/\/api.w.org\/{rel}","templated":true}]}}