{"id":438,"date":"2026-02-26T08:48:31","date_gmt":"2026-02-26T08:48:31","guid":{"rendered":"https:\/\/www.chicasafurniture.com\/?post_type=product&#038;p=438"},"modified":"2026-02-26T09:03:16","modified_gmt":"2026-02-26T09:03:16","slug":"bespoke-wine-storage-cabinet","status":"publish","type":"product","link":"https:\/\/www.chicasafurniture.com\/de\/product\/bespoke-wine-storage-cabinet\/","title":{"rendered":"Ma\u00dfgeschneiderter Weinschrank mit dunklem Holz und Akzentf\u00fc\u00dfen"},"content":{"rendered":"<h2 class=\"wp-block-heading\">Produktspezifikationen f\u00fcr ma\u00dfgeschneiderte Weinlagerschr\u00e4nke<\/h2>\n\n\n\n<figure class=\"wp-block-table\"><table class=\"has-fixed-layout\"><tbody><tr><td>Rahmen<\/td><td>Material der Abdeckung<\/td><td>F\u00fcllmaterial<\/td><td>Beine<\/td><td>Farbe<\/td><td>Gr\u00f6\u00dfe<\/td><td>Gewicht<\/td><\/tr><tr><td>Holz<\/td><td>\/<\/td><td>\/<\/td><td>Metall<\/td><td>Kundenspezifisch<\/td><td>Kundenspezifisch<\/td><td>90-150kg<\/td><\/tr><\/tbody><\/table><\/figure>\n\n\n\n<div class=\"wp-block-columns is-layout-flex wp-container-core-columns-is-layout-9d6595d7 wp-block-columns-is-layout-flex\">\n<div class=\"wp-block-column is-layout-flow wp-block-column-is-layout-flow\">\n<h2 class=\"wp-block-heading\">Premium Bespoke Wine Storage Cabinet Merkmale:<\/h2>\n\n\n\n<ul class=\"wp-block-list\">\n<li><strong>Tiefe Holzmaserung und metallische Textur: <\/strong>Dieser ma\u00dfgeschneiderte Weinschrank zeichnet sich durch ein dunkles Holzfurnier mit einer nat\u00fcrlichen, flie\u00dfenden Textur aus, gepaart mit schlanken schwarzen Metallbeinen, die einen raffinierten und eleganten optischen Effekt erzeugen.<\/li>\n\n\n\n<li><strong>Versteckte Golddetails:<\/strong> Die Schrankt\u00fcren unserer ma\u00dfgefertigten Weinschr\u00e4nke sind mit einer versteckten Goldverzierung versehen, die in ge\u00f6ffnetem Zustand exquisite Details offenbart und in geschlossenem Zustand ein minimalistisches Erscheinungsbild bewahrt, das unaufdringlichen Luxus ausstrahlt.<\/li>\n\n\n\n<li><strong>Stabiles und schlankes Untergestell:<\/strong> Die schlanken schwarzen Beine mit goldenen F\u00fc\u00dfen sorgen f\u00fcr die Stabilit\u00e4t des ma\u00dfgefertigten Weinschranks und lassen ihn optisch leicht und schwebend wirken.<\/li>\n\n\n\n<li><strong>Multifunktionaler Stauraum:<\/strong> Die innere Struktur unserer ma\u00dfgefertigten Weinschr\u00e4nke kann Ihren Bed\u00fcrfnissen angepasst werden und eignet sich perfekt als Weinschrank, Ausstellungsschrank oder Lagereinheit.<\/li>\n\n\n\n<li><strong>Full-Service-Anpassung: <\/strong>Unsere ma\u00dfgefertigten Weinlagerschr\u00e4nke lassen sich in Bezug auf die Abmessungen, die Holzfarbe, die Metalloberfl\u00e4che und die Innenaufteilung genau an Ihre r\u00e4umlichen Gegebenheiten anpassen.<\/li>\n<\/ul>\n<\/div>\n\n\n\n<div class=\"wp-block-column is-layout-flow wp-block-column-is-layout-flow\">\n<figure class=\"wp-block-image size-full\"><img decoding=\"async\" width=\"2208\" height=\"1655\" src=\"https:\/\/www.chicasafurniture.com\/wp-content\/uploads\/2026\/02\/Bespoke-Wine-Storage-Cabinet-with-Dark-Wood-Accent-Legs-5.webp\" alt=\"Ma\u00dfgeschneiderter Weinlagerschrank mit dunklem Holz und Akzentbeinen-5\" class=\"wp-image-443\" srcset=\"https:\/\/www.chicasafurniture.com\/wp-content\/uploads\/2026\/02\/Bespoke-Wine-Storage-Cabinet-with-Dark-Wood-Accent-Legs-5.webp 2208w, https:\/\/www.chicasafurniture.com\/wp-content\/uploads\/2026\/02\/Bespoke-Wine-Storage-Cabinet-with-Dark-Wood-Accent-Legs-5-300x225.webp 300w, https:\/\/www.chicasafurniture.com\/wp-content\/uploads\/2026\/02\/Bespoke-Wine-Storage-Cabinet-with-Dark-Wood-Accent-Legs-5-768x576.webp 768w, https:\/\/www.chicasafurniture.com\/wp-content\/uploads\/2026\/02\/Bespoke-Wine-Storage-Cabinet-with-Dark-Wood-Accent-Legs-5-1200x899.webp 1200w, https:\/\/www.chicasafurniture.com\/wp-content\/uploads\/2026\/02\/Bespoke-Wine-Storage-Cabinet-with-Dark-Wood-Accent-Legs-5-600x450.webp 600w\" sizes=\"(max-width: 2208px) 100vw, 2208px\" \/><\/figure>\n<\/div>\n<\/div>\n\n\n\n<figure class=\"wp-block-image size-full\"><img decoding=\"async\" width=\"1886\" height=\"1414\" src=\"https:\/\/www.chicasafurniture.com\/wp-content\/uploads\/2026\/02\/Bespoke-Wine-Storage-Cabinet-with-Dark-Wood-Accent-Legs-1.webp\" alt=\"Ma\u00dfgeschneiderter Weinlagerschrank mit dunklem Holz und Akzentbeinen-1\" class=\"wp-image-439\" srcset=\"https:\/\/www.chicasafurniture.com\/wp-content\/uploads\/2026\/02\/Bespoke-Wine-Storage-Cabinet-with-Dark-Wood-Accent-Legs-1.webp 1886w, https:\/\/www.chicasafurniture.com\/wp-content\/uploads\/2026\/02\/Bespoke-Wine-Storage-Cabinet-with-Dark-Wood-Accent-Legs-1-300x225.webp 300w, https:\/\/www.chicasafurniture.com\/wp-content\/uploads\/2026\/02\/Bespoke-Wine-Storage-Cabinet-with-Dark-Wood-Accent-Legs-1-768x576.webp 768w, https:\/\/www.chicasafurniture.com\/wp-content\/uploads\/2026\/02\/Bespoke-Wine-Storage-Cabinet-with-Dark-Wood-Accent-Legs-1-1200x900.webp 1200w, https:\/\/www.chicasafurniture.com\/wp-content\/uploads\/2026\/02\/Bespoke-Wine-Storage-Cabinet-with-Dark-Wood-Accent-Legs-1-600x450.webp 600w\" sizes=\"(max-width: 1886px) 100vw, 1886px\" \/><\/figure>","protected":false},"excerpt":{"rendered":"<p>Willkommen zum Kauf unseres ma\u00dfgeschneiderten Weinschranks. Dieser ma\u00dfgefertigte Weinschrank hat ein dunkles Holzfurnier, gepaart mit schlanken schwarzen Metallbeinen und goldenen F\u00fc\u00dfen, die einen minimalistischen und doch eleganten modernen Stil pr\u00e4sentieren.<\/p>\n<table style=\"border-collapse: collapse; width: 222.03pt;\" border=\"0\" width=\"222\" cellspacing=\"0\" cellpadding=\"0\">\n<tbody>\n<tr style=\"height: 15.20pt;\">\n<td class=\"et2\" style=\"height: 15.20pt; width: 81.65pt;\" width=\"81\" height=\"15\">Hersteller<\/td>\n<td class=\"et2\" style=\"width: 140.80pt;\" width=\"140\">ChiCasa<\/td>\n<\/tr>\n<tr style=\"height: 15.20pt;\">\n<td class=\"et2\" style=\"height: 15.20pt;\" height=\"15\">Kategorie<\/td>\n<td class=\"et2\">Weinkabinett<\/td>\n<\/tr>\n<tr style=\"height: 15.20pt;\">\n<td class=\"et2\" style=\"height: 15.20pt;\" height=\"15\">Anmeldung<\/td>\n<td class=\"et2\">Speisesaal<\/td>\n<\/tr>\n<tr style=\"height: 15.20pt;\">\n<td class=\"et2\" style=\"height: 15.20pt;\" height=\"15\">Stil<\/td>\n<td class=\"et2\">Raffinierter Luxus<\/td>\n<\/tr>\n<tr style=\"height: 15.20pt;\">\n<td class=\"et2\" style=\"height: 15.20pt;\" height=\"15\">Modell<\/td>\n<td class=\"et2\">QMY-WC001<\/td>\n<\/tr>\n<tr style=\"height: 15.20pt;\">\n<td class=\"et2\" style=\"height: 15.20pt;\" height=\"15\">Personalisierung<\/td>\n<td class=\"et2\">Farbe, Gr\u00f6\u00dfe, Material<\/td>\n<\/tr>\n<tr style=\"height: 15.20pt;\">\n<td class=\"et2\" style=\"height: 15.20pt;\" height=\"15\">MOQ<\/td>\n<td class=\"et2\">1St\u00fcck<\/td>\n<\/tr>\n<\/tbody>\n<\/table>","protected":false},"featured_media":440,"comment_status":"closed","ping_status":"closed","template":"","meta":{"_acf_changed":false},"product_brand":[],"product_cat":[17,46],"product_tag":[],"class_list":{"0":"post-438","1":"product","2":"type-product","3":"status-publish","4":"has-post-thumbnail","6":"product_cat-custom-dining-room-furniture","7":"product_cat-custom-wine-cabinets","9":"first","10":"instock","11":"shipping-taxable","12":"product-type-simple"},"acf":[],"_links":{"self":[{"href":"https:\/\/www.chicasafurniture.com\/de\/wp-json\/wp\/v2\/product\/438","targetHints":{"allow":["GET"]}}],"collection":[{"href":"https:\/\/www.chicasafurniture.com\/de\/wp-json\/wp\/v2\/product"}],"about":[{"href":"https:\/\/www.chicasafurniture.com\/de\/wp-json\/wp\/v2\/types\/product"}],"replies":[{"embeddable":true,"href":"https:\/\/www.chicasafurniture.com\/de\/wp-json\/wp\/v2\/comments?post=438"}],"wp:featuredmedia":[{"embeddable":true,"href":"https:\/\/www.chicasafurniture.com\/de\/wp-json\/wp\/v2\/media\/440"}],"wp:attachment":[{"href":"https:\/\/www.chicasafurniture.com\/de\/wp-json\/wp\/v2\/media?parent=438"}],"wp:term":[{"taxonomy":"product_brand","embeddable":true,"href":"https:\/\/www.chicasafurniture.com\/de\/wp-json\/wp\/v2\/product_brand?post=438"},{"taxonomy":"product_cat","embeddable":true,"href":"https:\/\/www.chicasafurniture.com\/de\/wp-json\/wp\/v2\/product_cat?post=438"},{"taxonomy":"product_tag","embeddable":true,"href":"https:\/\/www.chicasafurniture.com\/de\/wp-json\/wp\/v2\/product_tag?post=438"}],"curies":[{"name":"wp","href":"https:\/\/api.w.org\/{rel}","templated":true}]}}