{"id":444,"date":"2026-02-26T09:14:34","date_gmt":"2026-02-26T09:14:34","guid":{"rendered":"https:\/\/www.chicasafurniture.com\/?post_type=product&#038;p=444"},"modified":"2026-03-28T02:27:46","modified_gmt":"2026-03-28T02:27:46","slug":"custom-wine-cabinet","status":"publish","type":"product","link":"https:\/\/www.chicasafurniture.com\/de\/product\/custom-wine-cabinet\/","title":{"rendered":"Individueller Weinschrank aus dunklem Holz mit asymmetrischem Regal"},"content":{"rendered":"<h2 class=\"wp-block-heading\">Produktspezifikationen von Custom Wine Cabinet<\/h2>\n\n\n\n<figure class=\"wp-block-table\"><table class=\"has-fixed-layout\"><tbody><tr><td>Rahmen<\/td><td>Material der Abdeckung<\/td><td>F\u00fcllmaterial<\/td><td>Beine<\/td><td>Farbe<\/td><td>Gr\u00f6\u00dfe<\/td><td>Gewicht<\/td><\/tr><tr><td>Holz<\/td><td>\/<\/td><td>\/<\/td><td>Metall<\/td><td>Kundenspezifisch<\/td><td>Kundenspezifisch<\/td><td>90-150kg<\/td><\/tr><\/tbody><\/table><\/figure>\n\n\n\n<div class=\"wp-block-columns is-layout-flex wp-container-core-columns-is-layout-9d6595d7 wp-block-columns-is-layout-flex\">\n<div class=\"wp-block-column is-layout-flow wp-block-column-is-layout-flow\">\n<h2 class=\"wp-block-heading\">Premium Custom Wine Cabinet Merkmale:<\/h2>\n\n\n\n<ul class=\"wp-block-list\">\n<li><strong>Asymmetrisches, \u00e4sthetisches Design: <\/strong>Dieser ma\u00dfgefertigte Weinschrank bricht mit der traditionellen symmetrischen Anordnung und kombiniert geschlossene T\u00fcren mit versetzten offenen Regalen, um einen einzigartigen visuellen Rhythmus zu schaffen.<\/li>\n\n\n\n<li><strong>Multifunktionaler, unterteilter Speicher:<\/strong> Die flexible Innenstruktur dieses ma\u00dfgefertigten Schranks umfasst Glasfl\u00e4chen, Einlegeb\u00f6den und Schubladen, die eine professionelle Weinlagerung sowie die Pr\u00e4sentation von Kunstwerken und Geschirr erm\u00f6glichen.<\/li>\n\n\n\n<li><strong>Exquisites Beleuchtungssystem: <\/strong>Dieser ma\u00dfgefertigte Weinschrank ist mit eingebauten LED-Leisten ausgestattet, die eine sanfte Beleuchtung der Innensammlung erm\u00f6glichen und so das Ambiente und die n\u00e4chtliche Atmosph\u00e4re noch besser zur Geltung bringen.<\/li>\n\n\n\n<li><strong>Hochwertiges Material Kontrast: <\/strong>Die dunkle vertikale Holzmaserung in Kombination mit den schlanken Metallbeinen schafft einen auff\u00e4lligen Kontrast zwischen warmen und k\u00fchlen Materialien, der die Raffinesse und den Luxus des modernen industriellen Stils unterstreicht.<\/li>\n\n\n\n<li><strong>Anpassungen in voller Gr\u00f6\u00dfe: <\/strong>Unsere ma\u00dfgefertigten Weinschr\u00e4nke k\u00f6nnen je nach Wandabmessungen, Stauraumbedarf und Holzfarbe personalisiert werden, um eine perfekte Integration in Ihren exklusiven Raum zu gew\u00e4hrleisten.<\/li>\n<\/ul>\n<\/div>\n\n\n\n<div class=\"wp-block-column is-layout-flow wp-block-column-is-layout-flow\">\n<figure class=\"wp-block-image size-full\"><img decoding=\"async\" width=\"800\" height=\"800\" src=\"https:\/\/www.chicasafurniture.com\/wp-content\/uploads\/2026\/02\/Dark-Wood-Custom-Wine-Cabinet-with-Asymmetric-Display-Shelf-2.webp\" alt=\"Individueller Weinschrank aus dunklem Holz mit asymmetrischem Regal-2\" class=\"wp-image-446\" srcset=\"https:\/\/www.chicasafurniture.com\/wp-content\/uploads\/2026\/02\/Dark-Wood-Custom-Wine-Cabinet-with-Asymmetric-Display-Shelf-2.webp 800w, https:\/\/www.chicasafurniture.com\/wp-content\/uploads\/2026\/02\/Dark-Wood-Custom-Wine-Cabinet-with-Asymmetric-Display-Shelf-2-300x300.webp 300w, https:\/\/www.chicasafurniture.com\/wp-content\/uploads\/2026\/02\/Dark-Wood-Custom-Wine-Cabinet-with-Asymmetric-Display-Shelf-2-150x150.webp 150w, https:\/\/www.chicasafurniture.com\/wp-content\/uploads\/2026\/02\/Dark-Wood-Custom-Wine-Cabinet-with-Asymmetric-Display-Shelf-2-768x768.webp 768w, https:\/\/www.chicasafurniture.com\/wp-content\/uploads\/2026\/02\/Dark-Wood-Custom-Wine-Cabinet-with-Asymmetric-Display-Shelf-2-600x600.webp 600w, https:\/\/www.chicasafurniture.com\/wp-content\/uploads\/2026\/02\/Dark-Wood-Custom-Wine-Cabinet-with-Asymmetric-Display-Shelf-2-100x100.webp 100w\" sizes=\"(max-width: 800px) 100vw, 800px\" \/><\/figure>\n<\/div>\n<\/div>\n\n\n\n<div class=\"wp-block-columns is-layout-flex wp-container-core-columns-is-layout-9d6595d7 wp-block-columns-is-layout-flex\">\n<div class=\"wp-block-column is-layout-flow wp-block-column-is-layout-flow\">\n<figure class=\"wp-block-image size-full\"><img decoding=\"async\" width=\"1179\" height=\"1680\" src=\"https:\/\/www.chicasafurniture.com\/wp-content\/uploads\/2026\/02\/Dark-Wood-Custom-Wine-Cabinet-with-Asymmetric-Display-Shelf-5.webp\" alt=\"Individueller Weinschrank aus dunklem Holz mit asymmetrischem Regal-2\" class=\"wp-image-449\" srcset=\"https:\/\/www.chicasafurniture.com\/wp-content\/uploads\/2026\/02\/Dark-Wood-Custom-Wine-Cabinet-with-Asymmetric-Display-Shelf-5.webp 1179w, https:\/\/www.chicasafurniture.com\/wp-content\/uploads\/2026\/02\/Dark-Wood-Custom-Wine-Cabinet-with-Asymmetric-Display-Shelf-5-211x300.webp 211w, https:\/\/www.chicasafurniture.com\/wp-content\/uploads\/2026\/02\/Dark-Wood-Custom-Wine-Cabinet-with-Asymmetric-Display-Shelf-5-768x1094.webp 768w, https:\/\/www.chicasafurniture.com\/wp-content\/uploads\/2026\/02\/Dark-Wood-Custom-Wine-Cabinet-with-Asymmetric-Display-Shelf-5-600x855.webp 600w\" sizes=\"(max-width: 1179px) 100vw, 1179px\" \/><\/figure>\n<\/div>\n\n\n\n<div class=\"wp-block-column is-layout-flow wp-block-column-is-layout-flow\">\n<figure class=\"wp-block-image size-full\"><img decoding=\"async\" width=\"1179\" height=\"1680\" src=\"https:\/\/www.chicasafurniture.com\/wp-content\/uploads\/2026\/02\/Dark-Wood-Custom-Wine-Cabinet-with-Asymmetric-Display-Shelf-4.webp\" alt=\"Individueller Weinschrank aus dunklem Holz mit asymmetrischem Regal-2\" class=\"wp-image-448\" srcset=\"https:\/\/www.chicasafurniture.com\/wp-content\/uploads\/2026\/02\/Dark-Wood-Custom-Wine-Cabinet-with-Asymmetric-Display-Shelf-4.webp 1179w, https:\/\/www.chicasafurniture.com\/wp-content\/uploads\/2026\/02\/Dark-Wood-Custom-Wine-Cabinet-with-Asymmetric-Display-Shelf-4-211x300.webp 211w, https:\/\/www.chicasafurniture.com\/wp-content\/uploads\/2026\/02\/Dark-Wood-Custom-Wine-Cabinet-with-Asymmetric-Display-Shelf-4-768x1094.webp 768w, https:\/\/www.chicasafurniture.com\/wp-content\/uploads\/2026\/02\/Dark-Wood-Custom-Wine-Cabinet-with-Asymmetric-Display-Shelf-4-600x855.webp 600w\" sizes=\"(max-width: 1179px) 100vw, 1179px\" \/><\/figure>\n<\/div>\n<\/div>","protected":false},"excerpt":{"rendered":"<p>Willkommen beim Kauf von ma\u00dfgefertigten Lagerschr\u00e4nken. Dieser ma\u00dfgefertigte Weinschrank zeichnet sich durch eine tiefe, vertikale Holzmaserung aus, kombiniert mit asymmetrischen offenen Regalen und geschlossenen Staur\u00e4umen, die ein perfektes Gleichgewicht zwischen Praktikabilit\u00e4t und Kunstfertigkeit schaffen.<\/p>\n<table style=\"border-collapse: collapse; width: 222.03pt;\" border=\"0\" width=\"222\" cellspacing=\"0\" cellpadding=\"0\">\n<tbody>\n<tr style=\"height: 15.20pt;\">\n<td class=\"et2\" style=\"height: 15.20pt; width: 81.65pt;\" width=\"81\" height=\"15\">Hersteller<\/td>\n<td class=\"et2\" style=\"width: 140.80pt;\" width=\"140\">ChiCasa<\/td>\n<\/tr>\n<tr style=\"height: 15.20pt;\">\n<td class=\"et2\" style=\"height: 15.20pt;\" height=\"15\">Kategorie<\/td>\n<td class=\"et2\">Weinkabinett<\/td>\n<\/tr>\n<tr style=\"height: 15.20pt;\">\n<td class=\"et2\" style=\"height: 15.20pt;\" height=\"15\">Anmeldung<\/td>\n<td class=\"et2\">Speisesaal<\/td>\n<\/tr>\n<tr style=\"height: 15.20pt;\">\n<td class=\"et2\" style=\"height: 15.20pt;\" height=\"15\">Stil<\/td>\n<td class=\"et2\">Raffinierter Luxus<\/td>\n<\/tr>\n<tr style=\"height: 15.20pt;\">\n<td class=\"et2\" style=\"height: 15.20pt;\" height=\"15\">Modell<\/td>\n<td class=\"et2\">QMY-WC002<\/td>\n<\/tr>\n<tr style=\"height: 15.20pt;\">\n<td class=\"et2\" style=\"height: 15.20pt;\" height=\"15\">Personalisierung<\/td>\n<td class=\"et2\">Farbe, Gr\u00f6\u00dfe, Material<\/td>\n<\/tr>\n<tr style=\"height: 15.20pt;\">\n<td class=\"et2\" style=\"height: 15.20pt;\" height=\"15\">MOQ<\/td>\n<td class=\"et2\">1St\u00fcck<\/td>\n<\/tr>\n<\/tbody>\n<\/table>","protected":false},"featured_media":447,"comment_status":"closed","ping_status":"closed","template":"","meta":{"_acf_changed":false},"product_brand":[],"product_cat":[17,46],"product_tag":[],"class_list":{"0":"post-444","1":"product","2":"type-product","3":"status-publish","4":"has-post-thumbnail","6":"product_cat-custom-dining-room-furniture","7":"product_cat-custom-wine-cabinets","9":"first","10":"instock","11":"shipping-taxable","12":"product-type-simple"},"acf":[],"_links":{"self":[{"href":"https:\/\/www.chicasafurniture.com\/de\/wp-json\/wp\/v2\/product\/444","targetHints":{"allow":["GET"]}}],"collection":[{"href":"https:\/\/www.chicasafurniture.com\/de\/wp-json\/wp\/v2\/product"}],"about":[{"href":"https:\/\/www.chicasafurniture.com\/de\/wp-json\/wp\/v2\/types\/product"}],"replies":[{"embeddable":true,"href":"https:\/\/www.chicasafurniture.com\/de\/wp-json\/wp\/v2\/comments?post=444"}],"wp:featuredmedia":[{"embeddable":true,"href":"https:\/\/www.chicasafurniture.com\/de\/wp-json\/wp\/v2\/media\/447"}],"wp:attachment":[{"href":"https:\/\/www.chicasafurniture.com\/de\/wp-json\/wp\/v2\/media?parent=444"}],"wp:term":[{"taxonomy":"product_brand","embeddable":true,"href":"https:\/\/www.chicasafurniture.com\/de\/wp-json\/wp\/v2\/product_brand?post=444"},{"taxonomy":"product_cat","embeddable":true,"href":"https:\/\/www.chicasafurniture.com\/de\/wp-json\/wp\/v2\/product_cat?post=444"},{"taxonomy":"product_tag","embeddable":true,"href":"https:\/\/www.chicasafurniture.com\/de\/wp-json\/wp\/v2\/product_tag?post=444"}],"curies":[{"name":"wp","href":"https:\/\/api.w.org\/{rel}","templated":true}]}}