{"id":450,"date":"2026-02-26T09:22:04","date_gmt":"2026-02-26T09:22:04","guid":{"rendered":"https:\/\/www.chicasafurniture.com\/?post_type=product&#038;p=450"},"modified":"2026-03-10T03:20:33","modified_gmt":"2026-03-10T03:20:33","slug":"custom-leisure-chair","status":"publish","type":"product","link":"https:\/\/www.chicasafurniture.com\/de\/product\/custom-leisure-chair\/","title":{"rendered":"Freizeitstuhl aus Samtstoff mit konischen Holzbeinen"},"content":{"rendered":"<h2 class=\"wp-block-heading\">Produktspezifikationen von Custom Leisure Chair<\/h2>\n\n\n\n<figure class=\"wp-block-table\"><table class=\"has-fixed-layout\"><tbody><tr><td>Rahmen<\/td><td>Material der Abdeckung<\/td><td>F\u00fcllmaterial<\/td><td>Beine<\/td><td>Farbe<\/td><td>Gr\u00f6\u00dfe<\/td><td>Gewicht<\/td><\/tr><tr><td>Massivholz<\/td><td>Stoff<\/td><td>Schwamm mit hoher Dichte<\/td><td>Massivholz<\/td><td>Kundenspezifisch<\/td><td>Normale Gr\u00f6\u00dfe<\/td><td>35-50kg<\/td><\/tr><\/tbody><\/table><\/figure>\n\n\n\n<div class=\"wp-block-columns is-layout-flex wp-container-core-columns-is-layout-9d6595d7 wp-block-columns-is-layout-flex\">\n<div class=\"wp-block-column is-layout-flow wp-block-column-is-layout-flow\">\n<h2 class=\"wp-block-heading\">Premium Custom Leisure Chair Merkmale:<\/h2>\n\n\n\n<ul class=\"wp-block-list\">\n<li><strong>Klassisches Retro-Design: <\/strong>Dieser ma\u00dfgefertigte Freizeitsessel verf\u00fcgt \u00fcber eine glatte, geschwungene R\u00fcckenlehne und Armlehnen, die eine hervorragende Lendenwirbelst\u00fctze und einen bequemen Sitz bieten. Seine eleganten Linien sind ergonomisch gestaltet.<\/li>\n\n\n\n<li><strong>Hochwertiger Stoff: <\/strong>Unser ma\u00dfgeschneiderter Freizeitsessel besteht aus einem sorgf\u00e4ltig ausgew\u00e4hlten, tief strukturierten Stoff, der sich weich und zart anf\u00fchlt, strapazierf\u00e4hig ist und eine hervorragende Atmungsaktivit\u00e4t aufweist, so dass er sich f\u00fcr langes Sitzen oder Liegen eignet.<\/li>\n\n\n\n<li><strong>Exquisite Massivholzbeine: <\/strong>Dieser ma\u00dfgefertigte Freizeitsessel verf\u00fcgt \u00fcber konisch zulaufende Beine aus dunklem Massivholz und goldenen Metallakzenten, die f\u00fcr stabilen Halt sorgen und gleichzeitig einen Hauch von dezentem Luxus und Retro-Kunstfertigkeit vermitteln.<\/li>\n\n\n\n<li><strong>Volle Gr\u00f6\u00dfe und Stoffanpassung: <\/strong>Unser ma\u00dfgefertigter Freizeitsessel kann an die Gr\u00f6\u00dfe Ihres Raumes angepasst werden und bietet eine Vielzahl von Stofffarben, die perfekt zu Ihrem Wohnstil passen.<\/li>\n\n\n\n<li><strong>Vielseitiges dekoratives Attribut:<\/strong> Unser ma\u00dfgefertigter Freizeitsessel mit seinem einzigartigen tiefgr\u00fcnen Farbton und dem klassischen Design f\u00fcgt sich m\u00fchelos in verschiedene Einrichtungsstile ein, von modern \u00fcber retro bis hin zu schlichtem Luxus, und wird so zu einem optischen Blickfang in jedem Raum.<\/li>\n<\/ul>\n<\/div>\n\n\n\n<div class=\"wp-block-column is-layout-flow wp-block-column-is-layout-flow\">\n<figure class=\"wp-block-image size-full\"><img decoding=\"async\" width=\"1199\" height=\"1600\" src=\"https:\/\/www.chicasafurniture.com\/wp-content\/uploads\/2026\/02\/Green-Fabric-Custom-Leisure-Chair-with-Tapered-Wooden-Legs-1.webp\" alt=\"Freizeitstuhl aus gr\u00fcnem Stoff mit konischen Holzbeinen-1\" class=\"wp-image-451\" srcset=\"https:\/\/www.chicasafurniture.com\/wp-content\/uploads\/2026\/02\/Green-Fabric-Custom-Leisure-Chair-with-Tapered-Wooden-Legs-1.webp 1199w, https:\/\/www.chicasafurniture.com\/wp-content\/uploads\/2026\/02\/Green-Fabric-Custom-Leisure-Chair-with-Tapered-Wooden-Legs-1-225x300.webp 225w, https:\/\/www.chicasafurniture.com\/wp-content\/uploads\/2026\/02\/Green-Fabric-Custom-Leisure-Chair-with-Tapered-Wooden-Legs-1-768x1025.webp 768w, https:\/\/www.chicasafurniture.com\/wp-content\/uploads\/2026\/02\/Green-Fabric-Custom-Leisure-Chair-with-Tapered-Wooden-Legs-1-600x801.webp 600w\" sizes=\"(max-width: 1199px) 100vw, 1199px\" \/><\/figure>\n<\/div>\n<\/div>\n\n\n\n<figure class=\"wp-block-image size-full\"><img decoding=\"async\" width=\"2021\" height=\"1277\" src=\"https:\/\/www.chicasafurniture.com\/wp-content\/uploads\/2026\/02\/Green-Fabric-Custom-Leisure-Chair-with-Tapered-Wooden-Legs-4.webp\" alt=\"Freizeitsessel aus gr\u00fcnem Stoff mit verj\u00fcngten Holzbeinen-4\" class=\"wp-image-454\" srcset=\"https:\/\/www.chicasafurniture.com\/wp-content\/uploads\/2026\/02\/Green-Fabric-Custom-Leisure-Chair-with-Tapered-Wooden-Legs-4.webp 2021w, https:\/\/www.chicasafurniture.com\/wp-content\/uploads\/2026\/02\/Green-Fabric-Custom-Leisure-Chair-with-Tapered-Wooden-Legs-4-300x190.webp 300w, https:\/\/www.chicasafurniture.com\/wp-content\/uploads\/2026\/02\/Green-Fabric-Custom-Leisure-Chair-with-Tapered-Wooden-Legs-4-768x485.webp 768w, https:\/\/www.chicasafurniture.com\/wp-content\/uploads\/2026\/02\/Green-Fabric-Custom-Leisure-Chair-with-Tapered-Wooden-Legs-4-1200x758.webp 1200w, https:\/\/www.chicasafurniture.com\/wp-content\/uploads\/2026\/02\/Green-Fabric-Custom-Leisure-Chair-with-Tapered-Wooden-Legs-4-600x379.webp 600w\" sizes=\"(max-width: 2021px) 100vw, 2021px\" \/><\/figure>","protected":false},"excerpt":{"rendered":"<p>Willkommen bei der Bestellung von ma\u00dfgefertigten M\u00f6beln f\u00fcr Ihr Zuhause. Dieser ma\u00dfgefertigte Freizeitsessel mit seiner schlanken, geschwungenen Silhouette und seinem bequemen, st\u00fctzenden Sitzgef\u00fchl, gepaart mit den sich verj\u00fcngenden Massivholzbeinen im Retro-Stil, schafft Ihre eigene private Entspannungsecke.<\/p>\n<table style=\"border-collapse: collapse; width: 222.03pt;\" border=\"0\" width=\"222\" cellspacing=\"0\" cellpadding=\"0\">\n<tbody>\n<tr style=\"height: 15.20pt;\">\n<td class=\"et2\" style=\"height: 15.20pt; width: 81.65pt;\" width=\"81\" height=\"15\">Hersteller<\/td>\n<td class=\"et2\" style=\"width: 140.80pt;\" width=\"140\">ChiCasa<\/td>\n<\/tr>\n<tr style=\"height: 15.20pt;\">\n<td class=\"et2\" style=\"height: 15.20pt;\" height=\"15\">Kategorie<\/td>\n<td class=\"et2\">Freizeitstuhl<\/td>\n<\/tr>\n<tr style=\"height: 15.20pt;\">\n<td class=\"et2\" style=\"height: 15.20pt;\" height=\"15\">Anmeldung<\/td>\n<td class=\"et2\">Wohnbereich<\/td>\n<\/tr>\n<tr style=\"height: 15.20pt;\">\n<td class=\"et2\" style=\"height: 15.20pt;\" height=\"15\">Stil<\/td>\n<td class=\"et2\">Minimalistisch<\/td>\n<\/tr>\n<tr style=\"height: 15.20pt;\">\n<td class=\"et2\" style=\"height: 15.20pt;\" height=\"15\">Modell<\/td>\n<td class=\"et2\">QMY-LC001<\/td>\n<\/tr>\n<tr style=\"height: 15.20pt;\">\n<td class=\"et2\" style=\"height: 15.20pt;\" height=\"15\">Personalisierung<\/td>\n<td class=\"et2\">Farbe, Gr\u00f6\u00dfe, Material<\/td>\n<\/tr>\n<tr style=\"height: 15.20pt;\">\n<td class=\"et2\" style=\"height: 15.20pt;\" height=\"15\">MOQ<\/td>\n<td class=\"et2\">1St\u00fcck<\/td>\n<\/tr>\n<\/tbody>\n<\/table>","protected":false},"featured_media":453,"comment_status":"closed","ping_status":"closed","template":"","meta":{"_acf_changed":false},"product_brand":[],"product_cat":[16,25],"product_tag":[],"class_list":{"0":"post-450","1":"product","2":"type-product","3":"status-publish","4":"has-post-thumbnail","6":"product_cat-bespoke-living-room-furniture","7":"product_cat-bespoke-armchairs","9":"first","10":"instock","11":"shipping-taxable","12":"product-type-simple"},"acf":[],"_links":{"self":[{"href":"https:\/\/www.chicasafurniture.com\/de\/wp-json\/wp\/v2\/product\/450","targetHints":{"allow":["GET"]}}],"collection":[{"href":"https:\/\/www.chicasafurniture.com\/de\/wp-json\/wp\/v2\/product"}],"about":[{"href":"https:\/\/www.chicasafurniture.com\/de\/wp-json\/wp\/v2\/types\/product"}],"replies":[{"embeddable":true,"href":"https:\/\/www.chicasafurniture.com\/de\/wp-json\/wp\/v2\/comments?post=450"}],"wp:featuredmedia":[{"embeddable":true,"href":"https:\/\/www.chicasafurniture.com\/de\/wp-json\/wp\/v2\/media\/453"}],"wp:attachment":[{"href":"https:\/\/www.chicasafurniture.com\/de\/wp-json\/wp\/v2\/media?parent=450"}],"wp:term":[{"taxonomy":"product_brand","embeddable":true,"href":"https:\/\/www.chicasafurniture.com\/de\/wp-json\/wp\/v2\/product_brand?post=450"},{"taxonomy":"product_cat","embeddable":true,"href":"https:\/\/www.chicasafurniture.com\/de\/wp-json\/wp\/v2\/product_cat?post=450"},{"taxonomy":"product_tag","embeddable":true,"href":"https:\/\/www.chicasafurniture.com\/de\/wp-json\/wp\/v2\/product_tag?post=450"}],"curies":[{"name":"wp","href":"https:\/\/api.w.org\/{rel}","templated":true}]}}