{"id":456,"date":"2026-02-26T09:49:39","date_gmt":"2026-02-26T09:49:39","guid":{"rendered":"https:\/\/www.chicasafurniture.com\/?post_type=product&#038;p=456"},"modified":"2026-03-03T08:51:20","modified_gmt":"2026-03-03T08:51:20","slug":"custom-fabric-chair","status":"publish","type":"product","link":"https:\/\/www.chicasafurniture.com\/de\/product\/custom-fabric-chair\/","title":{"rendered":"Individueller Stoffstuhl mit goldenem Metallrahmen und Lederakzenten"},"content":{"rendered":"<h2 class=\"wp-block-heading\">Produktspezifikationen von Custom Fabric Chair<\/h2>\n\n\n\n<figure class=\"wp-block-table\"><table class=\"has-fixed-layout\"><tbody><tr><td>Rahmen<\/td><td>Material der Abdeckung<\/td><td>F\u00fcllmaterial<\/td><td>Beine<\/td><td>Farbe<\/td><td>Gr\u00f6\u00dfe<\/td><td>Gewicht<\/td><\/tr><tr><td>Massivholz<\/td><td>Stoff<\/td><td>Schwamm mit hoher Dichte<\/td><td>Massivholz<\/td><td>Kundenspezifisch<\/td><td>Normale Gr\u00f6\u00dfe<\/td><td>35-50kg<\/td><\/tr><\/tbody><\/table><\/figure>\n\n\n\n<div class=\"wp-block-columns is-layout-flex wp-container-core-columns-is-layout-9d6595d7 wp-block-columns-is-layout-flex\">\n<div class=\"wp-block-column is-layout-flow wp-block-column-is-layout-flow\">\n<h2 class=\"wp-block-heading\">Premium Custom Fabric Chair Merkmale:<\/h2>\n\n\n\n<ul class=\"wp-block-list\">\n<li><strong>Einzigartiges Design des Metallrahmens:<\/strong> Die vertikalen Stangen aus ros\u00e9goldenem Metall, die diesen ma\u00dfgefertigten Stoffstuhl umgeben, bieten nicht nur Halt, sondern \u00e4hneln auch einem raffinierten skulpturalen Kunstwerk, das Modernit\u00e4t und dekorativen Reiz ausstrahlt.<\/li>\n\n\n\n<li><strong>Hochwertiger Materialmix: <\/strong>Unser ma\u00dfgeschneiderter Freizeitsessel kombiniert hochwertiges dunkles Leder mit einer Stoffpolsterung, die einen zarten Touch und Haltbarkeit bietet. Die K\u00fchle des Metalls und die W\u00e4rme des Leders erg\u00e4nzen sich perfekt und unterstreichen den unaufdringlichen Luxus.<\/li>\n\n\n\n<li><strong>\u00dcberlegener Komfort:<\/strong> Dieser ma\u00dfgefertigte Stoffstuhl verf\u00fcgt \u00fcber ein verbreitertes und verdicktes Sitzkissen und eine hohe R\u00fcckenlehne, die rundum f\u00fcr Komfort und Halt sorgt, so dass Sie sich vollkommen entspannen k\u00f6nnen.<\/li>\n\n\n\n<li><strong>Robuste und langlebige Struktur:<\/strong> Der Metallrahmen dieses ma\u00dfgefertigten Freizeitstuhls ist pr\u00e4zise geschwei\u00dft und rostgesch\u00fctzt, so dass eine robuste Struktur mit hoher Tragf\u00e4higkeit entsteht, die auch nach langem Gebrauch keine Verformung zul\u00e4sst.<\/li>\n\n\n\n<li><strong>Full-Service-Anpassung:<\/strong> Unsere ma\u00dfgefertigten Stoffst\u00fchle lassen sich in Bezug auf Stofffarbe, Ledertyp und Metallic-Finish individuell anpassen und passen perfekt zum Stil Ihres Hauses oder Ihrer Gesch\u00e4ftsr\u00e4ume.<\/li>\n<\/ul>\n<\/div>\n\n\n\n<div class=\"wp-block-column is-layout-flow wp-block-column-is-layout-flow\">\n<figure class=\"wp-block-image size-full\"><img decoding=\"async\" width=\"900\" height=\"1200\" src=\"https:\/\/www.chicasafurniture.com\/wp-content\/uploads\/2026\/02\/Custom-Fabric-Chair-with-Gold-Metal-Frame-Leather-Accents-3.webp\" alt=\"Individueller Stoffstuhl mit goldenem Metallrahmen und Lederakzenten-3\" class=\"wp-image-459\" srcset=\"https:\/\/www.chicasafurniture.com\/wp-content\/uploads\/2026\/02\/Custom-Fabric-Chair-with-Gold-Metal-Frame-Leather-Accents-3.webp 900w, https:\/\/www.chicasafurniture.com\/wp-content\/uploads\/2026\/02\/Custom-Fabric-Chair-with-Gold-Metal-Frame-Leather-Accents-3-225x300.webp 225w, https:\/\/www.chicasafurniture.com\/wp-content\/uploads\/2026\/02\/Custom-Fabric-Chair-with-Gold-Metal-Frame-Leather-Accents-3-768x1024.webp 768w, https:\/\/www.chicasafurniture.com\/wp-content\/uploads\/2026\/02\/Custom-Fabric-Chair-with-Gold-Metal-Frame-Leather-Accents-3-600x800.webp 600w\" sizes=\"(max-width: 900px) 100vw, 900px\" \/><\/figure>\n<\/div>\n<\/div>\n\n\n\n<figure class=\"wp-block-image size-full\"><img decoding=\"async\" width=\"600\" height=\"450\" src=\"https:\/\/www.chicasafurniture.com\/wp-content\/uploads\/2026\/02\/Custom-Fabric-Chair-with-Gold-Metal-Frame-Leather-Accents-4.webp\" alt=\"Individueller Stoffstuhl mit goldenem Metallrahmen und Lederakzenten-4\" class=\"wp-image-460\" srcset=\"https:\/\/www.chicasafurniture.com\/wp-content\/uploads\/2026\/02\/Custom-Fabric-Chair-with-Gold-Metal-Frame-Leather-Accents-4.webp 600w, https:\/\/www.chicasafurniture.com\/wp-content\/uploads\/2026\/02\/Custom-Fabric-Chair-with-Gold-Metal-Frame-Leather-Accents-4-300x225.webp 300w\" sizes=\"(max-width: 600px) 100vw, 600px\" \/><\/figure>","protected":false},"excerpt":{"rendered":"<p>Willkommen bei der Bestellung eines ma\u00dfgeschneiderten Freizeitstuhls. Dieser ma\u00dfgefertigte Stoffsessel verbindet perfekt modernen industriellen Stil mit luxuri\u00f6ser Textur. Dunkle lederbezogene Arm- und R\u00fcckenlehnen, gepaart mit einem vertikalen Gestell aus ros\u00e9goldenem Metall, schaffen einen starken visuellen Kontrast und k\u00fcnstlerische Spannung.<\/p>\n<table style=\"border-collapse: collapse; width: 222.03pt;\" border=\"0\" width=\"222\" cellspacing=\"0\" cellpadding=\"0\">\n<tbody>\n<tr style=\"height: 15.20pt;\">\n<td class=\"et2\" style=\"height: 15.20pt; width: 81.65pt;\" width=\"81\" height=\"15\">Hersteller<\/td>\n<td class=\"et2\" style=\"width: 140.80pt;\" width=\"140\">ChiCasa<\/td>\n<\/tr>\n<tr style=\"height: 15.20pt;\">\n<td class=\"et2\" style=\"height: 15.20pt;\" height=\"15\">Kategorie<\/td>\n<td class=\"et2\">Sessel<\/td>\n<\/tr>\n<tr style=\"height: 15.20pt;\">\n<td class=\"et2\" style=\"height: 15.20pt;\" height=\"15\">Anmeldung<\/td>\n<td class=\"et2\">Wohnbereich<\/td>\n<\/tr>\n<tr style=\"height: 15.20pt;\">\n<td class=\"et2\" style=\"height: 15.20pt;\" height=\"15\">Stil<\/td>\n<td class=\"et2\">Minimalistisch<\/td>\n<\/tr>\n<tr style=\"height: 15.20pt;\">\n<td class=\"et2\" style=\"height: 15.20pt;\" height=\"15\">Modell<\/td>\n<td class=\"et2\">QMY-LC002<\/td>\n<\/tr>\n<tr style=\"height: 15.20pt;\">\n<td class=\"et2\" style=\"height: 15.20pt;\" height=\"15\">Personalisierung<\/td>\n<td class=\"et2\">Farbe, Gr\u00f6\u00dfe, Material<\/td>\n<\/tr>\n<tr style=\"height: 15.20pt;\">\n<td class=\"et2\" style=\"height: 15.20pt;\" height=\"15\">MOQ<\/td>\n<td class=\"et2\">1St\u00fcck<\/td>\n<\/tr>\n<\/tbody>\n<\/table>","protected":false},"featured_media":458,"comment_status":"closed","ping_status":"closed","template":"","meta":{"_acf_changed":false},"product_brand":[],"product_cat":[16,25],"product_tag":[],"class_list":{"0":"post-456","1":"product","2":"type-product","3":"status-publish","4":"has-post-thumbnail","6":"product_cat-bespoke-living-room-furniture","7":"product_cat-bespoke-armchairs","9":"first","10":"instock","11":"shipping-taxable","12":"product-type-simple"},"acf":[],"_links":{"self":[{"href":"https:\/\/www.chicasafurniture.com\/de\/wp-json\/wp\/v2\/product\/456","targetHints":{"allow":["GET"]}}],"collection":[{"href":"https:\/\/www.chicasafurniture.com\/de\/wp-json\/wp\/v2\/product"}],"about":[{"href":"https:\/\/www.chicasafurniture.com\/de\/wp-json\/wp\/v2\/types\/product"}],"replies":[{"embeddable":true,"href":"https:\/\/www.chicasafurniture.com\/de\/wp-json\/wp\/v2\/comments?post=456"}],"wp:featuredmedia":[{"embeddable":true,"href":"https:\/\/www.chicasafurniture.com\/de\/wp-json\/wp\/v2\/media\/458"}],"wp:attachment":[{"href":"https:\/\/www.chicasafurniture.com\/de\/wp-json\/wp\/v2\/media?parent=456"}],"wp:term":[{"taxonomy":"product_brand","embeddable":true,"href":"https:\/\/www.chicasafurniture.com\/de\/wp-json\/wp\/v2\/product_brand?post=456"},{"taxonomy":"product_cat","embeddable":true,"href":"https:\/\/www.chicasafurniture.com\/de\/wp-json\/wp\/v2\/product_cat?post=456"},{"taxonomy":"product_tag","embeddable":true,"href":"https:\/\/www.chicasafurniture.com\/de\/wp-json\/wp\/v2\/product_tag?post=456"}],"curies":[{"name":"wp","href":"https:\/\/api.w.org\/{rel}","templated":true}]}}