{"id":484,"date":"2026-02-27T07:16:02","date_gmt":"2026-02-27T07:16:02","guid":{"rendered":"https:\/\/www.chicasafurniture.com\/?post_type=product&#038;p=484"},"modified":"2026-02-27T08:14:36","modified_gmt":"2026-02-27T08:14:36","slug":"custom-console-table","status":"publish","type":"product","link":"https:\/\/www.chicasafurniture.com\/de\/product\/custom-console-table\/","title":{"rendered":"Raffinierter, luxuri\u00f6ser Konsolentisch mit Goldharz-Intarsien"},"content":{"rendered":"<h2 class=\"wp-block-heading\">Produktspezifikationen f\u00fcr Konsolentisch nach Ma\u00df<\/h2>\n\n\n\n<figure class=\"wp-block-table\"><table class=\"has-fixed-layout\"><tbody><tr><td>Rahmen<\/td><td>Material der Abdeckung<\/td><td>F\u00fcllmaterial<\/td><td>Beine<\/td><td>Farbe<\/td><td>Gr\u00f6\u00dfe<\/td><td>Gewicht<\/td><\/tr><tr><td>Metall<\/td><td>\/<\/td><td>\/<\/td><td>Metall<\/td><td>Kundenspezifisch<\/td><td>Kundenspezifisch<\/td><td>60-100kg<\/td><\/tr><\/tbody><\/table><\/figure>\n\n\n\n<div class=\"wp-block-columns is-layout-flex wp-container-core-columns-is-layout-9d6595d7 wp-block-columns-is-layout-flex\">\n<div class=\"wp-block-column is-layout-flow wp-block-column-is-layout-flow\">\n<h2 class=\"wp-block-heading\">Premium Custom Konsolentisch Merkmale:<\/h2>\n\n\n\n<ul class=\"wp-block-list\">\n<li><strong>Einzigartige Kunstfertigkeit aus Goldharz:<\/strong> Der Sockel dieses ma\u00dfgefertigten Konsolentisches wird mit einer handgegossenen Goldharztechnik hergestellt, die eine flie\u00dfende Textur und einen Glanz wie Lava aufweist und jedes St\u00fcck zu einem einzigartigen Kunstwerk macht.<\/li>\n\n\n\n<li><strong>\u00c4sthetisches Design mit hohem Kontrast: <\/strong>Die schwarze oder wei\u00dfe Hochglanz-Tischplatte dieser ma\u00dfgeschneiderten Eingangstische bildet einen starken Farb- und Strukturkontrast zum goldenen Sockel, der ein modernes und dennoch luxuri\u00f6ses und visuell eindrucksvolles Design ergibt.<\/li>\n\n\n\n<li><strong>Stabiles und leichtes Gewicht:<\/strong> Die Tischplatte dieses ma\u00dfgefertigten Konsolentischs besteht aus einer stabilen, hochverdichteten Platte, und das Untergestell ist genau berechnet, um sowohl die Tragf\u00e4higkeit zu gew\u00e4hrleisten als auch ein optisch leichtes, schwebendes Gef\u00fchl zu vermitteln.<\/li>\n\n\n\n<li><strong>Multifunktionale Anzeigefl\u00e4che: <\/strong>Unsere ma\u00dfgefertigten Eingangstische verf\u00fcgen \u00fcber eine ger\u00e4umige Tischplatte, die sich perfekt f\u00fcr die Pr\u00e4sentation von Vasen, Bilderrahmen, Kunstwerken oder f\u00fcr die allt\u00e4gliche Aufbewahrung eignet und so den Stil Ihres Hauses unterstreicht.<\/li>\n<\/ul>\n<\/div>\n\n\n\n<div class=\"wp-block-column is-layout-flow wp-block-column-is-layout-flow\">\n<figure class=\"wp-block-image size-full\"><img decoding=\"async\" width=\"900\" height=\"1350\" src=\"https:\/\/www.chicasafurniture.com\/wp-content\/uploads\/2026\/02\/Refined-Luxury-Custom-Console-Table-with-Gold-Resin-Inlay-3.webp\" alt=\"Raffinierter, luxuri\u00f6ser Konsolentisch mit Goldharzeinlage-3\" class=\"wp-image-487\" srcset=\"https:\/\/www.chicasafurniture.com\/wp-content\/uploads\/2026\/02\/Refined-Luxury-Custom-Console-Table-with-Gold-Resin-Inlay-3.webp 900w, https:\/\/www.chicasafurniture.com\/wp-content\/uploads\/2026\/02\/Refined-Luxury-Custom-Console-Table-with-Gold-Resin-Inlay-3-200x300.webp 200w, https:\/\/www.chicasafurniture.com\/wp-content\/uploads\/2026\/02\/Refined-Luxury-Custom-Console-Table-with-Gold-Resin-Inlay-3-768x1152.webp 768w, https:\/\/www.chicasafurniture.com\/wp-content\/uploads\/2026\/02\/Refined-Luxury-Custom-Console-Table-with-Gold-Resin-Inlay-3-600x900.webp 600w\" sizes=\"(max-width: 900px) 100vw, 900px\" \/><\/figure>\n<\/div>\n<\/div>\n\n\n\n<figure class=\"wp-block-image size-full\"><img decoding=\"async\" width=\"1200\" height=\"1350\" src=\"https:\/\/www.chicasafurniture.com\/wp-content\/uploads\/2026\/02\/Refined-Luxury-Custom-Console-Table-with-Gold-Resin-Inlay-4.webp\" alt=\"Raffinierter, luxuri\u00f6ser Konsolentisch mit Goldharzeinlage-4\" class=\"wp-image-488\" srcset=\"https:\/\/www.chicasafurniture.com\/wp-content\/uploads\/2026\/02\/Refined-Luxury-Custom-Console-Table-with-Gold-Resin-Inlay-4.webp 1200w, https:\/\/www.chicasafurniture.com\/wp-content\/uploads\/2026\/02\/Refined-Luxury-Custom-Console-Table-with-Gold-Resin-Inlay-4-267x300.webp 267w, https:\/\/www.chicasafurniture.com\/wp-content\/uploads\/2026\/02\/Refined-Luxury-Custom-Console-Table-with-Gold-Resin-Inlay-4-768x864.webp 768w, https:\/\/www.chicasafurniture.com\/wp-content\/uploads\/2026\/02\/Refined-Luxury-Custom-Console-Table-with-Gold-Resin-Inlay-4-600x675.webp 600w\" sizes=\"(max-width: 1200px) 100vw, 1200px\" \/><\/figure>","protected":false},"excerpt":{"rendered":"<p>Willkommen bei der Bestellung von ma\u00dfgeschneiderten Eingangstischen. Dieser ma\u00dfgefertigte Konsolentisch verbindet perfekt modernen Minimalismus mit luxuri\u00f6ser Kunst. Er verf\u00fcgt \u00fcber eine hochgl\u00e4nzend schwarz oder wei\u00df lackierte Tischplatte, gepaart mit einem optisch auff\u00e4lligen, wellenf\u00f6rmigen Sockel aus Goldharz, der an flie\u00dfendes, fl\u00fcssiges Gold erinnert.<\/p>\n<table style=\"border-collapse: collapse; width: 222.03pt;\" border=\"0\" width=\"222\" cellspacing=\"0\" cellpadding=\"0\">\n<tbody>\n<tr style=\"height: 15.20pt;\">\n<td class=\"et2\" style=\"height: 15.20pt; width: 81.65pt;\" width=\"81\" height=\"15\">Hersteller<\/td>\n<td class=\"et2\" style=\"width: 140.80pt;\" width=\"140\">ChiCasa<\/td>\n<\/tr>\n<tr style=\"height: 15.20pt;\">\n<td class=\"et2\" style=\"height: 15.20pt;\" height=\"15\">Kategorie<\/td>\n<td class=\"et2\">Konsolentisch<\/td>\n<\/tr>\n<tr style=\"height: 15.20pt;\">\n<td class=\"et2\" style=\"height: 15.20pt;\" height=\"15\">Anmeldung<\/td>\n<td class=\"et2\">Wohnbereich<\/td>\n<\/tr>\n<tr style=\"height: 15.20pt;\">\n<td class=\"et2\" style=\"height: 15.20pt;\" height=\"15\">Stil<\/td>\n<td class=\"et2\">Raffinierter Luxus<\/td>\n<\/tr>\n<tr style=\"height: 15.20pt;\">\n<td class=\"et2\" style=\"height: 15.20pt;\" height=\"15\">Modell<\/td>\n<td class=\"et2\">QMY-CS001<\/td>\n<\/tr>\n<tr style=\"height: 15.20pt;\">\n<td class=\"et2\" style=\"height: 15.20pt;\" height=\"15\">Personalisierung<\/td>\n<td class=\"et2\">Farbe, Gr\u00f6\u00dfe, Material<\/td>\n<\/tr>\n<tr style=\"height: 15.20pt;\">\n<td class=\"et2\" style=\"height: 15.20pt;\" height=\"15\">MOQ<\/td>\n<td class=\"et2\">1St\u00fcck<\/td>\n<\/tr>\n<\/tbody>\n<\/table>","protected":false},"featured_media":486,"comment_status":"closed","ping_status":"closed","template":"","meta":{"_acf_changed":false},"product_brand":[],"product_cat":[16,28],"product_tag":[],"class_list":{"0":"post-484","1":"product","2":"type-product","3":"status-publish","4":"has-post-thumbnail","6":"product_cat-bespoke-living-room-furniture","7":"product_cat-custom-console-tables","9":"first","10":"instock","11":"shipping-taxable","12":"product-type-simple"},"acf":[],"_links":{"self":[{"href":"https:\/\/www.chicasafurniture.com\/de\/wp-json\/wp\/v2\/product\/484","targetHints":{"allow":["GET"]}}],"collection":[{"href":"https:\/\/www.chicasafurniture.com\/de\/wp-json\/wp\/v2\/product"}],"about":[{"href":"https:\/\/www.chicasafurniture.com\/de\/wp-json\/wp\/v2\/types\/product"}],"replies":[{"embeddable":true,"href":"https:\/\/www.chicasafurniture.com\/de\/wp-json\/wp\/v2\/comments?post=484"}],"wp:featuredmedia":[{"embeddable":true,"href":"https:\/\/www.chicasafurniture.com\/de\/wp-json\/wp\/v2\/media\/486"}],"wp:attachment":[{"href":"https:\/\/www.chicasafurniture.com\/de\/wp-json\/wp\/v2\/media?parent=484"}],"wp:term":[{"taxonomy":"product_brand","embeddable":true,"href":"https:\/\/www.chicasafurniture.com\/de\/wp-json\/wp\/v2\/product_brand?post=484"},{"taxonomy":"product_cat","embeddable":true,"href":"https:\/\/www.chicasafurniture.com\/de\/wp-json\/wp\/v2\/product_cat?post=484"},{"taxonomy":"product_tag","embeddable":true,"href":"https:\/\/www.chicasafurniture.com\/de\/wp-json\/wp\/v2\/product_tag?post=484"}],"curies":[{"name":"wp","href":"https:\/\/api.w.org\/{rel}","templated":true}]}}