{"id":489,"date":"2026-02-27T08:15:25","date_gmt":"2026-02-27T08:15:25","guid":{"rendered":"https:\/\/www.chicasafurniture.com\/?post_type=product&#038;p=489"},"modified":"2026-02-27T08:24:05","modified_gmt":"2026-02-27T08:24:05","slug":"bespoke-marble-console-table","status":"publish","type":"product","link":"https:\/\/www.chicasafurniture.com\/de\/product\/bespoke-marble-console-table\/","title":{"rendered":"Moderner, ma\u00dfgeschneiderter Konsolentisch aus Marmor mit Blattgoldeinlage"},"content":{"rendered":"<h2 class=\"wp-block-heading\">Produktspezifikationen f\u00fcr Konsolentisch aus Marmor nach Ma\u00df<\/h2>\n\n\n\n<figure class=\"wp-block-table\"><table class=\"has-fixed-layout\"><tbody><tr><td>Rahmen<\/td><td>Material der Abdeckung<\/td><td>F\u00fcllmaterial<\/td><td>Beine<\/td><td>Farbe<\/td><td>Gr\u00f6\u00dfe<\/td><td>Gewicht<\/td><\/tr><tr><td>Stein<\/td><td>\/<\/td><td>\/<\/td><td>Stein<\/td><td>Kundenspezifisch<\/td><td>Kundenspezifisch<\/td><td>60-100kg<\/td><\/tr><\/tbody><\/table><\/figure>\n\n\n\n<div class=\"wp-block-columns is-layout-flex wp-container-core-columns-is-layout-9d6595d7 wp-block-columns-is-layout-flex\">\n<div class=\"wp-block-column is-layout-flow wp-block-column-is-layout-flow\">\n<h2 class=\"wp-block-heading\">Premium Bespoke Marmor Konsolentisch Merkmale:<\/h2>\n\n\n\n<ul class=\"wp-block-list\">\n<li><strong>Kunst aus Naturstein und Blattgold:<\/strong> Dieser ma\u00dfgefertigte Marmorkonsolentisch ist aus hochwertigem Naturmarmor gefertigt, in den von Hand unregelm\u00e4\u00dfig Blattgold eingelegt wird. Jedes St\u00fcck besitzt eine einzigartige Textur und einen einzigartigen Glanz, was es zu einem begehrten Sammlerst\u00fcck macht.<\/li>\n\n\n\n<li><strong>Minimalistische geometrische \u00c4sthetik: <\/strong>Unsere ma\u00dfgefertigten Eingangstische weisen eine klassische rechteckige Blockstruktur mit klaren, scharfen Linien auf. Goldene Metallstreifen dienen als Verbindungselemente, die die Monotonie des Steins durchbrechen und dem modernen industriellen Stil einen Hauch von Raffinesse verleihen.<\/li>\n\n\n\n<li><strong>Au\u00dfergew\u00f6hnliche Stabilit\u00e4t: <\/strong>Das zweis\u00e4ulige Fu\u00dfgestell dieses ma\u00dfgefertigten Marmorkonsolentischs sorgt f\u00fcr einen stabilen Schwerpunkt und eine hohe Tragf\u00e4higkeit, was die Langlebigkeit und Sicherheit des M\u00f6bels garantiert.<\/li>\n\n\n\n<li><strong>Vielseitige Dekorationsstile: <\/strong>Ob klassischer europ\u00e4ischer Palaststil, moderner Minimalismus oder dezenter Luxus - unsere ma\u00dfgefertigten Eingangstische f\u00fcgen sich perfekt ein und werden zum optischen Mittelpunkt eines jeden Raumes.<\/li>\n\n\n\n<li><strong>Full-Service-Anpassung: <\/strong>Unsere ma\u00dfgefertigten Marmorkonsolentische k\u00f6nnen an die Abmessungen Ihres Eingangsbereichs angepasst werden und bieten eine Vielzahl von Marmorfarben (z. B. wei\u00dfer Carrara, dunkler Esperia usw.) und Blattgold-Effekten, um ein einzigartiges Kunstwerk f\u00fcr Ihr Zuhause zu schaffen.<\/li>\n<\/ul>\n<\/div>\n\n\n\n<div class=\"wp-block-column is-layout-flow wp-block-column-is-layout-flow\">\n<figure class=\"wp-block-image size-full\"><img decoding=\"async\" width=\"800\" height=\"800\" src=\"https:\/\/www.chicasafurniture.com\/wp-content\/uploads\/2026\/02\/Modern-Bespoke-Marble-Console-Table-with-Gold-Leaf-Inlay-3.webp\" alt=\"Moderner Konsolentisch aus Marmor mit Blattgold-Intarsien-3\" class=\"wp-image-492\" srcset=\"https:\/\/www.chicasafurniture.com\/wp-content\/uploads\/2026\/02\/Modern-Bespoke-Marble-Console-Table-with-Gold-Leaf-Inlay-3.webp 800w, https:\/\/www.chicasafurniture.com\/wp-content\/uploads\/2026\/02\/Modern-Bespoke-Marble-Console-Table-with-Gold-Leaf-Inlay-3-300x300.webp 300w, https:\/\/www.chicasafurniture.com\/wp-content\/uploads\/2026\/02\/Modern-Bespoke-Marble-Console-Table-with-Gold-Leaf-Inlay-3-150x150.webp 150w, https:\/\/www.chicasafurniture.com\/wp-content\/uploads\/2026\/02\/Modern-Bespoke-Marble-Console-Table-with-Gold-Leaf-Inlay-3-768x768.webp 768w, https:\/\/www.chicasafurniture.com\/wp-content\/uploads\/2026\/02\/Modern-Bespoke-Marble-Console-Table-with-Gold-Leaf-Inlay-3-600x600.webp 600w, https:\/\/www.chicasafurniture.com\/wp-content\/uploads\/2026\/02\/Modern-Bespoke-Marble-Console-Table-with-Gold-Leaf-Inlay-3-100x100.webp 100w\" sizes=\"(max-width: 800px) 100vw, 800px\" \/><\/figure>\n<\/div>\n<\/div>\n\n\n\n<figure class=\"wp-block-image size-full\"><img decoding=\"async\" width=\"1200\" height=\"1413\" src=\"https:\/\/www.chicasafurniture.com\/wp-content\/uploads\/2026\/02\/Modern-Bespoke-Marble-Console-Table-with-Gold-Leaf-Inlay-4.webp\" alt=\"Moderner Konsolentisch aus Marmor mit Blattgold-Intarsien-4\" class=\"wp-image-493\" srcset=\"https:\/\/www.chicasafurniture.com\/wp-content\/uploads\/2026\/02\/Modern-Bespoke-Marble-Console-Table-with-Gold-Leaf-Inlay-4.webp 1200w, https:\/\/www.chicasafurniture.com\/wp-content\/uploads\/2026\/02\/Modern-Bespoke-Marble-Console-Table-with-Gold-Leaf-Inlay-4-255x300.webp 255w, https:\/\/www.chicasafurniture.com\/wp-content\/uploads\/2026\/02\/Modern-Bespoke-Marble-Console-Table-with-Gold-Leaf-Inlay-4-768x904.webp 768w, https:\/\/www.chicasafurniture.com\/wp-content\/uploads\/2026\/02\/Modern-Bespoke-Marble-Console-Table-with-Gold-Leaf-Inlay-4-600x707.webp 600w\" sizes=\"(max-width: 1200px) 100vw, 1200px\" \/><\/figure>","protected":false},"excerpt":{"rendered":"<p>Willkommen bei der Bestellung von ma\u00dfgeschneiderten Eingangstischen. Dieser ma\u00dfgefertigte Marmorkonsolentisch verbindet perfekt die Eleganz von nat\u00fcrlichem Marmor mit dem Luxus von goldenem Metall, wobei er die Solidit\u00e4t von Stein beibeh\u00e4lt und gleichzeitig eine leichte, moderne Ausstrahlung hat.<\/p>\n<table style=\"border-collapse: collapse; width: 222.03pt;\" border=\"0\" width=\"222\" cellspacing=\"0\" cellpadding=\"0\">\n<tbody>\n<tr style=\"height: 15.20pt;\">\n<td class=\"et2\" style=\"height: 15.20pt; width: 81.65pt;\" width=\"81\" height=\"15\">Hersteller<\/td>\n<td class=\"et2\" style=\"width: 140.80pt;\" width=\"140\">ChiCasa<\/td>\n<\/tr>\n<tr style=\"height: 15.20pt;\">\n<td class=\"et2\" style=\"height: 15.20pt;\" height=\"15\">Kategorie<\/td>\n<td class=\"et2\">Konsolentisch<\/td>\n<\/tr>\n<tr style=\"height: 15.20pt;\">\n<td class=\"et2\" style=\"height: 15.20pt;\" height=\"15\">Anmeldung<\/td>\n<td class=\"et2\">Wohnbereich<\/td>\n<\/tr>\n<tr style=\"height: 15.20pt;\">\n<td class=\"et2\" style=\"height: 15.20pt;\" height=\"15\">Stil<\/td>\n<td class=\"et2\">Raffinierter Luxus<\/td>\n<\/tr>\n<tr style=\"height: 15.20pt;\">\n<td class=\"et2\" style=\"height: 15.20pt;\" height=\"15\">Modell<\/td>\n<td class=\"et2\">QMY-CS003<\/td>\n<\/tr>\n<tr style=\"height: 15.20pt;\">\n<td class=\"et2\" style=\"height: 15.20pt;\" height=\"15\">Personalisierung<\/td>\n<td class=\"et2\">Farbe, Gr\u00f6\u00dfe, Material<\/td>\n<\/tr>\n<tr style=\"height: 15.20pt;\">\n<td class=\"et2\" style=\"height: 15.20pt;\" height=\"15\">MOQ<\/td>\n<td class=\"et2\">1St\u00fcck<\/td>\n<\/tr>\n<\/tbody>\n<\/table>","protected":false},"featured_media":491,"comment_status":"closed","ping_status":"closed","template":"","meta":{"_acf_changed":false},"product_brand":[],"product_cat":[16,28],"product_tag":[],"class_list":{"0":"post-489","1":"product","2":"type-product","3":"status-publish","4":"has-post-thumbnail","6":"product_cat-bespoke-living-room-furniture","7":"product_cat-custom-console-tables","9":"first","10":"instock","11":"shipping-taxable","12":"product-type-simple"},"acf":[],"_links":{"self":[{"href":"https:\/\/www.chicasafurniture.com\/de\/wp-json\/wp\/v2\/product\/489","targetHints":{"allow":["GET"]}}],"collection":[{"href":"https:\/\/www.chicasafurniture.com\/de\/wp-json\/wp\/v2\/product"}],"about":[{"href":"https:\/\/www.chicasafurniture.com\/de\/wp-json\/wp\/v2\/types\/product"}],"replies":[{"embeddable":true,"href":"https:\/\/www.chicasafurniture.com\/de\/wp-json\/wp\/v2\/comments?post=489"}],"wp:featuredmedia":[{"embeddable":true,"href":"https:\/\/www.chicasafurniture.com\/de\/wp-json\/wp\/v2\/media\/491"}],"wp:attachment":[{"href":"https:\/\/www.chicasafurniture.com\/de\/wp-json\/wp\/v2\/media?parent=489"}],"wp:term":[{"taxonomy":"product_brand","embeddable":true,"href":"https:\/\/www.chicasafurniture.com\/de\/wp-json\/wp\/v2\/product_brand?post=489"},{"taxonomy":"product_cat","embeddable":true,"href":"https:\/\/www.chicasafurniture.com\/de\/wp-json\/wp\/v2\/product_cat?post=489"},{"taxonomy":"product_tag","embeddable":true,"href":"https:\/\/www.chicasafurniture.com\/de\/wp-json\/wp\/v2\/product_tag?post=489"}],"curies":[{"name":"wp","href":"https:\/\/api.w.org\/{rel}","templated":true}]}}