{"id":494,"date":"2026-02-27T08:26:45","date_gmt":"2026-02-27T08:26:45","guid":{"rendered":"https:\/\/www.chicasafurniture.com\/?post_type=product&#038;p=494"},"modified":"2026-02-27T08:51:13","modified_gmt":"2026-02-27T08:51:13","slug":"custom-dressing-table","status":"publish","type":"product","link":"https:\/\/www.chicasafurniture.com\/de\/product\/custom-dressing-table\/","title":{"rendered":"Hochglanz-Frisierkommode mit gesteppten Lederbeinen"},"content":{"rendered":"<h2 class=\"wp-block-heading\">Produktspezifikationen f\u00fcr einen individuellen Schminktisch<\/h2>\n\n\n\n<figure class=\"wp-block-table\"><table class=\"has-fixed-layout\"><tbody><tr><td>Rahmen<\/td><td>Material der Abdeckung<\/td><td>F\u00fcllmaterial<\/td><td>Beine<\/td><td>Farbe<\/td><td>Gr\u00f6\u00dfe<\/td><td>Gewicht<\/td><\/tr><tr><td>Holz<\/td><td>Stoff<\/td><td>\/<\/td><td>Massivholz<\/td><td>Kundenspezifisch<\/td><td>Kundenspezifisch<\/td><td>50-75kg<\/td><\/tr><\/tbody><\/table><\/figure>\n\n\n\n<div class=\"wp-block-columns is-layout-flex wp-container-core-columns-is-layout-9d6595d7 wp-block-columns-is-layout-flex\">\n<div class=\"wp-block-column is-layout-flow wp-block-column-is-layout-flow\">\n<h2 class=\"wp-block-heading\">Premium Custom Luxury Bench M\u00f6bel Eigenschaften:<\/h2>\n\n\n\n<ul class=\"wp-block-list\">\n<li><strong>Einzigartiges gepolstertes Beindesign:<\/strong> Die Beine dieses ma\u00dfgefertigten Schminktisches sind mit hochwertigem Leder umh\u00fcllt, das mit einer exquisiten Steppung versehen ist und einen weichen und zarten Griff bietet.<\/li>\n\n\n\n<li><strong>Hochglanzlackierte Tischplatte:<\/strong> Dieser ma\u00dfgeschneiderte Waschtisch ist hochgl\u00e4nzend lackiert und hat eine glatte, spiegel\u00e4hnliche Oberfl\u00e4che, die leicht zu reinigen ist und das Licht reflektiert, wodurch der Raum heller und offener wirkt.<\/li>\n\n\n\n<li><strong>Glatte, geschwungene \u00c4sthetik<\/strong>: Dieser ma\u00dfgefertigte Schminktisch zeichnet sich durch weiche, flie\u00dfende Kurven aus, die elegant und ergonomisch sind und gleichzeitig eine moderne k\u00fcnstlerische Ausstrahlung haben.<\/li>\n\n\n\n<li><strong>Exquisite Hardware-Details:<\/strong> Die Schubladengriffe und Lederkanten dieses ma\u00dfgefertigten Waschtisches sind mit goldfarbenen Metalldetails akzentuiert, die die Liebe zum Detail unterstreichen und den unaufdringlichen Luxus und die Raffinesse betonen.<\/li>\n\n\n\n<li><strong>Vollst\u00e4ndige Gr\u00f6\u00dfen- und Materialanpassung:<\/strong> Unser ma\u00dfgefertigter Schminktisch kann an Ihr Schlafzimmer angepasst werden und bietet eine Vielzahl von Lederfarben, Stoffen und Lackfarben, die perfekt zu Ihrem Schlafzimmerdekor passen.<\/li>\n<\/ul>\n<\/div>\n\n\n\n<div class=\"wp-block-column is-layout-flow wp-block-column-is-layout-flow\">\n<figure class=\"wp-block-image size-full\"><img decoding=\"async\" width=\"800\" height=\"800\" src=\"https:\/\/www.chicasafurniture.com\/wp-content\/uploads\/2026\/02\/High-Gloss-Custom-Dressing-Table-with-Quilted-Leather-Legs-1.webp\" alt=\"Hochglanz-Frisierkommode mit gesteppten Lederbeinen-1\" class=\"wp-image-495\" srcset=\"https:\/\/www.chicasafurniture.com\/wp-content\/uploads\/2026\/02\/High-Gloss-Custom-Dressing-Table-with-Quilted-Leather-Legs-1.webp 800w, https:\/\/www.chicasafurniture.com\/wp-content\/uploads\/2026\/02\/High-Gloss-Custom-Dressing-Table-with-Quilted-Leather-Legs-1-300x300.webp 300w, https:\/\/www.chicasafurniture.com\/wp-content\/uploads\/2026\/02\/High-Gloss-Custom-Dressing-Table-with-Quilted-Leather-Legs-1-150x150.webp 150w, https:\/\/www.chicasafurniture.com\/wp-content\/uploads\/2026\/02\/High-Gloss-Custom-Dressing-Table-with-Quilted-Leather-Legs-1-768x768.webp 768w, https:\/\/www.chicasafurniture.com\/wp-content\/uploads\/2026\/02\/High-Gloss-Custom-Dressing-Table-with-Quilted-Leather-Legs-1-600x600.webp 600w, https:\/\/www.chicasafurniture.com\/wp-content\/uploads\/2026\/02\/High-Gloss-Custom-Dressing-Table-with-Quilted-Leather-Legs-1-100x100.webp 100w\" sizes=\"(max-width: 800px) 100vw, 800px\" \/><\/figure>\n<\/div>\n<\/div>\n\n\n\n<figure class=\"wp-block-image size-full\"><img decoding=\"async\" width=\"1200\" height=\"900\" src=\"https:\/\/www.chicasafurniture.com\/wp-content\/uploads\/2026\/02\/High-Gloss-Custom-Dressing-Table-with-Quilted-Leather-Legs-2.webp\" alt=\"Hochglanz-Frisierkommode mit gesteppten Lederbeinen-2\" class=\"wp-image-496\" srcset=\"https:\/\/www.chicasafurniture.com\/wp-content\/uploads\/2026\/02\/High-Gloss-Custom-Dressing-Table-with-Quilted-Leather-Legs-2.webp 1200w, https:\/\/www.chicasafurniture.com\/wp-content\/uploads\/2026\/02\/High-Gloss-Custom-Dressing-Table-with-Quilted-Leather-Legs-2-300x225.webp 300w, https:\/\/www.chicasafurniture.com\/wp-content\/uploads\/2026\/02\/High-Gloss-Custom-Dressing-Table-with-Quilted-Leather-Legs-2-768x576.webp 768w, https:\/\/www.chicasafurniture.com\/wp-content\/uploads\/2026\/02\/High-Gloss-Custom-Dressing-Table-with-Quilted-Leather-Legs-2-600x450.webp 600w\" sizes=\"(max-width: 1200px) 100vw, 1200px\" \/><\/figure>","protected":false},"excerpt":{"rendered":"<p>Willkommen beim Kauf eines ma\u00dfgefertigten Frisiertischs. Dieser ma\u00dfgefertigte Schminktisch verbindet perfekt luxuri\u00f6se Polsterung mit modernem Glanz. Die hochgl\u00e4nzend lackierte Tischplatte und die Schubladenpaneele, gepaart mit den einzigartigen gesteppten Lederbeinen, schaffen ein raffiniertes Gef\u00fchl, das an Haute Couture erinnert.<\/p>\n<table style=\"border-collapse: collapse; width: 222.03pt;\" border=\"0\" width=\"222\" cellspacing=\"0\" cellpadding=\"0\">\n<tbody>\n<tr style=\"height: 15.20pt;\">\n<td class=\"et2\" style=\"height: 15.20pt; width: 81.65pt;\" width=\"81\" height=\"15\">Hersteller<\/td>\n<td class=\"et2\" style=\"width: 140.80pt;\" width=\"140\">ChiCasa<\/td>\n<\/tr>\n<tr style=\"height: 15.20pt;\">\n<td class=\"et2\" style=\"height: 15.20pt;\" height=\"15\">Kategorie<\/td>\n<td class=\"et2\">Schminktisch<\/td>\n<\/tr>\n<tr style=\"height: 15.20pt;\">\n<td class=\"et2\" style=\"height: 15.20pt;\" height=\"15\">Anmeldung<\/td>\n<td class=\"et2\">Schlafzimmer<\/td>\n<\/tr>\n<tr style=\"height: 15.20pt;\">\n<td class=\"et2\" style=\"height: 15.20pt;\" height=\"15\">Stil<\/td>\n<td class=\"et2\">Raffinierter Luxus<\/td>\n<\/tr>\n<tr style=\"height: 15.20pt;\">\n<td class=\"et2\" style=\"height: 15.20pt;\" height=\"15\">Modell<\/td>\n<td class=\"et2\">QMY-DR001<\/td>\n<\/tr>\n<tr style=\"height: 15.20pt;\">\n<td class=\"et2\" style=\"height: 15.20pt;\" height=\"15\">Personalisierung<\/td>\n<td class=\"et2\">Farbe, Gr\u00f6\u00dfe, Material<\/td>\n<\/tr>\n<tr style=\"height: 15.20pt;\">\n<td class=\"et2\" style=\"height: 15.20pt;\" height=\"15\">MOQ<\/td>\n<td class=\"et2\">1St\u00fcck<\/td>\n<\/tr>\n<\/tbody>\n<\/table>","protected":false},"featured_media":495,"comment_status":"closed","ping_status":"closed","template":"","meta":{"_acf_changed":false},"product_brand":[],"product_cat":[18,35],"product_tag":[],"class_list":{"0":"post-494","1":"product","2":"type-product","3":"status-publish","4":"has-post-thumbnail","6":"product_cat-bespoke-bedroom-furniture","7":"product_cat-custom-makeup-vanities","9":"first","10":"instock","11":"shipping-taxable","12":"product-type-simple"},"acf":[],"_links":{"self":[{"href":"https:\/\/www.chicasafurniture.com\/de\/wp-json\/wp\/v2\/product\/494","targetHints":{"allow":["GET"]}}],"collection":[{"href":"https:\/\/www.chicasafurniture.com\/de\/wp-json\/wp\/v2\/product"}],"about":[{"href":"https:\/\/www.chicasafurniture.com\/de\/wp-json\/wp\/v2\/types\/product"}],"replies":[{"embeddable":true,"href":"https:\/\/www.chicasafurniture.com\/de\/wp-json\/wp\/v2\/comments?post=494"}],"wp:featuredmedia":[{"embeddable":true,"href":"https:\/\/www.chicasafurniture.com\/de\/wp-json\/wp\/v2\/media\/495"}],"wp:attachment":[{"href":"https:\/\/www.chicasafurniture.com\/de\/wp-json\/wp\/v2\/media?parent=494"}],"wp:term":[{"taxonomy":"product_brand","embeddable":true,"href":"https:\/\/www.chicasafurniture.com\/de\/wp-json\/wp\/v2\/product_brand?post=494"},{"taxonomy":"product_cat","embeddable":true,"href":"https:\/\/www.chicasafurniture.com\/de\/wp-json\/wp\/v2\/product_cat?post=494"},{"taxonomy":"product_tag","embeddable":true,"href":"https:\/\/www.chicasafurniture.com\/de\/wp-json\/wp\/v2\/product_tag?post=494"}],"curies":[{"name":"wp","href":"https:\/\/api.w.org\/{rel}","templated":true}]}}