{"id":497,"date":"2026-02-27T09:09:11","date_gmt":"2026-02-27T09:09:11","guid":{"rendered":"https:\/\/www.chicasafurniture.com\/?post_type=product&#038;p=497"},"modified":"2026-02-27T09:34:30","modified_gmt":"2026-02-27T09:34:30","slug":"custom-makeup-vanity-table","status":"publish","type":"product","link":"https:\/\/www.chicasafurniture.com\/de\/product\/custom-makeup-vanity-table\/","title":{"rendered":"Moderner, luxuri\u00f6ser, ma\u00dfgeschneiderter Schminktisch mit Lederplatte"},"content":{"rendered":"<h2 class=\"wp-block-heading\">Produktspezifikationen von Custom Makeup Vanity Table<\/h2>\n\n\n\n<figure class=\"wp-block-table\"><table class=\"has-fixed-layout\"><tbody><tr><td>Rahmen<\/td><td>Material der Abdeckung<\/td><td>F\u00fcllmaterial<\/td><td>Beine<\/td><td>Farbe<\/td><td>Gr\u00f6\u00dfe<\/td><td>Gewicht<\/td><\/tr><tr><td>Holz<\/td><td>Leder<\/td><td>\/<\/td><td>Massivholz<\/td><td>Kundenspezifisch<\/td><td>Kundenspezifisch<\/td><td>50-75kg<\/td><\/tr><\/tbody><\/table><\/figure>\n\n\n\n<div class=\"wp-block-columns is-layout-flex wp-container-core-columns-is-layout-9d6595d7 wp-block-columns-is-layout-flex\">\n<div class=\"wp-block-column is-layout-flow wp-block-column-is-layout-flow\">\n<h2 class=\"wp-block-heading\">Premium Custom Makeup Vanity Tisch Eigenschaften:<\/h2>\n\n\n\n<ul class=\"wp-block-list\">\n<li><strong>Das Zusammenspiel von Leder und Metall: <\/strong>Bei diesem ma\u00dfgefertigten Schminktisch wurde ein hochwertiger Lederbezug verwendet, der zart und hautfreundlich ist und Ger\u00e4usche wirksam reduziert. Der Sockel ist aus Metall im Vintage-Look gefertigt und erzeugt durch den Kontrast von warmen und k\u00fchlen Materialien eine einzigartige visuelle Spannung.<\/li>\n\n\n\n<li><strong>Stabile Rahmenkonstruktion:<\/strong> Das Metallgestell dieses ma\u00dfgefertigten Schminktisches besteht aus einem robusten, rechteckigen Rahmen, der f\u00fcr strukturelle Stabilit\u00e4t und hohe Belastbarkeit sorgt. Das durchbrochene Design an der Unterseite reduziert das optische Gewicht und l\u00e4sst ihn leicht und luftig erscheinen.<\/li>\n\n\n\n<li><strong>Exquisite Details:<\/strong> Die goldenen Schubladengriffe nehmen die Farbe des Metallsockels auf und unterstreichen den dezenten Luxus. Die sorgf\u00e4ltigen Paspeln an den Lederkanten zeugen von exquisiter Handwerkskunst.<\/li>\n\n\n\n<li><strong>Vollst\u00e4ndiger Anpassungsservice:<\/strong> Unsere ma\u00dfgefertigten Schminktische k\u00f6nnen individuell an Ihr Schlafzimmer angepasst werden und bieten eine Vielzahl von Lederfarben und Metalloberfl\u00e4chen, um Ihre ganz pers\u00f6nliche Schminktisch-Ecke zu schaffen.<\/li>\n<\/ul>\n<\/div>\n\n\n\n<div class=\"wp-block-column is-layout-flow wp-block-column-is-layout-flow\">\n<figure class=\"wp-block-image size-full\"><img decoding=\"async\" width=\"900\" height=\"1200\" src=\"https:\/\/www.chicasafurniture.com\/wp-content\/uploads\/2026\/02\/Modern-Luxury-Custom-Makeup-Vanity-Table-with-Leather-Top-2.webp\" alt=\"Moderner, luxuri\u00f6ser, ma\u00dfgeschneiderter Schminktisch mit Lederplatte-2\" class=\"wp-image-499\" srcset=\"https:\/\/www.chicasafurniture.com\/wp-content\/uploads\/2026\/02\/Modern-Luxury-Custom-Makeup-Vanity-Table-with-Leather-Top-2.webp 900w, https:\/\/www.chicasafurniture.com\/wp-content\/uploads\/2026\/02\/Modern-Luxury-Custom-Makeup-Vanity-Table-with-Leather-Top-2-225x300.webp 225w, https:\/\/www.chicasafurniture.com\/wp-content\/uploads\/2026\/02\/Modern-Luxury-Custom-Makeup-Vanity-Table-with-Leather-Top-2-768x1024.webp 768w, https:\/\/www.chicasafurniture.com\/wp-content\/uploads\/2026\/02\/Modern-Luxury-Custom-Makeup-Vanity-Table-with-Leather-Top-2-600x800.webp 600w\" sizes=\"(max-width: 900px) 100vw, 900px\" \/><\/figure>\n<\/div>\n<\/div>\n\n\n\n<div class=\"wp-block-columns is-layout-flex wp-container-core-columns-is-layout-9d6595d7 wp-block-columns-is-layout-flex\">\n<div class=\"wp-block-column is-layout-flow wp-block-column-is-layout-flow\">\n<figure class=\"wp-block-image size-full\"><img decoding=\"async\" width=\"1200\" height=\"1200\" src=\"https:\/\/www.chicasafurniture.com\/wp-content\/uploads\/2026\/02\/Modern-Luxury-Custom-Makeup-Vanity-Table-with-Leather-Top-3.webp\" alt=\"Moderner, luxuri\u00f6ser, ma\u00dfgeschneiderter Schminkkommode-Tisch mit Lederplatte-3\" class=\"wp-image-500\" srcset=\"https:\/\/www.chicasafurniture.com\/wp-content\/uploads\/2026\/02\/Modern-Luxury-Custom-Makeup-Vanity-Table-with-Leather-Top-3.webp 1200w, https:\/\/www.chicasafurniture.com\/wp-content\/uploads\/2026\/02\/Modern-Luxury-Custom-Makeup-Vanity-Table-with-Leather-Top-3-300x300.webp 300w, https:\/\/www.chicasafurniture.com\/wp-content\/uploads\/2026\/02\/Modern-Luxury-Custom-Makeup-Vanity-Table-with-Leather-Top-3-150x150.webp 150w, https:\/\/www.chicasafurniture.com\/wp-content\/uploads\/2026\/02\/Modern-Luxury-Custom-Makeup-Vanity-Table-with-Leather-Top-3-768x768.webp 768w, https:\/\/www.chicasafurniture.com\/wp-content\/uploads\/2026\/02\/Modern-Luxury-Custom-Makeup-Vanity-Table-with-Leather-Top-3-600x600.webp 600w, https:\/\/www.chicasafurniture.com\/wp-content\/uploads\/2026\/02\/Modern-Luxury-Custom-Makeup-Vanity-Table-with-Leather-Top-3-100x100.webp 100w\" sizes=\"(max-width: 1200px) 100vw, 1200px\" \/><\/figure>\n<\/div>\n\n\n\n<div class=\"wp-block-column is-layout-flow wp-block-column-is-layout-flow\">\n<figure class=\"wp-block-image size-full\"><img decoding=\"async\" width=\"1200\" height=\"1200\" src=\"https:\/\/www.chicasafurniture.com\/wp-content\/uploads\/2026\/02\/Modern-Luxury-Custom-Makeup-Vanity-Table-with-Leather-Top-4.webp\" alt=\"Moderner, luxuri\u00f6ser, ma\u00dfgeschneiderter Schminktisch mit Lederplatte-4\" class=\"wp-image-501\" srcset=\"https:\/\/www.chicasafurniture.com\/wp-content\/uploads\/2026\/02\/Modern-Luxury-Custom-Makeup-Vanity-Table-with-Leather-Top-4.webp 1200w, https:\/\/www.chicasafurniture.com\/wp-content\/uploads\/2026\/02\/Modern-Luxury-Custom-Makeup-Vanity-Table-with-Leather-Top-4-300x300.webp 300w, https:\/\/www.chicasafurniture.com\/wp-content\/uploads\/2026\/02\/Modern-Luxury-Custom-Makeup-Vanity-Table-with-Leather-Top-4-150x150.webp 150w, https:\/\/www.chicasafurniture.com\/wp-content\/uploads\/2026\/02\/Modern-Luxury-Custom-Makeup-Vanity-Table-with-Leather-Top-4-768x768.webp 768w, https:\/\/www.chicasafurniture.com\/wp-content\/uploads\/2026\/02\/Modern-Luxury-Custom-Makeup-Vanity-Table-with-Leather-Top-4-600x600.webp 600w, https:\/\/www.chicasafurniture.com\/wp-content\/uploads\/2026\/02\/Modern-Luxury-Custom-Makeup-Vanity-Table-with-Leather-Top-4-100x100.webp 100w\" sizes=\"(max-width: 1200px) 100vw, 1200px\" \/><\/figure>\n<\/div>\n<\/div>","protected":false},"excerpt":{"rendered":"<p>Willkommen zum Kauf unseres ma\u00dfgeschneiderten Schminktischs. Dieser ma\u00dfgefertigte Schminktisch verf\u00fcgt \u00fcber eine geschmeidige, mit Leder ummantelte Tischplatte, die ein warmes und komfortables Gef\u00fchl vermittelt, gepaart mit einem Metallgestell im Vintage-Look, das einen starken und dennoch dynamischen Look erzeugt.<\/p>\n<table style=\"border-collapse: collapse; width: 222.03pt;\" border=\"0\" width=\"222\" cellspacing=\"0\" cellpadding=\"0\">\n<tbody>\n<tr style=\"height: 15.20pt;\">\n<td class=\"et2\" style=\"height: 15.20pt; width: 81.65pt;\" width=\"81\" height=\"15\">Hersteller<\/td>\n<td class=\"et2\" style=\"width: 140.80pt;\" width=\"140\">ChiCasa<\/td>\n<\/tr>\n<tr style=\"height: 15.20pt;\">\n<td class=\"et2\" style=\"height: 15.20pt;\" height=\"15\">Kategorie<\/td>\n<td class=\"et2\">Schminktisch<\/td>\n<\/tr>\n<tr style=\"height: 15.20pt;\">\n<td class=\"et2\" style=\"height: 15.20pt;\" height=\"15\">Anmeldung<\/td>\n<td class=\"et2\">Schlafzimmer<\/td>\n<\/tr>\n<tr style=\"height: 15.20pt;\">\n<td class=\"et2\" style=\"height: 15.20pt;\" height=\"15\">Stil<\/td>\n<td class=\"et2\">Raffinierter Luxus<\/td>\n<\/tr>\n<tr style=\"height: 15.20pt;\">\n<td class=\"et2\" style=\"height: 15.20pt;\" height=\"15\">Modell<\/td>\n<td class=\"et2\">QMY-DR003<\/td>\n<\/tr>\n<tr style=\"height: 15.20pt;\">\n<td class=\"et2\" style=\"height: 15.20pt;\" height=\"15\">Personalisierung<\/td>\n<td class=\"et2\">Farbe, Gr\u00f6\u00dfe, Material<\/td>\n<\/tr>\n<tr style=\"height: 15.20pt;\">\n<td class=\"et2\" style=\"height: 15.20pt;\" height=\"15\">MOQ<\/td>\n<td class=\"et2\">1St\u00fcck<\/td>\n<\/tr>\n<\/tbody>\n<\/table>","protected":false},"featured_media":498,"comment_status":"closed","ping_status":"closed","template":"","meta":{"_acf_changed":false},"product_brand":[],"product_cat":[18,35],"product_tag":[],"class_list":{"0":"post-497","1":"product","2":"type-product","3":"status-publish","4":"has-post-thumbnail","6":"product_cat-bespoke-bedroom-furniture","7":"product_cat-custom-makeup-vanities","9":"first","10":"instock","11":"shipping-taxable","12":"product-type-simple"},"acf":[],"_links":{"self":[{"href":"https:\/\/www.chicasafurniture.com\/de\/wp-json\/wp\/v2\/product\/497","targetHints":{"allow":["GET"]}}],"collection":[{"href":"https:\/\/www.chicasafurniture.com\/de\/wp-json\/wp\/v2\/product"}],"about":[{"href":"https:\/\/www.chicasafurniture.com\/de\/wp-json\/wp\/v2\/types\/product"}],"replies":[{"embeddable":true,"href":"https:\/\/www.chicasafurniture.com\/de\/wp-json\/wp\/v2\/comments?post=497"}],"wp:featuredmedia":[{"embeddable":true,"href":"https:\/\/www.chicasafurniture.com\/de\/wp-json\/wp\/v2\/media\/498"}],"wp:attachment":[{"href":"https:\/\/www.chicasafurniture.com\/de\/wp-json\/wp\/v2\/media?parent=497"}],"wp:term":[{"taxonomy":"product_brand","embeddable":true,"href":"https:\/\/www.chicasafurniture.com\/de\/wp-json\/wp\/v2\/product_brand?post=497"},{"taxonomy":"product_cat","embeddable":true,"href":"https:\/\/www.chicasafurniture.com\/de\/wp-json\/wp\/v2\/product_cat?post=497"},{"taxonomy":"product_tag","embeddable":true,"href":"https:\/\/www.chicasafurniture.com\/de\/wp-json\/wp\/v2\/product_tag?post=497"}],"curies":[{"name":"wp","href":"https:\/\/api.w.org\/{rel}","templated":true}]}}