{"id":502,"date":"2026-02-27T09:38:38","date_gmt":"2026-02-27T09:38:38","guid":{"rendered":"https:\/\/www.chicasafurniture.com\/?post_type=product&#038;p=502"},"modified":"2026-02-27T09:53:21","modified_gmt":"2026-02-27T09:53:21","slug":"bespoke-nightstand","status":"publish","type":"product","link":"https:\/\/www.chicasafurniture.com\/de\/product\/bespoke-nightstand\/","title":{"rendered":"Ma\u00dfgeschneiderter Nachttisch mit Lederschubladen und LED-Beleuchtung"},"content":{"rendered":"<h2 class=\"wp-block-heading\">Produktspezifikationen von Bespoke Nightstand<\/h2>\n\n\n\n<figure class=\"wp-block-table\"><table class=\"has-fixed-layout\"><tbody><tr><td>Rahmen<\/td><td>Material der Abdeckung<\/td><td>F\u00fcllmaterial<\/td><td>Beine<\/td><td>Farbe<\/td><td>Gr\u00f6\u00dfe<\/td><td>Gewicht<\/td><\/tr><tr><td>Sperrholz<\/td><td>\/<\/td><td>\/<\/td><td>Metall<\/td><td>Kundenspezifisch<\/td><td>Kundenspezifisch<\/td><td>20-35kg<\/td><\/tr><\/tbody><\/table><\/figure>\n\n\n\n<div class=\"wp-block-columns is-layout-flex wp-container-core-columns-is-layout-9d6595d7 wp-block-columns-is-layout-flex\">\n<div class=\"wp-block-column is-layout-flow wp-block-column-is-layout-flow\">\n<h2 class=\"wp-block-heading\">Premium Bespoke Nachttisch Merkmale:<\/h2>\n\n\n\n<ul class=\"wp-block-list\">\n<li><strong>Luxuri\u00f6se Kombination aus Leder und Metall: <\/strong>Die Schubladenblenden dieses ma\u00dfgefertigten Nachttisches sind mit hochwertigem Leder gepolstert und haben einen gl\u00e4nzenden Metallrahmen. Der Kontrast zwischen warmen und k\u00fchlen Materialien schafft ein raffiniertes, unaufdringliches Luxusgef\u00fchl, das sich angenehm anf\u00fchlt und leicht zu pflegen ist.<\/li>\n\n\n\n<li><strong>Intelligente Umgebungsbeleuchtung:<\/strong> Die offenen Regale dieses ma\u00dfgefertigten Nachttischs sind mit integrierten LED-Leisten ausgestattet, die f\u00fcr eine weiche und gleichm\u00e4\u00dfige Beleuchtung sorgen. Dies erleichtert nicht nur den n\u00e4chtlichen Zugriff auf die Gegenst\u00e4nde, sondern dient auch als Umgebungslicht am Bett, das die W\u00e4rme und den Stil des Schlafzimmers unterstreicht.<\/li>\n\n\n\n<li><strong>Einzigartiges geometrisches Design: <\/strong>Unser ma\u00dfgefertigter Nachttisch zeichnet sich durch ein asymmetrisches geometrisches Design aus, das die Monotonie traditioneller Nachttische durchbricht und ihm einen modernen k\u00fcnstlerischen Touch verleiht, der ihn optisch unverwechselbar macht.<\/li>\n\n\n\n<li><strong>Multifunktionaler Stauraum: <\/strong>Unser ma\u00dfgefertigter Nachttisch kombiniert offene Regale mit geschlossenen Schubladen, die es Ihnen erm\u00f6glichen, dekorative Gegenst\u00e4nde auszustellen und gleichzeitig pers\u00f6nliche Dinge aufzubewahren, und erf\u00fcllt so die unterschiedlichsten Stauraumanforderungen im Schlafzimmer.<\/li>\n\n\n\n<li><strong>Full-Service-Anpassung: <\/strong>Unsere ma\u00dfgefertigten Nachttische k\u00f6nnen in Bezug auf die Lederfarbe, die Metalloberfl\u00e4che und die Gr\u00f6\u00dfe individuell angepasst werden, um perfekt zu Ihrem Schlafzimmerstil zu passen und einen einzigartigen Raum zu schaffen.<\/li>\n<\/ul>\n<\/div>\n\n\n\n<div class=\"wp-block-column is-layout-flow wp-block-column-is-layout-flow\">\n<figure class=\"wp-block-image size-full\"><img decoding=\"async\" width=\"1132\" height=\"1326\" src=\"https:\/\/www.chicasafurniture.com\/wp-content\/uploads\/2026\/02\/Bespoke-Nightstand-with-Leather-Drawers-LED-Lighting-3.webp\" alt=\"Ma\u00dfgeschneiderter Nachttisch mit Lederschubladen und LED-Beleuchtung-3\" class=\"wp-image-505\" srcset=\"https:\/\/www.chicasafurniture.com\/wp-content\/uploads\/2026\/02\/Bespoke-Nightstand-with-Leather-Drawers-LED-Lighting-3.webp 1132w, https:\/\/www.chicasafurniture.com\/wp-content\/uploads\/2026\/02\/Bespoke-Nightstand-with-Leather-Drawers-LED-Lighting-3-256x300.webp 256w, https:\/\/www.chicasafurniture.com\/wp-content\/uploads\/2026\/02\/Bespoke-Nightstand-with-Leather-Drawers-LED-Lighting-3-768x900.webp 768w, https:\/\/www.chicasafurniture.com\/wp-content\/uploads\/2026\/02\/Bespoke-Nightstand-with-Leather-Drawers-LED-Lighting-3-600x703.webp 600w\" sizes=\"(max-width: 1132px) 100vw, 1132px\" \/><\/figure>\n<\/div>\n<\/div>\n\n\n\n<figure class=\"wp-block-image size-full\"><img decoding=\"async\" width=\"2048\" height=\"1173\" src=\"https:\/\/www.chicasafurniture.com\/wp-content\/uploads\/2026\/02\/Bespoke-Nightstand-with-Leather-Drawers-LED-Lighting-4.webp\" alt=\"Ma\u00dfgeschneiderter Nachttisch mit Lederschubladen und LED-Beleuchtung-4\" class=\"wp-image-506\" srcset=\"https:\/\/www.chicasafurniture.com\/wp-content\/uploads\/2026\/02\/Bespoke-Nightstand-with-Leather-Drawers-LED-Lighting-4.webp 2048w, https:\/\/www.chicasafurniture.com\/wp-content\/uploads\/2026\/02\/Bespoke-Nightstand-with-Leather-Drawers-LED-Lighting-4-300x172.webp 300w, https:\/\/www.chicasafurniture.com\/wp-content\/uploads\/2026\/02\/Bespoke-Nightstand-with-Leather-Drawers-LED-Lighting-4-768x440.webp 768w, https:\/\/www.chicasafurniture.com\/wp-content\/uploads\/2026\/02\/Bespoke-Nightstand-with-Leather-Drawers-LED-Lighting-4-1200x687.webp 1200w, https:\/\/www.chicasafurniture.com\/wp-content\/uploads\/2026\/02\/Bespoke-Nightstand-with-Leather-Drawers-LED-Lighting-4-600x344.webp 600w\" sizes=\"(max-width: 2048px) 100vw, 2048px\" \/><\/figure>","protected":false},"excerpt":{"rendered":"<p>Willkommen zum Kauf von Nachttischen nach Ma\u00df. Dieser ma\u00dfgefertigte Nachttisch verf\u00fcgt \u00fcber hochwertige, mit Leder ummantelte Schubladenpaneele mit einem weichen, warmen Griff, gepaart mit einem raffinierten Metallrahmen und klaren, scharfen Linien.<\/p>\n<table style=\"border-collapse: collapse; width: 222.03pt;\" border=\"0\" width=\"222\" cellspacing=\"0\" cellpadding=\"0\">\n<tbody>\n<tr style=\"height: 15.20pt;\">\n<td class=\"et2\" style=\"height: 15.20pt; width: 81.65pt;\" width=\"81\" height=\"15\">Hersteller<\/td>\n<td class=\"et2\" style=\"width: 140.80pt;\" width=\"140\">ChiCasa<\/td>\n<\/tr>\n<tr style=\"height: 15.20pt;\">\n<td class=\"et2\" style=\"height: 15.20pt;\" height=\"15\">Kategorie<\/td>\n<td class=\"et2\">Nachttisch<\/td>\n<\/tr>\n<tr style=\"height: 15.20pt;\">\n<td class=\"et2\" style=\"height: 15.20pt;\" height=\"15\">Anmeldung<\/td>\n<td class=\"et2\">Schlafzimmer<\/td>\n<\/tr>\n<tr style=\"height: 15.20pt;\">\n<td class=\"et2\" style=\"height: 15.20pt;\" height=\"15\">Stil<\/td>\n<td class=\"et2\">Raffinierter Luxus<\/td>\n<\/tr>\n<tr style=\"height: 15.20pt;\">\n<td class=\"et2\" style=\"height: 15.20pt;\" height=\"15\">Modell<\/td>\n<td class=\"et2\">QMY-NS001<\/td>\n<\/tr>\n<tr style=\"height: 15.20pt;\">\n<td class=\"et2\" style=\"height: 15.20pt;\" height=\"15\">Personalisierung<\/td>\n<td class=\"et2\">Farbe, Gr\u00f6\u00dfe, Material<\/td>\n<\/tr>\n<tr style=\"height: 15.20pt;\">\n<td class=\"et2\" style=\"height: 15.20pt;\" height=\"15\">MOQ<\/td>\n<td class=\"et2\">1St\u00fcck<\/td>\n<\/tr>\n<\/tbody>\n<\/table>","protected":false},"featured_media":503,"comment_status":"closed","ping_status":"closed","template":"","meta":{"_acf_changed":false},"product_brand":[],"product_cat":[18,34],"product_tag":[],"class_list":{"0":"post-502","1":"product","2":"type-product","3":"status-publish","4":"has-post-thumbnail","6":"product_cat-bespoke-bedroom-furniture","7":"product_cat-custom-nightstand","9":"first","10":"instock","11":"shipping-taxable","12":"product-type-simple"},"acf":[],"_links":{"self":[{"href":"https:\/\/www.chicasafurniture.com\/de\/wp-json\/wp\/v2\/product\/502","targetHints":{"allow":["GET"]}}],"collection":[{"href":"https:\/\/www.chicasafurniture.com\/de\/wp-json\/wp\/v2\/product"}],"about":[{"href":"https:\/\/www.chicasafurniture.com\/de\/wp-json\/wp\/v2\/types\/product"}],"replies":[{"embeddable":true,"href":"https:\/\/www.chicasafurniture.com\/de\/wp-json\/wp\/v2\/comments?post=502"}],"wp:featuredmedia":[{"embeddable":true,"href":"https:\/\/www.chicasafurniture.com\/de\/wp-json\/wp\/v2\/media\/503"}],"wp:attachment":[{"href":"https:\/\/www.chicasafurniture.com\/de\/wp-json\/wp\/v2\/media?parent=502"}],"wp:term":[{"taxonomy":"product_brand","embeddable":true,"href":"https:\/\/www.chicasafurniture.com\/de\/wp-json\/wp\/v2\/product_brand?post=502"},{"taxonomy":"product_cat","embeddable":true,"href":"https:\/\/www.chicasafurniture.com\/de\/wp-json\/wp\/v2\/product_cat?post=502"},{"taxonomy":"product_tag","embeddable":true,"href":"https:\/\/www.chicasafurniture.com\/de\/wp-json\/wp\/v2\/product_tag?post=502"}],"curies":[{"name":"wp","href":"https:\/\/api.w.org\/{rel}","templated":true}]}}