{"id":508,"date":"2026-02-27T09:54:52","date_gmt":"2026-02-27T09:54:52","guid":{"rendered":"https:\/\/www.chicasafurniture.com\/?post_type=product&#038;p=508"},"modified":"2026-02-27T10:11:50","modified_gmt":"2026-02-27T10:11:50","slug":"custom-wood-coffee-table","status":"publish","type":"product","link":"https:\/\/www.chicasafurniture.com\/de\/product\/custom-wood-coffee-table\/","title":{"rendered":"Stilvoller Couchtisch aus Holz mit skulpturalem Stahlfu\u00df"},"content":{"rendered":"<h2 class=\"wp-block-heading\">Produktspezifikationen von Custom Wood Couchtisch<\/h2>\n\n\n\n<figure class=\"wp-block-table\"><table class=\"has-fixed-layout\"><tbody><tr><td>Rahmen<\/td><td>Material der Abdeckung<\/td><td>F\u00fcllmaterial<\/td><td>Beine<\/td><td>Farbe<\/td><td>Gr\u00f6\u00dfe<\/td><td>Gewicht<\/td><\/tr><tr><td>Massivholz<\/td><td>\/<\/td><td>\/<\/td><td>Massivholz<\/td><td>Kundenspezifisch<\/td><td>Kundenspezifisch<\/td><td>50-100kg<\/td><\/tr><\/tbody><\/table><\/figure>\n\n\n\n<div class=\"wp-block-columns is-layout-flex wp-container-core-columns-is-layout-9d6595d7 wp-block-columns-is-layout-flex\">\n<div class=\"wp-block-column is-layout-flow wp-block-column-is-layout-flow\">\n<h2 class=\"wp-block-heading\">Premium Custom Wood Couchtisch Merkmale:<\/h2>\n\n\n\n<ul class=\"wp-block-list\">\n<li><strong>Massivholz Tischplatte:<\/strong> F\u00fcr diesen ma\u00dfgefertigten Couchtisch werden sorgf\u00e4ltig ausgew\u00e4hlte, gro\u00dfformatige Massivholzbretter verwendet, bei denen die einzigartige nat\u00fcrliche Maserung und die \u00c4ste erhalten bleiben. Die Oberfl\u00e4che ist mit umweltfreundlichem Holzwachs\u00f6l beschichtet, das ihr eine warme und glatte Haptik verleiht. Jedes St\u00fcck ist ein einzigartiges Kunstwerk.<\/li>\n\n\n\n<li><strong>Skulpturaler Metallsockel: <\/strong>Das Gestell dieses ma\u00dfgefertigten Couchtisches ist aus dicken Stahlplatten geschnitten und geschwei\u00dft und hat eine geometrische, dreidimensionale Form. Die mattschwarze Oberfl\u00e4che verleiht ihm eine hochwertige Ausstrahlung, und die Struktur ist robust und sehr belastbar.<\/li>\n\n\n\n<li><strong>Ein visueller Dialog zwischen Natur und Modernit\u00e4t: <\/strong>Das warme und einladende Gef\u00fchl des Massivholzes in diesem ma\u00dfgefertigten Couchtisch steht in subtilem Kontrast zum k\u00fchlen, industriellen Gef\u00fchl des Metalls und schafft reiche visuelle Schichten und ein Gef\u00fchl des Dialogs im Raum.<\/li>\n\n\n\n<li><strong>\u00c4u\u00dferst haltbare Struktur:<\/strong> Sowohl die Massivholz- als auch die Stahlkonstruktion dieses ma\u00dfgefertigten Couchtischs werden sorgf\u00e4ltig verarbeitet, so dass sie feuchtigkeitsbest\u00e4ndig und kratzfest sind. Sie halten dem t\u00e4glichen Gebrauch sowie Temperatur- und Feuchtigkeitsschwankungen stand und sind langfristig stabil und verformungsfrei.<\/li>\n\n\n\n<li><strong>Anpassungen in voller Gr\u00f6\u00dfe:<\/strong> Unsere ma\u00dfgefertigten Couchtische aus Holz k\u00f6nnen individuell an Ihr Wohnzimmer angepasst werden, einschlie\u00dflich der Gr\u00f6\u00dfe der Tischplatte, der Holzart, der St\u00e4rke und der Farbe des Untergestells aus Metall, so dass sie sich perfekt in Ihr Wohnambiente einf\u00fcgen.<\/li>\n<\/ul>\n<\/div>\n\n\n\n<div class=\"wp-block-column is-layout-flow wp-block-column-is-layout-flow\">\n<figure class=\"wp-block-image size-full\"><img decoding=\"async\" width=\"926\" height=\"1080\" src=\"https:\/\/www.chicasafurniture.com\/wp-content\/uploads\/2026\/02\/Stylish-Custom-Wood-Coffee-Table-with-Sculptural-Steel-Base-4.webp\" alt=\"Stilvoller Couchtisch aus Holz mit skulpturalem Stahlsockel-4\" class=\"wp-image-512\" srcset=\"https:\/\/www.chicasafurniture.com\/wp-content\/uploads\/2026\/02\/Stylish-Custom-Wood-Coffee-Table-with-Sculptural-Steel-Base-4.webp 926w, https:\/\/www.chicasafurniture.com\/wp-content\/uploads\/2026\/02\/Stylish-Custom-Wood-Coffee-Table-with-Sculptural-Steel-Base-4-257x300.webp 257w, https:\/\/www.chicasafurniture.com\/wp-content\/uploads\/2026\/02\/Stylish-Custom-Wood-Coffee-Table-with-Sculptural-Steel-Base-4-768x896.webp 768w, https:\/\/www.chicasafurniture.com\/wp-content\/uploads\/2026\/02\/Stylish-Custom-Wood-Coffee-Table-with-Sculptural-Steel-Base-4-600x700.webp 600w\" sizes=\"(max-width: 926px) 100vw, 926px\" \/><\/figure>\n<\/div>\n<\/div>\n\n\n\n<div class=\"wp-block-columns is-layout-flex wp-container-core-columns-is-layout-9d6595d7 wp-block-columns-is-layout-flex\">\n<div class=\"wp-block-column is-layout-flow wp-block-column-is-layout-flow\">\n<figure class=\"wp-block-image size-full\"><img decoding=\"async\" width=\"938\" height=\"1080\" src=\"https:\/\/www.chicasafurniture.com\/wp-content\/uploads\/2026\/02\/Stylish-Custom-Wood-Coffee-Table-with-Sculptural-Steel-Base-3.webp\" alt=\"Stilvoller Couchtisch aus Holz mit skulpturalem Stahlgestell-3\" class=\"wp-image-511\" srcset=\"https:\/\/www.chicasafurniture.com\/wp-content\/uploads\/2026\/02\/Stylish-Custom-Wood-Coffee-Table-with-Sculptural-Steel-Base-3.webp 938w, https:\/\/www.chicasafurniture.com\/wp-content\/uploads\/2026\/02\/Stylish-Custom-Wood-Coffee-Table-with-Sculptural-Steel-Base-3-261x300.webp 261w, https:\/\/www.chicasafurniture.com\/wp-content\/uploads\/2026\/02\/Stylish-Custom-Wood-Coffee-Table-with-Sculptural-Steel-Base-3-768x884.webp 768w, https:\/\/www.chicasafurniture.com\/wp-content\/uploads\/2026\/02\/Stylish-Custom-Wood-Coffee-Table-with-Sculptural-Steel-Base-3-600x691.webp 600w\" sizes=\"(max-width: 938px) 100vw, 938px\" \/><\/figure>\n<\/div>\n\n\n\n<div class=\"wp-block-column is-layout-flow wp-block-column-is-layout-flow\">\n<figure class=\"wp-block-image size-full\"><img decoding=\"async\" width=\"926\" height=\"1080\" src=\"https:\/\/www.chicasafurniture.com\/wp-content\/uploads\/2026\/02\/Stylish-Custom-Wood-Coffee-Table-with-Sculptural-Steel-Base-2.webp\" alt=\"Stilvoller Couchtisch aus Holz mit skulpturalem Stahlsockel-2\" class=\"wp-image-510\" srcset=\"https:\/\/www.chicasafurniture.com\/wp-content\/uploads\/2026\/02\/Stylish-Custom-Wood-Coffee-Table-with-Sculptural-Steel-Base-2.webp 926w, https:\/\/www.chicasafurniture.com\/wp-content\/uploads\/2026\/02\/Stylish-Custom-Wood-Coffee-Table-with-Sculptural-Steel-Base-2-257x300.webp 257w, https:\/\/www.chicasafurniture.com\/wp-content\/uploads\/2026\/02\/Stylish-Custom-Wood-Coffee-Table-with-Sculptural-Steel-Base-2-768x896.webp 768w, https:\/\/www.chicasafurniture.com\/wp-content\/uploads\/2026\/02\/Stylish-Custom-Wood-Coffee-Table-with-Sculptural-Steel-Base-2-600x700.webp 600w\" sizes=\"(max-width: 926px) 100vw, 926px\" \/><\/figure>\n<\/div>\n<\/div>","protected":false},"excerpt":{"rendered":"<p>Willkommen beim Kauf von ma\u00dfgefertigten Couchtischen. Dieser ma\u00dfgefertigte Couchtisch aus Holz bewahrt die urspr\u00fcnglichen \u00c4ste und die Maserung des Holzes, gepaart mit einem geometrisch geformten Stahlfu\u00df. Die robuste, matte Metallstruktur verleiht ihm eine starke moderne industrielle \u00c4sthetik.<\/p>\n<table style=\"border-collapse: collapse; width: 222.03pt;\" border=\"0\" width=\"222\" cellspacing=\"0\" cellpadding=\"0\">\n<tbody>\n<tr style=\"height: 15.20pt;\">\n<td class=\"et2\" style=\"height: 15.20pt; width: 81.65pt;\" width=\"81\" height=\"15\">Hersteller<\/td>\n<td class=\"et2\" style=\"width: 140.80pt;\" width=\"140\">ChiCasa<\/td>\n<\/tr>\n<tr style=\"height: 15.20pt;\">\n<td class=\"et2\" style=\"height: 15.20pt;\" height=\"15\">Kategorie<\/td>\n<td class=\"et2\">Couchtisch<\/td>\n<\/tr>\n<tr style=\"height: 15.20pt;\">\n<td class=\"et2\" style=\"height: 15.20pt;\" height=\"15\">Anmeldung<\/td>\n<td class=\"et2\">Wohnbereich<\/td>\n<\/tr>\n<tr style=\"height: 15.20pt;\">\n<td class=\"et2\" style=\"height: 15.20pt;\" height=\"15\">Stil<\/td>\n<td class=\"et2\">Minimalistisch<\/td>\n<\/tr>\n<tr style=\"height: 15.20pt;\">\n<td class=\"et2\" style=\"height: 15.20pt;\" height=\"15\">Modell<\/td>\n<td class=\"et2\">QMY-CT001<\/td>\n<\/tr>\n<tr style=\"height: 15.20pt;\">\n<td class=\"et2\" style=\"height: 15.20pt;\" height=\"15\">Personalisierung<\/td>\n<td class=\"et2\">Farbe, Gr\u00f6\u00dfe, Material<\/td>\n<\/tr>\n<tr style=\"height: 15.20pt;\">\n<td class=\"et2\" style=\"height: 15.20pt;\" height=\"15\">MOQ<\/td>\n<td class=\"et2\">1St\u00fcck<\/td>\n<\/tr>\n<\/tbody>\n<\/table>","protected":false},"featured_media":509,"comment_status":"closed","ping_status":"closed","template":"","meta":{"_acf_changed":false},"product_brand":[],"product_cat":[16,24],"product_tag":[],"class_list":{"0":"post-508","1":"product","2":"type-product","3":"status-publish","4":"has-post-thumbnail","6":"product_cat-bespoke-living-room-furniture","7":"product_cat-bespoke-coffee-table","9":"first","10":"instock","11":"shipping-taxable","12":"product-type-simple"},"acf":[],"_links":{"self":[{"href":"https:\/\/www.chicasafurniture.com\/de\/wp-json\/wp\/v2\/product\/508","targetHints":{"allow":["GET"]}}],"collection":[{"href":"https:\/\/www.chicasafurniture.com\/de\/wp-json\/wp\/v2\/product"}],"about":[{"href":"https:\/\/www.chicasafurniture.com\/de\/wp-json\/wp\/v2\/types\/product"}],"replies":[{"embeddable":true,"href":"https:\/\/www.chicasafurniture.com\/de\/wp-json\/wp\/v2\/comments?post=508"}],"wp:featuredmedia":[{"embeddable":true,"href":"https:\/\/www.chicasafurniture.com\/de\/wp-json\/wp\/v2\/media\/509"}],"wp:attachment":[{"href":"https:\/\/www.chicasafurniture.com\/de\/wp-json\/wp\/v2\/media?parent=508"}],"wp:term":[{"taxonomy":"product_brand","embeddable":true,"href":"https:\/\/www.chicasafurniture.com\/de\/wp-json\/wp\/v2\/product_brand?post=508"},{"taxonomy":"product_cat","embeddable":true,"href":"https:\/\/www.chicasafurniture.com\/de\/wp-json\/wp\/v2\/product_cat?post=508"},{"taxonomy":"product_tag","embeddable":true,"href":"https:\/\/www.chicasafurniture.com\/de\/wp-json\/wp\/v2\/product_tag?post=508"}],"curies":[{"name":"wp","href":"https:\/\/api.w.org\/{rel}","templated":true}]}}