{"id":574,"date":"2026-02-28T00:54:17","date_gmt":"2026-02-28T00:54:17","guid":{"rendered":"https:\/\/www.chicasafurniture.com\/?post_type=product&#038;p=574"},"modified":"2026-02-28T01:22:22","modified_gmt":"2026-02-28T01:22:22","slug":"custom-king-size-bed","status":"publish","type":"product","link":"https:\/\/www.chicasafurniture.com\/de\/product\/custom-king-size-bed\/","title":{"rendered":"Ma\u00dfgeschneidertes King Size Bett mit gepolstertem Kopfteil aus weichem Stoff"},"content":{"rendered":"<h2 class=\"wp-block-heading\">Produktspezifikationen von Custom King Size Bett<\/h2>\n\n\n\n<figure class=\"wp-block-table\"><table class=\"has-fixed-layout\"><tbody><tr><td>Rahmen<\/td><td>Material der Abdeckung<\/td><td>F\u00fcllmaterial<\/td><td>Beine<\/td><td>Farbe<\/td><td>Gr\u00f6\u00dfe<\/td><td>Gewicht<\/td><\/tr><tr><td>Massivholz<\/td><td>Stoff<\/td><td>Schwamm mit hoher Dichte<\/td><td>\/<\/td><td>Kundenspezifisch<\/td><td>KING SIZE<\/td><td>90-120kg<\/td><\/tr><\/tbody><\/table><\/figure>\n\n\n\n<div class=\"wp-block-columns is-layout-flex wp-container-core-columns-is-layout-9d6595d7 wp-block-columns-is-layout-flex\">\n<div class=\"wp-block-column is-layout-flow wp-block-column-is-layout-flow\">\n<h2 class=\"wp-block-heading\">Premium Custom King Size Bett Merkmale:<\/h2>\n\n\n\n<ul class=\"wp-block-list\">\n<li><strong>Stabiler Massivholzrahmen:<\/strong> Dieses ma\u00dfgefertigte Kingsize-Bett besteht aus einem hochwertigen Massivholzrahmen, der eine hohe Tragf\u00e4higkeit, Langlebigkeit und eine solide Unterst\u00fctzung bietet, damit es stabil bleibt und sich im Laufe der Zeit nicht verformt.<\/li>\n\n\n\n<li><strong>Hochdichter, elastischer Schaumstoff als F\u00fcllung:<\/strong> Das Kopfteil und die R\u00e4nder dieses ma\u00dfgefertigten Bettes sind mit hochdichtem, elastischem Schaumstoff gef\u00fcllt, der die Lenden und den Nacken hervorragend st\u00fctzt und gleichzeitig seine volle Form bewahrt und ein Durchh\u00e4ngen verhindert.<\/li>\n\n\n\n<li><strong>Hochwertiger Stoff: <\/strong>Dieses ma\u00dfgefertigte Kingsize-Bett besteht aus einem sorgf\u00e4ltig ausgew\u00e4hlten, hochwertigen Stoff mit feiner Struktur, hervorragender Atmungsaktivit\u00e4t, einem weichen und hautfreundlichen Gef\u00fchl sowie guter Verschlei\u00df- und Knitterfestigkeit und ist daher leicht zu pflegen.<\/li>\n\n\n\n<li><strong>Minimalistisches schwimmendes Design:<\/strong> Das einzigartige niedrige Bett und das breite Kopfteil sorgen f\u00fcr einen optisch schwebenden Effekt. Dieses ma\u00dfgefertigte Kingsize-Bett verl\u00e4ngert nicht nur optisch den Raum, sondern verleiht dem Schlafzimmer auch eine ruhige und ger\u00e4umige moderne \u00c4sthetik.<\/li>\n\n\n\n<li><strong>Full-Service-Anpassung:<\/strong> Unsere ma\u00dfgefertigten Betten sind f\u00fcr KING SIZE und andere Gr\u00f6\u00dfen geeignet. Sie k\u00f6nnen aus einer Vielzahl von Stofffarben w\u00e4hlen, die perfekt zu Ihrem Schlafzimmer und Ihrem Einrichtungsstil passen.<\/li>\n<\/ul>\n<\/div>\n\n\n\n<div class=\"wp-block-column is-layout-flow wp-block-column-is-layout-flow\">\n<figure class=\"wp-block-image size-full\"><img decoding=\"async\" width=\"926\" height=\"1080\" src=\"https:\/\/www.chicasafurniture.com\/wp-content\/uploads\/2026\/02\/Custom-King-Size-Bed-with-Soft-Fabric-Upholstered-Headboard-3.webp\" alt=\"Custom King Size Bett mit weichem Stoff gepolstertes Kopfteil-3\" class=\"wp-image-577\" srcset=\"https:\/\/www.chicasafurniture.com\/wp-content\/uploads\/2026\/02\/Custom-King-Size-Bed-with-Soft-Fabric-Upholstered-Headboard-3.webp 926w, https:\/\/www.chicasafurniture.com\/wp-content\/uploads\/2026\/02\/Custom-King-Size-Bed-with-Soft-Fabric-Upholstered-Headboard-3-257x300.webp 257w, https:\/\/www.chicasafurniture.com\/wp-content\/uploads\/2026\/02\/Custom-King-Size-Bed-with-Soft-Fabric-Upholstered-Headboard-3-768x896.webp 768w, https:\/\/www.chicasafurniture.com\/wp-content\/uploads\/2026\/02\/Custom-King-Size-Bed-with-Soft-Fabric-Upholstered-Headboard-3-600x700.webp 600w\" sizes=\"(max-width: 926px) 100vw, 926px\" \/><\/figure>\n<\/div>\n<\/div>\n\n\n\n<figure class=\"wp-block-image size-full\"><img decoding=\"async\" width=\"1920\" height=\"1080\" src=\"https:\/\/www.chicasafurniture.com\/wp-content\/uploads\/2026\/02\/Custom-King-Size-Bed-with-Soft-Fabric-Upholstered-Headboard-4.webp\" alt=\"Custom King Size Bett mit weichem Stoff gepolstert Kopfteil-4\" class=\"wp-image-578\" srcset=\"https:\/\/www.chicasafurniture.com\/wp-content\/uploads\/2026\/02\/Custom-King-Size-Bed-with-Soft-Fabric-Upholstered-Headboard-4.webp 1920w, https:\/\/www.chicasafurniture.com\/wp-content\/uploads\/2026\/02\/Custom-King-Size-Bed-with-Soft-Fabric-Upholstered-Headboard-4-300x169.webp 300w, https:\/\/www.chicasafurniture.com\/wp-content\/uploads\/2026\/02\/Custom-King-Size-Bed-with-Soft-Fabric-Upholstered-Headboard-4-768x432.webp 768w, https:\/\/www.chicasafurniture.com\/wp-content\/uploads\/2026\/02\/Custom-King-Size-Bed-with-Soft-Fabric-Upholstered-Headboard-4-1200x675.webp 1200w, https:\/\/www.chicasafurniture.com\/wp-content\/uploads\/2026\/02\/Custom-King-Size-Bed-with-Soft-Fabric-Upholstered-Headboard-4-600x338.webp 600w\" sizes=\"(max-width: 1920px) 100vw, 1920px\" \/><\/figure>","protected":false},"excerpt":{"rendered":"<p>Willkommen beim Kauf von ma\u00dfgefertigten Schlafzimmerm\u00f6beln. Dieses ma\u00dfgefertigte Kingsize-Bett definiert das moderne Schlafzimmer mit seinem minimalistischen, schwebenden Design und seinem au\u00dfergew\u00f6hnlichen Komfort neu.<\/p>\n<table style=\"border-collapse: collapse; width: 222.03pt;\" border=\"0\" width=\"222\" cellspacing=\"0\" cellpadding=\"0\">\n<tbody>\n<tr style=\"height: 15.20pt;\">\n<td class=\"et2\" style=\"height: 15.20pt; width: 81.65pt;\" width=\"81\" height=\"15\">Hersteller<\/td>\n<td class=\"et2\" style=\"width: 140.80pt;\" width=\"140\">ChiCasa<\/td>\n<\/tr>\n<tr style=\"height: 15.20pt;\">\n<td class=\"et2\" style=\"height: 15.20pt;\" height=\"15\">Kategorie<\/td>\n<td class=\"et2\">Bett<\/td>\n<\/tr>\n<tr style=\"height: 15.20pt;\">\n<td class=\"et2\" style=\"height: 15.20pt;\" height=\"15\">Anmeldung<\/td>\n<td class=\"et2\">Schlafzimmer<\/td>\n<\/tr>\n<tr style=\"height: 15.20pt;\">\n<td class=\"et2\" style=\"height: 15.20pt;\" height=\"15\">Stil<\/td>\n<td class=\"et2\">Minimalistisch<\/td>\n<\/tr>\n<tr style=\"height: 15.20pt;\">\n<td class=\"et2\" style=\"height: 15.20pt;\" height=\"15\">Modell<\/td>\n<td class=\"et2\">QMY-BE001<\/td>\n<\/tr>\n<tr style=\"height: 15.20pt;\">\n<td class=\"et2\" style=\"height: 15.20pt;\" height=\"15\">Personalisierung<\/td>\n<td class=\"et2\">Farbe, Gr\u00f6\u00dfe, Material<\/td>\n<\/tr>\n<tr style=\"height: 15.20pt;\">\n<td class=\"et2\" style=\"height: 15.20pt;\" height=\"15\">MOQ<\/td>\n<td class=\"et2\">1St\u00fcck<\/td>\n<\/tr>\n<\/tbody>\n<\/table>","protected":false},"featured_media":575,"comment_status":"closed","ping_status":"closed","template":"","meta":{"_acf_changed":false},"product_brand":[],"product_cat":[18,33],"product_tag":[],"class_list":{"0":"post-574","1":"product","2":"type-product","3":"status-publish","4":"has-post-thumbnail","6":"product_cat-bespoke-bedroom-furniture","7":"product_cat-custom-beds-manufacturer","9":"first","10":"instock","11":"shipping-taxable","12":"product-type-simple"},"acf":[],"_links":{"self":[{"href":"https:\/\/www.chicasafurniture.com\/de\/wp-json\/wp\/v2\/product\/574","targetHints":{"allow":["GET"]}}],"collection":[{"href":"https:\/\/www.chicasafurniture.com\/de\/wp-json\/wp\/v2\/product"}],"about":[{"href":"https:\/\/www.chicasafurniture.com\/de\/wp-json\/wp\/v2\/types\/product"}],"replies":[{"embeddable":true,"href":"https:\/\/www.chicasafurniture.com\/de\/wp-json\/wp\/v2\/comments?post=574"}],"wp:featuredmedia":[{"embeddable":true,"href":"https:\/\/www.chicasafurniture.com\/de\/wp-json\/wp\/v2\/media\/575"}],"wp:attachment":[{"href":"https:\/\/www.chicasafurniture.com\/de\/wp-json\/wp\/v2\/media?parent=574"}],"wp:term":[{"taxonomy":"product_brand","embeddable":true,"href":"https:\/\/www.chicasafurniture.com\/de\/wp-json\/wp\/v2\/product_brand?post=574"},{"taxonomy":"product_cat","embeddable":true,"href":"https:\/\/www.chicasafurniture.com\/de\/wp-json\/wp\/v2\/product_cat?post=574"},{"taxonomy":"product_tag","embeddable":true,"href":"https:\/\/www.chicasafurniture.com\/de\/wp-json\/wp\/v2\/product_tag?post=574"}],"curies":[{"name":"wp","href":"https:\/\/api.w.org\/{rel}","templated":true}]}}