{"id":579,"date":"2026-02-28T01:23:28","date_gmt":"2026-02-28T01:23:28","guid":{"rendered":"https:\/\/www.chicasafurniture.com\/?post_type=product&#038;p=579"},"modified":"2026-02-28T01:39:55","modified_gmt":"2026-02-28T01:39:55","slug":"custom-bed","status":"publish","type":"product","link":"https:\/\/www.chicasafurniture.com\/de\/product\/custom-bed\/","title":{"rendered":"Skulpturales Bett mit Holzbeinen und Pl\u00fcschpolsterung"},"content":{"rendered":"<h2 class=\"wp-block-heading\">Produktspezifikationen von Custom Bed<\/h2>\n\n\n\n<figure class=\"wp-block-table\"><table class=\"has-fixed-layout\"><tbody><tr><td>Rahmen<\/td><td>Material der Abdeckung<\/td><td>F\u00fcllmaterial<\/td><td>Beine<\/td><td>Farbe<\/td><td>Gr\u00f6\u00dfe<\/td><td>Gewicht<\/td><\/tr><tr><td>Massivholz<\/td><td>Stoff<\/td><td>Schwamm mit hoher Dichte<\/td><td>\/<\/td><td>Kundenspezifisch<\/td><td>KING SIZE<\/td><td>90-120kg<\/td><\/tr><\/tbody><\/table><\/figure>\n\n\n\n<div class=\"wp-block-columns is-layout-flex wp-container-core-columns-is-layout-9d6595d7 wp-block-columns-is-layout-flex\">\n<div class=\"wp-block-column is-layout-flow wp-block-column-is-layout-flow\">\n<h2 class=\"wp-block-heading\">Premium Custom Bed Merkmale:<\/h2>\n\n\n\n<ul class=\"wp-block-list\">\n<li><strong>Skulpturale Massivholzbeine: <\/strong>Dieses ma\u00dfgefertigte Bett hat einzigartige Y-f\u00f6rmige oder organisch geformte Massivholzbeine mit eleganten und flie\u00dfenden Linien, die an ein eigenst\u00e4ndiges skulpturales Kunstwerk erinnern. Es bricht mit dem starren Bild traditioneller Betten und ist dadurch optisch sehr markant.<\/li>\n\n\n\n<li><strong>Hochdichte Schaumstoff-F\u00fcllung: <\/strong>Das Kopfteil und die R\u00e4nder dieses ma\u00dfgefertigten Bettes sind mit hochdichtem, elastischem Schaumstoff gef\u00fcllt, der f\u00fcr eine moderate Festigkeit sorgt und den Kopf und den unteren R\u00fccken effektiv st\u00fctzt, um einen lang anhaltenden Schlafkomfort zu gew\u00e4hrleisten. Au\u00dferdem ist es resistent gegen Verformung und Durchh\u00e4ngen.<\/li>\n\n\n\n<li><strong>Hochwertiger Stoff:<\/strong> F\u00fcr unser ma\u00dfgefertigtes Bett werden sorgf\u00e4ltig ausgew\u00e4hlte, hochwertige Stoffe mit feiner und reichhaltiger Textur verwendet, die sich weich und warm anf\u00fchlen und eine hervorragende Atmungsaktivit\u00e4t aufweisen. Dies erh\u00f6ht nicht nur die Gem\u00fctlichkeit des Schlafzimmers, sondern macht es auch leicht zu reinigen und zu pflegen.<\/li>\n\n\n\n<li><strong>Stabiler Massivholzrahmen:<\/strong> Dieses ma\u00dfgefertigte Bett besteht aus einem robusten Massivholzrahmen, der eine hohe Tragf\u00e4higkeit und strukturelle Stabilit\u00e4t bietet. Dies bietet eine solide Unterst\u00fctzung f\u00fcr den weichen Bettrahmen und gew\u00e4hrleistet Sicherheit und Langlebigkeit f\u00fcr eine langfristige Nutzung.<\/li>\n\n\n\n<li><strong>Full-Size Customization Service:<\/strong> Unsere ma\u00dfgefertigten Betten sind in KING SIZE und verschiedenen anderen Gr\u00f6\u00dfen erh\u00e4ltlich, mit einer Auswahl an Stofffarben (wie z.B. beige, bordeauxrot, grau, etc.), die perfekt zu Ihrem Schlafzimmer und Ihren pers\u00f6nlichen \u00e4sthetischen Bed\u00fcrfnissen passen.<\/li>\n<\/ul>\n<\/div>\n\n\n\n<div class=\"wp-block-column is-layout-flow wp-block-column-is-layout-flow\">\n<figure class=\"wp-block-image size-full\"><img decoding=\"async\" width=\"834\" height=\"989\" src=\"https:\/\/www.chicasafurniture.com\/wp-content\/uploads\/2026\/02\/Sculptural-Wood-Leg-Custom-Bed-with-Plush-Fabric-Upholstery-3.webp\" alt=\"Skulpturales Holzbein-Bett mit Pl\u00fcsch-Stoff-Polsterung-3\" class=\"wp-image-582\" srcset=\"https:\/\/www.chicasafurniture.com\/wp-content\/uploads\/2026\/02\/Sculptural-Wood-Leg-Custom-Bed-with-Plush-Fabric-Upholstery-3.webp 834w, https:\/\/www.chicasafurniture.com\/wp-content\/uploads\/2026\/02\/Sculptural-Wood-Leg-Custom-Bed-with-Plush-Fabric-Upholstery-3-253x300.webp 253w, https:\/\/www.chicasafurniture.com\/wp-content\/uploads\/2026\/02\/Sculptural-Wood-Leg-Custom-Bed-with-Plush-Fabric-Upholstery-3-768x911.webp 768w, https:\/\/www.chicasafurniture.com\/wp-content\/uploads\/2026\/02\/Sculptural-Wood-Leg-Custom-Bed-with-Plush-Fabric-Upholstery-3-600x712.webp 600w\" sizes=\"(max-width: 834px) 100vw, 834px\" \/><\/figure>\n<\/div>\n<\/div>\n\n\n\n<figure class=\"wp-block-image size-full\"><img decoding=\"async\" width=\"1920\" height=\"1080\" src=\"https:\/\/www.chicasafurniture.com\/wp-content\/uploads\/2026\/02\/Sculptural-Wood-Leg-Custom-Bed-with-Plush-Fabric-Upholstery-2.webp\" alt=\"Skulpturale Holz Beine Custom Bett mit Pl\u00fcsch-Stoff-Polsterung-2\" class=\"wp-image-581\" srcset=\"https:\/\/www.chicasafurniture.com\/wp-content\/uploads\/2026\/02\/Sculptural-Wood-Leg-Custom-Bed-with-Plush-Fabric-Upholstery-2.webp 1920w, https:\/\/www.chicasafurniture.com\/wp-content\/uploads\/2026\/02\/Sculptural-Wood-Leg-Custom-Bed-with-Plush-Fabric-Upholstery-2-300x169.webp 300w, https:\/\/www.chicasafurniture.com\/wp-content\/uploads\/2026\/02\/Sculptural-Wood-Leg-Custom-Bed-with-Plush-Fabric-Upholstery-2-768x432.webp 768w, https:\/\/www.chicasafurniture.com\/wp-content\/uploads\/2026\/02\/Sculptural-Wood-Leg-Custom-Bed-with-Plush-Fabric-Upholstery-2-1200x675.webp 1200w, https:\/\/www.chicasafurniture.com\/wp-content\/uploads\/2026\/02\/Sculptural-Wood-Leg-Custom-Bed-with-Plush-Fabric-Upholstery-2-600x338.webp 600w\" sizes=\"(max-width: 1920px) 100vw, 1920px\" \/><\/figure>","protected":false},"excerpt":{"rendered":"<p>Willkommen zum Kauf von ma\u00dfgefertigten Schlafzimmerm\u00f6beln. Dieses ma\u00dfgefertigte Bett verf\u00fcgt \u00fcber eine hochverdichtete Schaumstofff\u00fcllung und ist mit einem weichen Stoff bezogen, der sich zart und hautfreundlich anf\u00fchlt. Es bietet eine wolkenartige, weiche Unterst\u00fctzung und schafft eine ruhige und komfortable Schlafatmosph\u00e4re.<\/p>\n<table style=\"border-collapse: collapse; width: 222.03pt;\" border=\"0\" width=\"222\" cellspacing=\"0\" cellpadding=\"0\">\n<tbody>\n<tr style=\"height: 15.20pt;\">\n<td class=\"et2\" style=\"height: 15.20pt; width: 81.65pt;\" width=\"81\" height=\"15\">Hersteller<\/td>\n<td class=\"et2\" style=\"width: 140.80pt;\" width=\"140\">ChiCasa<\/td>\n<\/tr>\n<tr style=\"height: 15.20pt;\">\n<td class=\"et2\" style=\"height: 15.20pt;\" height=\"15\">Kategorie<\/td>\n<td class=\"et2\">Bett<\/td>\n<\/tr>\n<tr style=\"height: 15.20pt;\">\n<td class=\"et2\" style=\"height: 15.20pt;\" height=\"15\">Anmeldung<\/td>\n<td class=\"et2\">Schlafzimmer<\/td>\n<\/tr>\n<tr style=\"height: 15.20pt;\">\n<td class=\"et2\" style=\"height: 15.20pt;\" height=\"15\">Stil<\/td>\n<td class=\"et2\">Minimalistisch<\/td>\n<\/tr>\n<tr style=\"height: 15.20pt;\">\n<td class=\"et2\" style=\"height: 15.20pt;\" height=\"15\">Modell<\/td>\n<td class=\"et2\">QMY-BE002<\/td>\n<\/tr>\n<tr style=\"height: 15.20pt;\">\n<td class=\"et2\" style=\"height: 15.20pt;\" height=\"15\">Personalisierung<\/td>\n<td class=\"et2\">Farbe, Gr\u00f6\u00dfe, Material<\/td>\n<\/tr>\n<tr style=\"height: 15.20pt;\">\n<td class=\"et2\" style=\"height: 15.20pt;\" height=\"15\">MOQ<\/td>\n<td class=\"et2\">1St\u00fcck<\/td>\n<\/tr>\n<\/tbody>\n<\/table>","protected":false},"featured_media":580,"comment_status":"closed","ping_status":"closed","template":"","meta":{"_acf_changed":false},"product_brand":[],"product_cat":[18,33],"product_tag":[],"class_list":{"0":"post-579","1":"product","2":"type-product","3":"status-publish","4":"has-post-thumbnail","6":"product_cat-bespoke-bedroom-furniture","7":"product_cat-custom-beds-manufacturer","9":"first","10":"instock","11":"shipping-taxable","12":"product-type-simple"},"acf":[],"_links":{"self":[{"href":"https:\/\/www.chicasafurniture.com\/de\/wp-json\/wp\/v2\/product\/579","targetHints":{"allow":["GET"]}}],"collection":[{"href":"https:\/\/www.chicasafurniture.com\/de\/wp-json\/wp\/v2\/product"}],"about":[{"href":"https:\/\/www.chicasafurniture.com\/de\/wp-json\/wp\/v2\/types\/product"}],"replies":[{"embeddable":true,"href":"https:\/\/www.chicasafurniture.com\/de\/wp-json\/wp\/v2\/comments?post=579"}],"wp:featuredmedia":[{"embeddable":true,"href":"https:\/\/www.chicasafurniture.com\/de\/wp-json\/wp\/v2\/media\/580"}],"wp:attachment":[{"href":"https:\/\/www.chicasafurniture.com\/de\/wp-json\/wp\/v2\/media?parent=579"}],"wp:term":[{"taxonomy":"product_brand","embeddable":true,"href":"https:\/\/www.chicasafurniture.com\/de\/wp-json\/wp\/v2\/product_brand?post=579"},{"taxonomy":"product_cat","embeddable":true,"href":"https:\/\/www.chicasafurniture.com\/de\/wp-json\/wp\/v2\/product_cat?post=579"},{"taxonomy":"product_tag","embeddable":true,"href":"https:\/\/www.chicasafurniture.com\/de\/wp-json\/wp\/v2\/product_tag?post=579"}],"curies":[{"name":"wp","href":"https:\/\/api.w.org\/{rel}","templated":true}]}}