{"id":584,"date":"2026-02-28T01:40:19","date_gmt":"2026-02-28T01:40:19","guid":{"rendered":"https:\/\/www.chicasafurniture.com\/?post_type=product&#038;p=584"},"modified":"2026-02-28T02:10:41","modified_gmt":"2026-02-28T02:10:41","slug":"customized-beds","status":"publish","type":"product","link":"https:\/\/www.chicasafurniture.com\/de\/product\/customized-beds\/","title":{"rendered":"Minimalistische Betten nach Ma\u00df mit kuschelig weichem Stoffdesign"},"content":{"rendered":"<h2 class=\"wp-block-heading\">Produktspezifikationen von Betten nach Ma\u00df<\/h2>\n\n\n\n<figure class=\"wp-block-table\"><table class=\"has-fixed-layout\"><tbody><tr><td>Rahmen<\/td><td>Material der Abdeckung<\/td><td>F\u00fcllmaterial<\/td><td>Beine<\/td><td>Farbe<\/td><td>Gr\u00f6\u00dfe<\/td><td>Gewicht<\/td><\/tr><tr><td>Massivholz<\/td><td>Stoff<\/td><td>Schwamm mit hoher Dichte<\/td><td>\/<\/td><td>Kundenspezifisch<\/td><td>KING SIZE<\/td><td>90-120kg<\/td><\/tr><\/tbody><\/table><\/figure>\n\n\n\n<div class=\"wp-block-columns is-layout-flex wp-container-core-columns-is-layout-9d6595d7 wp-block-columns-is-layout-flex\">\n<div class=\"wp-block-column is-layout-flow wp-block-column-is-layout-flow\">\n<h2 class=\"wp-block-heading\">Premium Customized Beds Merkmale:<\/h2>\n\n\n\n<ul class=\"wp-block-list\">\n<li><strong>Minimalistische und weiche Linien: <\/strong>Unsere ma\u00dfgefertigten Betten weisen abgerundete, volle Formen auf. Weder das Kopfteil noch die Kanten haben scharfe Ecken; dieses geschwungene Design reduziert visuell das Gef\u00fchl der Enge im Raum und schafft ein warmes und sicheres Gef\u00fchl, umgeben zu sein.<\/li>\n\n\n\n<li><strong>Warm und weich gepolstert: <\/strong>Dieses ma\u00dfgefertigte Bett besteht aus einem gro\u00dffl\u00e4chigen, fein strukturierten Stoff (\u00e4hnlich dem derzeit beliebten Boucle-Fleece-Material). Dieses Material selbst besitzt eine warme und flauschige Atmosph\u00e4re, in die man sich sofort hineinlegen m\u00f6chte.<\/li>\n\n\n\n<li><strong>Die raue Textur von Holz: <\/strong>Bei unseren ma\u00dfgefertigten Betten wird dunkles Holz in den Sockel und die Gelenke eingearbeitet. Die starke Maserung des Holzes kontrastiert stark mit dem weichen Stoff und schafft ein harmonisches Gleichgewicht, das die gesamte Raffinesse erh\u00f6ht und die Monotonie vermeidet, die bei einem vollst\u00e4ndig gepolsterten Design auftreten kann.<\/li>\n\n\n\n<li><strong>Niedriger Schwerpunkt der Konstruktion: <\/strong>Die niedrige Struktur dieses ma\u00dfgefertigten Bettes passt nicht nur zur modernen Wohn\u00e4sthetik und erh\u00f6ht das Gef\u00fchl von Ger\u00e4umigkeit, sondern strahlt auch einen entspannten und l\u00e4ssigen Stil aus, wodurch es sich perfekt f\u00fcr die Schaffung eines ruhigen R\u00fcckzugsortes eignet.<\/li>\n<\/ul>\n<\/div>\n\n\n\n<div class=\"wp-block-column is-layout-flow wp-block-column-is-layout-flow\">\n<figure class=\"wp-block-image size-full\"><img decoding=\"async\" width=\"1233\" height=\"1644\" src=\"https:\/\/www.chicasafurniture.com\/wp-content\/uploads\/2026\/02\/Minimalist-Customized-Beds-with-Cozy-Soft-Fabric-Design-4.webp\" alt=\"Minimalistische Betten nach Ma\u00df mit kuschelig weichem Stoff Design-4\" class=\"wp-image-588\" srcset=\"https:\/\/www.chicasafurniture.com\/wp-content\/uploads\/2026\/02\/Minimalist-Customized-Beds-with-Cozy-Soft-Fabric-Design-4.webp 1233w, https:\/\/www.chicasafurniture.com\/wp-content\/uploads\/2026\/02\/Minimalist-Customized-Beds-with-Cozy-Soft-Fabric-Design-4-225x300.webp 225w, https:\/\/www.chicasafurniture.com\/wp-content\/uploads\/2026\/02\/Minimalist-Customized-Beds-with-Cozy-Soft-Fabric-Design-4-768x1024.webp 768w, https:\/\/www.chicasafurniture.com\/wp-content\/uploads\/2026\/02\/Minimalist-Customized-Beds-with-Cozy-Soft-Fabric-Design-4-1200x1600.webp 1200w, https:\/\/www.chicasafurniture.com\/wp-content\/uploads\/2026\/02\/Minimalist-Customized-Beds-with-Cozy-Soft-Fabric-Design-4-600x800.webp 600w\" sizes=\"(max-width: 1233px) 100vw, 1233px\" \/><\/figure>\n<\/div>\n<\/div>\n\n\n\n<div class=\"wp-block-columns are-vertically-aligned-center is-layout-flex wp-container-core-columns-is-layout-9d6595d7 wp-block-columns-is-layout-flex\">\n<div class=\"wp-block-column is-vertically-aligned-center is-layout-flow wp-block-column-is-layout-flow\">\n<figure class=\"wp-block-image size-full\"><img decoding=\"async\" width=\"1200\" height=\"800\" src=\"https:\/\/www.chicasafurniture.com\/wp-content\/uploads\/2026\/02\/Minimalist-Customized-Beds-with-Cozy-Soft-Fabric-Design-2.webp\" alt=\"Minimalistische Betten nach Ma\u00df mit kuschelig weichem Stoffdesign-2\" class=\"wp-image-586\" srcset=\"https:\/\/www.chicasafurniture.com\/wp-content\/uploads\/2026\/02\/Minimalist-Customized-Beds-with-Cozy-Soft-Fabric-Design-2.webp 1200w, https:\/\/www.chicasafurniture.com\/wp-content\/uploads\/2026\/02\/Minimalist-Customized-Beds-with-Cozy-Soft-Fabric-Design-2-300x200.webp 300w, https:\/\/www.chicasafurniture.com\/wp-content\/uploads\/2026\/02\/Minimalist-Customized-Beds-with-Cozy-Soft-Fabric-Design-2-768x512.webp 768w, https:\/\/www.chicasafurniture.com\/wp-content\/uploads\/2026\/02\/Minimalist-Customized-Beds-with-Cozy-Soft-Fabric-Design-2-600x400.webp 600w\" sizes=\"(max-width: 1200px) 100vw, 1200px\" \/><\/figure>\n<\/div>\n\n\n\n<div class=\"wp-block-column is-vertically-aligned-center is-layout-flow wp-block-column-is-layout-flow\">\n<figure class=\"wp-block-image size-full\"><img decoding=\"async\" width=\"1200\" height=\"901\" src=\"https:\/\/www.chicasafurniture.com\/wp-content\/uploads\/2026\/02\/Minimalist-Customized-Beds-with-Cozy-Soft-Fabric-Design-3.webp\" alt=\"Minimalistische Betten nach Ma\u00df mit kuschelig weichem Stoffdesign-3\" class=\"wp-image-587\" srcset=\"https:\/\/www.chicasafurniture.com\/wp-content\/uploads\/2026\/02\/Minimalist-Customized-Beds-with-Cozy-Soft-Fabric-Design-3.webp 1200w, https:\/\/www.chicasafurniture.com\/wp-content\/uploads\/2026\/02\/Minimalist-Customized-Beds-with-Cozy-Soft-Fabric-Design-3-300x225.webp 300w, https:\/\/www.chicasafurniture.com\/wp-content\/uploads\/2026\/02\/Minimalist-Customized-Beds-with-Cozy-Soft-Fabric-Design-3-768x577.webp 768w, https:\/\/www.chicasafurniture.com\/wp-content\/uploads\/2026\/02\/Minimalist-Customized-Beds-with-Cozy-Soft-Fabric-Design-3-600x451.webp 600w\" sizes=\"(max-width: 1200px) 100vw, 1200px\" \/><\/figure>\n<\/div>\n<\/div>","protected":false},"excerpt":{"rendered":"<p>Willkommen bei der Bestellung unseres ma\u00dfgefertigten Bettes. Unsere ma\u00dfgefertigten Betten definieren den Komfort und die \u00c4sthetik des modernen Schlafzimmers mit ihren schlanken, organischen Kurven und warmen, einladenden Materialien neu. Das integrierte geschwungene Design des Bettrahmens und des Kopfteils vermittelt ein Gef\u00fchl, als ob Sie auf Wolken schweben w\u00fcrden.<\/p>\n<table style=\"border-collapse: collapse; width: 222.03pt;\" border=\"0\" width=\"222\" cellspacing=\"0\" cellpadding=\"0\">\n<tbody>\n<tr style=\"height: 15.20pt;\">\n<td class=\"et2\" style=\"height: 15.20pt; width: 81.65pt;\" width=\"81\" height=\"15\">Hersteller<\/td>\n<td class=\"et2\" style=\"width: 140.80pt;\" width=\"140\">ChiCasa<\/td>\n<\/tr>\n<tr style=\"height: 15.20pt;\">\n<td class=\"et2\" style=\"height: 15.20pt;\" height=\"15\">Kategorie<\/td>\n<td class=\"et2\">Bett<\/td>\n<\/tr>\n<tr style=\"height: 15.20pt;\">\n<td class=\"et2\" style=\"height: 15.20pt;\" height=\"15\">Anmeldung<\/td>\n<td class=\"et2\">Schlafzimmer<\/td>\n<\/tr>\n<tr style=\"height: 15.20pt;\">\n<td class=\"et2\" style=\"height: 15.20pt;\" height=\"15\">Stil<\/td>\n<td class=\"et2\">Minimalistisch<\/td>\n<\/tr>\n<tr style=\"height: 15.20pt;\">\n<td class=\"et2\" style=\"height: 15.20pt;\" height=\"15\">Modell<\/td>\n<td class=\"et2\">QMY-BE003<\/td>\n<\/tr>\n<tr style=\"height: 15.20pt;\">\n<td class=\"et2\" style=\"height: 15.20pt;\" height=\"15\">Personalisierung<\/td>\n<td class=\"et2\">Farbe, Gr\u00f6\u00dfe, Material<\/td>\n<\/tr>\n<tr style=\"height: 15.20pt;\">\n<td class=\"et2\" style=\"height: 15.20pt;\" height=\"15\">MOQ<\/td>\n<td class=\"et2\">1St\u00fcck<\/td>\n<\/tr>\n<\/tbody>\n<\/table>","protected":false},"featured_media":585,"comment_status":"closed","ping_status":"closed","template":"","meta":{"_acf_changed":false},"product_brand":[],"product_cat":[18,33],"product_tag":[],"class_list":{"0":"post-584","1":"product","2":"type-product","3":"status-publish","4":"has-post-thumbnail","6":"product_cat-bespoke-bedroom-furniture","7":"product_cat-custom-beds-manufacturer","9":"first","10":"instock","11":"shipping-taxable","12":"product-type-simple"},"acf":[],"_links":{"self":[{"href":"https:\/\/www.chicasafurniture.com\/de\/wp-json\/wp\/v2\/product\/584","targetHints":{"allow":["GET"]}}],"collection":[{"href":"https:\/\/www.chicasafurniture.com\/de\/wp-json\/wp\/v2\/product"}],"about":[{"href":"https:\/\/www.chicasafurniture.com\/de\/wp-json\/wp\/v2\/types\/product"}],"replies":[{"embeddable":true,"href":"https:\/\/www.chicasafurniture.com\/de\/wp-json\/wp\/v2\/comments?post=584"}],"wp:featuredmedia":[{"embeddable":true,"href":"https:\/\/www.chicasafurniture.com\/de\/wp-json\/wp\/v2\/media\/585"}],"wp:attachment":[{"href":"https:\/\/www.chicasafurniture.com\/de\/wp-json\/wp\/v2\/media?parent=584"}],"wp:term":[{"taxonomy":"product_brand","embeddable":true,"href":"https:\/\/www.chicasafurniture.com\/de\/wp-json\/wp\/v2\/product_brand?post=584"},{"taxonomy":"product_cat","embeddable":true,"href":"https:\/\/www.chicasafurniture.com\/de\/wp-json\/wp\/v2\/product_cat?post=584"},{"taxonomy":"product_tag","embeddable":true,"href":"https:\/\/www.chicasafurniture.com\/de\/wp-json\/wp\/v2\/product_tag?post=584"}],"curies":[{"name":"wp","href":"https:\/\/api.w.org\/{rel}","templated":true}]}}