{"id":589,"date":"2026-02-28T02:15:52","date_gmt":"2026-02-28T02:15:52","guid":{"rendered":"https:\/\/www.chicasafurniture.com\/?post_type=product&#038;p=589"},"modified":"2026-02-28T02:37:30","modified_gmt":"2026-02-28T02:37:30","slug":"custom-design-beds","status":"publish","type":"product","link":"https:\/\/www.chicasafurniture.com\/de\/product\/custom-design-beds\/","title":{"rendered":"Puffy Cloud-Like Custom Design Betten mit gepolstertem Kopfteil"},"content":{"rendered":"<h2 class=\"wp-block-heading\">Produktspezifikationen f\u00fcr Designbetten nach Ma\u00df<\/h2>\n\n\n\n<figure class=\"wp-block-table\"><table class=\"has-fixed-layout\"><tbody><tr><td>Rahmen<\/td><td>Material der Abdeckung<\/td><td>F\u00fcllmaterial<\/td><td>Beine<\/td><td>Farbe<\/td><td>Gr\u00f6\u00dfe<\/td><td>Gewicht<\/td><\/tr><tr><td>Massivholz<\/td><td>Stoff<\/td><td>Schwamm mit hoher Dichte<\/td><td>\/<\/td><td>Kundenspezifisch<\/td><td>KING SIZE<\/td><td>90-120kg<\/td><\/tr><\/tbody><\/table><\/figure>\n\n\n\n<div class=\"wp-block-columns is-layout-flex wp-container-core-columns-is-layout-9d6595d7 wp-block-columns-is-layout-flex\">\n<div class=\"wp-block-column is-layout-flow wp-block-column-is-layout-flow\">\n<h2 class=\"wp-block-heading\">Premium Custom Design Beds Merkmale:<\/h2>\n\n\n\n<ul class=\"wp-block-list\">\n<li><strong>Identisches \u201cBlock\u201d-Design:<\/strong> Das Kopfteil und der Rahmen unserer ma\u00dfgefertigten Betten bestehen aus quadratischen, gepolsterten Paneelen, die f\u00fcr optische Tiefe sorgen und eine leichte, weiche, wolkenartige Atmosph\u00e4re schaffen.<\/li>\n\n\n\n<li><strong>Niedrige, moderne Silhouette: <\/strong>Unsere ma\u00dfgefertigten Bettm\u00f6bel zeichnen sich durch ein bodenstehendes Podest aus, das den visuellen Schwerpunkt senkt und das Schlafzimmer ger\u00e4umiger und entspannter erscheinen l\u00e4sst. Dieser Stil ist stark vom italienischen Minimalismus beeinflusst und eignet sich perfekt f\u00fcr moderne Wohnungen, die Schlichtheit suchen, ohne auf Individualit\u00e4t zu verzichten.<\/li>\n\n\n\n<li><strong>Veredeltes Leder\/Mikrofaser Textur:<\/strong> Unsere ma\u00dfgefertigten Betten haben eine glatte Oberfl\u00e4che mit nat\u00fcrlichen Falten in sanften Creme- oder Elfenbeint\u00f6nen, die sich warm anf\u00fchlen und leicht zu pflegen sind.<\/li>\n\n\n\n<li><strong>Ultimativer Komfort und Umh\u00fcllung: <\/strong>Die dicke Polsterung dieses ma\u00dfgefertigten Bettm\u00f6bels bietet eine hervorragende R\u00fcckenst\u00fctze, so dass Sie sich ganz umh\u00fcllt f\u00fchlen, egal ob Sie sitzen und lesen oder sich zum Ausruhen zur\u00fccklehnen.<\/li>\n<\/ul>\n<\/div>\n\n\n\n<div class=\"wp-block-column is-layout-flow wp-block-column-is-layout-flow\">\n<figure class=\"wp-block-image size-full\"><img decoding=\"async\" width=\"872\" height=\"1000\" src=\"https:\/\/www.chicasafurniture.com\/wp-content\/uploads\/2026\/02\/Puffy-Cloud-Like-Custom-Design-Beds-with-Padded-Headboard-2.webp\" alt=\"Puffy Cloud-Like Custom Design-Betten mit gepolstertem Kopfteil-2\" class=\"wp-image-591\" srcset=\"https:\/\/www.chicasafurniture.com\/wp-content\/uploads\/2026\/02\/Puffy-Cloud-Like-Custom-Design-Beds-with-Padded-Headboard-2.webp 872w, https:\/\/www.chicasafurniture.com\/wp-content\/uploads\/2026\/02\/Puffy-Cloud-Like-Custom-Design-Beds-with-Padded-Headboard-2-262x300.webp 262w, https:\/\/www.chicasafurniture.com\/wp-content\/uploads\/2026\/02\/Puffy-Cloud-Like-Custom-Design-Beds-with-Padded-Headboard-2-768x881.webp 768w, https:\/\/www.chicasafurniture.com\/wp-content\/uploads\/2026\/02\/Puffy-Cloud-Like-Custom-Design-Beds-with-Padded-Headboard-2-600x688.webp 600w\" sizes=\"(max-width: 872px) 100vw, 872px\" \/><\/figure>\n<\/div>\n<\/div>\n\n\n\n<figure class=\"wp-block-image size-full\"><img decoding=\"async\" width=\"1034\" height=\"775\" src=\"https:\/\/www.chicasafurniture.com\/wp-content\/uploads\/2026\/02\/Puffy-Cloud-Like-Custom-Design-Beds-with-Padded-Headboard-4.webp\" alt=\"Puffy Cloud-Like Custom Design-Betten mit gepolstertem Kopfteil-4\" class=\"wp-image-593\" srcset=\"https:\/\/www.chicasafurniture.com\/wp-content\/uploads\/2026\/02\/Puffy-Cloud-Like-Custom-Design-Beds-with-Padded-Headboard-4.webp 1034w, https:\/\/www.chicasafurniture.com\/wp-content\/uploads\/2026\/02\/Puffy-Cloud-Like-Custom-Design-Beds-with-Padded-Headboard-4-300x225.webp 300w, https:\/\/www.chicasafurniture.com\/wp-content\/uploads\/2026\/02\/Puffy-Cloud-Like-Custom-Design-Beds-with-Padded-Headboard-4-768x576.webp 768w, https:\/\/www.chicasafurniture.com\/wp-content\/uploads\/2026\/02\/Puffy-Cloud-Like-Custom-Design-Beds-with-Padded-Headboard-4-600x450.webp 600w\" sizes=\"(max-width: 1034px) 100vw, 1034px\" \/><\/figure>","protected":false},"excerpt":{"rendered":"<p>Werten Sie Ihr Schlafzimmer mit unseren ma\u00dfgefertigten Bettm\u00f6beln auf. Unsere ma\u00dfgefertigten Betten verf\u00fcgen \u00fcber ein modulares, getuftetes Design, weiche Polsterung und eine flache Silhouette f\u00fcr ultimativen Komfort und Stil.<\/p>\n<table style=\"border-collapse: collapse; width: 222.03pt;\" border=\"0\" width=\"222\" cellspacing=\"0\" cellpadding=\"0\">\n<tbody>\n<tr style=\"height: 15.20pt;\">\n<td class=\"et2\" style=\"height: 15.20pt; width: 81.65pt;\" width=\"81\" height=\"15\">Hersteller<\/td>\n<td class=\"et2\" style=\"width: 140.80pt;\" width=\"140\">ChiCasa<\/td>\n<\/tr>\n<tr style=\"height: 15.20pt;\">\n<td class=\"et2\" style=\"height: 15.20pt;\" height=\"15\">Kategorie<\/td>\n<td class=\"et2\">Bett<\/td>\n<\/tr>\n<tr style=\"height: 15.20pt;\">\n<td class=\"et2\" style=\"height: 15.20pt;\" height=\"15\">Anmeldung<\/td>\n<td class=\"et2\">Schlafzimmer<\/td>\n<\/tr>\n<tr style=\"height: 15.20pt;\">\n<td class=\"et2\" style=\"height: 15.20pt;\" height=\"15\">Stil<\/td>\n<td class=\"et2\">Minimalistisch<\/td>\n<\/tr>\n<tr style=\"height: 15.20pt;\">\n<td class=\"et2\" style=\"height: 15.20pt;\" height=\"15\">Modell<\/td>\n<td class=\"et2\">QMY-BE004<\/td>\n<\/tr>\n<tr style=\"height: 15.20pt;\">\n<td class=\"et2\" style=\"height: 15.20pt;\" height=\"15\">Personalisierung<\/td>\n<td class=\"et2\">Farbe, Gr\u00f6\u00dfe, Material<\/td>\n<\/tr>\n<tr style=\"height: 15.20pt;\">\n<td class=\"et2\" style=\"height: 15.20pt;\" height=\"15\">MOQ<\/td>\n<td class=\"et2\">1St\u00fcck<\/td>\n<\/tr>\n<\/tbody>\n<\/table>","protected":false},"featured_media":590,"comment_status":"closed","ping_status":"closed","template":"","meta":{"_acf_changed":false},"product_brand":[],"product_cat":[18,33],"product_tag":[],"class_list":{"0":"post-589","1":"product","2":"type-product","3":"status-publish","4":"has-post-thumbnail","6":"product_cat-bespoke-bedroom-furniture","7":"product_cat-custom-beds-manufacturer","9":"first","10":"instock","11":"shipping-taxable","12":"product-type-simple"},"acf":[],"_links":{"self":[{"href":"https:\/\/www.chicasafurniture.com\/de\/wp-json\/wp\/v2\/product\/589","targetHints":{"allow":["GET"]}}],"collection":[{"href":"https:\/\/www.chicasafurniture.com\/de\/wp-json\/wp\/v2\/product"}],"about":[{"href":"https:\/\/www.chicasafurniture.com\/de\/wp-json\/wp\/v2\/types\/product"}],"replies":[{"embeddable":true,"href":"https:\/\/www.chicasafurniture.com\/de\/wp-json\/wp\/v2\/comments?post=589"}],"wp:featuredmedia":[{"embeddable":true,"href":"https:\/\/www.chicasafurniture.com\/de\/wp-json\/wp\/v2\/media\/590"}],"wp:attachment":[{"href":"https:\/\/www.chicasafurniture.com\/de\/wp-json\/wp\/v2\/media?parent=589"}],"wp:term":[{"taxonomy":"product_brand","embeddable":true,"href":"https:\/\/www.chicasafurniture.com\/de\/wp-json\/wp\/v2\/product_brand?post=589"},{"taxonomy":"product_cat","embeddable":true,"href":"https:\/\/www.chicasafurniture.com\/de\/wp-json\/wp\/v2\/product_cat?post=589"},{"taxonomy":"product_tag","embeddable":true,"href":"https:\/\/www.chicasafurniture.com\/de\/wp-json\/wp\/v2\/product_tag?post=589"}],"curies":[{"name":"wp","href":"https:\/\/api.w.org\/{rel}","templated":true}]}}