{"id":594,"date":"2026-02-28T02:38:23","date_gmt":"2026-02-28T02:38:23","guid":{"rendered":"https:\/\/www.chicasafurniture.com\/?post_type=product&#038;p=594"},"modified":"2026-02-28T02:50:08","modified_gmt":"2026-02-28T02:50:08","slug":"custom-fabric-bed","status":"publish","type":"product","link":"https:\/\/www.chicasafurniture.com\/de\/product\/custom-fabric-bed\/","title":{"rendered":"Modernes ma\u00dfgeschneidertes Stoffbett, schlanker Rahmen, gepolstertes Podest"},"content":{"rendered":"<h2 class=\"wp-block-heading\">Produktspezifikationen von Custom Fabric Bed<\/h2>\n\n\n\n<figure class=\"wp-block-table\"><table class=\"has-fixed-layout\"><tbody><tr><td>Rahmen<\/td><td>Material der Abdeckung<\/td><td>F\u00fcllmaterial<\/td><td>Beine<\/td><td>Farbe<\/td><td>Gr\u00f6\u00dfe<\/td><td>Gewicht<\/td><\/tr><tr><td>Massivholz<\/td><td>Stoff<\/td><td>Schwamm mit hoher Dichte<\/td><td>\/<\/td><td>Kundenspezifisch<\/td><td>KING SIZE<\/td><td>90-120kg<\/td><\/tr><\/tbody><\/table><\/figure>\n\n\n\n<div class=\"wp-block-columns is-layout-flex wp-container-core-columns-is-layout-9d6595d7 wp-block-columns-is-layout-flex\">\n<div class=\"wp-block-column is-layout-flow wp-block-column-is-layout-flow\">\n<h2 class=\"wp-block-heading\">Premium Custom Fabric Bed Merkmale:<\/h2>\n\n\n\n<ul class=\"wp-block-list\">\n<li><strong>Raffiniertes, schlankes, schwebendes Gef\u00fchl: <\/strong>Im Gegensatz zu sperrigen Standbetten verf\u00fcgt dieses ma\u00dfgeschneiderte Stoffbett \u00fcber hohe, schlanke Beine mit einem offenen Raum darunter, wodurch das M\u00f6belst\u00fcck leicht und schwebend wirkt. Dieses Design schafft nicht nur einen offeneren optischen Raum, sondern erleichtert auch die Reinigung durch Staubsaugerroboter.<\/li>\n\n\n\n<li><strong>Ergonomisches Doppelkopfteil:<\/strong> Unsere ma\u00dfgefertigten Luxusbetten verf\u00fcgen \u00fcber ein einzigartiges, leicht abgewinkeltes Kopfteil mit einer zus\u00e4tzlichen Schicht aus weichen Kissen oder zylindrischen Lendenst\u00fctzkissen an der Vorderseite. Diese Struktur bietet eine hervorragende Unterst\u00fctzung f\u00fcr das Sitzen und Lesen und schafft ein Gleichgewicht zwischen \u00c4sthetik und Zweckm\u00e4\u00dfigkeit.<\/li>\n\n\n\n<li><strong>Reichhaltige Materialkombinationen:<\/strong> Dieses ma\u00dfgefertigte Stoffbett kombiniert zarten Stoff mit einem hochwertigen Ledersockel. Dieser Materialkontrast verst\u00e4rkt die optische Tiefe des Raums.<\/li>\n\n\n\n<li><strong>Minimalistische moderne Silhouette:<\/strong> Dieses ma\u00dfgeschneiderte Luxusbett hat eine klare, definierte Silhouette ohne unn\u00f6tige Schn\u00f6rkel. Ob in einem beruhigenden Tiefblau, einem eleganten Beige oder einer auff\u00e4lligen Rot-Grau-Kombination, es strahlt einen unaufdringlichen und dennoch luxuri\u00f6sen urbanen Stil aus.<\/li>\n<\/ul>\n<\/div>\n\n\n\n<div class=\"wp-block-column is-layout-flow wp-block-column-is-layout-flow\">\n<figure class=\"wp-block-image size-full\"><img decoding=\"async\" width=\"834\" height=\"989\" src=\"https:\/\/www.chicasafurniture.com\/wp-content\/uploads\/2026\/02\/Modern-Custom-Fabric-Bed-Slim-Frame-Upholstered-Platform-4.webp\" alt=\"Modernes ma\u00dfgeschneidertes Stoffbett, schlanker Rahmen, gepolstertes Podest-4\" class=\"wp-image-598\" srcset=\"https:\/\/www.chicasafurniture.com\/wp-content\/uploads\/2026\/02\/Modern-Custom-Fabric-Bed-Slim-Frame-Upholstered-Platform-4.webp 834w, https:\/\/www.chicasafurniture.com\/wp-content\/uploads\/2026\/02\/Modern-Custom-Fabric-Bed-Slim-Frame-Upholstered-Platform-4-253x300.webp 253w, https:\/\/www.chicasafurniture.com\/wp-content\/uploads\/2026\/02\/Modern-Custom-Fabric-Bed-Slim-Frame-Upholstered-Platform-4-768x911.webp 768w, https:\/\/www.chicasafurniture.com\/wp-content\/uploads\/2026\/02\/Modern-Custom-Fabric-Bed-Slim-Frame-Upholstered-Platform-4-600x712.webp 600w\" sizes=\"(max-width: 834px) 100vw, 834px\" \/><\/figure>\n<\/div>\n<\/div>\n\n\n\n<figure class=\"wp-block-image size-full\"><img decoding=\"async\" width=\"1920\" height=\"1080\" src=\"https:\/\/www.chicasafurniture.com\/wp-content\/uploads\/2026\/02\/Modern-Custom-Fabric-Bed-Slim-Frame-Upholstered-Platform-2.webp\" alt=\"Modernes ma\u00dfgeschneidertes Stoffbett, schlanker Rahmen, gepolstertes Podest-2\" class=\"wp-image-596\" srcset=\"https:\/\/www.chicasafurniture.com\/wp-content\/uploads\/2026\/02\/Modern-Custom-Fabric-Bed-Slim-Frame-Upholstered-Platform-2.webp 1920w, https:\/\/www.chicasafurniture.com\/wp-content\/uploads\/2026\/02\/Modern-Custom-Fabric-Bed-Slim-Frame-Upholstered-Platform-2-300x169.webp 300w, https:\/\/www.chicasafurniture.com\/wp-content\/uploads\/2026\/02\/Modern-Custom-Fabric-Bed-Slim-Frame-Upholstered-Platform-2-768x432.webp 768w, https:\/\/www.chicasafurniture.com\/wp-content\/uploads\/2026\/02\/Modern-Custom-Fabric-Bed-Slim-Frame-Upholstered-Platform-2-1200x675.webp 1200w, https:\/\/www.chicasafurniture.com\/wp-content\/uploads\/2026\/02\/Modern-Custom-Fabric-Bed-Slim-Frame-Upholstered-Platform-2-600x338.webp 600w\" sizes=\"(max-width: 1920px) 100vw, 1920px\" \/><\/figure>\n\n\n\n<figure class=\"wp-block-image size-full\"><img decoding=\"async\" width=\"1920\" height=\"1080\" src=\"https:\/\/www.chicasafurniture.com\/wp-content\/uploads\/2026\/02\/Modern-Custom-Fabric-Bed-Slim-Frame-Upholstered-Platform-3.webp\" alt=\"Modernes ma\u00dfgeschneidertes Stoffbett, schlanker Rahmen, gepolstertes Podest-3\" class=\"wp-image-597\" srcset=\"https:\/\/www.chicasafurniture.com\/wp-content\/uploads\/2026\/02\/Modern-Custom-Fabric-Bed-Slim-Frame-Upholstered-Platform-3.webp 1920w, https:\/\/www.chicasafurniture.com\/wp-content\/uploads\/2026\/02\/Modern-Custom-Fabric-Bed-Slim-Frame-Upholstered-Platform-3-300x169.webp 300w, https:\/\/www.chicasafurniture.com\/wp-content\/uploads\/2026\/02\/Modern-Custom-Fabric-Bed-Slim-Frame-Upholstered-Platform-3-768x432.webp 768w, https:\/\/www.chicasafurniture.com\/wp-content\/uploads\/2026\/02\/Modern-Custom-Fabric-Bed-Slim-Frame-Upholstered-Platform-3-1200x675.webp 1200w, https:\/\/www.chicasafurniture.com\/wp-content\/uploads\/2026\/02\/Modern-Custom-Fabric-Bed-Slim-Frame-Upholstered-Platform-3-600x338.webp 600w\" sizes=\"(max-width: 1920px) 100vw, 1920px\" \/><\/figure>","protected":false},"excerpt":{"rendered":"<p>Werten Sie Ihre Suite mit unserem ma\u00dfgeschneiderten Stoffbett auf. Das schlanke Profil, das ergonomisch abgeschr\u00e4gte Kopfteil und die luxuri\u00f6se Polsterung sorgen f\u00fcr eine anspruchsvolle, luftige \u00c4sthetik.<\/p>\n<table style=\"border-collapse: collapse; width: 222.03pt;\" border=\"0\" width=\"222\" cellspacing=\"0\" cellpadding=\"0\">\n<tbody>\n<tr style=\"height: 15.20pt;\">\n<td class=\"et2\" style=\"height: 15.20pt; width: 81.65pt;\" width=\"81\" height=\"15\">Hersteller<\/td>\n<td class=\"et2\" style=\"width: 140.80pt;\" width=\"140\">ChiCasa<\/td>\n<\/tr>\n<tr style=\"height: 15.20pt;\">\n<td class=\"et2\" style=\"height: 15.20pt;\" height=\"15\">Kategorie<\/td>\n<td class=\"et2\">Bett<\/td>\n<\/tr>\n<tr style=\"height: 15.20pt;\">\n<td class=\"et2\" style=\"height: 15.20pt;\" height=\"15\">Anmeldung<\/td>\n<td class=\"et2\">Schlafzimmer<\/td>\n<\/tr>\n<tr style=\"height: 15.20pt;\">\n<td class=\"et2\" style=\"height: 15.20pt;\" height=\"15\">Stil<\/td>\n<td class=\"et2\">Minimalistisch<\/td>\n<\/tr>\n<tr style=\"height: 15.20pt;\">\n<td class=\"et2\" style=\"height: 15.20pt;\" height=\"15\">Modell<\/td>\n<td class=\"et2\">QMY-BE004<\/td>\n<\/tr>\n<tr style=\"height: 15.20pt;\">\n<td class=\"et2\" style=\"height: 15.20pt;\" height=\"15\">Personalisierung<\/td>\n<td class=\"et2\">Farbe, Gr\u00f6\u00dfe, Material<\/td>\n<\/tr>\n<tr style=\"height: 15.20pt;\">\n<td class=\"et2\" style=\"height: 15.20pt;\" height=\"15\">MOQ<\/td>\n<td class=\"et2\">1St\u00fcck<\/td>\n<\/tr>\n<\/tbody>\n<\/table>","protected":false},"featured_media":595,"comment_status":"closed","ping_status":"closed","template":"","meta":{"_acf_changed":false},"product_brand":[],"product_cat":[18,33],"product_tag":[],"class_list":{"0":"post-594","1":"product","2":"type-product","3":"status-publish","4":"has-post-thumbnail","6":"product_cat-bespoke-bedroom-furniture","7":"product_cat-custom-beds-manufacturer","9":"first","10":"instock","11":"shipping-taxable","12":"product-type-simple"},"acf":[],"_links":{"self":[{"href":"https:\/\/www.chicasafurniture.com\/de\/wp-json\/wp\/v2\/product\/594","targetHints":{"allow":["GET"]}}],"collection":[{"href":"https:\/\/www.chicasafurniture.com\/de\/wp-json\/wp\/v2\/product"}],"about":[{"href":"https:\/\/www.chicasafurniture.com\/de\/wp-json\/wp\/v2\/types\/product"}],"replies":[{"embeddable":true,"href":"https:\/\/www.chicasafurniture.com\/de\/wp-json\/wp\/v2\/comments?post=594"}],"wp:featuredmedia":[{"embeddable":true,"href":"https:\/\/www.chicasafurniture.com\/de\/wp-json\/wp\/v2\/media\/595"}],"wp:attachment":[{"href":"https:\/\/www.chicasafurniture.com\/de\/wp-json\/wp\/v2\/media?parent=594"}],"wp:term":[{"taxonomy":"product_brand","embeddable":true,"href":"https:\/\/www.chicasafurniture.com\/de\/wp-json\/wp\/v2\/product_brand?post=594"},{"taxonomy":"product_cat","embeddable":true,"href":"https:\/\/www.chicasafurniture.com\/de\/wp-json\/wp\/v2\/product_cat?post=594"},{"taxonomy":"product_tag","embeddable":true,"href":"https:\/\/www.chicasafurniture.com\/de\/wp-json\/wp\/v2\/product_tag?post=594"}],"curies":[{"name":"wp","href":"https:\/\/api.w.org\/{rel}","templated":true}]}}