{"id":599,"date":"2026-02-28T02:51:41","date_gmt":"2026-02-28T02:51:41","guid":{"rendered":"https:\/\/www.chicasafurniture.com\/?post_type=product&#038;p=599"},"modified":"2026-02-28T03:10:51","modified_gmt":"2026-02-28T03:10:51","slug":"custom-wood-nightstand","status":"publish","type":"product","link":"https:\/\/www.chicasafurniture.com\/de\/product\/custom-wood-nightstand\/","title":{"rendered":"Kunstvoller Nachttisch aus Holz mit drehbarem, modularem Design"},"content":{"rendered":"<h2 class=\"wp-block-heading\">Produktspezifikationen von Custom Wood Nightstand<\/h2>\n\n\n\n<figure class=\"wp-block-table\"><table class=\"has-fixed-layout\"><tbody><tr><td>Rahmen<\/td><td>Material der Abdeckung<\/td><td>F\u00fcllmaterial<\/td><td>Beine<\/td><td>Farbe<\/td><td>Gr\u00f6\u00dfe<\/td><td>Gewicht<\/td><\/tr><tr><td>Sperrholz<\/td><td>\/<\/td><td>\/<\/td><td>\/<\/td><td>Kundenspezifisch<\/td><td>50*45*48cm<\/td><td>20-35kg<\/td><\/tr><\/tbody><\/table><\/figure>\n\n\n\n<div class=\"wp-block-columns is-layout-flex wp-container-core-columns-is-layout-9d6595d7 wp-block-columns-is-layout-flex\">\n<div class=\"wp-block-column is-layout-flow wp-block-column-is-layout-flow\">\n<h2 class=\"wp-block-heading\">Premium Custom Wood Nachttisch Merkmale:<\/h2>\n\n\n\n<ul class=\"wp-block-list\">\n<li><strong>Einzigartiges rotierendes Stapeldesign: <\/strong>Das auff\u00e4lligste Merkmal dieses ma\u00dfgefertigten Nachttisches aus Holz ist seine asymmetrische modulare Struktur. Jede Schubladeneinheit erscheint zuf\u00e4llig gestapelt und verleiht dem Schlafzimmer einen dynamischen k\u00fcnstlerischen Touch.<\/li>\n\n\n\n<li><strong>Exquisite Massivholz-Handwerkskunst und Textur:<\/strong> Dieser ma\u00dfgefertigte Nachttisch ist aus hochwertigem, nat\u00fcrlichem Nussbaum\/Eiche gefertigt, wobei die Maserung des Holzes in den Schubladen vollst\u00e4ndig erhalten bleibt. Die Kanten sind mit pr\u00e4zisen 45-Grad-Schr\u00e4gschnitten versehen, die einen warmen Touch und einen visuell dreidimensionalen Effekt bieten.<\/li>\n\n\n\n<li><strong>Minimalistische Hardware-Details: <\/strong>Die Schubladengriffe dieses ma\u00dfgefertigten Nachttischs aus Holz haben ein schlankes L-f\u00f6rmiges Metallhebeldesign, das schlicht und doch raffiniert ist. Dies erleichtert das \u00d6ffnen und unterstreicht die industrielle \u00c4sthetik des Produkts.<\/li>\n\n\n\n<li><strong>Multifunktionale Aufbewahrung und Anzeige: <\/strong>Die versetzte Stapelung dieses ma\u00dfgefertigten Nachttischs bietet nicht nur mehrere unabh\u00e4ngige, kategorisierte Ablagef\u00e4cher, sondern schafft durch die Verschiebung zwischen den Schichten nat\u00fcrlich auch zus\u00e4tzliche Ablagefl\u00e4chen.<\/li>\n<\/ul>\n<\/div>\n\n\n\n<div class=\"wp-block-column is-layout-flow wp-block-column-is-layout-flow\">\n<figure class=\"wp-block-image size-full\"><img decoding=\"async\" width=\"1777\" height=\"2000\" src=\"https:\/\/www.chicasafurniture.com\/wp-content\/uploads\/2026\/02\/Artistic-Custom-Wood-Nightstand-with-Rotating-Modular-Design-2.webp\" alt=\"Kunstvoller Nachttisch aus Holz mit drehbarem, modularem Design-2\" class=\"wp-image-601\" srcset=\"https:\/\/www.chicasafurniture.com\/wp-content\/uploads\/2026\/02\/Artistic-Custom-Wood-Nightstand-with-Rotating-Modular-Design-2.webp 1777w, https:\/\/www.chicasafurniture.com\/wp-content\/uploads\/2026\/02\/Artistic-Custom-Wood-Nightstand-with-Rotating-Modular-Design-2-267x300.webp 267w, https:\/\/www.chicasafurniture.com\/wp-content\/uploads\/2026\/02\/Artistic-Custom-Wood-Nightstand-with-Rotating-Modular-Design-2-768x864.webp 768w, https:\/\/www.chicasafurniture.com\/wp-content\/uploads\/2026\/02\/Artistic-Custom-Wood-Nightstand-with-Rotating-Modular-Design-2-1200x1351.webp 1200w, https:\/\/www.chicasafurniture.com\/wp-content\/uploads\/2026\/02\/Artistic-Custom-Wood-Nightstand-with-Rotating-Modular-Design-2-600x675.webp 600w\" sizes=\"(max-width: 1777px) 100vw, 1777px\" \/><\/figure>\n<\/div>\n<\/div>\n\n\n\n<div class=\"wp-block-columns is-layout-flex wp-container-core-columns-is-layout-9d6595d7 wp-block-columns-is-layout-flex\">\n<div class=\"wp-block-column is-layout-flow wp-block-column-is-layout-flow\">\n<figure class=\"wp-block-image size-full\"><img decoding=\"async\" width=\"1500\" height=\"1000\" src=\"https:\/\/www.chicasafurniture.com\/wp-content\/uploads\/2026\/02\/Artistic-Custom-Wood-Nightstand-with-Rotating-Modular-Design-4.webp\" alt=\"Kunstvoll gestalteter Holznachttisch mit drehbarem modularem Design-4\" class=\"wp-image-603\" srcset=\"https:\/\/www.chicasafurniture.com\/wp-content\/uploads\/2026\/02\/Artistic-Custom-Wood-Nightstand-with-Rotating-Modular-Design-4.webp 1500w, https:\/\/www.chicasafurniture.com\/wp-content\/uploads\/2026\/02\/Artistic-Custom-Wood-Nightstand-with-Rotating-Modular-Design-4-300x200.webp 300w, https:\/\/www.chicasafurniture.com\/wp-content\/uploads\/2026\/02\/Artistic-Custom-Wood-Nightstand-with-Rotating-Modular-Design-4-768x512.webp 768w, https:\/\/www.chicasafurniture.com\/wp-content\/uploads\/2026\/02\/Artistic-Custom-Wood-Nightstand-with-Rotating-Modular-Design-4-1200x800.webp 1200w, https:\/\/www.chicasafurniture.com\/wp-content\/uploads\/2026\/02\/Artistic-Custom-Wood-Nightstand-with-Rotating-Modular-Design-4-600x400.webp 600w\" sizes=\"(max-width: 1500px) 100vw, 1500px\" \/><\/figure>\n<\/div>\n\n\n\n<div class=\"wp-block-column is-layout-flow wp-block-column-is-layout-flow\">\n<figure class=\"wp-block-image size-full\"><img decoding=\"async\" width=\"1500\" height=\"993\" src=\"https:\/\/www.chicasafurniture.com\/wp-content\/uploads\/2026\/02\/Artistic-Custom-Wood-Nightstand-with-Rotating-Modular-Design-3.webp\" alt=\"Kunstvoll gestalteter Holznachttisch mit drehbarem modularem Design-3\" class=\"wp-image-602\" srcset=\"https:\/\/www.chicasafurniture.com\/wp-content\/uploads\/2026\/02\/Artistic-Custom-Wood-Nightstand-with-Rotating-Modular-Design-3.webp 1500w, https:\/\/www.chicasafurniture.com\/wp-content\/uploads\/2026\/02\/Artistic-Custom-Wood-Nightstand-with-Rotating-Modular-Design-3-300x199.webp 300w, https:\/\/www.chicasafurniture.com\/wp-content\/uploads\/2026\/02\/Artistic-Custom-Wood-Nightstand-with-Rotating-Modular-Design-3-768x508.webp 768w, https:\/\/www.chicasafurniture.com\/wp-content\/uploads\/2026\/02\/Artistic-Custom-Wood-Nightstand-with-Rotating-Modular-Design-3-1200x794.webp 1200w, https:\/\/www.chicasafurniture.com\/wp-content\/uploads\/2026\/02\/Artistic-Custom-Wood-Nightstand-with-Rotating-Modular-Design-3-600x397.webp 600w\" sizes=\"(max-width: 1500px) 100vw, 1500px\" \/><\/figure>\n<\/div>\n<\/div>","protected":false},"excerpt":{"rendered":"<p>Willkommen zu bestellen ma\u00dfgeschneiderte Nachttisch. Peppen Sie Ihre Einrichtung mit diesem ma\u00dfgeschneiderten Nachttisch aus Holz auf. Er verf\u00fcgt \u00fcber ein einzigartiges, drehbares, modulares Design, hochwertige Massivholzmaserungen und schlichte, minimalistische Metallgriffe.<\/p>\n<table style=\"border-collapse: collapse; width: 222.03pt;\" border=\"0\" width=\"222\" cellspacing=\"0\" cellpadding=\"0\">\n<tbody>\n<tr style=\"height: 15.20pt;\">\n<td class=\"et2\" style=\"height: 15.20pt; width: 81.65pt;\" width=\"81\" height=\"15\">Hersteller<\/td>\n<td class=\"et2\" style=\"width: 140.80pt;\" width=\"140\">ChiCasa<\/td>\n<\/tr>\n<tr style=\"height: 15.20pt;\">\n<td class=\"et2\" style=\"height: 15.20pt;\" height=\"15\">Kategorie<\/td>\n<td class=\"et2\">Nachttisch<\/td>\n<\/tr>\n<tr style=\"height: 15.20pt;\">\n<td class=\"et2\" style=\"height: 15.20pt;\" height=\"15\">Anmeldung<\/td>\n<td class=\"et2\">Schlafzimmer<\/td>\n<\/tr>\n<tr style=\"height: 15.20pt;\">\n<td class=\"et2\" style=\"height: 15.20pt;\" height=\"15\">Stil<\/td>\n<td class=\"et2\">Minimalistisch<\/td>\n<\/tr>\n<tr style=\"height: 15.20pt;\">\n<td class=\"et2\" style=\"height: 15.20pt;\" height=\"15\">Modell<\/td>\n<td class=\"et2\">QMY-NS002<\/td>\n<\/tr>\n<tr style=\"height: 15.20pt;\">\n<td class=\"et2\" style=\"height: 15.20pt;\" height=\"15\">Personalisierung<\/td>\n<td class=\"et2\">Farbe, Gr\u00f6\u00dfe, Material<\/td>\n<\/tr>\n<tr style=\"height: 15.20pt;\">\n<td class=\"et2\" style=\"height: 15.20pt;\" height=\"15\">MOQ<\/td>\n<td class=\"et2\">1St\u00fcck<\/td>\n<\/tr>\n<\/tbody>\n<\/table>","protected":false},"featured_media":600,"comment_status":"closed","ping_status":"closed","template":"","meta":{"_acf_changed":false},"product_brand":[],"product_cat":[18,34],"product_tag":[],"class_list":{"0":"post-599","1":"product","2":"type-product","3":"status-publish","4":"has-post-thumbnail","6":"product_cat-bespoke-bedroom-furniture","7":"product_cat-custom-nightstand","9":"first","10":"instock","11":"shipping-taxable","12":"product-type-simple"},"acf":[],"_links":{"self":[{"href":"https:\/\/www.chicasafurniture.com\/de\/wp-json\/wp\/v2\/product\/599","targetHints":{"allow":["GET"]}}],"collection":[{"href":"https:\/\/www.chicasafurniture.com\/de\/wp-json\/wp\/v2\/product"}],"about":[{"href":"https:\/\/www.chicasafurniture.com\/de\/wp-json\/wp\/v2\/types\/product"}],"replies":[{"embeddable":true,"href":"https:\/\/www.chicasafurniture.com\/de\/wp-json\/wp\/v2\/comments?post=599"}],"wp:featuredmedia":[{"embeddable":true,"href":"https:\/\/www.chicasafurniture.com\/de\/wp-json\/wp\/v2\/media\/600"}],"wp:attachment":[{"href":"https:\/\/www.chicasafurniture.com\/de\/wp-json\/wp\/v2\/media?parent=599"}],"wp:term":[{"taxonomy":"product_brand","embeddable":true,"href":"https:\/\/www.chicasafurniture.com\/de\/wp-json\/wp\/v2\/product_brand?post=599"},{"taxonomy":"product_cat","embeddable":true,"href":"https:\/\/www.chicasafurniture.com\/de\/wp-json\/wp\/v2\/product_cat?post=599"},{"taxonomy":"product_tag","embeddable":true,"href":"https:\/\/www.chicasafurniture.com\/de\/wp-json\/wp\/v2\/product_tag?post=599"}],"curies":[{"name":"wp","href":"https:\/\/api.w.org\/{rel}","templated":true}]}}