{"id":610,"date":"2026-02-28T06:12:18","date_gmt":"2026-02-28T06:12:18","guid":{"rendered":"https:\/\/www.chicasafurniture.com\/?post_type=product&#038;p=610"},"modified":"2026-02-28T06:17:06","modified_gmt":"2026-02-28T06:17:06","slug":"bespoke-bedside-table","status":"publish","type":"product","link":"https:\/\/www.chicasafurniture.com\/de\/product\/bespoke-bedside-table\/","title":{"rendered":"Kunstvoller runder Nachttisch mit Holzschublade nach Ma\u00df"},"content":{"rendered":"<h2 class=\"wp-block-heading\">Produktspezifikationen von Bespoke Nachttisch<\/h2>\n\n\n\n<figure class=\"wp-block-table\"><table class=\"has-fixed-layout\"><tbody><tr><td>Rahmen<\/td><td>Material der Abdeckung<\/td><td>F\u00fcllmaterial<\/td><td>Beine<\/td><td>Farbe<\/td><td>Gr\u00f6\u00dfe<\/td><td>Gewicht<\/td><\/tr><tr><td>Sperrholz<\/td><td>\/<\/td><td>\/<\/td><td>Metall<\/td><td>Kundenspezifisch<\/td><td>D50*H50cm<\/td><td>20-35kg<\/td><\/tr><\/tbody><\/table><\/figure>\n\n\n\n<div class=\"wp-block-columns is-layout-flex wp-container-core-columns-is-layout-9d6595d7 wp-block-columns-is-layout-flex\">\n<div class=\"wp-block-column is-layout-flow wp-block-column-is-layout-flow\">\n<h2 class=\"wp-block-heading\">Premium Bespoke Nachttisch Merkmale:<\/h2>\n\n\n\n<ul class=\"wp-block-list\">\n<li><strong>Einzigartiges rotierendes Stapeldesign: <\/strong>Das auff\u00e4lligste Merkmal dieses ma\u00dfgefertigten Nachttisches ist die versetzte Anordnung mehrerer unabh\u00e4ngiger, quadratischer Schubladeneinheiten, die einen dynamischen und asymmetrischen visuellen Effekt erzeugen.<\/li>\n\n\n\n<li><strong>Nat\u00fcrliches Massivholz Material und Handwerkskunst: <\/strong>Die Schr\u00e4nke dieses ma\u00dfgefertigten Nachttischs sind aus hochwertigem Massivholz mit klarer Maserung (z. B. Nussbaum oder Eiche) gefertigt und verf\u00fcgen \u00fcber pr\u00e4zise 45-Grad-Abschr\u00e4gungen, die eine au\u00dfergew\u00f6hnliche Holzbearbeitungskunst darstellen.<\/li>\n\n\n\n<li><strong>Minimalistische Hardware-Details:<\/strong> Die Schubladen dieses ma\u00dfgefertigten Nachttisches sind mit schlanken L-f\u00f6rmigen Metalldr\u00fcckern ausgestattet. Dieses minimalistische Metallelement kontrastiert mit dem warmen Holz, l\u00e4sst sich leicht \u00f6ffnen und unterstreicht die moderne Ausstrahlung des Produkts.<\/li>\n\n\n\n<li><strong>Mehrschichtiger Funktionsraum: <\/strong>Das versetzte Design unseres ma\u00dfgefertigten Nachttischs bietet nicht nur mehrere kategorisierte Schubladen, sondern schafft auch mehrere offene Regalplattformen zur bequemen Platzierung von Gegenst\u00e4nden wie Gl\u00e4sern, B\u00fcchern oder Aromatherapieprodukten.<\/li>\n<\/ul>\n<\/div>\n\n\n\n<div class=\"wp-block-column is-layout-flow wp-block-column-is-layout-flow\">\n<figure class=\"wp-block-image size-full\"><img decoding=\"async\" width=\"800\" height=\"800\" src=\"https:\/\/www.chicasafurniture.com\/wp-content\/uploads\/2026\/02\/Artistic-Round-Bespoke-Bedside-Table-with-Wood-Drawer-Unit-3.webp\" alt=\"Artistic Round Bespoke Bedside Table mit Holzschublade Unit-3\" class=\"wp-image-613\" srcset=\"https:\/\/www.chicasafurniture.com\/wp-content\/uploads\/2026\/02\/Artistic-Round-Bespoke-Bedside-Table-with-Wood-Drawer-Unit-3.webp 800w, https:\/\/www.chicasafurniture.com\/wp-content\/uploads\/2026\/02\/Artistic-Round-Bespoke-Bedside-Table-with-Wood-Drawer-Unit-3-300x300.webp 300w, https:\/\/www.chicasafurniture.com\/wp-content\/uploads\/2026\/02\/Artistic-Round-Bespoke-Bedside-Table-with-Wood-Drawer-Unit-3-150x150.webp 150w, https:\/\/www.chicasafurniture.com\/wp-content\/uploads\/2026\/02\/Artistic-Round-Bespoke-Bedside-Table-with-Wood-Drawer-Unit-3-768x768.webp 768w, https:\/\/www.chicasafurniture.com\/wp-content\/uploads\/2026\/02\/Artistic-Round-Bespoke-Bedside-Table-with-Wood-Drawer-Unit-3-600x600.webp 600w, https:\/\/www.chicasafurniture.com\/wp-content\/uploads\/2026\/02\/Artistic-Round-Bespoke-Bedside-Table-with-Wood-Drawer-Unit-3-100x100.webp 100w\" sizes=\"(max-width: 800px) 100vw, 800px\" \/><\/figure>\n<\/div>\n<\/div>\n\n\n\n<div class=\"wp-block-columns is-layout-flex wp-container-core-columns-is-layout-9d6595d7 wp-block-columns-is-layout-flex\">\n<div class=\"wp-block-column is-layout-flow wp-block-column-is-layout-flow\">\n<figure class=\"wp-block-image size-full\"><img decoding=\"async\" width=\"750\" height=\"750\" src=\"https:\/\/www.chicasafurniture.com\/wp-content\/uploads\/2026\/02\/Artistic-Round-Bespoke-Bedside-Table-with-Wood-Drawer-Unit-4.webp\" alt=\"Artistic Round Bespoke Bedside Table mit Holzschublade Unit-4\" class=\"wp-image-614\" srcset=\"https:\/\/www.chicasafurniture.com\/wp-content\/uploads\/2026\/02\/Artistic-Round-Bespoke-Bedside-Table-with-Wood-Drawer-Unit-4.webp 750w, https:\/\/www.chicasafurniture.com\/wp-content\/uploads\/2026\/02\/Artistic-Round-Bespoke-Bedside-Table-with-Wood-Drawer-Unit-4-300x300.webp 300w, https:\/\/www.chicasafurniture.com\/wp-content\/uploads\/2026\/02\/Artistic-Round-Bespoke-Bedside-Table-with-Wood-Drawer-Unit-4-150x150.webp 150w, https:\/\/www.chicasafurniture.com\/wp-content\/uploads\/2026\/02\/Artistic-Round-Bespoke-Bedside-Table-with-Wood-Drawer-Unit-4-600x600.webp 600w, https:\/\/www.chicasafurniture.com\/wp-content\/uploads\/2026\/02\/Artistic-Round-Bespoke-Bedside-Table-with-Wood-Drawer-Unit-4-100x100.webp 100w\" sizes=\"(max-width: 750px) 100vw, 750px\" \/><\/figure>\n<\/div>\n\n\n\n<div class=\"wp-block-column is-layout-flow wp-block-column-is-layout-flow\">\n<figure class=\"wp-block-image size-full\"><img decoding=\"async\" width=\"800\" height=\"800\" src=\"https:\/\/www.chicasafurniture.com\/wp-content\/uploads\/2026\/02\/Artistic-Round-Bespoke-Bedside-Table-with-Wood-Drawer-Unit-2.webp\" alt=\"Artistic Round Bespoke Bedside Table mit Holzschublade Unit-2\" class=\"wp-image-612\" srcset=\"https:\/\/www.chicasafurniture.com\/wp-content\/uploads\/2026\/02\/Artistic-Round-Bespoke-Bedside-Table-with-Wood-Drawer-Unit-2.webp 800w, https:\/\/www.chicasafurniture.com\/wp-content\/uploads\/2026\/02\/Artistic-Round-Bespoke-Bedside-Table-with-Wood-Drawer-Unit-2-300x300.webp 300w, https:\/\/www.chicasafurniture.com\/wp-content\/uploads\/2026\/02\/Artistic-Round-Bespoke-Bedside-Table-with-Wood-Drawer-Unit-2-150x150.webp 150w, https:\/\/www.chicasafurniture.com\/wp-content\/uploads\/2026\/02\/Artistic-Round-Bespoke-Bedside-Table-with-Wood-Drawer-Unit-2-768x768.webp 768w, https:\/\/www.chicasafurniture.com\/wp-content\/uploads\/2026\/02\/Artistic-Round-Bespoke-Bedside-Table-with-Wood-Drawer-Unit-2-600x600.webp 600w, https:\/\/www.chicasafurniture.com\/wp-content\/uploads\/2026\/02\/Artistic-Round-Bespoke-Bedside-Table-with-Wood-Drawer-Unit-2-100x100.webp 100w\" sizes=\"(max-width: 800px) 100vw, 800px\" \/><\/figure>\n<\/div>\n<\/div>","protected":false},"excerpt":{"rendered":"<p>Willkommen bei der Bestellung von ma\u00dfgefertigten Nachttischen. Verwandeln Sie Ihren Raum mit diesem ma\u00dfgefertigten Nachttisch. Einzigartiges, drehbares, modulares Design, hochwertige Massivholzmaserung und schlichte, minimalistische Metallakzente.<\/p>\n<table style=\"border-collapse: collapse; width: 222.03pt;\" border=\"0\" width=\"222\" cellspacing=\"0\" cellpadding=\"0\">\n<tbody>\n<tr style=\"height: 15.20pt;\">\n<td class=\"et2\" style=\"height: 15.20pt; width: 81.65pt;\" width=\"81\" height=\"15\">Hersteller<\/td>\n<td class=\"et2\" style=\"width: 140.80pt;\" width=\"140\">ChiCasa<\/td>\n<\/tr>\n<tr style=\"height: 15.20pt;\">\n<td class=\"et2\" style=\"height: 15.20pt;\" height=\"15\">Kategorie<\/td>\n<td class=\"et2\">Nachttisch<\/td>\n<\/tr>\n<tr style=\"height: 15.20pt;\">\n<td class=\"et2\" style=\"height: 15.20pt;\" height=\"15\">Anmeldung<\/td>\n<td class=\"et2\">Schlafzimmer<\/td>\n<\/tr>\n<tr style=\"height: 15.20pt;\">\n<td class=\"et2\" style=\"height: 15.20pt;\" height=\"15\">Stil<\/td>\n<td class=\"et2\">Minimalistisch<\/td>\n<\/tr>\n<tr style=\"height: 15.20pt;\">\n<td class=\"et2\" style=\"height: 15.20pt;\" height=\"15\">Modell<\/td>\n<td class=\"et2\">QMY-NS004<\/td>\n<\/tr>\n<tr style=\"height: 15.20pt;\">\n<td class=\"et2\" style=\"height: 15.20pt;\" height=\"15\">Personalisierung<\/td>\n<td class=\"et2\">Farbe, Gr\u00f6\u00dfe, Material<\/td>\n<\/tr>\n<tr style=\"height: 15.20pt;\">\n<td class=\"et2\" style=\"height: 15.20pt;\" height=\"15\">MOQ<\/td>\n<td class=\"et2\">1St\u00fcck<\/td>\n<\/tr>\n<\/tbody>\n<\/table>","protected":false},"featured_media":611,"comment_status":"closed","ping_status":"closed","template":"","meta":{"_acf_changed":false},"product_brand":[],"product_cat":[18,34],"product_tag":[],"class_list":{"0":"post-610","1":"product","2":"type-product","3":"status-publish","4":"has-post-thumbnail","6":"product_cat-bespoke-bedroom-furniture","7":"product_cat-custom-nightstand","9":"first","10":"instock","11":"shipping-taxable","12":"product-type-simple"},"acf":[],"_links":{"self":[{"href":"https:\/\/www.chicasafurniture.com\/de\/wp-json\/wp\/v2\/product\/610","targetHints":{"allow":["GET"]}}],"collection":[{"href":"https:\/\/www.chicasafurniture.com\/de\/wp-json\/wp\/v2\/product"}],"about":[{"href":"https:\/\/www.chicasafurniture.com\/de\/wp-json\/wp\/v2\/types\/product"}],"replies":[{"embeddable":true,"href":"https:\/\/www.chicasafurniture.com\/de\/wp-json\/wp\/v2\/comments?post=610"}],"wp:featuredmedia":[{"embeddable":true,"href":"https:\/\/www.chicasafurniture.com\/de\/wp-json\/wp\/v2\/media\/611"}],"wp:attachment":[{"href":"https:\/\/www.chicasafurniture.com\/de\/wp-json\/wp\/v2\/media?parent=610"}],"wp:term":[{"taxonomy":"product_brand","embeddable":true,"href":"https:\/\/www.chicasafurniture.com\/de\/wp-json\/wp\/v2\/product_brand?post=610"},{"taxonomy":"product_cat","embeddable":true,"href":"https:\/\/www.chicasafurniture.com\/de\/wp-json\/wp\/v2\/product_cat?post=610"},{"taxonomy":"product_tag","embeddable":true,"href":"https:\/\/www.chicasafurniture.com\/de\/wp-json\/wp\/v2\/product_tag?post=610"}],"curies":[{"name":"wp","href":"https:\/\/api.w.org\/{rel}","templated":true}]}}