{"id":621,"date":"2026-02-28T06:29:36","date_gmt":"2026-02-28T06:29:36","guid":{"rendered":"https:\/\/www.chicasafurniture.com\/?post_type=product&#038;p=621"},"modified":"2026-02-28T06:33:44","modified_gmt":"2026-02-28T06:33:44","slug":"custom-design-coffee-table","status":"publish","type":"product","link":"https:\/\/www.chicasafurniture.com\/de\/product\/custom-design-coffee-table\/","title":{"rendered":"Individuell gestalteter Couchtisch mit modernem, skulpturalem Metallgestell"},"content":{"rendered":"<h2 class=\"wp-block-heading\">Produktspezifikationen von Custom Design Couchtisch<\/h2>\n\n\n\n<figure class=\"wp-block-table\"><table class=\"has-fixed-layout\"><tbody><tr><td>Rahmen<\/td><td>Material der Abdeckung<\/td><td>F\u00fcllmaterial<\/td><td>Beine<\/td><td>Farbe<\/td><td>Gr\u00f6\u00dfe<\/td><td>Gewicht<\/td><\/tr><tr><td>Metall<\/td><td>\/<\/td><td>\/<\/td><td>Metall<\/td><td>Kundenspezifisch<\/td><td>Kundenspezifisch<\/td><td>50-100kg<\/td><\/tr><\/tbody><\/table><\/figure>\n\n\n\n<div class=\"wp-block-columns is-layout-flex wp-container-core-columns-is-layout-9d6595d7 wp-block-columns-is-layout-flex\">\n<div class=\"wp-block-column is-layout-flow wp-block-column-is-layout-flow\">\n<h2 class=\"wp-block-heading\">Premium Custom Design Couchtisch Merkmale:<\/h2>\n\n\n\n<ul class=\"wp-block-list\">\n<li><strong>Skulpturaler Metallrahmen:<\/strong> Dieser individuell gestaltete Couchtisch verf\u00fcgt \u00fcber ein Gestell aus mattem oder geb\u00fcrstetem Metall mit klaren geometrischen Linien, die eine einzigartige Basisstruktur bilden, welche die moderne skulpturale Kunst nahtlos in das M\u00f6beldesign integriert.<\/li>\n\n\n\n<li><strong>Hochwertige Metalloberfl\u00e4chen: <\/strong>Dieser ma\u00dfgefertigte Metall-Couchtisch bietet eine Vielzahl von hochwertigen Metalloberfl\u00e4chen, wie Bronze, Mattschwarz oder Champagnergold, die durch Galvanisierung oder feine Spritzverfahren eine hervorragende Haptik und Glanz aufweisen.<\/li>\n\n\n\n<li><strong>Langlebigkeit und handwerkliche Pr\u00e4zision:<\/strong> Unsere ma\u00dfgefertigten Couchtische werden aus hochwertigem Edelstahl oder legiertem Stahl hergestellt. Pr\u00e4zise Schwei\u00df- und Poliertechniken sorgen f\u00fcr eine robuste Struktur und unsichtbare N\u00e4hte, die ein hohes Ma\u00df an Handwerkskunst f\u00fcr eine lange Lebensdauer widerspiegeln.<\/li>\n\n\n\n<li><strong>Individuelle Gr\u00f6\u00dfe und funktionale Anpassung: <\/strong>Unsere ma\u00dfgefertigten Metall-Couchtische bieten flexible Anpassungsm\u00f6glichkeiten, so dass die Form der Tischplatte (z. B. rund, quadratisch oder organisch) und die Gr\u00f6\u00dfe an die unterschiedlichen Platzverh\u00e4ltnisse und Einrichtungsw\u00fcnsche im Wohnzimmer angepasst werden k\u00f6nnen.<\/li>\n<\/ul>\n<\/div>\n\n\n\n<div class=\"wp-block-column is-layout-flow wp-block-column-is-layout-flow\">\n<figure class=\"wp-block-image size-full\"><img decoding=\"async\" width=\"1000\" height=\"1000\" src=\"https:\/\/www.chicasafurniture.com\/wp-content\/uploads\/2026\/02\/Custom-Design-Coffee-Table-with-Modern-Sculptural-Metal-Base-1.webp\" alt=\"Individuell gestalteter Couchtisch mit modernem, skulpturalem Metallgestell-1\" class=\"wp-image-622\" srcset=\"https:\/\/www.chicasafurniture.com\/wp-content\/uploads\/2026\/02\/Custom-Design-Coffee-Table-with-Modern-Sculptural-Metal-Base-1.webp 1000w, https:\/\/www.chicasafurniture.com\/wp-content\/uploads\/2026\/02\/Custom-Design-Coffee-Table-with-Modern-Sculptural-Metal-Base-1-300x300.webp 300w, https:\/\/www.chicasafurniture.com\/wp-content\/uploads\/2026\/02\/Custom-Design-Coffee-Table-with-Modern-Sculptural-Metal-Base-1-150x150.webp 150w, https:\/\/www.chicasafurniture.com\/wp-content\/uploads\/2026\/02\/Custom-Design-Coffee-Table-with-Modern-Sculptural-Metal-Base-1-768x768.webp 768w, https:\/\/www.chicasafurniture.com\/wp-content\/uploads\/2026\/02\/Custom-Design-Coffee-Table-with-Modern-Sculptural-Metal-Base-1-600x600.webp 600w, https:\/\/www.chicasafurniture.com\/wp-content\/uploads\/2026\/02\/Custom-Design-Coffee-Table-with-Modern-Sculptural-Metal-Base-1-100x100.webp 100w\" sizes=\"(max-width: 1000px) 100vw, 1000px\" \/><\/figure>\n<\/div>\n<\/div>\n\n\n\n<div class=\"wp-block-columns is-layout-flex wp-container-core-columns-is-layout-9d6595d7 wp-block-columns-is-layout-flex\">\n<div class=\"wp-block-column is-layout-flow wp-block-column-is-layout-flow\">\n<figure class=\"wp-block-image size-full\"><img decoding=\"async\" width=\"1200\" height=\"765\" src=\"https:\/\/www.chicasafurniture.com\/wp-content\/uploads\/2026\/02\/Custom-Design-Coffee-Table-with-Modern-Sculptural-Metal-Base-3.webp\" alt=\"Individuell gestalteter Couchtisch mit modernem, skulpturalem Metallgestell-3\" class=\"wp-image-624\" srcset=\"https:\/\/www.chicasafurniture.com\/wp-content\/uploads\/2026\/02\/Custom-Design-Coffee-Table-with-Modern-Sculptural-Metal-Base-3.webp 1200w, https:\/\/www.chicasafurniture.com\/wp-content\/uploads\/2026\/02\/Custom-Design-Coffee-Table-with-Modern-Sculptural-Metal-Base-3-300x191.webp 300w, https:\/\/www.chicasafurniture.com\/wp-content\/uploads\/2026\/02\/Custom-Design-Coffee-Table-with-Modern-Sculptural-Metal-Base-3-768x490.webp 768w, https:\/\/www.chicasafurniture.com\/wp-content\/uploads\/2026\/02\/Custom-Design-Coffee-Table-with-Modern-Sculptural-Metal-Base-3-600x383.webp 600w\" sizes=\"(max-width: 1200px) 100vw, 1200px\" \/><\/figure>\n\n\n\n<figure class=\"wp-block-image size-full\"><img decoding=\"async\" width=\"1200\" height=\"765\" src=\"https:\/\/www.chicasafurniture.com\/wp-content\/uploads\/2026\/02\/Custom-Design-Coffee-Table-with-Modern-Sculptural-Metal-Base-4.webp\" alt=\"Individuell gestalteter Couchtisch mit modernem, skulpturalem Metallgestell-4\" class=\"wp-image-625\" srcset=\"https:\/\/www.chicasafurniture.com\/wp-content\/uploads\/2026\/02\/Custom-Design-Coffee-Table-with-Modern-Sculptural-Metal-Base-4.webp 1200w, https:\/\/www.chicasafurniture.com\/wp-content\/uploads\/2026\/02\/Custom-Design-Coffee-Table-with-Modern-Sculptural-Metal-Base-4-300x191.webp 300w, https:\/\/www.chicasafurniture.com\/wp-content\/uploads\/2026\/02\/Custom-Design-Coffee-Table-with-Modern-Sculptural-Metal-Base-4-768x490.webp 768w, https:\/\/www.chicasafurniture.com\/wp-content\/uploads\/2026\/02\/Custom-Design-Coffee-Table-with-Modern-Sculptural-Metal-Base-4-600x383.webp 600w\" sizes=\"(max-width: 1200px) 100vw, 1200px\" \/><\/figure>\n<\/div>\n<\/div>","protected":false},"excerpt":{"rendered":"<p>Willkommen zum Kauf von ma\u00dfgefertigten Couchtischen. Werten Sie Ihr Wohnzimmer mit unserem ma\u00dfgeschneiderten Couchtisch auf. Mit seinem eleganten Metallsockel und den hochwertigen Oberfl\u00e4chen verbindet er k\u00fcnstlerisches Flair mit modernem Nutzen.<\/p>\n<table style=\"border-collapse: collapse; width: 222.03pt;\" border=\"0\" width=\"222\" cellspacing=\"0\" cellpadding=\"0\">\n<tbody>\n<tr style=\"height: 15.20pt;\">\n<td class=\"et2\" style=\"height: 15.20pt; width: 81.65pt;\" width=\"81\" height=\"15\">Hersteller<\/td>\n<td class=\"et2\" style=\"width: 140.80pt;\" width=\"140\">ChiCasa<\/td>\n<\/tr>\n<tr style=\"height: 15.20pt;\">\n<td class=\"et2\" style=\"height: 15.20pt;\" height=\"15\">Kategorie<\/td>\n<td class=\"et2\">Couchtisch<\/td>\n<\/tr>\n<tr style=\"height: 15.20pt;\">\n<td class=\"et2\" style=\"height: 15.20pt;\" height=\"15\">Anmeldung<\/td>\n<td class=\"et2\">Wohnbereich<\/td>\n<\/tr>\n<tr style=\"height: 15.20pt;\">\n<td class=\"et2\" style=\"height: 15.20pt;\" height=\"15\">Stil<\/td>\n<td class=\"et2\">Minimalistisch<\/td>\n<\/tr>\n<tr style=\"height: 15.20pt;\">\n<td class=\"et2\" style=\"height: 15.20pt;\" height=\"15\">Modell<\/td>\n<td class=\"et2\">QMY-CT003<\/td>\n<\/tr>\n<tr style=\"height: 15.20pt;\">\n<td class=\"et2\" style=\"height: 15.20pt;\" height=\"15\">Personalisierung<\/td>\n<td class=\"et2\">Farbe, Gr\u00f6\u00dfe, Material<\/td>\n<\/tr>\n<tr style=\"height: 15.20pt;\">\n<td class=\"et2\" style=\"height: 15.20pt;\" height=\"15\">MOQ<\/td>\n<td class=\"et2\">1St\u00fcck<\/td>\n<\/tr>\n<\/tbody>\n<\/table>","protected":false},"featured_media":623,"comment_status":"closed","ping_status":"closed","template":"","meta":{"_acf_changed":false},"product_brand":[],"product_cat":[16,24],"product_tag":[],"class_list":{"0":"post-621","1":"product","2":"type-product","3":"status-publish","4":"has-post-thumbnail","6":"product_cat-bespoke-living-room-furniture","7":"product_cat-bespoke-coffee-table","9":"first","10":"instock","11":"shipping-taxable","12":"product-type-simple"},"acf":[],"_links":{"self":[{"href":"https:\/\/www.chicasafurniture.com\/de\/wp-json\/wp\/v2\/product\/621","targetHints":{"allow":["GET"]}}],"collection":[{"href":"https:\/\/www.chicasafurniture.com\/de\/wp-json\/wp\/v2\/product"}],"about":[{"href":"https:\/\/www.chicasafurniture.com\/de\/wp-json\/wp\/v2\/types\/product"}],"replies":[{"embeddable":true,"href":"https:\/\/www.chicasafurniture.com\/de\/wp-json\/wp\/v2\/comments?post=621"}],"wp:featuredmedia":[{"embeddable":true,"href":"https:\/\/www.chicasafurniture.com\/de\/wp-json\/wp\/v2\/media\/623"}],"wp:attachment":[{"href":"https:\/\/www.chicasafurniture.com\/de\/wp-json\/wp\/v2\/media?parent=621"}],"wp:term":[{"taxonomy":"product_brand","embeddable":true,"href":"https:\/\/www.chicasafurniture.com\/de\/wp-json\/wp\/v2\/product_brand?post=621"},{"taxonomy":"product_cat","embeddable":true,"href":"https:\/\/www.chicasafurniture.com\/de\/wp-json\/wp\/v2\/product_cat?post=621"},{"taxonomy":"product_tag","embeddable":true,"href":"https:\/\/www.chicasafurniture.com\/de\/wp-json\/wp\/v2\/product_tag?post=621"}],"curies":[{"name":"wp","href":"https:\/\/api.w.org\/{rel}","templated":true}]}}