{"id":626,"date":"2026-02-28T06:34:45","date_gmt":"2026-02-28T06:34:45","guid":{"rendered":"https:\/\/www.chicasafurniture.com\/?post_type=product&#038;p=626"},"modified":"2026-02-28T06:42:29","modified_gmt":"2026-02-28T06:42:29","slug":"custom-coffee-table-set","status":"publish","type":"product","link":"https:\/\/www.chicasafurniture.com\/de\/product\/custom-coffee-table-set\/","title":{"rendered":"Modernes individuelles Couchtisch-Set mit skulpturalem Metalldesign"},"content":{"rendered":"<h2 class=\"wp-block-heading\">Produktspezifikationen von Custom Coffee Table Set<\/h2>\n\n\n\n<figure class=\"wp-block-table\"><table class=\"has-fixed-layout\"><tbody><tr><td>Rahmen<\/td><td>Material der Abdeckung<\/td><td>F\u00fcllmaterial<\/td><td>Beine<\/td><td>Farbe<\/td><td>Gr\u00f6\u00dfe<\/td><td>Gewicht<\/td><\/tr><tr><td>Metall<\/td><td>\/<\/td><td>\/<\/td><td>Metall<\/td><td>Kundenspezifisch<\/td><td>Kundenspezifisch<\/td><td>50-100kg<\/td><\/tr><\/tbody><\/table><\/figure>\n\n\n\n<div class=\"wp-block-columns is-layout-flex wp-container-core-columns-is-layout-9d6595d7 wp-block-columns-is-layout-flex\">\n<div class=\"wp-block-column is-layout-flow wp-block-column-is-layout-flow\">\n<h2 class=\"wp-block-heading\">Premium Custom Couchtisch-Set Merkmale:<\/h2>\n\n\n\n<ul class=\"wp-block-list\">\n<li><strong>Minimalistische geometrische Formen: <\/strong>Dieses ma\u00dfgefertigte Couchtisch-Set zeichnet sich durch ein skulpturales Gestell mit klaren Metalllinien aus. Das gestaffelte, geschichtete Design verleiht dem gesamten Set eine leichte und moderne \u00c4sthetik.<\/li>\n\n\n\n<li><strong>Exquisite Metalloberfl\u00e4chen:<\/strong> Diese ma\u00dfgeschneiderten Couchtische sind mit einer hochwertigen, matten Pulverbeschichtung oder einer zarten, geb\u00fcrsteten Galvanisierung versehen, die dem Metall eine warme und nicht blendende Textur verleiht, die das Innendesign gehobener Wohnh\u00e4user erg\u00e4nzt.<\/li>\n\n\n\n<li><strong>Eine harmonische Mischung aus Kraft und Beweglichkeit:<\/strong> Der Metallrahmen dieses ma\u00dfgefertigten Couchtischsets weist eine hervorragende strukturelle Festigkeit auf, w\u00e4hrend die pr\u00e4zisen, nahtlosen Schwei\u00dfn\u00e4hte die Schlichtheit und Integrit\u00e4t des Erscheinungsbildes des Produkts bewahren und einen hohen Standard des Industriedesigns widerspiegeln.<\/li>\n\n\n\n<li><strong>Flexible multifunktionale Kombinationen: <\/strong>Dieses ma\u00dfgefertigte Couchtisch-Set ist modular aufgebaut und l\u00e4sst sich je nach Gr\u00f6\u00dfe des Wohnzimmers flexibel kombinieren oder zerlegen. Es dient sowohl als praktische Ablagefl\u00e4che als auch als dekoratives Element, das den k\u00fcnstlerischen Stil der Wohnung unterstreicht.<\/li>\n<\/ul>\n<\/div>\n\n\n\n<div class=\"wp-block-column is-layout-flow wp-block-column-is-layout-flow\">\n<figure class=\"wp-block-image size-full\"><img decoding=\"async\" width=\"1000\" height=\"1000\" src=\"https:\/\/www.chicasafurniture.com\/wp-content\/uploads\/2026\/02\/Modern-Custom-Coffee-Table-Set-with-Sculptural-Metal-Design-1.webp\" alt=\"Modernes individuelles Couchtisch-Set mit skulpturalem Metalldesign-1\" class=\"wp-image-627\" srcset=\"https:\/\/www.chicasafurniture.com\/wp-content\/uploads\/2026\/02\/Modern-Custom-Coffee-Table-Set-with-Sculptural-Metal-Design-1.webp 1000w, https:\/\/www.chicasafurniture.com\/wp-content\/uploads\/2026\/02\/Modern-Custom-Coffee-Table-Set-with-Sculptural-Metal-Design-1-300x300.webp 300w, https:\/\/www.chicasafurniture.com\/wp-content\/uploads\/2026\/02\/Modern-Custom-Coffee-Table-Set-with-Sculptural-Metal-Design-1-150x150.webp 150w, https:\/\/www.chicasafurniture.com\/wp-content\/uploads\/2026\/02\/Modern-Custom-Coffee-Table-Set-with-Sculptural-Metal-Design-1-768x768.webp 768w, https:\/\/www.chicasafurniture.com\/wp-content\/uploads\/2026\/02\/Modern-Custom-Coffee-Table-Set-with-Sculptural-Metal-Design-1-600x600.webp 600w, https:\/\/www.chicasafurniture.com\/wp-content\/uploads\/2026\/02\/Modern-Custom-Coffee-Table-Set-with-Sculptural-Metal-Design-1-100x100.webp 100w\" sizes=\"(max-width: 1000px) 100vw, 1000px\" \/><\/figure>\n<\/div>\n<\/div>\n\n\n\n<div class=\"wp-block-columns is-layout-flex wp-container-core-columns-is-layout-9d6595d7 wp-block-columns-is-layout-flex\">\n<div class=\"wp-block-column is-layout-flow wp-block-column-is-layout-flow\">\n<figure class=\"wp-block-gallery has-nested-images columns-default is-cropped wp-block-gallery-1 is-layout-flex wp-block-gallery-is-layout-flex\">\n<figure class=\"wp-block-image size-large\"><img decoding=\"async\" width=\"522\" height=\"766\" data-id=\"629\" src=\"https:\/\/www.chicasafurniture.com\/wp-content\/uploads\/2026\/02\/Modern-Custom-Coffee-Table-Set-with-Sculptural-Metal-Design-3.jpg\" alt=\"Modernes individuelles Couchtisch-Set mit skulpturalem Metalldesign-3\" class=\"wp-image-629\" srcset=\"https:\/\/www.chicasafurniture.com\/wp-content\/uploads\/2026\/02\/Modern-Custom-Coffee-Table-Set-with-Sculptural-Metal-Design-3.jpg 522w, https:\/\/www.chicasafurniture.com\/wp-content\/uploads\/2026\/02\/Modern-Custom-Coffee-Table-Set-with-Sculptural-Metal-Design-3-204x300.jpg 204w\" sizes=\"(max-width: 522px) 100vw, 522px\" \/><\/figure>\n\n\n\n<figure class=\"wp-block-image size-large\"><img decoding=\"async\" width=\"2000\" height=\"1750\" data-id=\"630\" src=\"https:\/\/www.chicasafurniture.com\/wp-content\/uploads\/2026\/02\/Modern-Custom-Coffee-Table-Set-with-Sculptural-Metal-Design-4.png\" alt=\"Modernes individuelles Couchtisch-Set mit skulpturalem Metalldesign-4\" class=\"wp-image-630\" srcset=\"https:\/\/www.chicasafurniture.com\/wp-content\/uploads\/2026\/02\/Modern-Custom-Coffee-Table-Set-with-Sculptural-Metal-Design-4.png 2000w, https:\/\/www.chicasafurniture.com\/wp-content\/uploads\/2026\/02\/Modern-Custom-Coffee-Table-Set-with-Sculptural-Metal-Design-4-300x263.png 300w, https:\/\/www.chicasafurniture.com\/wp-content\/uploads\/2026\/02\/Modern-Custom-Coffee-Table-Set-with-Sculptural-Metal-Design-4-768x672.png 768w, https:\/\/www.chicasafurniture.com\/wp-content\/uploads\/2026\/02\/Modern-Custom-Coffee-Table-Set-with-Sculptural-Metal-Design-4-1200x1050.png 1200w, https:\/\/www.chicasafurniture.com\/wp-content\/uploads\/2026\/02\/Modern-Custom-Coffee-Table-Set-with-Sculptural-Metal-Design-4-600x525.png 600w\" sizes=\"(max-width: 2000px) 100vw, 2000px\" \/><\/figure>\n<\/figure>\n<\/div>\n<\/div>","protected":false},"excerpt":{"rendered":"<p>Willkommen zum Kauf von ma\u00dfgefertigten Couchtischen. Versch\u00f6nern Sie Ihren Wohnbereich mit diesem ma\u00dfgefertigten Couchtisch-Set. Mit seinem robusten Metallrahmen und der hochwertigen Verarbeitung bietet er eine anspruchsvolle, minimalistische \u00c4sthetik.<\/p>\n<table style=\"border-collapse: collapse; width: 222.03pt;\" border=\"0\" width=\"222\" cellspacing=\"0\" cellpadding=\"0\">\n<tbody>\n<tr style=\"height: 15.20pt;\">\n<td class=\"et2\" style=\"height: 15.20pt; width: 81.65pt;\" width=\"81\" height=\"15\">Hersteller<\/td>\n<td class=\"et2\" style=\"width: 140.80pt;\" width=\"140\">ChiCasa<\/td>\n<\/tr>\n<tr style=\"height: 15.20pt;\">\n<td class=\"et2\" style=\"height: 15.20pt;\" height=\"15\">Kategorie<\/td>\n<td class=\"et2\">Couchtisch<\/td>\n<\/tr>\n<tr style=\"height: 15.20pt;\">\n<td class=\"et2\" style=\"height: 15.20pt;\" height=\"15\">Anmeldung<\/td>\n<td class=\"et2\">Wohnbereich<\/td>\n<\/tr>\n<tr style=\"height: 15.20pt;\">\n<td class=\"et2\" style=\"height: 15.20pt;\" height=\"15\">Stil<\/td>\n<td class=\"et2\">Raffinierter Luxus<\/td>\n<\/tr>\n<tr style=\"height: 15.20pt;\">\n<td class=\"et2\" style=\"height: 15.20pt;\" height=\"15\">Modell<\/td>\n<td class=\"et2\">QMY-CT009<\/td>\n<\/tr>\n<tr style=\"height: 15.20pt;\">\n<td class=\"et2\" style=\"height: 15.20pt;\" height=\"15\">Personalisierung<\/td>\n<td class=\"et2\">Farbe, Gr\u00f6\u00dfe, Material<\/td>\n<\/tr>\n<tr style=\"height: 15.20pt;\">\n<td class=\"et2\" style=\"height: 15.20pt;\" height=\"15\">MOQ<\/td>\n<td class=\"et2\">1St\u00fcck<\/td>\n<\/tr>\n<\/tbody>\n<\/table>","protected":false},"featured_media":628,"comment_status":"closed","ping_status":"closed","template":"","meta":{"_acf_changed":false},"product_brand":[],"product_cat":[16,24],"product_tag":[],"class_list":{"0":"post-626","1":"product","2":"type-product","3":"status-publish","4":"has-post-thumbnail","6":"product_cat-bespoke-living-room-furniture","7":"product_cat-bespoke-coffee-table","9":"first","10":"instock","11":"shipping-taxable","12":"product-type-simple"},"acf":[],"_links":{"self":[{"href":"https:\/\/www.chicasafurniture.com\/de\/wp-json\/wp\/v2\/product\/626","targetHints":{"allow":["GET"]}}],"collection":[{"href":"https:\/\/www.chicasafurniture.com\/de\/wp-json\/wp\/v2\/product"}],"about":[{"href":"https:\/\/www.chicasafurniture.com\/de\/wp-json\/wp\/v2\/types\/product"}],"replies":[{"embeddable":true,"href":"https:\/\/www.chicasafurniture.com\/de\/wp-json\/wp\/v2\/comments?post=626"}],"wp:featuredmedia":[{"embeddable":true,"href":"https:\/\/www.chicasafurniture.com\/de\/wp-json\/wp\/v2\/media\/628"}],"wp:attachment":[{"href":"https:\/\/www.chicasafurniture.com\/de\/wp-json\/wp\/v2\/media?parent=626"}],"wp:term":[{"taxonomy":"product_brand","embeddable":true,"href":"https:\/\/www.chicasafurniture.com\/de\/wp-json\/wp\/v2\/product_brand?post=626"},{"taxonomy":"product_cat","embeddable":true,"href":"https:\/\/www.chicasafurniture.com\/de\/wp-json\/wp\/v2\/product_cat?post=626"},{"taxonomy":"product_tag","embeddable":true,"href":"https:\/\/www.chicasafurniture.com\/de\/wp-json\/wp\/v2\/product_tag?post=626"}],"curies":[{"name":"wp","href":"https:\/\/api.w.org\/{rel}","templated":true}]}}