{"id":631,"date":"2026-02-28T06:43:51","date_gmt":"2026-02-28T06:43:51","guid":{"rendered":"https:\/\/www.chicasafurniture.com\/?post_type=product&#038;p=631"},"modified":"2026-02-28T07:10:49","modified_gmt":"2026-02-28T07:10:49","slug":"custom-marble-coffee-tables","status":"publish","type":"product","link":"https:\/\/www.chicasafurniture.com\/de\/product\/custom-marble-coffee-tables\/","title":{"rendered":"Luxuri\u00f6se Couchtische aus Marmor mit geometrischem Metallgestell"},"content":{"rendered":"<h2 class=\"wp-block-heading\">Produktspezifikationen f\u00fcr Couchtische aus Marmor<\/h2>\n\n\n\n<figure class=\"wp-block-table\"><table class=\"has-fixed-layout\"><tbody><tr><td>Rahmen<\/td><td>Material der Abdeckung<\/td><td>F\u00fcllmaterial<\/td><td>Beine<\/td><td>Farbe<\/td><td>Gr\u00f6\u00dfe<\/td><td>Gewicht<\/td><\/tr><tr><td>Metall<\/td><td>\/<\/td><td>\/<\/td><td>Metall<\/td><td>Kundenspezifisch<\/td><td>Kundenspezifisch<\/td><td>50-100kg<\/td><\/tr><\/tbody><\/table><\/figure>\n\n\n\n<div class=\"wp-block-columns is-layout-flex wp-container-core-columns-is-layout-9d6595d7 wp-block-columns-is-layout-flex\">\n<div class=\"wp-block-column is-layout-flow wp-block-column-is-layout-flow\">\n<h2 class=\"wp-block-heading\">Premium Custom Marmor Couchtische Eigenschaften:<\/h2>\n\n\n\n<ul class=\"wp-block-list\">\n<li><strong>Stabiler geometrischer Metallfu\u00df:<\/strong> Unsere ma\u00dfgefertigten Marmor-Couchtische bestehen aus hochfestem Metall mit einer stabilen, geometrischen St\u00fctzstruktur, die durch pr\u00e4zises Schwei\u00dfen entsteht und f\u00fcr au\u00dfergew\u00f6hnliche Haltbarkeit und strukturelle \u00c4sthetik sorgt.<\/li>\n\n\n\n<li><strong>Anpassbare Marmoroberfl\u00e4che:<\/strong> Die Platte dieses ma\u00dfgefertigten modernen Couchtischs ist aus Marmor gefertigt, so dass der Kunde die Steinstruktur passend zum Farbschema seiner Wohnung w\u00e4hlen kann. So wird die nat\u00fcrliche Sch\u00f6nheit des Steins mit der glatten, leichten Haptik einer Marmoroberfl\u00e4che kombiniert.<\/li>\n\n\n\n<li><strong>Material-Kontrast:<\/strong> Die matte oder geb\u00fcrstete Oberfl\u00e4che des Metallrahmens dieser ma\u00dfgefertigten Marmor-Couchtische bildet einen auff\u00e4lligen visuellen Kontrast zu den warmen, k\u00fchlen T\u00f6nen des Marmors. Diese Materialkombination hebt den luxuri\u00f6sen Stil und das k\u00fcnstlerische Niveau des Produkts hervor.<\/li>\n\n\n\n<li><strong>Leichtes und schwimmendes Design:<\/strong> Dank der strukturellen St\u00e4rke des Metalls zeichnet sich dieser ma\u00dfgeschneiderte moderne Couchtisch durch klare Linien aus, die das bedr\u00fcckende Gef\u00fchl traditioneller schwerer M\u00f6bel reduzieren und den Wohnraum offener und moderner erscheinen lassen.<\/li>\n<\/ul>\n<\/div>\n\n\n\n<div class=\"wp-block-column is-layout-flow wp-block-column-is-layout-flow\">\n<figure class=\"wp-block-image size-full\"><img decoding=\"async\" width=\"1000\" height=\"1000\" src=\"https:\/\/www.chicasafurniture.com\/wp-content\/uploads\/2026\/02\/Luxury-Custom-Marble-Coffee-Tables-with-Metal-Geometric-Base-2.webp\" alt=\"Luxus-Couchtische aus Marmor mit geometrischem Metallgestell-2\" class=\"wp-image-639\" srcset=\"https:\/\/www.chicasafurniture.com\/wp-content\/uploads\/2026\/02\/Luxury-Custom-Marble-Coffee-Tables-with-Metal-Geometric-Base-2.webp 1000w, https:\/\/www.chicasafurniture.com\/wp-content\/uploads\/2026\/02\/Luxury-Custom-Marble-Coffee-Tables-with-Metal-Geometric-Base-2-300x300.webp 300w, https:\/\/www.chicasafurniture.com\/wp-content\/uploads\/2026\/02\/Luxury-Custom-Marble-Coffee-Tables-with-Metal-Geometric-Base-2-150x150.webp 150w, https:\/\/www.chicasafurniture.com\/wp-content\/uploads\/2026\/02\/Luxury-Custom-Marble-Coffee-Tables-with-Metal-Geometric-Base-2-768x768.webp 768w, https:\/\/www.chicasafurniture.com\/wp-content\/uploads\/2026\/02\/Luxury-Custom-Marble-Coffee-Tables-with-Metal-Geometric-Base-2-600x600.webp 600w, https:\/\/www.chicasafurniture.com\/wp-content\/uploads\/2026\/02\/Luxury-Custom-Marble-Coffee-Tables-with-Metal-Geometric-Base-2-100x100.webp 100w\" sizes=\"(max-width: 1000px) 100vw, 1000px\" \/><\/figure>\n<\/div>\n<\/div>\n\n\n\n<figure class=\"wp-block-image size-full\"><img decoding=\"async\" width=\"1200\" height=\"851\" src=\"https:\/\/www.chicasafurniture.com\/wp-content\/uploads\/2026\/02\/Luxury-Custom-Marble-Coffee-Tables-with-Metal-Geometric-Base-4.webp\" alt=\"Luxus-Couchtische aus Marmor mit geometrischem Metallgestell-4\" class=\"wp-image-641\" srcset=\"https:\/\/www.chicasafurniture.com\/wp-content\/uploads\/2026\/02\/Luxury-Custom-Marble-Coffee-Tables-with-Metal-Geometric-Base-4.webp 1200w, https:\/\/www.chicasafurniture.com\/wp-content\/uploads\/2026\/02\/Luxury-Custom-Marble-Coffee-Tables-with-Metal-Geometric-Base-4-300x213.webp 300w, https:\/\/www.chicasafurniture.com\/wp-content\/uploads\/2026\/02\/Luxury-Custom-Marble-Coffee-Tables-with-Metal-Geometric-Base-4-768x545.webp 768w, https:\/\/www.chicasafurniture.com\/wp-content\/uploads\/2026\/02\/Luxury-Custom-Marble-Coffee-Tables-with-Metal-Geometric-Base-4-600x426.webp 600w\" sizes=\"(max-width: 1200px) 100vw, 1200px\" \/><\/figure>","protected":false},"excerpt":{"rendered":"<p>Willkommen beim Kauf von ma\u00dfgefertigten Couchtischen. Erh\u00f6hen Sie Ihr Zuhause mit unseren ma\u00dfgeschneiderten Marmor-Couchtischen. Mit langlebigen Metallrahmen und anpassbaren Steinplatten f\u00fcr eine perfekte Mischung aus Luxus und modernem Stil.<\/p>\n<table style=\"border-collapse: collapse; width: 222.03pt;\" border=\"0\" width=\"222\" cellspacing=\"0\" cellpadding=\"0\">\n<tbody>\n<tr style=\"height: 15.20pt;\">\n<td class=\"et2\" style=\"height: 15.20pt; width: 81.65pt;\" width=\"81\" height=\"15\">Hersteller<\/td>\n<td class=\"et2\" style=\"width: 140.80pt;\" width=\"140\">ChiCasa<\/td>\n<\/tr>\n<tr style=\"height: 15.20pt;\">\n<td class=\"et2\" style=\"height: 15.20pt;\" height=\"15\">Kategorie<\/td>\n<td class=\"et2\">Couchtisch<\/td>\n<\/tr>\n<tr style=\"height: 15.20pt;\">\n<td class=\"et2\" style=\"height: 15.20pt;\" height=\"15\">Anmeldung<\/td>\n<td class=\"et2\">Wohnbereich<\/td>\n<\/tr>\n<tr style=\"height: 15.20pt;\">\n<td class=\"et2\" style=\"height: 15.20pt;\" height=\"15\">Stil<\/td>\n<td class=\"et2\">Raffinierter Luxus<\/td>\n<\/tr>\n<tr style=\"height: 15.20pt;\">\n<td class=\"et2\" style=\"height: 15.20pt;\" height=\"15\">Modell<\/td>\n<td class=\"et2\">QMY-CT032<\/td>\n<\/tr>\n<tr style=\"height: 15.20pt;\">\n<td class=\"et2\" style=\"height: 15.20pt;\" height=\"15\">Personalisierung<\/td>\n<td class=\"et2\">Farbe, Gr\u00f6\u00dfe, Material<\/td>\n<\/tr>\n<tr style=\"height: 15.20pt;\">\n<td class=\"et2\" style=\"height: 15.20pt;\" height=\"15\">MOQ<\/td>\n<td class=\"et2\">1St\u00fcck<\/td>\n<\/tr>\n<\/tbody>\n<\/table>","protected":false},"featured_media":640,"comment_status":"closed","ping_status":"closed","template":"","meta":{"_acf_changed":false},"product_brand":[],"product_cat":[16,24],"product_tag":[],"class_list":{"0":"post-631","1":"product","2":"type-product","3":"status-publish","4":"has-post-thumbnail","6":"product_cat-bespoke-living-room-furniture","7":"product_cat-bespoke-coffee-table","9":"first","10":"instock","11":"shipping-taxable","12":"product-type-simple"},"acf":[],"_links":{"self":[{"href":"https:\/\/www.chicasafurniture.com\/de\/wp-json\/wp\/v2\/product\/631","targetHints":{"allow":["GET"]}}],"collection":[{"href":"https:\/\/www.chicasafurniture.com\/de\/wp-json\/wp\/v2\/product"}],"about":[{"href":"https:\/\/www.chicasafurniture.com\/de\/wp-json\/wp\/v2\/types\/product"}],"replies":[{"embeddable":true,"href":"https:\/\/www.chicasafurniture.com\/de\/wp-json\/wp\/v2\/comments?post=631"}],"wp:featuredmedia":[{"embeddable":true,"href":"https:\/\/www.chicasafurniture.com\/de\/wp-json\/wp\/v2\/media\/640"}],"wp:attachment":[{"href":"https:\/\/www.chicasafurniture.com\/de\/wp-json\/wp\/v2\/media?parent=631"}],"wp:term":[{"taxonomy":"product_brand","embeddable":true,"href":"https:\/\/www.chicasafurniture.com\/de\/wp-json\/wp\/v2\/product_brand?post=631"},{"taxonomy":"product_cat","embeddable":true,"href":"https:\/\/www.chicasafurniture.com\/de\/wp-json\/wp\/v2\/product_cat?post=631"},{"taxonomy":"product_tag","embeddable":true,"href":"https:\/\/www.chicasafurniture.com\/de\/wp-json\/wp\/v2\/product_tag?post=631"}],"curies":[{"name":"wp","href":"https:\/\/api.w.org\/{rel}","templated":true}]}}