{"id":632,"date":"2026-02-28T06:47:55","date_gmt":"2026-02-28T06:47:55","guid":{"rendered":"https:\/\/www.chicasafurniture.com\/?post_type=product&#038;p=632"},"modified":"2026-02-28T06:54:44","modified_gmt":"2026-02-28T06:54:44","slug":"custom-makeup-vanity","status":"publish","type":"product","link":"https:\/\/www.chicasafurniture.com\/de\/product\/custom-makeup-vanity\/","title":{"rendered":"Benutzerdefinierte Make-up Vanity Tisch, Minimalist Metall Art Deco Design"},"content":{"rendered":"<h2 class=\"wp-block-heading\">Produktspezifikationen von Custom Makeup Vanity<\/h2>\n\n\n\n<figure class=\"wp-block-table\"><table class=\"has-fixed-layout\"><tbody><tr><td>Rahmen<\/td><td>Material der Abdeckung<\/td><td>F\u00fcllmaterial<\/td><td>Beine<\/td><td>Farbe<\/td><td>Gr\u00f6\u00dfe<\/td><td>Gewicht<\/td><\/tr><tr><td>Holz<\/td><td>Stoff<\/td><td>\/<\/td><td>Metall<\/td><td>Kundenspezifisch<\/td><td>Kundenspezifisch<\/td><td>50-75kg<\/td><\/tr><\/tbody><\/table><\/figure>\n\n\n\n<div class=\"wp-block-columns is-layout-flex wp-container-core-columns-is-layout-9d6595d7 wp-block-columns-is-layout-flex\">\n<div class=\"wp-block-column is-layout-flow wp-block-column-is-layout-flow\">\n<h2 class=\"wp-block-heading\">Premium Custom Makeup Vanity Merkmale:<\/h2>\n\n\n\n<ul class=\"wp-block-list\">\n<li><strong>Skulpturaler Metallrahmen: <\/strong>Dieser ma\u00dfgefertigte Make-up-Waschtisch ist aus einer hochfesten Aluminiumlegierung oder Edelstahl gefertigt und verf\u00fcgt \u00fcber einen schlanken, geometrischen Sockel, der mit pr\u00e4zisen, nahtlosen Schwei\u00dftechniken hergestellt wird. Dies verleiht dem Waschtisch au\u00dfergew\u00f6hnliche Stabilit\u00e4t und eine moderne skulpturale \u00c4sthetik.<\/li>\n\n\n\n<li><strong>Veredeltes Metall Oberfl\u00e4cheng\u00fcte:<\/strong> Die Oberfl\u00e4che dieses ma\u00dfgefertigten Schminktisches wird mit einer hochwertigen matten Spritzlackierung oder einer geb\u00fcrsteten Galvanisierung versehen, die einen warmen und zarten Glanz erzeugt und gleichzeitig eine hervorragende Widerstandsf\u00e4higkeit gegen Fingerabdr\u00fccke und Abnutzung bietet, was die hochwertige Qualit\u00e4t der Ma\u00dfanfertigung unterstreicht.<\/li>\n\n\n\n<li><strong>Ergonomisches und leichtes Design:<\/strong> Dieser ma\u00dfgefertigte Make-up-Waschtisch hat ein schwebendes Design, das die visuelle Offenheit bewahrt und gleichzeitig viel Beinfreiheit bietet, was ein Gleichgewicht zwischen Komfort und Raumgef\u00fchl schafft.<\/li>\n\n\n\n<li><strong>Individueller Stauraum: <\/strong>Unser ma\u00dfgefertigter Schminktisch ist mit ma\u00dfgefertigten Metallschienen ausgestattet, die ein sanftes und leises \u00d6ffnen der Schubladen gew\u00e4hrleisten. Der Innenraum kann je nach Gr\u00f6\u00dfe Ihrer Kosmetika modular unterteilt werden, was den funktionalen \u00dcberlegungen von ma\u00dfgefertigten M\u00f6beln entspricht.<\/li>\n<\/ul>\n<\/div>\n\n\n\n<div class=\"wp-block-column is-layout-flow wp-block-column-is-layout-flow\">\n<figure class=\"wp-block-image size-full\"><img decoding=\"async\" width=\"1439\" height=\"1920\" src=\"https:\/\/www.chicasafurniture.com\/wp-content\/uploads\/2026\/02\/Custom-Makeup-Vanity-Table-Minimalist-Metal-Art-Deco-Design-4.webp\" alt=\"Benutzerdefinierte Make-up Vanity Tisch, minimalistische Metall Art Deco Design-4\" class=\"wp-image-636\" srcset=\"https:\/\/www.chicasafurniture.com\/wp-content\/uploads\/2026\/02\/Custom-Makeup-Vanity-Table-Minimalist-Metal-Art-Deco-Design-4.webp 1439w, https:\/\/www.chicasafurniture.com\/wp-content\/uploads\/2026\/02\/Custom-Makeup-Vanity-Table-Minimalist-Metal-Art-Deco-Design-4-225x300.webp 225w, https:\/\/www.chicasafurniture.com\/wp-content\/uploads\/2026\/02\/Custom-Makeup-Vanity-Table-Minimalist-Metal-Art-Deco-Design-4-768x1025.webp 768w, https:\/\/www.chicasafurniture.com\/wp-content\/uploads\/2026\/02\/Custom-Makeup-Vanity-Table-Minimalist-Metal-Art-Deco-Design-4-1200x1601.webp 1200w, https:\/\/www.chicasafurniture.com\/wp-content\/uploads\/2026\/02\/Custom-Makeup-Vanity-Table-Minimalist-Metal-Art-Deco-Design-4-600x801.webp 600w\" sizes=\"(max-width: 1439px) 100vw, 1439px\" \/><\/figure>\n<\/div>\n<\/div>\n\n\n\n<figure class=\"wp-block-image size-full\"><img decoding=\"async\" width=\"1200\" height=\"917\" src=\"https:\/\/www.chicasafurniture.com\/wp-content\/uploads\/2026\/02\/Custom-Makeup-Vanity-Table-Minimalist-Metal-Art-Deco-Design-3.webp\" alt=\"Benutzerdefinierte Make-up Eitelkeit Tisch, minimalistische Metall Art Deco Design-3\" class=\"wp-image-635\" srcset=\"https:\/\/www.chicasafurniture.com\/wp-content\/uploads\/2026\/02\/Custom-Makeup-Vanity-Table-Minimalist-Metal-Art-Deco-Design-3.webp 1200w, https:\/\/www.chicasafurniture.com\/wp-content\/uploads\/2026\/02\/Custom-Makeup-Vanity-Table-Minimalist-Metal-Art-Deco-Design-3-300x229.webp 300w, https:\/\/www.chicasafurniture.com\/wp-content\/uploads\/2026\/02\/Custom-Makeup-Vanity-Table-Minimalist-Metal-Art-Deco-Design-3-768x587.webp 768w, https:\/\/www.chicasafurniture.com\/wp-content\/uploads\/2026\/02\/Custom-Makeup-Vanity-Table-Minimalist-Metal-Art-Deco-Design-3-600x459.webp 600w\" sizes=\"(max-width: 1200px) 100vw, 1200px\" \/><\/figure>","protected":false},"excerpt":{"rendered":"<p>Willkommen bei der Bestellung von ma\u00dfgefertigten Schminktischen. Verbessern Sie Ihre Sch\u00f6nheitsroutine mit unserem ma\u00dfgeschneiderten Schminktisch. Der elegante Metallrahmen, die hochwertige Verarbeitung und das ergonomische Design sorgen f\u00fcr einen modernen, anspruchsvollen Stil.<\/p>\n<table style=\"border-collapse: collapse; width: 222.03pt;\" border=\"0\" width=\"222\" cellspacing=\"0\" cellpadding=\"0\">\n<tbody>\n<tr style=\"height: 15.20pt;\">\n<td class=\"et2\" style=\"height: 15.20pt; width: 81.65pt;\" width=\"81\" height=\"15\">Hersteller<\/td>\n<td class=\"et2\" style=\"width: 140.80pt;\" width=\"140\">ChiCasa<\/td>\n<\/tr>\n<tr style=\"height: 15.20pt;\">\n<td class=\"et2\" style=\"height: 15.20pt;\" height=\"15\">Kategorie<\/td>\n<td class=\"et2\">Schminktisch<\/td>\n<\/tr>\n<tr style=\"height: 15.20pt;\">\n<td class=\"et2\" style=\"height: 15.20pt;\" height=\"15\">Anmeldung<\/td>\n<td class=\"et2\">Schlafzimmer<\/td>\n<\/tr>\n<tr style=\"height: 15.20pt;\">\n<td class=\"et2\" style=\"height: 15.20pt;\" height=\"15\">Stil<\/td>\n<td class=\"et2\">Raffinierter Luxus<\/td>\n<\/tr>\n<tr style=\"height: 15.20pt;\">\n<td class=\"et2\" style=\"height: 15.20pt;\" height=\"15\">Modell<\/td>\n<td class=\"et2\">QMY-DR004<\/td>\n<\/tr>\n<tr style=\"height: 15.20pt;\">\n<td class=\"et2\" style=\"height: 15.20pt;\" height=\"15\">Personalisierung<\/td>\n<td class=\"et2\">Farbe, Gr\u00f6\u00dfe, Material<\/td>\n<\/tr>\n<tr style=\"height: 15.20pt;\">\n<td class=\"et2\" style=\"height: 15.20pt;\" height=\"15\">MOQ<\/td>\n<td class=\"et2\">1St\u00fcck<\/td>\n<\/tr>\n<\/tbody>\n<\/table>","protected":false},"featured_media":633,"comment_status":"closed","ping_status":"closed","template":"","meta":{"_acf_changed":false},"product_brand":[],"product_cat":[18,35],"product_tag":[],"class_list":{"0":"post-632","1":"product","2":"type-product","3":"status-publish","4":"has-post-thumbnail","6":"product_cat-bespoke-bedroom-furniture","7":"product_cat-custom-makeup-vanities","9":"first","10":"instock","11":"shipping-taxable","12":"product-type-simple"},"acf":[],"_links":{"self":[{"href":"https:\/\/www.chicasafurniture.com\/de\/wp-json\/wp\/v2\/product\/632","targetHints":{"allow":["GET"]}}],"collection":[{"href":"https:\/\/www.chicasafurniture.com\/de\/wp-json\/wp\/v2\/product"}],"about":[{"href":"https:\/\/www.chicasafurniture.com\/de\/wp-json\/wp\/v2\/types\/product"}],"replies":[{"embeddable":true,"href":"https:\/\/www.chicasafurniture.com\/de\/wp-json\/wp\/v2\/comments?post=632"}],"wp:featuredmedia":[{"embeddable":true,"href":"https:\/\/www.chicasafurniture.com\/de\/wp-json\/wp\/v2\/media\/633"}],"wp:attachment":[{"href":"https:\/\/www.chicasafurniture.com\/de\/wp-json\/wp\/v2\/media?parent=632"}],"wp:term":[{"taxonomy":"product_brand","embeddable":true,"href":"https:\/\/www.chicasafurniture.com\/de\/wp-json\/wp\/v2\/product_brand?post=632"},{"taxonomy":"product_cat","embeddable":true,"href":"https:\/\/www.chicasafurniture.com\/de\/wp-json\/wp\/v2\/product_cat?post=632"},{"taxonomy":"product_tag","embeddable":true,"href":"https:\/\/www.chicasafurniture.com\/de\/wp-json\/wp\/v2\/product_tag?post=632"}],"curies":[{"name":"wp","href":"https:\/\/api.w.org\/{rel}","templated":true}]}}