{"id":857,"date":"2026-03-03T07:59:12","date_gmt":"2026-03-03T07:59:12","guid":{"rendered":"https:\/\/www.chicasafurniture.com\/?post_type=product&#038;p=857"},"modified":"2026-03-03T08:17:15","modified_gmt":"2026-03-03T08:17:15","slug":"custom-leisure-sofa-chair","status":"publish","type":"product","link":"https:\/\/www.chicasafurniture.com\/de\/product\/custom-leisure-sofa-chair\/","title":{"rendered":"Ma\u00dfgeschneiderter Freizeitsofa-Sessel mit modernem, getuftetem, modularem Design"},"content":{"rendered":"<h2 class=\"wp-block-heading\">Produktspezifikationen von Custom Leisure Sofa Chair<\/h2>\n\n\n\n<figure class=\"wp-block-table\"><table class=\"has-fixed-layout\"><tbody><tr><td>Rahmen<\/td><td>Material der Abdeckung<\/td><td>F\u00fcllmaterial<\/td><td>Beine<\/td><td>Farbe<\/td><td>Gr\u00f6\u00dfe<\/td><td>Gewicht<\/td><\/tr><tr><td>\/<\/td><td>Stoff<\/td><td>Schwamm mit hoher Dichte<\/td><td>\/<\/td><td>Kundenspezifisch<\/td><td>Normale Gr\u00f6\u00dfe<\/td><td>35-50kg<\/td><\/tr><\/tbody><\/table><\/figure>\n\n\n\n<div class=\"wp-block-columns is-layout-flex wp-container-core-columns-is-layout-9d6595d7 wp-block-columns-is-layout-flex\">\n<div class=\"wp-block-column is-layout-flow wp-block-column-is-layout-flow\">\n<h2 class=\"wp-block-heading\">Premium Custom Leisure Sofa Chair Eigenschaften:<\/h2>\n\n\n\n<ul class=\"wp-block-list\">\n<li><strong>3D-Knopf-Kunsthandwerk: <\/strong>Dieses ma\u00dfgefertigte Freizeitsofa zeichnet sich durch eine exquisite quadratische Knopfheftung aus, die eine reiche visuelle Textur und eine tiefe, bequeme Unterst\u00fctzung bietet.<\/li>\n\n\n\n<li><strong>Modularer Aufbau:<\/strong> Die flexible, modulare Struktur dieses modernen Freizeitstuhls von Besoke erm\u00f6glicht die freie Kombination f\u00fcr verschiedene Raumaufteilungen.<\/li>\n\n\n\n<li><strong>Hochwertiger, hautfreundlicher Stoff: <\/strong>Dieses ma\u00dfgefertigte Freizeitsofa ist aus hochwertigem Samt-\/Gewebegewebe gefertigt, das sich weich und zart anf\u00fchlt, hoch atmungsaktiv und langlebig ist.<\/li>\n\n\n\n<li><strong>Ergonomisches Design: <\/strong>Der niedrige Schwerpunkt unseres modernen Freizeitsessels Besoke in Kombination mit der breiten R\u00fcckenlehne st\u00fctzt den K\u00f6rper rundum und sorgt f\u00fcr ein umfassendes Entspannungserlebnis.<\/li>\n\n\n\n<li><strong>Ma\u00dfgeschneiderte \u00e4sthetische Passform: <\/strong>Wir bieten eine Vielzahl von raffinierten Farboptionen f\u00fcr unsere ma\u00dfgefertigten Freizeitsofas an, die sich leicht in minimalistische, Retro- oder moderne, luxuri\u00f6se Einrichtungsstile einf\u00fcgen.<\/li>\n<\/ul>\n<\/div>\n\n\n\n<div class=\"wp-block-column is-layout-flow wp-block-column-is-layout-flow\">\n<figure class=\"wp-block-image size-full\"><img decoding=\"async\" width=\"1000\" height=\"1000\" src=\"https:\/\/www.chicasafurniture.com\/wp-content\/uploads\/2026\/03\/Custom-Leisure-Sofa-Chair-with-Modern-Tufted-Modular-Design-6.webp\" alt=\"Individuelles Freizeitsofa mit modernem, getuftetem, modularem Design-6\" class=\"wp-image-863\" srcset=\"https:\/\/www.chicasafurniture.com\/wp-content\/uploads\/2026\/03\/Custom-Leisure-Sofa-Chair-with-Modern-Tufted-Modular-Design-6.webp 1000w, https:\/\/www.chicasafurniture.com\/wp-content\/uploads\/2026\/03\/Custom-Leisure-Sofa-Chair-with-Modern-Tufted-Modular-Design-6-300x300.webp 300w, https:\/\/www.chicasafurniture.com\/wp-content\/uploads\/2026\/03\/Custom-Leisure-Sofa-Chair-with-Modern-Tufted-Modular-Design-6-150x150.webp 150w, https:\/\/www.chicasafurniture.com\/wp-content\/uploads\/2026\/03\/Custom-Leisure-Sofa-Chair-with-Modern-Tufted-Modular-Design-6-768x768.webp 768w, https:\/\/www.chicasafurniture.com\/wp-content\/uploads\/2026\/03\/Custom-Leisure-Sofa-Chair-with-Modern-Tufted-Modular-Design-6-600x600.webp 600w, https:\/\/www.chicasafurniture.com\/wp-content\/uploads\/2026\/03\/Custom-Leisure-Sofa-Chair-with-Modern-Tufted-Modular-Design-6-100x100.webp 100w\" sizes=\"(max-width: 1000px) 100vw, 1000px\" \/><\/figure>\n<\/div>\n<\/div>\n\n\n\n<div class=\"wp-block-columns is-layout-flex wp-container-core-columns-is-layout-9d6595d7 wp-block-columns-is-layout-flex\">\n<div class=\"wp-block-column is-layout-flow wp-block-column-is-layout-flow\">\n<figure class=\"wp-block-image size-full\"><img decoding=\"async\" width=\"1000\" height=\"1000\" src=\"https:\/\/www.chicasafurniture.com\/wp-content\/uploads\/2026\/03\/Custom-Leisure-Sofa-Chair-with-Modern-Tufted-Modular-Design-5.webp\" alt=\"Individuelles Freizeitsofa mit modernem, getuftetem, modularem Design-5\" class=\"wp-image-862\" srcset=\"https:\/\/www.chicasafurniture.com\/wp-content\/uploads\/2026\/03\/Custom-Leisure-Sofa-Chair-with-Modern-Tufted-Modular-Design-5.webp 1000w, https:\/\/www.chicasafurniture.com\/wp-content\/uploads\/2026\/03\/Custom-Leisure-Sofa-Chair-with-Modern-Tufted-Modular-Design-5-300x300.webp 300w, https:\/\/www.chicasafurniture.com\/wp-content\/uploads\/2026\/03\/Custom-Leisure-Sofa-Chair-with-Modern-Tufted-Modular-Design-5-150x150.webp 150w, https:\/\/www.chicasafurniture.com\/wp-content\/uploads\/2026\/03\/Custom-Leisure-Sofa-Chair-with-Modern-Tufted-Modular-Design-5-768x768.webp 768w, https:\/\/www.chicasafurniture.com\/wp-content\/uploads\/2026\/03\/Custom-Leisure-Sofa-Chair-with-Modern-Tufted-Modular-Design-5-600x600.webp 600w, https:\/\/www.chicasafurniture.com\/wp-content\/uploads\/2026\/03\/Custom-Leisure-Sofa-Chair-with-Modern-Tufted-Modular-Design-5-100x100.webp 100w\" sizes=\"(max-width: 1000px) 100vw, 1000px\" \/><\/figure>\n<\/div>\n\n\n\n<div class=\"wp-block-column is-layout-flow wp-block-column-is-layout-flow\">\n<figure class=\"wp-block-image size-full\"><img decoding=\"async\" width=\"1000\" height=\"1000\" src=\"https:\/\/www.chicasafurniture.com\/wp-content\/uploads\/2026\/03\/Custom-Leisure-Sofa-Chair-with-Modern-Tufted-Modular-Design-4.webp\" alt=\"Individuelles Freizeitsofa mit modernem, getuftetem, modularem Design-4\" class=\"wp-image-861\" srcset=\"https:\/\/www.chicasafurniture.com\/wp-content\/uploads\/2026\/03\/Custom-Leisure-Sofa-Chair-with-Modern-Tufted-Modular-Design-4.webp 1000w, https:\/\/www.chicasafurniture.com\/wp-content\/uploads\/2026\/03\/Custom-Leisure-Sofa-Chair-with-Modern-Tufted-Modular-Design-4-300x300.webp 300w, https:\/\/www.chicasafurniture.com\/wp-content\/uploads\/2026\/03\/Custom-Leisure-Sofa-Chair-with-Modern-Tufted-Modular-Design-4-150x150.webp 150w, https:\/\/www.chicasafurniture.com\/wp-content\/uploads\/2026\/03\/Custom-Leisure-Sofa-Chair-with-Modern-Tufted-Modular-Design-4-768x768.webp 768w, https:\/\/www.chicasafurniture.com\/wp-content\/uploads\/2026\/03\/Custom-Leisure-Sofa-Chair-with-Modern-Tufted-Modular-Design-4-600x600.webp 600w, https:\/\/www.chicasafurniture.com\/wp-content\/uploads\/2026\/03\/Custom-Leisure-Sofa-Chair-with-Modern-Tufted-Modular-Design-4-100x100.webp 100w\" sizes=\"(max-width: 1000px) 100vw, 1000px\" \/><\/figure>\n<\/div>\n<\/div>\n\n\n\n<figure class=\"wp-block-image size-full\"><img decoding=\"async\" width=\"2000\" height=\"1125\" src=\"https:\/\/www.chicasafurniture.com\/wp-content\/uploads\/2026\/03\/Custom-Leisure-Sofa-Chair-with-Modern-Tufted-Modular-Design-2.webp\" alt=\"Individuelles Freizeitsofa mit modernem, getuftetem, modularem Design-2\" class=\"wp-image-859\" srcset=\"https:\/\/www.chicasafurniture.com\/wp-content\/uploads\/2026\/03\/Custom-Leisure-Sofa-Chair-with-Modern-Tufted-Modular-Design-2.webp 2000w, https:\/\/www.chicasafurniture.com\/wp-content\/uploads\/2026\/03\/Custom-Leisure-Sofa-Chair-with-Modern-Tufted-Modular-Design-2-300x169.webp 300w, https:\/\/www.chicasafurniture.com\/wp-content\/uploads\/2026\/03\/Custom-Leisure-Sofa-Chair-with-Modern-Tufted-Modular-Design-2-768x432.webp 768w, https:\/\/www.chicasafurniture.com\/wp-content\/uploads\/2026\/03\/Custom-Leisure-Sofa-Chair-with-Modern-Tufted-Modular-Design-2-1200x675.webp 1200w, https:\/\/www.chicasafurniture.com\/wp-content\/uploads\/2026\/03\/Custom-Leisure-Sofa-Chair-with-Modern-Tufted-Modular-Design-2-600x338.webp 600w\" sizes=\"(max-width: 2000px) 100vw, 2000px\" \/><\/figure>","protected":false},"excerpt":{"rendered":"<p>Peppen Sie Ihren Raum mit unserem ma\u00dfgeschneiderten Freizeitsofa auf. Mit seinem ausgepr\u00e4gten getufteten modularen Design und der weichen Polsterung bietet er unvergleichlichen Komfort und zeitgen\u00f6ssischen Stil f\u00fcr jeden modernen Wohnbereich.<\/p>\n<table style=\"border-collapse: collapse; width: 222.03pt;\" border=\"0\" width=\"222\" cellspacing=\"0\" cellpadding=\"0\">\n<tbody>\n<tr style=\"height: 15.20pt;\">\n<td class=\"et2\" style=\"height: 15.20pt; width: 81.65pt;\" width=\"81\" height=\"15\">Hersteller<\/td>\n<td class=\"et2\" style=\"width: 140.80pt;\" width=\"140\">ChiCasa<\/td>\n<\/tr>\n<tr style=\"height: 15.20pt;\">\n<td class=\"et2\" style=\"height: 15.20pt;\" height=\"15\">Kategorie<\/td>\n<td class=\"et2\">Freizeitstuhl<\/td>\n<\/tr>\n<tr style=\"height: 15.20pt;\">\n<td class=\"et2\" style=\"height: 15.20pt;\" height=\"15\">Anmeldung<\/td>\n<td class=\"et2\">Wohnbereich<\/td>\n<\/tr>\n<tr style=\"height: 15.20pt;\">\n<td class=\"et2\" style=\"height: 15.20pt;\" height=\"15\">Stil<\/td>\n<td class=\"et2\">Minimalistisch<\/td>\n<\/tr>\n<tr style=\"height: 15.20pt;\">\n<td class=\"et2\" style=\"height: 15.20pt;\" height=\"15\">Modell<\/td>\n<td class=\"et2\">QMY-LC005<\/td>\n<\/tr>\n<tr style=\"height: 15.20pt;\">\n<td class=\"et2\" style=\"height: 15.20pt;\" height=\"15\">Personalisierung<\/td>\n<td class=\"et2\">Farbe, Gr\u00f6\u00dfe, Material<\/td>\n<\/tr>\n<tr style=\"height: 15.20pt;\">\n<td class=\"et2\" style=\"height: 15.20pt;\" height=\"15\">MOQ<\/td>\n<td class=\"et2\">1St\u00fcck<\/td>\n<\/tr>\n<\/tbody>\n<\/table>","protected":false},"featured_media":858,"comment_status":"closed","ping_status":"closed","template":"","meta":{"_acf_changed":false},"product_brand":[],"product_cat":[16,26],"product_tag":[],"class_list":{"0":"post-857","1":"product","2":"type-product","3":"status-publish","4":"has-post-thumbnail","6":"product_cat-bespoke-living-room-furniture","7":"product_cat-custom-chaise-lounge","9":"first","10":"instock","11":"shipping-taxable","12":"product-type-simple"},"acf":[],"_links":{"self":[{"href":"https:\/\/www.chicasafurniture.com\/de\/wp-json\/wp\/v2\/product\/857","targetHints":{"allow":["GET"]}}],"collection":[{"href":"https:\/\/www.chicasafurniture.com\/de\/wp-json\/wp\/v2\/product"}],"about":[{"href":"https:\/\/www.chicasafurniture.com\/de\/wp-json\/wp\/v2\/types\/product"}],"replies":[{"embeddable":true,"href":"https:\/\/www.chicasafurniture.com\/de\/wp-json\/wp\/v2\/comments?post=857"}],"wp:featuredmedia":[{"embeddable":true,"href":"https:\/\/www.chicasafurniture.com\/de\/wp-json\/wp\/v2\/media\/858"}],"wp:attachment":[{"href":"https:\/\/www.chicasafurniture.com\/de\/wp-json\/wp\/v2\/media?parent=857"}],"wp:term":[{"taxonomy":"product_brand","embeddable":true,"href":"https:\/\/www.chicasafurniture.com\/de\/wp-json\/wp\/v2\/product_brand?post=857"},{"taxonomy":"product_cat","embeddable":true,"href":"https:\/\/www.chicasafurniture.com\/de\/wp-json\/wp\/v2\/product_cat?post=857"},{"taxonomy":"product_tag","embeddable":true,"href":"https:\/\/www.chicasafurniture.com\/de\/wp-json\/wp\/v2\/product_tag?post=857"}],"curies":[{"name":"wp","href":"https:\/\/api.w.org\/{rel}","templated":true}]}}