{"id":865,"date":"2026-03-03T08:41:08","date_gmt":"2026-03-03T08:41:08","guid":{"rendered":"https:\/\/www.chicasafurniture.com\/?post_type=product&#038;p=865"},"modified":"2026-03-03T08:50:57","modified_gmt":"2026-03-03T08:50:57","slug":"custom-armchair","status":"publish","type":"product","link":"https:\/\/www.chicasafurniture.com\/de\/product\/custom-armchair\/","title":{"rendered":"Moderner minimalistischer Sessel, Massivholz-Akzentstuhl"},"content":{"rendered":"<h2 class=\"wp-block-heading\">Produktspezifikationen von Custom Armchair<\/h2>\n\n\n\n<figure class=\"wp-block-table\"><table class=\"has-fixed-layout\"><tbody><tr><td>Rahmen<\/td><td>Material der Abdeckung<\/td><td>F\u00fcllmaterial<\/td><td>Beine<\/td><td>Farbe<\/td><td>Gr\u00f6\u00dfe<\/td><td>Gewicht<\/td><\/tr><tr><td>Massivholz<\/td><td>Stoff<\/td><td>Schwamm mit hoher Dichte<\/td><td>Massivholz<\/td><td>Kundenspezifisch<\/td><td>Normale Gr\u00f6\u00dfe<\/td><td>35-50kg<\/td><\/tr><\/tbody><\/table><\/figure>\n\n\n\n<div class=\"wp-block-columns is-layout-flex wp-container-core-columns-is-layout-9d6595d7 wp-block-columns-is-layout-flex\">\n<div class=\"wp-block-column is-layout-flow wp-block-column-is-layout-flow\">\n<h2 class=\"wp-block-heading\">Premium Custom Armchair Merkmale:<\/h2>\n\n\n\n<ul class=\"wp-block-list\">\n<li><strong>Massivholzrahmen: <\/strong>Dieser ma\u00dfgefertigte Sessel aus hochwertigem Hartholz wird mehrfach poliert, um eine seidenweiche Haptik zu erzielen und eine robuste und langlebige Struktur zu gew\u00e4hrleisten.<\/li>\n\n\n\n<li><strong>Leder R\u00fcckenlehne \u00c4sthetik: <\/strong>Die einzigartige einteilige Lederr\u00fcckenlehne dieses ma\u00dfgefertigten Sessels erh\u00f6ht nicht nur die Widerstandsf\u00e4higkeit des Sitzens, sondern hebt auch die visuelle Kunstfertigkeit des M\u00f6bels hervor.<\/li>\n\n\n\n<li><strong>Hochelastische, komfortable Polsterung: <\/strong>Die Sitz- und R\u00fcckenkissen dieses ma\u00dfgefertigten Sessels sind mit hochverdichtetem Schaumstoff gef\u00fcllt, der mit hautfreundlichem und atmungsaktivem Stoff kombiniert ist und ein wolkenartiges, druckentlastendes Sitzerlebnis bietet.<\/li>\n\n\n\n<li><strong>Ergonomisch geschwungene Armlehnen:<\/strong> Die eleganten, geschwungenen Holzarmlehnen dieses ma\u00dfgefertigten Sessels passen sich perfekt an die nat\u00fcrliche Kr\u00fcmmung des Arms an und beugen so Erm\u00fcdungserscheinungen im Schulter- und Nackenbereich wirksam vor.<\/li>\n\n\n\n<li><strong>Geeignet f\u00fcr alle R\u00e4ume: <\/strong>Unser ma\u00dfgefertigter Sessel besticht durch sein minimalistisches und doch raffiniertes Design, das sich nahtlos in verschiedene Einrichtungsstile wie modern, skandinavisch und Wabi-Sabi einf\u00fcgt.<\/li>\n<\/ul>\n<\/div>\n\n\n\n<div class=\"wp-block-column is-layout-flow wp-block-column-is-layout-flow\">\n<figure class=\"wp-block-image size-full\"><img decoding=\"async\" width=\"1656\" height=\"1243\" src=\"https:\/\/www.chicasafurniture.com\/wp-content\/uploads\/2026\/03\/Modern-Minimalist-Custom-Armchair-Solid-Wood-Accent-Chair-5.webp\" alt=\"Moderner minimalistischer Sessel, Massivholz-Akzentstuhl-5\" class=\"wp-image-870\" srcset=\"https:\/\/www.chicasafurniture.com\/wp-content\/uploads\/2026\/03\/Modern-Minimalist-Custom-Armchair-Solid-Wood-Accent-Chair-5.webp 1656w, https:\/\/www.chicasafurniture.com\/wp-content\/uploads\/2026\/03\/Modern-Minimalist-Custom-Armchair-Solid-Wood-Accent-Chair-5-300x225.webp 300w, https:\/\/www.chicasafurniture.com\/wp-content\/uploads\/2026\/03\/Modern-Minimalist-Custom-Armchair-Solid-Wood-Accent-Chair-5-768x576.webp 768w, https:\/\/www.chicasafurniture.com\/wp-content\/uploads\/2026\/03\/Modern-Minimalist-Custom-Armchair-Solid-Wood-Accent-Chair-5-1200x901.webp 1200w, https:\/\/www.chicasafurniture.com\/wp-content\/uploads\/2026\/03\/Modern-Minimalist-Custom-Armchair-Solid-Wood-Accent-Chair-5-600x450.webp 600w\" sizes=\"(max-width: 1656px) 100vw, 1656px\" \/><\/figure>\n<\/div>\n<\/div>\n\n\n\n<div class=\"wp-block-columns is-layout-flex wp-container-core-columns-is-layout-9d6595d7 wp-block-columns-is-layout-flex\">\n<div class=\"wp-block-column is-layout-flow wp-block-column-is-layout-flow\">\n<figure class=\"wp-block-image size-full\"><img decoding=\"async\" width=\"1796\" height=\"1348\" src=\"https:\/\/www.chicasafurniture.com\/wp-content\/uploads\/2026\/03\/Modern-Minimalist-Custom-Armchair-Solid-Wood-Accent-Chair-4.webp\" alt=\"Moderner minimalistischer Sessel, Massivholz-Akzentstuhl-4\" class=\"wp-image-869\" srcset=\"https:\/\/www.chicasafurniture.com\/wp-content\/uploads\/2026\/03\/Modern-Minimalist-Custom-Armchair-Solid-Wood-Accent-Chair-4.webp 1796w, https:\/\/www.chicasafurniture.com\/wp-content\/uploads\/2026\/03\/Modern-Minimalist-Custom-Armchair-Solid-Wood-Accent-Chair-4-300x225.webp 300w, https:\/\/www.chicasafurniture.com\/wp-content\/uploads\/2026\/03\/Modern-Minimalist-Custom-Armchair-Solid-Wood-Accent-Chair-4-768x576.webp 768w, https:\/\/www.chicasafurniture.com\/wp-content\/uploads\/2026\/03\/Modern-Minimalist-Custom-Armchair-Solid-Wood-Accent-Chair-4-1200x901.webp 1200w, https:\/\/www.chicasafurniture.com\/wp-content\/uploads\/2026\/03\/Modern-Minimalist-Custom-Armchair-Solid-Wood-Accent-Chair-4-600x450.webp 600w\" sizes=\"(max-width: 1796px) 100vw, 1796px\" \/><\/figure>\n<\/div>\n\n\n\n<div class=\"wp-block-column is-layout-flow wp-block-column-is-layout-flow\">\n<figure class=\"wp-block-image size-full\"><img decoding=\"async\" width=\"1425\" height=\"1070\" src=\"https:\/\/www.chicasafurniture.com\/wp-content\/uploads\/2026\/03\/Modern-Minimalist-Custom-Armchair-Solid-Wood-Accent-Chair-3.webp\" alt=\"Moderner minimalistischer Sessel, Massivholz-Akzentstuhl-3\" class=\"wp-image-868\" srcset=\"https:\/\/www.chicasafurniture.com\/wp-content\/uploads\/2026\/03\/Modern-Minimalist-Custom-Armchair-Solid-Wood-Accent-Chair-3.webp 1425w, https:\/\/www.chicasafurniture.com\/wp-content\/uploads\/2026\/03\/Modern-Minimalist-Custom-Armchair-Solid-Wood-Accent-Chair-3-300x225.webp 300w, https:\/\/www.chicasafurniture.com\/wp-content\/uploads\/2026\/03\/Modern-Minimalist-Custom-Armchair-Solid-Wood-Accent-Chair-3-768x577.webp 768w, https:\/\/www.chicasafurniture.com\/wp-content\/uploads\/2026\/03\/Modern-Minimalist-Custom-Armchair-Solid-Wood-Accent-Chair-3-1200x901.webp 1200w, https:\/\/www.chicasafurniture.com\/wp-content\/uploads\/2026\/03\/Modern-Minimalist-Custom-Armchair-Solid-Wood-Accent-Chair-3-600x451.webp 600w\" sizes=\"(max-width: 1425px) 100vw, 1425px\" \/><\/figure>\n<\/div>\n<\/div>\n\n\n\n<figure class=\"wp-block-image size-full\"><img decoding=\"async\" width=\"894\" height=\"608\" src=\"https:\/\/www.chicasafurniture.com\/wp-content\/uploads\/2026\/03\/Modern-Minimalist-Custom-Armchair-Solid-Wood-Accent-Chair-2.webp\" alt=\"Moderner minimalistischer Sessel, Massivholz-Akzentstuhl-2\" class=\"wp-image-867\" srcset=\"https:\/\/www.chicasafurniture.com\/wp-content\/uploads\/2026\/03\/Modern-Minimalist-Custom-Armchair-Solid-Wood-Accent-Chair-2.webp 894w, https:\/\/www.chicasafurniture.com\/wp-content\/uploads\/2026\/03\/Modern-Minimalist-Custom-Armchair-Solid-Wood-Accent-Chair-2-300x204.webp 300w, https:\/\/www.chicasafurniture.com\/wp-content\/uploads\/2026\/03\/Modern-Minimalist-Custom-Armchair-Solid-Wood-Accent-Chair-2-768x522.webp 768w, https:\/\/www.chicasafurniture.com\/wp-content\/uploads\/2026\/03\/Modern-Minimalist-Custom-Armchair-Solid-Wood-Accent-Chair-2-600x408.webp 600w\" sizes=\"(max-width: 894px) 100vw, 894px\" \/><\/figure>","protected":false},"excerpt":{"rendered":"<p>Erleben Sie Luxus mit unserem ma\u00dfgeschneiderten Sessel. Dieser ma\u00dfgefertigte Sessel ist eine Verschmelzung von moderner Handwerkskunst und nat\u00fcrlicher \u00c4sthetik. Das Gesamtdesign besteht aus einem warmen Massivholzrahmen mit klaren Linien, die eine sehr architektonische Silhouette schaffen.<\/p>\n<table style=\"border-collapse: collapse; width: 222.03pt;\" border=\"0\" width=\"222\" cellspacing=\"0\" cellpadding=\"0\">\n<tbody>\n<tr style=\"height: 15.20pt;\">\n<td class=\"et2\" style=\"height: 15.20pt; width: 81.65pt;\" width=\"81\" height=\"15\">Hersteller<\/td>\n<td class=\"et2\" style=\"width: 140.80pt;\" width=\"140\">ChiCasa<\/td>\n<\/tr>\n<tr style=\"height: 15.20pt;\">\n<td class=\"et2\" style=\"height: 15.20pt;\" height=\"15\">Kategorie<\/td>\n<td class=\"et2\">Sessel<\/td>\n<\/tr>\n<tr style=\"height: 15.20pt;\">\n<td class=\"et2\" style=\"height: 15.20pt;\" height=\"15\">Anmeldung<\/td>\n<td class=\"et2\">Wohnbereich<\/td>\n<\/tr>\n<tr style=\"height: 15.20pt;\">\n<td class=\"et2\" style=\"height: 15.20pt;\" height=\"15\">Stil<\/td>\n<td class=\"et2\">Minimalistisch<\/td>\n<\/tr>\n<tr style=\"height: 15.20pt;\">\n<td class=\"et2\" style=\"height: 15.20pt;\" height=\"15\">Modell<\/td>\n<td class=\"et2\">QMY-LC006<\/td>\n<\/tr>\n<tr style=\"height: 15.20pt;\">\n<td class=\"et2\" style=\"height: 15.20pt;\" height=\"15\">Personalisierung<\/td>\n<td class=\"et2\">Farbe, Gr\u00f6\u00dfe, Material<\/td>\n<\/tr>\n<tr style=\"height: 15.20pt;\">\n<td class=\"et2\" style=\"height: 15.20pt;\" height=\"15\">MOQ<\/td>\n<td class=\"et2\">1St\u00fcck<\/td>\n<\/tr>\n<\/tbody>\n<\/table>","protected":false},"featured_media":866,"comment_status":"closed","ping_status":"closed","template":"","meta":{"_acf_changed":false},"product_brand":[],"product_cat":[16,25],"product_tag":[],"class_list":{"0":"post-865","1":"product","2":"type-product","3":"status-publish","4":"has-post-thumbnail","6":"product_cat-bespoke-living-room-furniture","7":"product_cat-bespoke-armchairs","9":"first","10":"instock","11":"shipping-taxable","12":"product-type-simple"},"acf":[],"_links":{"self":[{"href":"https:\/\/www.chicasafurniture.com\/de\/wp-json\/wp\/v2\/product\/865","targetHints":{"allow":["GET"]}}],"collection":[{"href":"https:\/\/www.chicasafurniture.com\/de\/wp-json\/wp\/v2\/product"}],"about":[{"href":"https:\/\/www.chicasafurniture.com\/de\/wp-json\/wp\/v2\/types\/product"}],"replies":[{"embeddable":true,"href":"https:\/\/www.chicasafurniture.com\/de\/wp-json\/wp\/v2\/comments?post=865"}],"wp:featuredmedia":[{"embeddable":true,"href":"https:\/\/www.chicasafurniture.com\/de\/wp-json\/wp\/v2\/media\/866"}],"wp:attachment":[{"href":"https:\/\/www.chicasafurniture.com\/de\/wp-json\/wp\/v2\/media?parent=865"}],"wp:term":[{"taxonomy":"product_brand","embeddable":true,"href":"https:\/\/www.chicasafurniture.com\/de\/wp-json\/wp\/v2\/product_brand?post=865"},{"taxonomy":"product_cat","embeddable":true,"href":"https:\/\/www.chicasafurniture.com\/de\/wp-json\/wp\/v2\/product_cat?post=865"},{"taxonomy":"product_tag","embeddable":true,"href":"https:\/\/www.chicasafurniture.com\/de\/wp-json\/wp\/v2\/product_tag?post=865"}],"curies":[{"name":"wp","href":"https:\/\/api.w.org\/{rel}","templated":true}]}}