{"id":920,"date":"2026-03-04T08:47:20","date_gmt":"2026-03-04T08:47:20","guid":{"rendered":"https:\/\/www.chicasafurniture.com\/?post_type=product&#038;p=920"},"modified":"2026-03-04T10:00:42","modified_gmt":"2026-03-04T10:00:42","slug":"custom-sectional-sofa","status":"publish","type":"product","link":"https:\/\/www.chicasafurniture.com\/de\/product\/custom-sectional-sofa\/","title":{"rendered":"Modernes gewebtes Sektionssofa nach Ma\u00df, verschiedene Raumaufteilungen"},"content":{"rendered":"<h2 class=\"wp-block-heading\">Produktspezifikationen von Custom Sectional Sofa<\/h2>\n\n\n\n<figure class=\"wp-block-table\"><table class=\"has-fixed-layout\"><tbody><tr><td>Rahmen<\/td><td>Material der Abdeckung<\/td><td>F\u00fcllmaterial<\/td><td>Beine<\/td><td>Farbe<\/td><td>Gr\u00f6\u00dfe<\/td><td>Gewicht<\/td><\/tr><tr><td>Massivholz<\/td><td>Stoff<\/td><td>Hochdichter Schwamm<\/td><td>Holz<\/td><td>Kundenspezifisch<\/td><td>Kundenspezifisch<\/td><td>90-240kg<\/td><\/tr><\/tbody><\/table><\/figure>\n\n\n\n<div class=\"wp-block-columns is-layout-flex wp-container-core-columns-is-layout-9d6595d7 wp-block-columns-is-layout-flex\">\n<div class=\"wp-block-column is-layout-flow wp-block-column-is-layout-flow\">\n<h2 class=\"wp-block-heading\">Premium Custom Sectional Sofa Eigenschaften:<\/h2>\n\n\n\n<ul class=\"wp-block-list\">\n<li><strong>Handgefertigte Lederweberei: <\/strong>Die R\u00fccken- und Armlehnen dieses ma\u00dfgefertigten Sofas sind aus hochwertigem Leder gefertigt, das in einer einzigartigen dreidimensionalen Struktur gewebt ist und eine sorgf\u00e4ltige Handwerkskunst darstellt.<\/li>\n\n\n\n<li><strong>Vollst\u00e4ndig anpassbares, modulares Design: <\/strong>Diese moderne Couch nach Ma\u00df verf\u00fcgt \u00fcber ein flexibles, modulares Design, das sich leicht an verschiedene Wohnzimmergrundrisse anpassen l\u00e4sst, einschlie\u00dflich gerader, L- oder U-f\u00f6rmiger Anordnungen.<\/li>\n\n\n\n<li><strong>Italienischer Luxus-Metallrahmen:<\/strong> Die polierten Metallf\u00fc\u00dfe und -rahmen des Sofas bieten nicht nur einen stabilen Halt, sondern auch ein modernes, minimalistisches und luxuri\u00f6ses Gef\u00fchl.<\/li>\n\n\n\n<li><strong>Wolkengleiches, komfortables Sitzerlebnis: <\/strong>Unsere moderne Couch nach Ma\u00df besteht aus hochdichtem, elastischem Schaumstoff, kombiniert mit atmungsaktiven, hautfreundlichen Stoffen und einer Vielzahl von flauschigen Kissen, die ultimativen Komfort und Halt bieten.<\/li>\n\n\n\n<li><strong>Visuelles 360-Grad-Design:<\/strong> Dieses ma\u00dfgefertigte Sektionssofa bricht mit der traditionellen Beschr\u00e4nkung, Sofas an einer Wand zu platzieren; seine charakteristische geflochtene R\u00fcckenlehne wird zu einem Kunstwerk, selbst wenn es in der Mitte eines Raumes platziert wird.<\/li>\n<\/ul>\n<\/div>\n\n\n\n<div class=\"wp-block-column is-layout-flow wp-block-column-is-layout-flow\">\n<figure class=\"wp-block-image size-full\"><img decoding=\"async\" width=\"1680\" height=\"1680\" src=\"https:\/\/www.chicasafurniture.com\/wp-content\/uploads\/2026\/03\/Modern-Woven-Custom-Sectional-Sofa-Various-Spatial-Layouts-2.webp\" alt=\"Modernes, gewebtes, individuelles Sektionssofa, verschiedene r\u00e4umliche Layouts-3\" class=\"wp-image-922\" srcset=\"https:\/\/www.chicasafurniture.com\/wp-content\/uploads\/2026\/03\/Modern-Woven-Custom-Sectional-Sofa-Various-Spatial-Layouts-2.webp 1680w, https:\/\/www.chicasafurniture.com\/wp-content\/uploads\/2026\/03\/Modern-Woven-Custom-Sectional-Sofa-Various-Spatial-Layouts-2-300x300.webp 300w, https:\/\/www.chicasafurniture.com\/wp-content\/uploads\/2026\/03\/Modern-Woven-Custom-Sectional-Sofa-Various-Spatial-Layouts-2-150x150.webp 150w, https:\/\/www.chicasafurniture.com\/wp-content\/uploads\/2026\/03\/Modern-Woven-Custom-Sectional-Sofa-Various-Spatial-Layouts-2-768x768.webp 768w, https:\/\/www.chicasafurniture.com\/wp-content\/uploads\/2026\/03\/Modern-Woven-Custom-Sectional-Sofa-Various-Spatial-Layouts-2-1200x1200.webp 1200w, https:\/\/www.chicasafurniture.com\/wp-content\/uploads\/2026\/03\/Modern-Woven-Custom-Sectional-Sofa-Various-Spatial-Layouts-2-600x600.webp 600w, https:\/\/www.chicasafurniture.com\/wp-content\/uploads\/2026\/03\/Modern-Woven-Custom-Sectional-Sofa-Various-Spatial-Layouts-2-100x100.webp 100w\" sizes=\"(max-width: 1680px) 100vw, 1680px\" \/><\/figure>\n<\/div>\n<\/div>\n\n\n\n<div class=\"wp-block-columns is-layout-flex wp-container-core-columns-is-layout-9d6595d7 wp-block-columns-is-layout-flex\">\n<div class=\"wp-block-column is-layout-flow wp-block-column-is-layout-flow\">\n<figure class=\"wp-block-image size-full\"><img decoding=\"async\" width=\"1080\" height=\"1080\" src=\"https:\/\/www.chicasafurniture.com\/wp-content\/uploads\/2026\/03\/Modern-Woven-Custom-Sectional-Sofa-Various-Spatial-Layouts-5.webp\" alt=\"Modernes gewebtes individuelles Sektionssofa, verschiedene r\u00e4umliche Layouts-5\" class=\"wp-image-925\" srcset=\"https:\/\/www.chicasafurniture.com\/wp-content\/uploads\/2026\/03\/Modern-Woven-Custom-Sectional-Sofa-Various-Spatial-Layouts-5.webp 1080w, https:\/\/www.chicasafurniture.com\/wp-content\/uploads\/2026\/03\/Modern-Woven-Custom-Sectional-Sofa-Various-Spatial-Layouts-5-300x300.webp 300w, https:\/\/www.chicasafurniture.com\/wp-content\/uploads\/2026\/03\/Modern-Woven-Custom-Sectional-Sofa-Various-Spatial-Layouts-5-150x150.webp 150w, https:\/\/www.chicasafurniture.com\/wp-content\/uploads\/2026\/03\/Modern-Woven-Custom-Sectional-Sofa-Various-Spatial-Layouts-5-768x768.webp 768w, https:\/\/www.chicasafurniture.com\/wp-content\/uploads\/2026\/03\/Modern-Woven-Custom-Sectional-Sofa-Various-Spatial-Layouts-5-600x600.webp 600w, https:\/\/www.chicasafurniture.com\/wp-content\/uploads\/2026\/03\/Modern-Woven-Custom-Sectional-Sofa-Various-Spatial-Layouts-5-100x100.webp 100w\" sizes=\"(max-width: 1080px) 100vw, 1080px\" \/><\/figure>\n<\/div>\n\n\n\n<div class=\"wp-block-column is-layout-flow wp-block-column-is-layout-flow\">\n<figure class=\"wp-block-image size-full\"><img decoding=\"async\" width=\"1080\" height=\"1080\" src=\"https:\/\/www.chicasafurniture.com\/wp-content\/uploads\/2026\/03\/Modern-Woven-Custom-Sectional-Sofa-Various-Spatial-Layouts-4.webp\" alt=\"Modernes, gewebtes, individuelles Sektionssofa, verschiedene r\u00e4umliche Layouts-4\" class=\"wp-image-924\" srcset=\"https:\/\/www.chicasafurniture.com\/wp-content\/uploads\/2026\/03\/Modern-Woven-Custom-Sectional-Sofa-Various-Spatial-Layouts-4.webp 1080w, https:\/\/www.chicasafurniture.com\/wp-content\/uploads\/2026\/03\/Modern-Woven-Custom-Sectional-Sofa-Various-Spatial-Layouts-4-300x300.webp 300w, https:\/\/www.chicasafurniture.com\/wp-content\/uploads\/2026\/03\/Modern-Woven-Custom-Sectional-Sofa-Various-Spatial-Layouts-4-150x150.webp 150w, https:\/\/www.chicasafurniture.com\/wp-content\/uploads\/2026\/03\/Modern-Woven-Custom-Sectional-Sofa-Various-Spatial-Layouts-4-768x768.webp 768w, https:\/\/www.chicasafurniture.com\/wp-content\/uploads\/2026\/03\/Modern-Woven-Custom-Sectional-Sofa-Various-Spatial-Layouts-4-600x600.webp 600w, https:\/\/www.chicasafurniture.com\/wp-content\/uploads\/2026\/03\/Modern-Woven-Custom-Sectional-Sofa-Various-Spatial-Layouts-4-100x100.webp 100w\" sizes=\"(max-width: 1080px) 100vw, 1080px\" \/><\/figure>\n<\/div>\n<\/div>","protected":false},"excerpt":{"rendered":"<p>Peppen Sie Ihren Wohnbereich mit diesem ma\u00dfgeschneiderten Sektionssofa auf. Mit seiner hochwertigen Polsterung, den schicken Details aus gewebtem Leder und der eleganten, langlebigen Metallstruktur unterst\u00fctzt das modulare Design verschiedene Raumaufteilungen und ist damit ideal f\u00fcr die Schaffung eines luxuri\u00f6sen Mittelpunkts im Wohnzimmer.<\/p>\n<table style=\"border-collapse: collapse; width: 222.03pt;\" border=\"0\" width=\"222\" cellspacing=\"0\" cellpadding=\"0\">\n<tbody>\n<tr style=\"height: 15.20pt;\">\n<td class=\"et2\" style=\"height: 15.20pt; width: 81.65pt;\" width=\"81\" height=\"15\">Hersteller<\/td>\n<td class=\"et2\" style=\"width: 140.80pt;\" width=\"140\">ChiCasa<\/td>\n<\/tr>\n<tr style=\"height: 15.20pt;\">\n<td class=\"et2\" style=\"height: 15.20pt;\" height=\"15\">Kategorie<\/td>\n<td class=\"et2\">Sofa<\/td>\n<\/tr>\n<tr style=\"height: 15.20pt;\">\n<td class=\"et2\" style=\"height: 15.20pt;\" height=\"15\">Anmeldung<\/td>\n<td class=\"et2\">Wohnbereich<\/td>\n<\/tr>\n<tr style=\"height: 15.20pt;\">\n<td class=\"et2\" style=\"height: 15.20pt;\" height=\"15\">Stil<\/td>\n<td class=\"et2\">Minimalistisch<\/td>\n<\/tr>\n<tr style=\"height: 15.20pt;\">\n<td class=\"et2\" style=\"height: 15.20pt;\" height=\"15\">Modell<\/td>\n<td class=\"et2\">QMY-SF003<\/td>\n<\/tr>\n<tr style=\"height: 15.20pt;\">\n<td class=\"et2\" style=\"height: 15.20pt;\" height=\"15\">Personalisierung<\/td>\n<td class=\"et2\">Farbe, Gr\u00f6\u00dfe, Material<\/td>\n<\/tr>\n<tr style=\"height: 15.20pt;\">\n<td class=\"et2\" style=\"height: 15.20pt;\" height=\"15\">MOQ<\/td>\n<td class=\"et2\">1St\u00fcck<\/td>\n<\/tr>\n<\/tbody>\n<\/table>","protected":false},"featured_media":923,"comment_status":"closed","ping_status":"closed","template":"","meta":{"_acf_changed":false},"product_brand":[],"product_cat":[16,23],"product_tag":[],"class_list":{"0":"post-920","1":"product","2":"type-product","3":"status-publish","4":"has-post-thumbnail","6":"product_cat-bespoke-living-room-furniture","7":"product_cat-bespoke-sofas-manufacturer","9":"first","10":"instock","11":"shipping-taxable","12":"product-type-simple"},"acf":[],"_links":{"self":[{"href":"https:\/\/www.chicasafurniture.com\/de\/wp-json\/wp\/v2\/product\/920","targetHints":{"allow":["GET"]}}],"collection":[{"href":"https:\/\/www.chicasafurniture.com\/de\/wp-json\/wp\/v2\/product"}],"about":[{"href":"https:\/\/www.chicasafurniture.com\/de\/wp-json\/wp\/v2\/types\/product"}],"replies":[{"embeddable":true,"href":"https:\/\/www.chicasafurniture.com\/de\/wp-json\/wp\/v2\/comments?post=920"}],"wp:featuredmedia":[{"embeddable":true,"href":"https:\/\/www.chicasafurniture.com\/de\/wp-json\/wp\/v2\/media\/923"}],"wp:attachment":[{"href":"https:\/\/www.chicasafurniture.com\/de\/wp-json\/wp\/v2\/media?parent=920"}],"wp:term":[{"taxonomy":"product_brand","embeddable":true,"href":"https:\/\/www.chicasafurniture.com\/de\/wp-json\/wp\/v2\/product_brand?post=920"},{"taxonomy":"product_cat","embeddable":true,"href":"https:\/\/www.chicasafurniture.com\/de\/wp-json\/wp\/v2\/product_cat?post=920"},{"taxonomy":"product_tag","embeddable":true,"href":"https:\/\/www.chicasafurniture.com\/de\/wp-json\/wp\/v2\/product_tag?post=920"}],"curies":[{"name":"wp","href":"https:\/\/api.w.org\/{rel}","templated":true}]}}