{"id":997,"date":"2026-03-14T06:28:46","date_gmt":"2026-03-14T06:28:46","guid":{"rendered":"https:\/\/www.chicasafurniture.com\/?post_type=product&#038;p=997"},"modified":"2026-03-14T07:55:07","modified_gmt":"2026-03-14T07:55:07","slug":"factory-direct-couches","status":"publish","type":"product","link":"https:\/\/www.chicasafurniture.com\/de\/product\/factory-direct-couches\/","title":{"rendered":"Factory Direct Couches, Ma\u00dfgeschneiderte L-f\u00f6rmige Sektionssofas"},"content":{"rendered":"<h2 class=\"wp-block-heading\">Produktspezifikationen von Factory Direct Couches<\/h2>\n\n\n\n<figure class=\"wp-block-table\"><table class=\"has-fixed-layout\"><tbody><tr><td>Rahmen<\/td><td>Material der Abdeckung<\/td><td>F\u00fcllmaterial<\/td><td>Beine<\/td><td>Farbe<\/td><td>Gr\u00f6\u00dfe<\/td><td>Gewicht<\/td><\/tr><tr><td>Massivholz<\/td><td>Stoff<\/td><td>Hochdichter Schwamm<\/td><td>Holz<\/td><td>Kundenspezifisch<\/td><td>Kundenspezifisch<\/td><td>90-240kg<\/td><\/tr><\/tbody><\/table><\/figure>\n\n\n\n<div class=\"wp-block-columns is-layout-flex wp-container-core-columns-is-layout-9d6595d7 wp-block-columns-is-layout-flex\">\n<div class=\"wp-block-column is-layout-flow wp-block-column-is-layout-flow\">\n<h2 class=\"wp-block-heading\">Premium Factory Direct Couches Eigenschaften:<\/h2>\n\n\n\n<ul class=\"wp-block-list\">\n<li><strong>Werksnahe Lieferung, au\u00dfergew\u00f6hnlicher Wert:<\/strong> Durch den Wegfall des Zwischenh\u00e4ndlers bieten unsere Sofas im Direktvertrieb internationalen K\u00e4ufern \u00e4u\u00dferst wettbewerbsf\u00e4hige Preise und flexible Optionen f\u00fcr individuelle Bestellungen.<\/li>\n\n\n\n<li><strong>Flexible modulare Layouts:<\/strong> Das modulare Layout dieser ma\u00dfgefertigten Couch erm\u00f6glicht eine freie Gestaltung - die Kombination von Chaiselounge-Elementen mit Hauptsitzabschnitten -, so dass sie sich leicht an eine Vielzahl von R\u00e4umen anpassen l\u00e4sst, von kompakten Wohnr\u00e4umen bis hin zu ausgedehnten Gesch\u00e4ftsr\u00e4umen.<\/li>\n\n\n\n<li><strong>Hochwertige Materialien und Handwerkskunst:<\/strong> Unsere direkt ab Werk hergestellten Sofas sind mit hochdichten Schaumstoffeinlagen und knitterfreien Stoffen ausgestattet, um sicherzustellen, dass sie auch in stark frequentierten gewerblichen Umgebungen fest in Form bleiben und nicht durchh\u00e4ngen.<\/li>\n\n\n\n<li><strong>\u201cSchwebendes\u201d Industriedesign:<\/strong> Dieses ma\u00dfgeschneiderte Sofa verf\u00fcgt \u00fcber pr\u00e4zise Aluminiumdruckgussbeine in Verbindung mit einem schlanken Sockelprofil. Diese Konstruktion bietet nicht nur eine hervorragende Tragf\u00e4higkeit, sondern verleiht dem M\u00f6bel auch eine optisch leichte und moderne \u00c4sthetik.<\/li>\n\n\n\n<li><strong>Umfassende Anpassungsdienste:<\/strong> Unsere direkt ab Werk gefertigten Sofas bieten auch eine breite Palette von Anpassungsm\u00f6glichkeiten in Bezug auf Materialien (echtes Leder, Baumwoll-Leinen-Mischungen, technische Stoffe), Gr\u00f6\u00dfe und Basisausf\u00fchrungen, um die einzigartige Markenpers\u00f6nlichkeit eines jeden Kunden zu erf\u00fcllen.<\/li>\n<\/ul>\n<\/div>\n\n\n\n<div class=\"wp-block-column is-layout-flow wp-block-column-is-layout-flow\">\n<figure class=\"wp-block-image size-full\"><img decoding=\"async\" width=\"1900\" height=\"1425\" src=\"https:\/\/www.chicasafurniture.com\/wp-content\/uploads\/2026\/03\/Factory-Direct-Couches-Bespoke-L-Shaped-Sectional-Sofas-3.webp\" alt=\"Factory Direct Couches, Ma\u00dfgeschneiderte L-f\u00f6rmige Sektionssofas-3\" class=\"wp-image-1000\" srcset=\"https:\/\/www.chicasafurniture.com\/wp-content\/uploads\/2026\/03\/Factory-Direct-Couches-Bespoke-L-Shaped-Sectional-Sofas-3.webp 1900w, https:\/\/www.chicasafurniture.com\/wp-content\/uploads\/2026\/03\/Factory-Direct-Couches-Bespoke-L-Shaped-Sectional-Sofas-3-300x225.webp 300w, https:\/\/www.chicasafurniture.com\/wp-content\/uploads\/2026\/03\/Factory-Direct-Couches-Bespoke-L-Shaped-Sectional-Sofas-3-768x576.webp 768w, https:\/\/www.chicasafurniture.com\/wp-content\/uploads\/2026\/03\/Factory-Direct-Couches-Bespoke-L-Shaped-Sectional-Sofas-3-16x12.webp 16w, https:\/\/www.chicasafurniture.com\/wp-content\/uploads\/2026\/03\/Factory-Direct-Couches-Bespoke-L-Shaped-Sectional-Sofas-3-1200x900.webp 1200w, https:\/\/www.chicasafurniture.com\/wp-content\/uploads\/2026\/03\/Factory-Direct-Couches-Bespoke-L-Shaped-Sectional-Sofas-3-600x450.webp 600w\" sizes=\"(max-width: 1900px) 100vw, 1900px\" \/><\/figure>\n<\/div>\n<\/div>\n\n\n\n<div class=\"wp-block-columns is-layout-flex wp-container-core-columns-is-layout-9d6595d7 wp-block-columns-is-layout-flex\">\n<div class=\"wp-block-column is-layout-flow wp-block-column-is-layout-flow\">\n<figure class=\"wp-block-image size-full\"><img decoding=\"async\" width=\"1680\" height=\"1680\" src=\"https:\/\/www.chicasafurniture.com\/wp-content\/uploads\/2026\/03\/Factory-Direct-Couches-Bespoke-L-Shaped-Sectional-Sofas-5.webp\" alt=\"Factory Direct Couches, Ma\u00dfgeschneiderte L-f\u00f6rmige Sektionssofas-5\" class=\"wp-image-1002\" srcset=\"https:\/\/www.chicasafurniture.com\/wp-content\/uploads\/2026\/03\/Factory-Direct-Couches-Bespoke-L-Shaped-Sectional-Sofas-5.webp 1680w, https:\/\/www.chicasafurniture.com\/wp-content\/uploads\/2026\/03\/Factory-Direct-Couches-Bespoke-L-Shaped-Sectional-Sofas-5-300x300.webp 300w, https:\/\/www.chicasafurniture.com\/wp-content\/uploads\/2026\/03\/Factory-Direct-Couches-Bespoke-L-Shaped-Sectional-Sofas-5-150x150.webp 150w, https:\/\/www.chicasafurniture.com\/wp-content\/uploads\/2026\/03\/Factory-Direct-Couches-Bespoke-L-Shaped-Sectional-Sofas-5-768x768.webp 768w, https:\/\/www.chicasafurniture.com\/wp-content\/uploads\/2026\/03\/Factory-Direct-Couches-Bespoke-L-Shaped-Sectional-Sofas-5-12x12.webp 12w, https:\/\/www.chicasafurniture.com\/wp-content\/uploads\/2026\/03\/Factory-Direct-Couches-Bespoke-L-Shaped-Sectional-Sofas-5-1200x1200.webp 1200w, https:\/\/www.chicasafurniture.com\/wp-content\/uploads\/2026\/03\/Factory-Direct-Couches-Bespoke-L-Shaped-Sectional-Sofas-5-600x600.webp 600w, https:\/\/www.chicasafurniture.com\/wp-content\/uploads\/2026\/03\/Factory-Direct-Couches-Bespoke-L-Shaped-Sectional-Sofas-5-100x100.webp 100w\" sizes=\"(max-width: 1680px) 100vw, 1680px\" \/><\/figure>\n<\/div>\n\n\n\n<div class=\"wp-block-column is-layout-flow wp-block-column-is-layout-flow\">\n<figure class=\"wp-block-image size-full\"><img decoding=\"async\" width=\"1080\" height=\"1080\" src=\"https:\/\/www.chicasafurniture.com\/wp-content\/uploads\/2026\/03\/Factory-Direct-Couches-Bespoke-L-Shaped-Sectional-Sofas-4.webp\" alt=\"Factory Direct Couches, Ma\u00dfgeschneiderte L-f\u00f6rmige Sektionssofas-4\" class=\"wp-image-1001\" srcset=\"https:\/\/www.chicasafurniture.com\/wp-content\/uploads\/2026\/03\/Factory-Direct-Couches-Bespoke-L-Shaped-Sectional-Sofas-4.webp 1080w, https:\/\/www.chicasafurniture.com\/wp-content\/uploads\/2026\/03\/Factory-Direct-Couches-Bespoke-L-Shaped-Sectional-Sofas-4-300x300.webp 300w, https:\/\/www.chicasafurniture.com\/wp-content\/uploads\/2026\/03\/Factory-Direct-Couches-Bespoke-L-Shaped-Sectional-Sofas-4-150x150.webp 150w, https:\/\/www.chicasafurniture.com\/wp-content\/uploads\/2026\/03\/Factory-Direct-Couches-Bespoke-L-Shaped-Sectional-Sofas-4-768x768.webp 768w, https:\/\/www.chicasafurniture.com\/wp-content\/uploads\/2026\/03\/Factory-Direct-Couches-Bespoke-L-Shaped-Sectional-Sofas-4-12x12.webp 12w, https:\/\/www.chicasafurniture.com\/wp-content\/uploads\/2026\/03\/Factory-Direct-Couches-Bespoke-L-Shaped-Sectional-Sofas-4-600x600.webp 600w, https:\/\/www.chicasafurniture.com\/wp-content\/uploads\/2026\/03\/Factory-Direct-Couches-Bespoke-L-Shaped-Sectional-Sofas-4-100x100.webp 100w\" sizes=\"(max-width: 1080px) 100vw, 1080px\" \/><\/figure>\n<\/div>\n<\/div>","protected":false},"excerpt":{"rendered":"<p>Premium-Sofas direkt ab Werk mit ma\u00dfgeschneiderten Anpassungsm\u00f6glichkeiten. Dieses moderne, minimalistische, modulare L-f\u00f6rmige Sofa nach Ma\u00df verbindet italienisch inspirierte \u00c4sthetik mit unvergleichlichem Komfort. Das niedrige Profil und die extra tiefe Sitzfl\u00e4che sorgen f\u00fcr einen auffallend \u201cschwebenden\u201d optischen Effekt.<\/p>\n<table style=\"border-collapse: collapse; width: 222.03pt;\" border=\"0\" width=\"222\" cellspacing=\"0\" cellpadding=\"0\">\n<tbody>\n<tr style=\"height: 15.20pt;\">\n<td class=\"et2\" style=\"height: 15.20pt; width: 81.65pt;\" width=\"81\" height=\"15\">Hersteller<\/td>\n<td class=\"et2\" style=\"width: 140.80pt;\" width=\"140\">ChiCasa<\/td>\n<\/tr>\n<tr style=\"height: 15.20pt;\">\n<td class=\"et2\" style=\"height: 15.20pt;\" height=\"15\">Kategorie<\/td>\n<td class=\"et2\">Sofa<\/td>\n<\/tr>\n<tr style=\"height: 15.20pt;\">\n<td class=\"et2\" style=\"height: 15.20pt;\" height=\"15\">Anmeldung<\/td>\n<td class=\"et2\">Wohnbereich<\/td>\n<\/tr>\n<tr style=\"height: 15.20pt;\">\n<td class=\"et2\" style=\"height: 15.20pt;\" height=\"15\">Stil<\/td>\n<td class=\"et2\">Minimalistisch<\/td>\n<\/tr>\n<tr style=\"height: 15.20pt;\">\n<td class=\"et2\" style=\"height: 15.20pt;\" height=\"15\">Modell<\/td>\n<td class=\"et2\">QMY-SF004<\/td>\n<\/tr>\n<tr style=\"height: 15.20pt;\">\n<td class=\"et2\" style=\"height: 15.20pt;\" height=\"15\">Personalisierung<\/td>\n<td class=\"et2\">Farbe, Gr\u00f6\u00dfe, Material<\/td>\n<\/tr>\n<tr style=\"height: 15.20pt;\">\n<td class=\"et2\" style=\"height: 15.20pt;\" height=\"15\">MOQ<\/td>\n<td class=\"et2\">1St\u00fcck<\/td>\n<\/tr>\n<\/tbody>\n<\/table>","protected":false},"featured_media":998,"comment_status":"closed","ping_status":"closed","template":"","meta":{"_acf_changed":false},"product_brand":[],"product_cat":[23,16],"product_tag":[],"class_list":{"0":"post-997","1":"product","2":"type-product","3":"status-publish","4":"has-post-thumbnail","6":"product_cat-bespoke-sofas-manufacturer","7":"product_cat-bespoke-living-room-furniture","9":"first","10":"instock","11":"shipping-taxable","12":"product-type-simple"},"acf":[],"_links":{"self":[{"href":"https:\/\/www.chicasafurniture.com\/de\/wp-json\/wp\/v2\/product\/997","targetHints":{"allow":["GET"]}}],"collection":[{"href":"https:\/\/www.chicasafurniture.com\/de\/wp-json\/wp\/v2\/product"}],"about":[{"href":"https:\/\/www.chicasafurniture.com\/de\/wp-json\/wp\/v2\/types\/product"}],"replies":[{"embeddable":true,"href":"https:\/\/www.chicasafurniture.com\/de\/wp-json\/wp\/v2\/comments?post=997"}],"wp:featuredmedia":[{"embeddable":true,"href":"https:\/\/www.chicasafurniture.com\/de\/wp-json\/wp\/v2\/media\/998"}],"wp:attachment":[{"href":"https:\/\/www.chicasafurniture.com\/de\/wp-json\/wp\/v2\/media?parent=997"}],"wp:term":[{"taxonomy":"product_brand","embeddable":true,"href":"https:\/\/www.chicasafurniture.com\/de\/wp-json\/wp\/v2\/product_brand?post=997"},{"taxonomy":"product_cat","embeddable":true,"href":"https:\/\/www.chicasafurniture.com\/de\/wp-json\/wp\/v2\/product_cat?post=997"},{"taxonomy":"product_tag","embeddable":true,"href":"https:\/\/www.chicasafurniture.com\/de\/wp-json\/wp\/v2\/product_tag?post=997"}],"curies":[{"name":"wp","href":"https:\/\/api.w.org\/{rel}","templated":true}]}}