{"id":1003,"date":"2026-03-14T06:48:20","date_gmt":"2026-03-14T06:48:20","guid":{"rendered":"https:\/\/www.chicasafurniture.com\/?post_type=product&#038;p=1003"},"modified":"2026-03-14T07:54:45","modified_gmt":"2026-03-14T07:54:45","slug":"custom-sofa-couch","status":"publish","type":"product","link":"https:\/\/www.chicasafurniture.com\/es\/product\/custom-sofa-couch\/","title":{"rendered":"Sof\u00e1 Sof\u00e1 a medida Premium, Seccional Boucl\u00e9 Modular Curvo"},"content":{"rendered":"<h2 class=\"wp-block-heading\">Especificaciones de producto del sof\u00e1 a medida<\/h2>\n\n\n\n<figure class=\"wp-block-table\"><table class=\"has-fixed-layout\"><tbody><tr><td>Marco<\/td><td>Material de cubierta<\/td><td>Material de relleno<\/td><td>Piernas<\/td><td>Color<\/td><td>Talla<\/td><td>Peso<\/td><\/tr><tr><td>Madera maciza<\/td><td>Tejido<\/td><td>Esponja de alta densidad<\/td><td>\/<\/td><td>Personalizado<\/td><td>Personalizado<\/td><td>90-240 kg<\/td><\/tr><\/tbody><\/table><\/figure>\n\n\n\n<div class=\"wp-block-columns is-layout-flex wp-container-core-columns-is-layout-9d6595d7 wp-block-columns-is-layout-flex\">\n<div class=\"wp-block-column is-layout-flow wp-block-column-is-layout-flow\">\n<h2 class=\"wp-block-heading\">Sof\u00e1 Sof\u00e1 Premium Personalizado Caracter\u00edsticas:<\/h2>\n\n\n\n<ul class=\"wp-block-list\">\n<li><strong>Est\u00e9tica org\u00e1nica:<\/strong> La forma redondeada de este dise\u00f1o de sof\u00e1-sof\u00e1 a medida encajar\u00e1 a la perfecci\u00f3n con las tendencias actuales de \u201cestilo crema\u201d, minimalista y de lujo moderno. Con este dise\u00f1o, el cociente de sofisticaci\u00f3n se elevar\u00e1 a un nivel superior.<\/li>\n\n\n\n<li><strong>Dise\u00f1o multifuncional integrado:<\/strong> Los elementos de dise\u00f1o modular de este sof\u00e1 a medida incorporan plataformas integradas de madera maciza de alta calidad. Estas plataformas de madera se utilizan para exponer libros y bebidas, eliminando as\u00ed la necesidad de mesas auxiliares y optimizando el espacio.<\/li>\n\n\n\n<li><strong>Tejido Boucl\u00e9 Premium:<\/strong> Nuestro sof\u00e1 a medida est\u00e1 tapizado con un tejido Boucl\u00e9 de alta calidad cuidadosamente seleccionado, que es duradero y no irrita la piel. Conocido por su textura \u00fanica y su facilidad de mantenimiento, este material es uno de los favoritos entre los proyectos residenciales de gama alta y los hoteles boutique.<\/li>\n\n\n\n<li><strong>Flexibilidad excepcional:<\/strong> Este sof\u00e1 a medida ofrece una amplia gama de combinaciones modulares -desde compactos sof\u00e1s de dos plazas hasta amplios sof\u00e1s seccionados en forma de L- que satisfacen las necesidades de personalizaci\u00f3n \u00fanicas de espacios que van desde acogedores apartamentos hasta lujosas villas.<\/li>\n\n\n\n<li><strong>Soporte ergon\u00f3mico:<\/strong> Dise\u00f1ado con un centro de gravedad cient\u00edficamente equilibrado y acolchado de espuma multidensidad, este sof\u00e1 a medida ofrece una combinaci\u00f3n perfecta de comodidad envolvente y soporte estructural, garantizando una experiencia de asiento y descanso sin igual.<\/li>\n<\/ul>\n<\/div>\n\n\n\n<div class=\"wp-block-column is-layout-flow wp-block-column-is-layout-flow\">\n<figure class=\"wp-block-image size-full\"><img decoding=\"async\" width=\"1024\" height=\"1024\" src=\"https:\/\/www.chicasafurniture.com\/wp-content\/uploads\/2026\/03\/Premium-Custom-Sofa-Couch-Curved-Modular-Boucle-Sectional-3.webp\" alt=\"Sof\u00e1 Couch Premium a medida, Modular Curvo Boucl\u00e9 Seccional-3\" class=\"wp-image-1006\" srcset=\"https:\/\/www.chicasafurniture.com\/wp-content\/uploads\/2026\/03\/Premium-Custom-Sofa-Couch-Curved-Modular-Boucle-Sectional-3.webp 1024w, https:\/\/www.chicasafurniture.com\/wp-content\/uploads\/2026\/03\/Premium-Custom-Sofa-Couch-Curved-Modular-Boucle-Sectional-3-300x300.webp 300w, https:\/\/www.chicasafurniture.com\/wp-content\/uploads\/2026\/03\/Premium-Custom-Sofa-Couch-Curved-Modular-Boucle-Sectional-3-150x150.webp 150w, https:\/\/www.chicasafurniture.com\/wp-content\/uploads\/2026\/03\/Premium-Custom-Sofa-Couch-Curved-Modular-Boucle-Sectional-3-768x768.webp 768w, https:\/\/www.chicasafurniture.com\/wp-content\/uploads\/2026\/03\/Premium-Custom-Sofa-Couch-Curved-Modular-Boucle-Sectional-3-12x12.webp 12w, https:\/\/www.chicasafurniture.com\/wp-content\/uploads\/2026\/03\/Premium-Custom-Sofa-Couch-Curved-Modular-Boucle-Sectional-3-600x600.webp 600w, https:\/\/www.chicasafurniture.com\/wp-content\/uploads\/2026\/03\/Premium-Custom-Sofa-Couch-Curved-Modular-Boucle-Sectional-3-100x100.webp 100w\" sizes=\"(max-width: 1024px) 100vw, 1024px\" \/><\/figure>\n<\/div>\n<\/div>\n\n\n\n<div class=\"wp-block-columns is-layout-flex wp-container-core-columns-is-layout-9d6595d7 wp-block-columns-is-layout-flex\">\n<div class=\"wp-block-column is-layout-flow wp-block-column-is-layout-flow\">\n<figure class=\"wp-block-image size-full\"><img decoding=\"async\" width=\"2000\" height=\"1154\" src=\"https:\/\/www.chicasafurniture.com\/wp-content\/uploads\/2026\/03\/Premium-Custom-Sofa-Couch-Curved-Modular-Boucle-Sectional-5.webp\" alt=\"Sof\u00e1 div\u00e1n a medida de primera calidad, modular curvado Boucl\u00e9 seccional-5\" class=\"wp-image-1008\" srcset=\"https:\/\/www.chicasafurniture.com\/wp-content\/uploads\/2026\/03\/Premium-Custom-Sofa-Couch-Curved-Modular-Boucle-Sectional-5.webp 2000w, https:\/\/www.chicasafurniture.com\/wp-content\/uploads\/2026\/03\/Premium-Custom-Sofa-Couch-Curved-Modular-Boucle-Sectional-5-300x173.webp 300w, https:\/\/www.chicasafurniture.com\/wp-content\/uploads\/2026\/03\/Premium-Custom-Sofa-Couch-Curved-Modular-Boucle-Sectional-5-768x443.webp 768w, https:\/\/www.chicasafurniture.com\/wp-content\/uploads\/2026\/03\/Premium-Custom-Sofa-Couch-Curved-Modular-Boucle-Sectional-5-18x10.webp 18w, https:\/\/www.chicasafurniture.com\/wp-content\/uploads\/2026\/03\/Premium-Custom-Sofa-Couch-Curved-Modular-Boucle-Sectional-5-1200x692.webp 1200w, https:\/\/www.chicasafurniture.com\/wp-content\/uploads\/2026\/03\/Premium-Custom-Sofa-Couch-Curved-Modular-Boucle-Sectional-5-600x346.webp 600w\" sizes=\"(max-width: 2000px) 100vw, 2000px\" \/><\/figure>\n<\/div>\n<\/div>\n\n\n\n<div class=\"wp-block-columns is-layout-flex wp-container-core-columns-is-layout-9d6595d7 wp-block-columns-is-layout-flex\">\n<div class=\"wp-block-column is-layout-flow wp-block-column-is-layout-flow\">\n<figure class=\"wp-block-image size-full\"><img decoding=\"async\" width=\"1920\" height=\"1292\" src=\"https:\/\/www.chicasafurniture.com\/wp-content\/uploads\/2026\/03\/Premium-Custom-Sofa-Couch-Curved-Modular-Boucle-Sectional-4.webp\" alt=\"Sof\u00e1 Couch Premium a medida, Modular Curvo Boucl\u00e9 Seccional-4\" class=\"wp-image-1007\" srcset=\"https:\/\/www.chicasafurniture.com\/wp-content\/uploads\/2026\/03\/Premium-Custom-Sofa-Couch-Curved-Modular-Boucle-Sectional-4.webp 1920w, https:\/\/www.chicasafurniture.com\/wp-content\/uploads\/2026\/03\/Premium-Custom-Sofa-Couch-Curved-Modular-Boucle-Sectional-4-300x202.webp 300w, https:\/\/www.chicasafurniture.com\/wp-content\/uploads\/2026\/03\/Premium-Custom-Sofa-Couch-Curved-Modular-Boucle-Sectional-4-768x517.webp 768w, https:\/\/www.chicasafurniture.com\/wp-content\/uploads\/2026\/03\/Premium-Custom-Sofa-Couch-Curved-Modular-Boucle-Sectional-4-18x12.webp 18w, https:\/\/www.chicasafurniture.com\/wp-content\/uploads\/2026\/03\/Premium-Custom-Sofa-Couch-Curved-Modular-Boucle-Sectional-4-1200x808.webp 1200w, https:\/\/www.chicasafurniture.com\/wp-content\/uploads\/2026\/03\/Premium-Custom-Sofa-Couch-Curved-Modular-Boucle-Sectional-4-600x404.webp 600w\" sizes=\"(max-width: 1920px) 100vw, 1920px\" \/><\/figure>\n<\/div>\n<\/div>","protected":false},"excerpt":{"rendered":"<p>Eleve sus interiores con nuestro sof\u00e1 a medida. Este sof\u00e1 curvado a medida se libera de los \u00e1ngulos r\u00edgidos de los muebles tradicionales y utiliza l\u00edneas fluidas y org\u00e1nicas para crear un elegante ritmo espacial. Es una pieza esencial para cualquiera que busque un dise\u00f1o de mobiliario distintivo y \u00fanico.<\/p>\n<table style=\"border-collapse: collapse; width: 222.03pt;\" border=\"0\" width=\"222\" cellspacing=\"0\" cellpadding=\"0\">\n<tbody>\n<tr style=\"height: 15.20pt;\">\n<td class=\"et2\" style=\"height: 15.20pt; width: 81.65pt;\" width=\"81\" height=\"15\">Fabricante<\/td>\n<td class=\"et2\" style=\"width: 140.80pt;\" width=\"140\">ChiCasa<\/td>\n<\/tr>\n<tr style=\"height: 15.20pt;\">\n<td class=\"et2\" style=\"height: 15.20pt;\" height=\"15\">Categor\u00eda<\/td>\n<td class=\"et2\">Sof\u00e1<\/td>\n<\/tr>\n<tr style=\"height: 15.20pt;\">\n<td class=\"et2\" style=\"height: 15.20pt;\" height=\"15\">Aplicaci\u00f3n<\/td>\n<td class=\"et2\">Sala de estar<\/td>\n<\/tr>\n<tr style=\"height: 15.20pt;\">\n<td class=\"et2\" style=\"height: 15.20pt;\" height=\"15\">Estilo<\/td>\n<td class=\"et2\">Minimalista<\/td>\n<\/tr>\n<tr style=\"height: 15.20pt;\">\n<td class=\"et2\" style=\"height: 15.20pt;\" height=\"15\">Modelo<\/td>\n<td class=\"et2\">QMY-SF005<\/td>\n<\/tr>\n<tr style=\"height: 15.20pt;\">\n<td class=\"et2\" style=\"height: 15.20pt;\" height=\"15\">Personalizaci\u00f3n<\/td>\n<td class=\"et2\">Color, tama\u00f1o, material<\/td>\n<\/tr>\n<tr style=\"height: 15.20pt;\">\n<td class=\"et2\" style=\"height: 15.20pt;\" height=\"15\">MOQ<\/td>\n<td class=\"et2\">1 unidad<\/td>\n<\/tr>\n<\/tbody>\n<\/table>","protected":false},"featured_media":1004,"comment_status":"closed","ping_status":"closed","template":"","meta":{"_acf_changed":false},"product_brand":[],"product_cat":[23,16],"product_tag":[],"class_list":{"0":"post-1003","1":"product","2":"type-product","3":"status-publish","4":"has-post-thumbnail","6":"product_cat-bespoke-sofas-manufacturer","7":"product_cat-bespoke-living-room-furniture","9":"first","10":"instock","11":"shipping-taxable","12":"product-type-simple"},"acf":[],"_links":{"self":[{"href":"https:\/\/www.chicasafurniture.com\/es\/wp-json\/wp\/v2\/product\/1003","targetHints":{"allow":["GET"]}}],"collection":[{"href":"https:\/\/www.chicasafurniture.com\/es\/wp-json\/wp\/v2\/product"}],"about":[{"href":"https:\/\/www.chicasafurniture.com\/es\/wp-json\/wp\/v2\/types\/product"}],"replies":[{"embeddable":true,"href":"https:\/\/www.chicasafurniture.com\/es\/wp-json\/wp\/v2\/comments?post=1003"}],"wp:featuredmedia":[{"embeddable":true,"href":"https:\/\/www.chicasafurniture.com\/es\/wp-json\/wp\/v2\/media\/1004"}],"wp:attachment":[{"href":"https:\/\/www.chicasafurniture.com\/es\/wp-json\/wp\/v2\/media?parent=1003"}],"wp:term":[{"taxonomy":"product_brand","embeddable":true,"href":"https:\/\/www.chicasafurniture.com\/es\/wp-json\/wp\/v2\/product_brand?post=1003"},{"taxonomy":"product_cat","embeddable":true,"href":"https:\/\/www.chicasafurniture.com\/es\/wp-json\/wp\/v2\/product_cat?post=1003"},{"taxonomy":"product_tag","embeddable":true,"href":"https:\/\/www.chicasafurniture.com\/es\/wp-json\/wp\/v2\/product_tag?post=1003"}],"curies":[{"name":"wp","href":"https:\/\/api.w.org\/{rel}","templated":true}]}}