{"id":1009,"date":"2026-03-14T06:59:55","date_gmt":"2026-03-14T06:59:55","guid":{"rendered":"https:\/\/www.chicasafurniture.com\/?post_type=product&#038;p=1009"},"modified":"2026-03-14T07:53:57","modified_gmt":"2026-03-14T07:53:57","slug":"custom-made-sofas","status":"publish","type":"product","link":"https:\/\/www.chicasafurniture.com\/es\/product\/custom-made-sofas\/","title":{"rendered":"Sof\u00e1s de lujo hechos a medida, cuero de dise\u00f1o modular seccional"},"content":{"rendered":"<h2 class=\"wp-block-heading\">Especificaciones de los sof\u00e1s a medida<\/h2>\n\n\n\n<figure class=\"wp-block-table\"><table class=\"has-fixed-layout\"><tbody><tr><td>Marco<\/td><td>Material de cubierta<\/td><td>Material de relleno<\/td><td>Piernas<\/td><td>Color<\/td><td>Talla<\/td><td>Peso<\/td><\/tr><tr><td>Madera maciza<\/td><td>Tejido<\/td><td>Esponja de alta densidad<\/td><td>Metal<\/td><td>Personalizado<\/td><td>Personalizado<\/td><td>90-240 kg<\/td><\/tr><\/tbody><\/table><\/figure>\n\n\n\n<div class=\"wp-block-columns is-layout-flex wp-container-core-columns-is-layout-9d6595d7 wp-block-columns-is-layout-flex\">\n<div class=\"wp-block-column is-layout-flow wp-block-column-is-layout-flow\">\n<h2 class=\"wp-block-heading\">Sof\u00e1s Premium hechos a medida Caracter\u00edsticas:<\/h2>\n\n\n\n<ul class=\"wp-block-list\">\n<li><strong>Exquisita artesan\u00eda en marqueter\u00eda de cuero:<\/strong> Los respaldos de nuestros sof\u00e1s a medida presentan una intrincada confecci\u00f3n geom\u00e9trica y un tejido art\u00edstico en piel, lo que garantiza una est\u00e9tica impecable de 360 grados, sin puntos ciegos visuales, perfecta para colocarlos espalda con espalda en interiores espaciosos.<\/li>\n\n\n\n<li><strong>Arquitectura multifuncional integrada:<\/strong> Los laterales y respaldos de estos lujosos sof\u00e1s a medida incorporan estanter\u00edas integradas con un acabado refinado y de alta gama, que sirven como elegantes librer\u00edas o plataformas de exposici\u00f3n para obras de arte, logrando as\u00ed una fusi\u00f3n perfecta de mobiliario y espacio de almacenamiento.<\/li>\n\n\n\n<li><strong>Personalizaci\u00f3n modular:<\/strong> Nuestros sof\u00e1s a medida ofrecen configuraciones modulares vers\u00e1tiles -desde unidades de asiento est\u00e1ndar hasta amplias distribuciones en forma de L- adaptadas con precisi\u00f3n para satisfacer los requisitos espaciales espec\u00edficos y las exigencias de distribuci\u00f3n de diversos entornos arquitect\u00f3nicos.<\/li>\n\n\n\n<li><strong>Herrajes de alta costura:<\/strong> Los armazones de nuestros sof\u00e1s de lujo a medida est\u00e1n ribeteados con adornos de metal pulido hechos a medida; este contraste de materiales con la tapicer\u00eda de piel eleva el dise\u00f1o general, realzando su atractivo contempor\u00e1neo y su lujosa identidad visual.<\/li>\n\n\n\n<li><strong>Premium Business-Class Comfort:<\/strong> Con un dise\u00f1o de asiento extraprofundo combinado con un acolchado de espuma de l\u00e1tex multicapa de alta densidad, estos sof\u00e1s a medida proporcionan un apoyo excepcional y duradero, garantizando una experiencia de asiento superior ideal para entornos de negociaci\u00f3n empresarial de alto nivel.<\/li>\n<\/ul>\n<\/div>\n\n\n\n<div class=\"wp-block-column is-layout-flow wp-block-column-is-layout-flow\">\n<figure class=\"wp-block-image size-full\"><img decoding=\"async\" width=\"1132\" height=\"1326\" src=\"https:\/\/www.chicasafurniture.com\/wp-content\/uploads\/2026\/03\/Luxury-Custom-Made-Sofas-Designer-Leather-Modular-Sectional-3.webp\" alt=\"Sof\u00e1s de lujo hechos a medida, cuero de dise\u00f1o modular seccional-3\" class=\"wp-image-1013\" srcset=\"https:\/\/www.chicasafurniture.com\/wp-content\/uploads\/2026\/03\/Luxury-Custom-Made-Sofas-Designer-Leather-Modular-Sectional-3.webp 1132w, https:\/\/www.chicasafurniture.com\/wp-content\/uploads\/2026\/03\/Luxury-Custom-Made-Sofas-Designer-Leather-Modular-Sectional-3-256x300.webp 256w, https:\/\/www.chicasafurniture.com\/wp-content\/uploads\/2026\/03\/Luxury-Custom-Made-Sofas-Designer-Leather-Modular-Sectional-3-768x900.webp 768w, https:\/\/www.chicasafurniture.com\/wp-content\/uploads\/2026\/03\/Luxury-Custom-Made-Sofas-Designer-Leather-Modular-Sectional-3-10x12.webp 10w, https:\/\/www.chicasafurniture.com\/wp-content\/uploads\/2026\/03\/Luxury-Custom-Made-Sofas-Designer-Leather-Modular-Sectional-3-600x703.webp 600w\" sizes=\"(max-width: 1132px) 100vw, 1132px\" \/><\/figure>\n<\/div>\n<\/div>\n\n\n\n<div class=\"wp-block-columns is-layout-flex wp-container-core-columns-is-layout-9d6595d7 wp-block-columns-is-layout-flex\">\n<div class=\"wp-block-column is-layout-flow wp-block-column-is-layout-flow\">\n<figure class=\"wp-block-image size-full\"><img decoding=\"async\" width=\"1132\" height=\"1326\" src=\"https:\/\/www.chicasafurniture.com\/wp-content\/uploads\/2026\/03\/Luxury-Custom-Made-Sofas-Designer-Leather-Modular-Sectional-4.webp\" alt=\"Sof\u00e1s de lujo hechos a medida, de cuero de dise\u00f1o modular seccional-4\" class=\"wp-image-1014\" srcset=\"https:\/\/www.chicasafurniture.com\/wp-content\/uploads\/2026\/03\/Luxury-Custom-Made-Sofas-Designer-Leather-Modular-Sectional-4.webp 1132w, https:\/\/www.chicasafurniture.com\/wp-content\/uploads\/2026\/03\/Luxury-Custom-Made-Sofas-Designer-Leather-Modular-Sectional-4-256x300.webp 256w, https:\/\/www.chicasafurniture.com\/wp-content\/uploads\/2026\/03\/Luxury-Custom-Made-Sofas-Designer-Leather-Modular-Sectional-4-768x900.webp 768w, https:\/\/www.chicasafurniture.com\/wp-content\/uploads\/2026\/03\/Luxury-Custom-Made-Sofas-Designer-Leather-Modular-Sectional-4-10x12.webp 10w, https:\/\/www.chicasafurniture.com\/wp-content\/uploads\/2026\/03\/Luxury-Custom-Made-Sofas-Designer-Leather-Modular-Sectional-4-600x703.webp 600w\" sizes=\"(max-width: 1132px) 100vw, 1132px\" \/><\/figure>\n<\/div>\n\n\n\n<div class=\"wp-block-column is-layout-flow wp-block-column-is-layout-flow\">\n<figure class=\"wp-block-image size-full\"><img decoding=\"async\" width=\"1132\" height=\"1326\" src=\"https:\/\/www.chicasafurniture.com\/wp-content\/uploads\/2026\/03\/Luxury-Custom-Made-Sofas-Designer-Leather-Modular-Sectional-2.webp\" alt=\"Sof\u00e1s de lujo hechos a medida, de cuero de dise\u00f1o modular seccional-2\" class=\"wp-image-1012\" srcset=\"https:\/\/www.chicasafurniture.com\/wp-content\/uploads\/2026\/03\/Luxury-Custom-Made-Sofas-Designer-Leather-Modular-Sectional-2.webp 1132w, https:\/\/www.chicasafurniture.com\/wp-content\/uploads\/2026\/03\/Luxury-Custom-Made-Sofas-Designer-Leather-Modular-Sectional-2-256x300.webp 256w, https:\/\/www.chicasafurniture.com\/wp-content\/uploads\/2026\/03\/Luxury-Custom-Made-Sofas-Designer-Leather-Modular-Sectional-2-768x900.webp 768w, https:\/\/www.chicasafurniture.com\/wp-content\/uploads\/2026\/03\/Luxury-Custom-Made-Sofas-Designer-Leather-Modular-Sectional-2-10x12.webp 10w, https:\/\/www.chicasafurniture.com\/wp-content\/uploads\/2026\/03\/Luxury-Custom-Made-Sofas-Designer-Leather-Modular-Sectional-2-600x703.webp 600w\" sizes=\"(max-width: 1132px) 100vw, 1132px\" \/><\/figure>\n<\/div>\n<\/div>\n\n\n\n<div class=\"wp-block-columns is-layout-flex wp-container-core-columns-is-layout-9d6595d7 wp-block-columns-is-layout-flex\">\n<div class=\"wp-block-column is-layout-flow wp-block-column-is-layout-flow\">\n<figure class=\"wp-block-image size-full\"><img decoding=\"async\" width=\"2048\" height=\"1173\" src=\"https:\/\/www.chicasafurniture.com\/wp-content\/uploads\/2026\/03\/Luxury-Custom-Made-Sofas-Designer-Leather-Modular-Sectional-5.webp\" alt=\"Sof\u00e1s de lujo hechos a medida, cuero de dise\u00f1o modular seccional-5\" class=\"wp-image-1015\" srcset=\"https:\/\/www.chicasafurniture.com\/wp-content\/uploads\/2026\/03\/Luxury-Custom-Made-Sofas-Designer-Leather-Modular-Sectional-5.webp 2048w, https:\/\/www.chicasafurniture.com\/wp-content\/uploads\/2026\/03\/Luxury-Custom-Made-Sofas-Designer-Leather-Modular-Sectional-5-300x172.webp 300w, https:\/\/www.chicasafurniture.com\/wp-content\/uploads\/2026\/03\/Luxury-Custom-Made-Sofas-Designer-Leather-Modular-Sectional-5-768x440.webp 768w, https:\/\/www.chicasafurniture.com\/wp-content\/uploads\/2026\/03\/Luxury-Custom-Made-Sofas-Designer-Leather-Modular-Sectional-5-18x10.webp 18w, https:\/\/www.chicasafurniture.com\/wp-content\/uploads\/2026\/03\/Luxury-Custom-Made-Sofas-Designer-Leather-Modular-Sectional-5-1200x687.webp 1200w, https:\/\/www.chicasafurniture.com\/wp-content\/uploads\/2026\/03\/Luxury-Custom-Made-Sofas-Designer-Leather-Modular-Sectional-5-600x344.webp 600w\" sizes=\"(max-width: 2048px) 100vw, 2048px\" \/><\/figure>\n<\/div>\n<\/div>","protected":false},"excerpt":{"rendered":"<p>Sof\u00e1s de primera calidad hechos a medida con un intrincado tejido de piel. Estos lujosos y arquitect\u00f3nicos sof\u00e1s a medida utilizan complejas t\u00e9cnicas geom\u00e9tricas de marqueter\u00eda y tapizado en piel. Acentuados con l\u00edneas met\u00e1licas de alto brillo a lo largo de sus bases y marcos, encarnan a la perfecci\u00f3n la esencia de la est\u00e9tica italiana del \u201clujo ligero\u201d.<\/p>\n<table style=\"border-collapse: collapse; width: 222.03pt;\" border=\"0\" width=\"222\" cellspacing=\"0\" cellpadding=\"0\">\n<tbody>\n<tr style=\"height: 15.20pt;\">\n<td class=\"et2\" style=\"height: 15.20pt; width: 81.65pt;\" width=\"81\" height=\"15\">Fabricante<\/td>\n<td class=\"et2\" style=\"width: 140.80pt;\" width=\"140\">ChiCasa<\/td>\n<\/tr>\n<tr style=\"height: 15.20pt;\">\n<td class=\"et2\" style=\"height: 15.20pt;\" height=\"15\">Categor\u00eda<\/td>\n<td class=\"et2\">Sof\u00e1<\/td>\n<\/tr>\n<tr style=\"height: 15.20pt;\">\n<td class=\"et2\" style=\"height: 15.20pt;\" height=\"15\">Aplicaci\u00f3n<\/td>\n<td class=\"et2\">Sala de estar<\/td>\n<\/tr>\n<tr style=\"height: 15.20pt;\">\n<td class=\"et2\" style=\"height: 15.20pt;\" height=\"15\">Estilo<\/td>\n<td class=\"et2\">Lujo refinado<\/td>\n<\/tr>\n<tr style=\"height: 15.20pt;\">\n<td class=\"et2\" style=\"height: 15.20pt;\" height=\"15\">Modelo<\/td>\n<td class=\"et2\">QMY-SF006<\/td>\n<\/tr>\n<tr style=\"height: 15.20pt;\">\n<td class=\"et2\" style=\"height: 15.20pt;\" height=\"15\">Personalizaci\u00f3n<\/td>\n<td class=\"et2\">Color, tama\u00f1o, material<\/td>\n<\/tr>\n<tr style=\"height: 15.20pt;\">\n<td class=\"et2\" style=\"height: 15.20pt;\" height=\"15\">MOQ<\/td>\n<td class=\"et2\">1 unidad<\/td>\n<\/tr>\n<\/tbody>\n<\/table>","protected":false},"featured_media":1011,"comment_status":"closed","ping_status":"closed","template":"","meta":{"_acf_changed":false},"product_brand":[],"product_cat":[23,16],"product_tag":[],"class_list":{"0":"post-1009","1":"product","2":"type-product","3":"status-publish","4":"has-post-thumbnail","6":"product_cat-bespoke-sofas-manufacturer","7":"product_cat-bespoke-living-room-furniture","9":"first","10":"instock","11":"shipping-taxable","12":"product-type-simple"},"acf":[],"_links":{"self":[{"href":"https:\/\/www.chicasafurniture.com\/es\/wp-json\/wp\/v2\/product\/1009","targetHints":{"allow":["GET"]}}],"collection":[{"href":"https:\/\/www.chicasafurniture.com\/es\/wp-json\/wp\/v2\/product"}],"about":[{"href":"https:\/\/www.chicasafurniture.com\/es\/wp-json\/wp\/v2\/types\/product"}],"replies":[{"embeddable":true,"href":"https:\/\/www.chicasafurniture.com\/es\/wp-json\/wp\/v2\/comments?post=1009"}],"wp:featuredmedia":[{"embeddable":true,"href":"https:\/\/www.chicasafurniture.com\/es\/wp-json\/wp\/v2\/media\/1011"}],"wp:attachment":[{"href":"https:\/\/www.chicasafurniture.com\/es\/wp-json\/wp\/v2\/media?parent=1009"}],"wp:term":[{"taxonomy":"product_brand","embeddable":true,"href":"https:\/\/www.chicasafurniture.com\/es\/wp-json\/wp\/v2\/product_brand?post=1009"},{"taxonomy":"product_cat","embeddable":true,"href":"https:\/\/www.chicasafurniture.com\/es\/wp-json\/wp\/v2\/product_cat?post=1009"},{"taxonomy":"product_tag","embeddable":true,"href":"https:\/\/www.chicasafurniture.com\/es\/wp-json\/wp\/v2\/product_tag?post=1009"}],"curies":[{"name":"wp","href":"https:\/\/api.w.org\/{rel}","templated":true}]}}